{"id":47556,"date":"2025-03-31T00:47:03","date_gmt":"2025-03-30T15:47:03","guid":{"rendered":"https:\/\/listman.shop\/autoparts-br\/product\/1005006994470741\/"},"modified":"2026-04-15T00:30:10","modified_gmt":"2026-04-14T15:30:10","slug":"1005006994470741","status":"publish","type":"product","link":"https:\/\/listman.shop\/autoparts-br\/product\/1005006994470741\/","title":{"rendered":"Jingyuqin 433\/868\/902MHz KR55WK49266 Chave Remota de Carro para VOLVO XC60 XC90 S90 S60 2009-2014 PCF7953 Auto Keyless Go Smart 5WK49224"},"content":{"rendered":"<div class=\"detailmodule_html\">\n<div class=\"detail-desc-decorate-richtext\">\n<div class=\"detailmodule_html\">\n<div class=\"detail-desc-decorate-richtext\">\n<div>\n<\/div>\n<p><img data-recalc-dims=\"1\" decoding=\"async\" src=\"https:\/\/i0.wp.com\/ae01.alicdn.com\/kf\/HTB1qJcxLVXXXXa9XFXXq6xXFXXX9.jpg?w=1200\"><\/p>\n<div><\/div>\n<p><span style=\"font-size:14px\"><span style=\"font-family:arial\"><strong><span style=\"font-size:16px\"><span style=\"font-family:arial, verdana, sans-serif\">por favor, n\u00e3o me d\u00ea itens com feedback de imagem&#8230;<\/span><\/span><\/strong><\/span><\/span><\/p>\n<p style=\"font-family:arial, verdana, sans-serif;font-size:13px;line-height:16px;border-bottom:0px;border-left:0px;border-right:0px;border-top:0px;margin:0px;margin-bottom:0px;margin-top:0px;margin-left:0px;margin-right:0px;padding:0px;padding-bottom:0px;padding-top:0px;padding-left:0px;padding-right:0px\"><span style=\"font-size:14px\">Condi\u00e7\u00e3o: 100% novo<\/span><\/p>\n<p style=\"font-family:arial, verdana, sans-serif;font-size:13px;line-height:16px;border-bottom:0px;border-left:0px;border-right:0px;border-top:0px;margin:0px;margin-bottom:0px;margin-top:0px;margin-left:0px;margin-right:0px;padding:0px;padding-bottom:0px;padding-top:0px;padding-left:0px;padding-right:0px\"><span style=\"font-size:14px\">Caracter\u00edsticas: chave remota do carro<\/span><\/p>\n<p style=\"font-family:arial, verdana, sans-serif;font-size:13px;line-height:16px;border-bottom:0px;border-left:0px;border-right:0px;border-top:0px;margin:0px;margin-bottom:0px;margin-top:0px;margin-left:0px;margin-right:0px;padding:0px;padding-bottom:0px;padding-top:0px;padding-left:0px;padding-right:0px\"><span style=\"font-size:14px\">design: estilo de carro de moda<\/span><\/p>\n<p style=\"font-family:arial, verdana, sans-serif;font-size:13px;line-height:16px;border-bottom:0px;border-left:0px;border-right:0px;border-top:0px;margin:0px;margin-bottom:0px;margin-top:0px;margin-left:0px;margin-right:0px;padding:0px;padding-bottom:0px;padding-top:0px;padding-left:0px;padding-right:0px\"><span style=\"font-size:14px\">Material: abs + metal<\/span><\/p>\n<p style=\"font-family:arial, verdana, sans-serif;font-size:13px;line-height:16px;border-bottom:0px;border-left:0px;border-right:0px;border-top:0px;margin:0px;margin-bottom:0px;margin-top:0px;margin-left:0px;margin-right:0px;padding:0px;padding-bottom:0px;padding-top:0px;padding-left:0px;padding-right:0px\"><span style=\"font-size:14px\">Cor: mostre a imagem<\/span><\/p>\n<p style=\"font-family:arial, verdana, sans-serif;font-size:13px;line-height:16px;border-bottom:0px;border-left:0px;border-right:0px;border-top:0px;margin:0px;margin-bottom:0px;margin-top:0px;margin-left:0px;margin-right:0px;padding:0px;padding-bottom:0px;padding-top:0px;padding-left:0px;padding-right:0px\"><span style=\"font-size:14px\">Bot\u00e3o: 6 bot\u00f5es<\/span><\/p>\n<p style=\"font-family:arial, verdana, sans-serif;font-size:13px;line-height:16px;border-bottom:0px;border-left:0px;border-right:0px;border-top:0px;margin:0px;margin-bottom:0px;margin-top:0px;margin-left:0px;margin-right:0px;padding:0px;padding-bottom:0px;padding-top:0px;padding-left:0px;padding-right:0px\"><span style=\"font-size:14px\"><span style=\"font-size:16px;font-family:arial, helvetica, sans-serif\">Chip transponder: sim<\/span><\/span><span style=\"font-size:14px\"><br \/><\/span><span style=\"font-size:14px\"><span style=\"font-size:16px;font-family:arial, helvetica, sans-serif\">Bateria: Sim<\/span><\/span><span style=\"font-size:14px\"><br \/><\/span><span style=\"font-size:14px\"><span style=\"font-size:16px;font-family:arial, helvetica, sans-serif\">Com logotipo: N\u00e3o<\/span><\/span><span style=\"font-size:14px\"><br \/><\/span><span style=\"font-size:14px\"><span style=\"font-size:16px;font-family:arial, helvetica, sans-serif\">Frequ\u00eancia: 433\/868\/902MHz<\/span><\/span><\/p>\n<p style=\"font-family:arial, verdana, sans-serif;font-size:13px;line-height:16px;border-bottom:0px;border-left:0px;border-right:0px;border-top:0px;margin:0px;margin-bottom:0px;margin-top:0px;margin-left:0px;margin-right:0px;padding:0px;padding-bottom:0px;padding-top:0px;padding-left:0px;padding-right:0px\"><span style=\"font-size:14px\"><span style=\"font-size:14px;font-family:arial\">Peso: 65<\/span><\/span><\/p>\n<p style=\"font-family:arial;margin:0px;margin-bottom:0px;margin-top:0px;margin-left:0px;margin-right:0px;padding:0px;padding-bottom:0px;padding-top:0px;padding-left:0px;padding-right:0px\"><span style=\"font-size:14px\"><strong><span style=\"font-size:16px\">Montagem:<\/span><\/strong><\/span><\/p>\n<p style=\"font-family:arial;margin:0px;margin-bottom:0px;margin-top:0px;margin-left:0px;margin-right:0px;padding:0px;padding-bottom:0px;padding-top:0px;padding-left:0px;padding-right:0px\"><span style=\"font-size:14px\"><span style=\"font-size:16px\">Para Volvo KYDZ S40 S60L S80 V40 V60 XC60 XC70<\/span><\/span><\/p>\n<div><\/div>\n<p style=\"font-family:arial;margin:0px;margin-bottom:0px;margin-top:0px;margin-left:0px;margin-right:0px;padding:0px;padding-bottom:0px;padding-top:0px;padding-left:0px;padding-right:0px\"><span style=\"font-size:14px\">E outro modelo com as mesmas especifica\u00e7\u00f5es de chave em branco e suporte de bateria listados na se\u00e7\u00e3o abaixo&#8230;<\/span><\/p>\n<p><span style=\"font-size:14px\"><span style=\"font-size:16px\"><strong>Caracter\u00edsticas:<\/strong><\/span><\/span><\/p>\n<p style=\"line-height:11pt;margin:0cm 0cm 10pt;margin-bottom:10pt;margin-top:0cm;margin-left:0cm;margin-right:0cm\" class=\"MsoNormal\"><span style=\"font-size:14px\"><span><span style=\"font-size:small\">1.O item \u00e9 uma nova chave remota DIY.Frequ\u00eancia 433MHz, chip ID46 em branco.<\/span><\/span><\/span><\/p>\n<p style=\"line-height:11pt;margin:0cm 0cm 10pt;margin-bottom:10pt;margin-top:0cm;margin-left:0cm;margin-right:0cm\" class=\"MsoNormal\"><span style=\"font-size:14px\"><span><span style=\"font-size:small\">2.A chave inclui caixa de chave, placa de circuito, chip e bateria.\u00c9 uma chave remota completa.<\/span><\/span><\/span><\/p>\n<p style=\"line-height:11pt;margin:0cm 0cm 10pt;margin-bottom:10pt;margin-top:0cm;margin-left:0cm;margin-right:0cm\" class=\"MsoNormal\"><span style=\"font-size:14px\"><span><span style=\"font-size:small\">3.Voc\u00ea precisar\u00e1 programar a chave e cortar a l\u00e2mina no serralheiro automotivo local antes de usar.<\/span><\/span><\/span><\/p>\n<p style=\"line-height:11pt;margin:0cm 0cm 10pt;margin-bottom:10pt;margin-top:0cm;margin-left:0cm;margin-right:0cm\" class=\"MsoNormal\"><span style=\"font-size:14px\"><span><span style=\"font-size:small\">Nota importante:<\/span><\/span><\/span><\/p>\n<p style=\"line-height:11pt;margin:0cm 0cm 10pt;margin-bottom:10pt;margin-top:0cm;margin-left:0cm;margin-right:0cm\" class=\"MsoNormal\"><span style=\"font-size:14px\"><span><span style=\"font-size:small\">1.Voc\u00ea precisa ir ao revendedor local ou \u00e0 serralheria para cortar a chave e programar o seu carro, o serralheiro deve cobrar menos<\/span><\/span><\/span><\/p>\n<p style=\"line-height:11pt;margin:0cm 0cm 10pt;margin-bottom:10pt;margin-top:0cm;margin-left:0cm;margin-right:0cm\" class=\"MsoNormal\"><span style=\"font-size:14px\"><span><span style=\"font-size:small\">do que o revendedor.<\/span><\/span><\/span><\/p>\n<p style=\"line-height:11pt;margin:0cm 0cm 10pt;margin-bottom:10pt;margin-top:0cm;margin-left:0cm;margin-right:0cm\" class=\"MsoNormal\"><span style=\"font-size:14px\"><span><span style=\"font-size:small\">2. certifique-se de que sua chave seja exatamente igual \u00e0 nossa. Se n\u00e3o tiver certeza, envie-nos a foto original da chave para<\/span><\/span><\/span><\/p>\n<p style=\"line-height:11pt;margin:0cm 0cm 10pt;margin-bottom:10pt;margin-top:0cm;margin-left:0cm;margin-right:0cm\" class=\"MsoNormal\"><span style=\"font-size:14px\"><span><span style=\"font-size:small\">confirmando, n\u00f3s o ajudaremos a comprar a chave correta.<\/span><\/span><\/span><\/p>\n<p style=\"line-height:11pt;margin:0cm 0cm 10pt;margin-bottom:10pt;margin-top:0cm;margin-left:0cm;margin-right:0cm\" class=\"MsoNormal\"><span style=\"font-size:14px\"><br \/><\/span><span style=\"font-size:14px\"><span style=\"font-size:16px\"><strong>O pacote inclui:<\/strong><\/span><\/span><\/p>\n<p style=\"line-height:11pt;margin:0cm 0cm 10pt;margin-bottom:10pt;margin-top:0cm;margin-left:0cm;margin-right:0cm\" class=\"MsoNormal\"><span style=\"font-size:14px\"><br \/>1 x chave<\/span><\/p>\n<p style=\"line-height:11pt;margin:0cm 0cm 10pt;margin-bottom:10pt;margin-top:0cm;margin-left:0cm;margin-right:0cm\" class=\"MsoNormal\"><span style=\"font-size:14px\">1 x placa<\/span><\/p>\n<div>\n<\/div>\n<div class=\"detailmodule_html\">\n<div class=\"detail-desc-decorate-richtext\">\n<div class=\"detailmodule_html\">\n<div class=\"detail-desc-decorate-richtext\">\n<div class=\"detailmodule_html\">\n<div class=\"detail-desc-decorate-richtext\">\n<div class=\"detailmodule_html\">\n<div class=\"detail-desc-decorate-richtext\">\n<div class=\"detailmodule_html\">\n<div class=\"detail-desc-decorate-richtext\">\n<div class=\"detailmodule_html\">\n<div class=\"detail-desc-decorate-richtext\">\n<div class=\"detailmodule_html\">\n<div class=\"detail-desc-decorate-richtext\">\n<p><img data-recalc-dims=\"1\" decoding=\"async\" src=\"https:\/\/i0.wp.com\/ae01.alicdn.com\/kf\/HTB1qJcxLVXXXXa9XFXXq6xXFXXX9.jpg?w=1200\"><\/p>\n<div><\/div>\n<p><img data-recalc-dims=\"1\" decoding=\"async\" style=\"width:1012px\"  src=\"https:\/\/i0.wp.com\/ae01.alicdn.com\/kf\/Sc43903ba793e4cd9a457794086071d94A.jpg?w=1200&#038;ssl=1\"><\/p>\n<p><img data-recalc-dims=\"1\" decoding=\"async\" style=\"width:1000px\"  src=\"https:\/\/i0.wp.com\/ae01.alicdn.com\/kf\/S59f2963edf9149d4a6f4565bb38d005d0.jpg?w=1200&#038;ssl=1\"><\/p>\n<p><img data-recalc-dims=\"1\" decoding=\"async\" style=\"width:1000px\"  src=\"https:\/\/i0.wp.com\/ae01.alicdn.com\/kf\/Safeb166ac5f54378be51ad7e8a189089l.jpg?w=1200&#038;ssl=1\"><\/p>\n<p><img data-recalc-dims=\"1\" decoding=\"async\" style=\"width:1000px\"  src=\"https:\/\/i0.wp.com\/ae01.alicdn.com\/kf\/S6aa4141998bf420f980ba6735c39cdd2s.jpg?w=1200&#038;ssl=1\"><\/p>\n<p><img data-recalc-dims=\"1\" decoding=\"async\" style=\"width:1000px\"  src=\"https:\/\/i0.wp.com\/ae01.alicdn.com\/kf\/Sbc4ad0bae28f48b38a2f7a70c89c36bea.jpg?w=1200&#038;ssl=1\"><\/p>\n<p><img data-recalc-dims=\"1\" decoding=\"async\" style=\"width:1000px\"  src=\"https:\/\/i0.wp.com\/ae01.alicdn.com\/kf\/Sc531e9d1d2a9418c86fb6ce19013a608n.jpg?w=1200&#038;ssl=1\"><\/p>\n<p><img data-recalc-dims=\"1\" decoding=\"async\" style=\"width:1000px\"  src=\"https:\/\/i0.wp.com\/ae01.alicdn.com\/kf\/Scbcb3c3a81c34117b8eeab7cfd933b49c.jpg?w=1200&#038;ssl=1\"><\/p>\n<p><img data-recalc-dims=\"1\" decoding=\"async\" style=\"width:1000px\"  src=\"https:\/\/i0.wp.com\/ae01.alicdn.com\/kf\/S83550e44bae547e0ac55eedfffec0e90y.jpg?w=1200&#038;ssl=1\"><\/p>\n<p><img data-recalc-dims=\"1\" decoding=\"async\" style=\"width:1000px\"  src=\"https:\/\/i0.wp.com\/ae01.alicdn.com\/kf\/S661d0894f57746b184d201e0cd60d531i.jpg?w=1200&#038;ssl=1\"><\/p>\n<\/div>\n<\/div>\n<div class=\"detailmodule_dynamic\"><\/div>\n<\/div>\n<\/div>\n<div class=\"detailmodule_dynamic\"><\/div>\n<\/div>\n<\/div>\n<div class=\"detailmodule_dynamic\"><\/div>\n<\/div>\n<\/div>\n<div class=\"detailmodule_dynamic\"><\/div>\n<\/div>\n<\/div>\n<div class=\"detailmodule_dynamic\"><\/div>\n<\/div>\n<\/div>\n<div class=\"detailmodule_dynamic\"><\/div>\n<\/div>\n<\/div>\n<div class=\"detailmodule_dynamic\"><\/div>\n<div class=\"detailmodule_dynamic\"><\/div>\n<div class=\"detail-desc-decorate-richtext\"><\/div>\n<div class=\"detailmodule_html\">\n<div class=\"detail-desc-decorate-richtext\"><\/div>\n<div class=\"detailmodule_html\">\n<div class=\"detail-desc-decorate-richtext\"><\/div>\n<div class=\"detailmodule_html\">\n<div class=\"detail-desc-decorate-richtext\"><\/div>\n<div class=\"detailmodule_html\">\n<div class=\"detail-desc-decorate-richtext\"><\/div>\n<div class=\"detailmodule_html\">\n<div class=\"detail-desc-decorate-richtext\"><\/div>\n<div class=\"detailmodule_html\">\n<div class=\"detail-desc-decorate-richtext\">\n<p><\/p>\n<div><\/div>\n<p style=\"font-size:0px\">dianxiaobao_3<\/p>\n<div style=\"font-size:0px;margin:0px auto;margin-bottom:0px;margin-top:0px;margin-left:auto;margin-right:auto\"><\/div>\n<p style=\"font-size:0px\">dianxiaobao_4<\/p>\n<\/div>\n<\/div>\n<\/div>\n<\/div>\n<\/div>\n<\/div>\n<\/div>\n<div><\/div>\n<\/div>\n<\/div>\n<p><\/div>\n<\/div>\n","protected":false},"excerpt":{"rendered":"<p>por favor, n\u00e3o me d\u00ea itens com feedback de imagem&#8230; Condi\u00e7\u00e3o: 100% novo Caracter\u00edsticas: chave remota do carro design: estilo de carro de moda Material: abs + metal Cor: mostre a imagem Bot\u00e3o: 6 bot\u00f5es Chip transponder: simBateria: SimCom logotipo: N\u00e3oFrequ\u00eancia: 433\/868\/902MHz Peso: 65 Montagem: Para Volvo KYDZ S40 S60L S80 V40 V60 XC60 XC70&hellip;&nbsp;<\/p>\n","protected":false},"featured_media":47550,"template":"","meta":{"neve_meta_sidebar":"","neve_meta_container":"","neve_meta_enable_content_width":"","neve_meta_content_width":0,"neve_meta_title_alignment":"","neve_meta_author_avatar":"","neve_post_elements_order":"","neve_meta_disable_header":"","neve_meta_disable_footer":"","neve_meta_disable_title":""},"product_brand":[],"product_cat":[51,17,30],"product_tag":[],"class_list":{"0":"post-47556","1":"product","2":"type-product","3":"status-publish","4":"has-post-thumbnail","6":"product_cat-chave-do-carro","7":"product_cat-pecas-e-acessorios-automotivos","8":"product_cat-starters","10":"first","11":"instock","12":"shipping-taxable","13":"purchasable","14":"product-type-variable","15":"has-default-attributes"},"jetpack_sharing_enabled":true,"_links":{"self":[{"href":"https:\/\/listman.shop\/autoparts-br\/wp-json\/wp\/v2\/product\/47556","targetHints":{"allow":["GET"]}}],"collection":[{"href":"https:\/\/listman.shop\/autoparts-br\/wp-json\/wp\/v2\/product"}],"about":[{"href":"https:\/\/listman.shop\/autoparts-br\/wp-json\/wp\/v2\/types\/product"}],"wp:featuredmedia":[{"embeddable":true,"href":"https:\/\/listman.shop\/autoparts-br\/wp-json\/wp\/v2\/media\/47550"}],"wp:attachment":[{"href":"https:\/\/listman.shop\/autoparts-br\/wp-json\/wp\/v2\/media?parent=47556"}],"wp:term":[{"taxonomy":"product_brand","embeddable":true,"href":"https:\/\/listman.shop\/autoparts-br\/wp-json\/wp\/v2\/product_brand?post=47556"},{"taxonomy":"product_cat","embeddable":true,"href":"https:\/\/listman.shop\/autoparts-br\/wp-json\/wp\/v2\/product_cat?post=47556"},{"taxonomy":"product_tag","embeddable":true,"href":"https:\/\/listman.shop\/autoparts-br\/wp-json\/wp\/v2\/product_tag?post=47556"}],"curies":[{"name":"wp","href":"https:\/\/api.w.org\/{rel}","templated":true}]}}