{"id":476,"date":"2024-10-12T18:54:56","date_gmt":"2024-10-12T09:54:56","guid":{"rendered":"https:\/\/listman.shop\/autoparts-br\/product\/1005005363841050\/"},"modified":"2026-04-27T18:17:14","modified_gmt":"2026-04-27T09:17:14","slug":"1005005363841050","status":"publish","type":"product","link":"https:\/\/listman.shop\/autoparts-br\/product\/1005005363841050\/","title":{"rendered":"95760-1W550 957601 W550 c\u00e2mera de vis\u00e3o traseira carro de c\u00e2mera de backup de assist\u00eancia de estacionamento reverso 957601 W500 95760-1W500 95760A2520 Para Kia Rio"},"content":{"rendered":"<div class=\"detailmodule_html\">\n<div class=\"detail-desc-decorate-richtext\">\n<p>\n <\/p>\n<p><\/p>\n<p><strong><span style=\"font-size:28px;font-family:tahoma, geneva, sans-serif\" id=\"tl_1\">95760-1W550957601W550 c&acirc;mera de vis&atilde;o traseira assist&ecirc;ncia ao estacionamento reverso c&acirc;mera de backup carro957601W500 95760-1W500 95760A2520 95760-A2520 Para Kia Rio<\/span><\/strong><\/p>\n<p><\/p>\n<p><strong><span style=\"font-size:32px;, helvetica, sans-serif\" id=\"tl_2\">Aplica&ccedil;&atilde;o:<\/span><\/strong><\/p>\n<p><\/p>\n<p><span style=\"font-size:18px;font-family:tahoma, geneva, sans-serif\" id=\"tl_3\">Para Kia Rio<\/span><\/p>\n<p><\/p>\n<p><\/p>\n<\/p>\n<p><\/p>\n<p><strong><span style=\"font-size:32px;font-family:tahoma, geneva, sans-serif\" id=\"tl_4\">Imagem do produto:<\/span><\/strong><\/p>\n<p><\/p>\n<p style=\"text-align:center\" align=\"center\"><img data-recalc-dims=\"1\" decoding=\"async\" src=\"https:\/\/i0.wp.com\/ae01.alicdn.com\/kf\/Se404a8dd57644246b2024f261d311625H.jpg?w=1200&#038;ssl=1\" \/><img data-recalc-dims=\"1\" decoding=\"async\" src=\"https:\/\/i0.wp.com\/ae01.alicdn.com\/kf\/S85b11e7fc25c4d30afb4ea741db9f137N.jpg?w=1200&#038;ssl=1\" \/><img data-recalc-dims=\"1\" decoding=\"async\" src=\"https:\/\/i0.wp.com\/ae01.alicdn.com\/kf\/Sbec381ca248f4e61bfcc32766e7c2e00N.jpg?w=1200&#038;ssl=1\" \/><img data-recalc-dims=\"1\" decoding=\"async\" src=\"https:\/\/i0.wp.com\/ae01.alicdn.com\/kf\/Saceea7c55551458ebfa736e94f9cb1d27.jpg?w=1200&#038;ssl=1\" \/><img data-recalc-dims=\"1\" decoding=\"async\" src=\"https:\/\/i0.wp.com\/ae01.alicdn.com\/kf\/Sbf80c6cc3e944129a879a9e3afdacce8B.jpg?w=1200&#038;ssl=1\" \/><img data-recalc-dims=\"1\" decoding=\"async\" src=\"https:\/\/i0.wp.com\/ae01.alicdn.com\/kf\/Sf9c06becb2b44f4391893393c167a447R.jpg?w=1200&#038;ssl=1\" \/><img data-recalc-dims=\"1\" decoding=\"async\" src=\"https:\/\/i0.wp.com\/ae01.alicdn.com\/kf\/S4cb7996351cc4a56b84b16dbd73d78dfl.jpg?w=1200&#038;ssl=1\" \/><img data-recalc-dims=\"1\" decoding=\"async\" src=\"https:\/\/i0.wp.com\/ae01.alicdn.com\/kf\/S98813c0d98fc408fa083f88b45142fc34.jpg?w=1200&#038;ssl=1\" \/><img data-recalc-dims=\"1\" decoding=\"async\" src=\"https:\/\/i0.wp.com\/ae01.alicdn.com\/kf\/Sc4805bcd20ca40ddb93d6e768dc28e33Y.jpg?w=1200&#038;ssl=1\" \/><img data-recalc-dims=\"1\" decoding=\"async\" src=\"https:\/\/i0.wp.com\/ae01.alicdn.com\/kf\/Se266e1988b7448388cfd20666ee4def9f.jpg?w=1200&#038;ssl=1\" \/><\/p>\n<p style=\"text-align:center\" align=\"center\"><img data-recalc-dims=\"1\" decoding=\"async\" src=\"https:\/\/i0.wp.com\/ae01.alicdn.com\/kf\/S04440499d2e34cdfb5c6aa090b583e6dJ.jpg?w=1200&#038;ssl=1\" \/><img data-recalc-dims=\"1\" decoding=\"async\" src=\"https:\/\/i0.wp.com\/ae01.alicdn.com\/kf\/S4a962042d9314285bed3fc58ce0d5d69V.jpg?w=1200&#038;ssl=1\" \/><img data-recalc-dims=\"1\" decoding=\"async\" src=\"https:\/\/i0.wp.com\/ae01.alicdn.com\/kf\/Sf58ebc098ecd41d79fc47f7bf05469ca4.jpg?w=1200&#038;ssl=1\" \/><\/p>\n<p><\/p>\n<p><\/p>\n<p style=\"text-align:center\" align=\"center\"><img data-recalc-dims=\"1\" decoding=\"async\" src=\"https:\/\/i0.wp.com\/ae01.alicdn.com\/kf\/S055ab417a5e64fd2af36280a3bf7d9af6.jpg?w=1200&#038;ssl=1\" \/><\/p>\n<\/div>\n<\/div>\n","protected":false},"excerpt":{"rendered":"<p>95760-1W550957601W550 c&acirc;mera de vis&atilde;o traseira assist&ecirc;ncia ao estacionamento reverso c&acirc;mera de backup carro957601W500 95760-1W500 95760A2520 95760-A2520 Para Kia Rio Aplica&ccedil;&atilde;o: Para Kia Rio Imagem do produto:<\/p>\n","protected":false},"featured_media":470,"template":"","meta":{"neve_meta_sidebar":"","neve_meta_container":"","neve_meta_enable_content_width":"","neve_meta_content_width":0,"neve_meta_title_alignment":"","neve_meta_author_avatar":"","neve_post_elements_order":"","neve_meta_disable_header":"","neve_meta_disable_footer":"","neve_meta_disable_title":""},"product_brand":[],"product_cat":[40,20,17],"product_tag":[],"class_list":{"0":"post-476","1":"product","2":"type-product","3":"status-publish","4":"has-post-thumbnail","6":"product_cat-dvr-para-carro","7":"product_cat-eletronicos-automotivos","8":"product_cat-pecas-e-acessorios-automotivos","10":"first","11":"instock","12":"shipping-taxable","13":"purchasable","14":"product-type-variable","15":"has-default-attributes"},"jetpack_sharing_enabled":true,"_links":{"self":[{"href":"https:\/\/listman.shop\/autoparts-br\/wp-json\/wp\/v2\/product\/476","targetHints":{"allow":["GET"]}}],"collection":[{"href":"https:\/\/listman.shop\/autoparts-br\/wp-json\/wp\/v2\/product"}],"about":[{"href":"https:\/\/listman.shop\/autoparts-br\/wp-json\/wp\/v2\/types\/product"}],"wp:featuredmedia":[{"embeddable":true,"href":"https:\/\/listman.shop\/autoparts-br\/wp-json\/wp\/v2\/media\/470"}],"wp:attachment":[{"href":"https:\/\/listman.shop\/autoparts-br\/wp-json\/wp\/v2\/media?parent=476"}],"wp:term":[{"taxonomy":"product_brand","embeddable":true,"href":"https:\/\/listman.shop\/autoparts-br\/wp-json\/wp\/v2\/product_brand?post=476"},{"taxonomy":"product_cat","embeddable":true,"href":"https:\/\/listman.shop\/autoparts-br\/wp-json\/wp\/v2\/product_cat?post=476"},{"taxonomy":"product_tag","embeddable":true,"href":"https:\/\/listman.shop\/autoparts-br\/wp-json\/wp\/v2\/product_tag?post=476"}],"curies":[{"name":"wp","href":"https:\/\/api.w.org\/{rel}","templated":true}]}}