{"id":47720,"date":"2025-03-31T00:54:52","date_gmt":"2025-03-30T15:54:52","guid":{"rendered":"https:\/\/listman.shop\/autoparts-br\/product\/1005007378512406\/"},"modified":"2026-04-15T00:50:06","modified_gmt":"2026-04-14T15:50:06","slug":"1005007378512406","status":"publish","type":"product","link":"https:\/\/listman.shop\/autoparts-br\/product\/1005007378512406\/","title":{"rendered":"Jingyuqin chave de carro com controle remoto de 2 bot\u00f5es para Kia Ceed chave com eletr\u00f4nica 433 MHZ chaves de carro com l\u00e2mina sem cortes"},"content":{"rendered":"<div class=\"detailmodule_html\">\n<div class=\"detail-desc-decorate-richtext\">\n<div class=\"detailmodule_html\">\n<div class=\"detail-desc-decorate-richtext\">\n<div class=\"detailmodule_html\">\n<div class=\"detailmodule_html\">\n<div class=\"detail-desc-decorate-richtext\">\n<div class=\"detailmodule_html\">\n<div class=\"detail-desc-decorate-richtext\">\n<div class=\"detailmodule_html\">\n<div class=\"detail-desc-decorate-richtext\">\n<div class=\"detailmodule_html\">\n<div class=\"detail-desc-decorate-richtext\">\n<div class=\"detailmodule_html\">\n<div class=\"detail-desc-decorate-richtext\">\n<div class=\"detailmodule_html\">\n<div class=\"detail-desc-decorate-richtext\">\n<div class=\"detailmodule_html\">\n<div class=\"detail-desc-decorate-richtext\">\n<div class=\"detailmodule_html\">\n<div class=\"detail-desc-decorate-richtext\">\n<div class=\"detailmodule_html\">\n<div class=\"detail-desc-decorate-richtext\">\n<div class=\"detailmodule_html\">\n<div class=\"detail-desc-decorate-richtext\">\n<div class=\"detailmodule_html\">\n<div class=\"detail-desc-decorate-richtext\">\n<div class=\"detailmodule_html\">\n<div class=\"detail-desc-decorate-richtext\">\n<div class=\"detailmodule_html\">\n<div class=\"detail-desc-decorate-richtext\">\n<div class=\"detailmodule_html\">\n<p><img data-recalc-dims=\"1\" decoding=\"async\" src=\"https:\/\/i0.wp.com\/ae01.alicdn.com\/kf\/HTB1qJcxLVXXXXa9XFXXq6xXFXXX9.jpg?w=1200\"><\/p>\n<\/div>\n<\/div>\n<\/div>\n<\/div>\n<\/div>\n<\/div>\n<\/div>\n<\/div>\n<\/div>\n<\/div>\n<\/div>\n<\/div>\n<\/div>\n<\/div>\n<\/div>\n<\/div>\n<\/div>\n<\/div>\n<\/div>\n<\/div>\n<\/div>\n<\/div>\n<\/div>\n<\/div>\n<\/div>\n<\/div>\n<\/div>\n<\/div>\n<div class=\"detailmodule_html\">\n<div class=\"detailmodule_html\">\n<div class=\"detail-desc-decorate-richtext\">\n<div class=\"detailmodule_html\">\n<div class=\"detail-desc-decorate-richtext\">\n<div class=\"detailmodule_html\">\n<div class=\"detail-desc-decorate-richtext\">\n<div class=\"detailmodule_html\">\n<div class=\"detail-desc-decorate-richtext\">\n<div class=\"detailmodule_html\">\n<div class=\"detail-desc-decorate-richtext\">\n<div class=\"detailmodule_html\">\n<div class=\"detail-desc-decorate-richtext\">\n<div class=\"detailmodule_html\">\n<div class=\"detail-desc-decorate-richtext\">\n<div class=\"detailmodule_html\">\n<div class=\"detail-desc-decorate-richtext\">\n<div class=\"detailmodule_html\">\n<div class=\"detail-desc-decorate-richtext\">\n<div class=\"detailmodule_html\">\n<div class=\"detail-desc-decorate-richtext\">\n<div class=\"detailmodule_html\">\n<div class=\"detail-desc-decorate-richtext\">\n<div class=\"detailmodule_html\">\n<div class=\"detail-desc-decorate-richtext\">\n<p style=\"font-family:arial, verdana, sans-serif;font-size:13px;line-height:16px;border-bottom:0px;border-left:0px;border-right:0px;border-top:0px;margin:0px;margin-bottom:0px;margin-top:0px;margin-left:0px;margin-right:0px;padding:0px;padding-bottom:0px;padding-top:0px;padding-left:0px;padding-right:0px\"><span style=\"font-size:14px\">Condi\u00e7\u00e3o: 100% novo<\/span><\/p>\n<p style=\"font-family:arial, verdana, sans-serif;font-size:13px;line-height:16px;border-bottom:0px;border-left:0px;border-right:0px;border-top:0px;margin:0px;margin-bottom:0px;margin-top:0px;margin-left:0px;margin-right:0px;padding:0px;padding-bottom:0px;padding-top:0px;padding-left:0px;padding-right:0px\"><span style=\"font-size:14px\">Caracter\u00edsticas: chave remota do carro<\/span><\/p>\n<p style=\"font-family:arial, verdana, sans-serif;font-size:13px;line-height:16px;border-bottom:0px;border-left:0px;border-right:0px;border-top:0px;margin:0px;margin-bottom:0px;margin-top:0px;margin-left:0px;margin-right:0px;padding:0px;padding-bottom:0px;padding-top:0px;padding-left:0px;padding-right:0px\"><span style=\"font-size:14px\">design: estilo de carro de moda<\/span><\/p>\n<p style=\"font-family:arial, verdana, sans-serif;font-size:13px;line-height:16px;border-bottom:0px;border-left:0px;border-right:0px;border-top:0px;margin:0px;margin-bottom:0px;margin-top:0px;margin-left:0px;margin-right:0px;padding:0px;padding-bottom:0px;padding-top:0px;padding-left:0px;padding-right:0px\"><span style=\"font-size:14px\">Material: abs + metal<\/span><\/p>\n<p style=\"font-family:arial, verdana, sans-serif;font-size:13px;line-height:16px;border-bottom:0px;border-left:0px;border-right:0px;border-top:0px;margin:0px;margin-bottom:0px;margin-top:0px;margin-left:0px;margin-right:0px;padding:0px;padding-bottom:0px;padding-top:0px;padding-left:0px;padding-right:0px\"><span style=\"font-size:14px\">Cor: mostre a imagem<\/span><\/p>\n<p style=\"font-family:arial, verdana, sans-serif;font-size:13px;line-height:16px;border-bottom:0px;border-left:0px;border-right:0px;border-top:0px;margin:0px;margin-bottom:0px;margin-top:0px;margin-left:0px;margin-right:0px;padding:0px;padding-bottom:0px;padding-top:0px;padding-left:0px;padding-right:0px\"><span style=\"font-size:14px\">Bot\u00e3o: 3 bot\u00f5es<\/span><\/p>\n<p style=\"font-family:arial, verdana, sans-serif;font-size:13px;line-height:16px;border-bottom:0px;border-left:0px;border-right:0px;border-top:0px;margin:0px;margin-bottom:0px;margin-top:0px;margin-left:0px;margin-right:0px;padding:0px;padding-bottom:0px;padding-top:0px;padding-left:0px;padding-right:0px\"><span style=\"font-size:14px\">l\u00e2mina; TENHA<\/span><\/p>\n<p style=\"font-family:arial, verdana, sans-serif;font-size:13px;line-height:16px;border-bottom:0px;border-left:0px;border-right:0px;border-top:0px;margin:0px;margin-bottom:0px;margin-top:0px;margin-left:0px;margin-right:0px;padding:0px;padding-bottom:0px;padding-top:0px;padding-left:0px;padding-right:0px\"><span style=\"font-size:14px\">bateria: tem<\/span><\/p>\n<p style=\"font-family:arial, verdana, sans-serif;font-size:13px;line-height:16px;border-bottom:0px;border-left:0px;border-right:0px;border-top:0px;margin:0px;margin-bottom:0px;margin-top:0px;margin-left:0px;margin-right:0px;padding:0px;padding-bottom:0px;padding-top:0px;padding-left:0px;padding-right:0px\"><span style=\"font-size:14px\">placa de circuito; sim<\/span><\/p>\n<p style=\"font-family:arial, verdana, sans-serif;font-size:13px;line-height:16px;border-bottom:0px;border-left:0px;border-right:0px;border-top:0px;margin:0px;margin-bottom:0px;margin-top:0px;margin-left:0px;margin-right:0px;padding:0px;padding-bottom:0px;padding-top:0px;padding-left:0px;padding-right:0px\"><span style=\"font-size:14px\">chip: tem<\/span><\/p>\n<p style=\"font-family:arial, verdana, sans-serif;font-size:13px;line-height:16px;border-bottom:0px;border-left:0px;border-right:0px;border-top:0px;margin:0px;margin-bottom:0px;margin-top:0px;margin-left:0px;margin-right:0px;padding:0px;padding-bottom:0px;padding-top:0px;padding-left:0px;padding-right:0px\"><span style=\"font-size:14px\"><span style=\"font-size:14px;font-family:arial\">Peso: 15g<\/span><\/span><\/p>\n<p style=\"font-family:arial, verdana, sans-serif;font-size:13px;line-height:16px;border-bottom:0px;border-left:0px;border-right:0px;border-top:0px;margin:0px;margin-bottom:0px;margin-top:0px;margin-left:0px;margin-right:0px;padding:0px;padding-bottom:0px;padding-top:0px;padding-left:0px;padding-right:0px\"><span style=\"font-size:14px\"><span style=\"font-size:14px;font-family:arial\">434 MHz<\/span><\/span><\/p>\n<p style=\"font-family:arial, verdana, sans-serif;border-bottom:0px;border-left:0px;border-right:0px;border-top:0px;margin:0px;margin-bottom:0px;margin-top:0px;margin-left:0px;margin-right:0px;padding:0px;padding-bottom:0px;padding-top:0px;padding-left:0px;padding-right:0px\"><span style=\"font-size:14px\"><strong><span><span style=\"font-size:16px\">Montagem:<\/span><\/span><\/strong><\/span><\/p>\n<p style=\"font-family:arial, verdana, sans-serif;border-bottom:0px;border-left:0px;border-right:0px;border-top:0px;margin:0px;margin-bottom:0px;margin-top:0px;margin-left:0px;margin-right:0px;padding:0px;padding-bottom:0px;padding-top:0px;padding-left:0px;padding-right:0px\"><span style=\"font-size:14px\"><span style=\"font-size:20px\"><span style=\"font-size:14px;, Arial, Helvetica, sans-serif, Heiti\"><strong>Para Kia Ceed<\/strong><\/span><\/span><\/span><\/p>\n<p style=\"font-family:arial, verdana, sans-serif;border-bottom:0px;border-left:0px;border-right:0px;border-top:0px;margin:0px;margin-bottom:0px;margin-top:0px;margin-left:0px;margin-right:0px;padding:0px;padding-bottom:0px;padding-top:0px;padding-left:0px;padding-right:0px\"><strong><span style=\"font-size:14px\">E outro modelo com as mesmas especifica\u00e7\u00f5es de chave em branco e suporte de bateria listados na se\u00e7\u00e3o abaixo&#8230;<\/span><\/strong><\/p>\n<p><span style=\"font-size:14px\"><span style=\"font-size:16px\"><strong>Caracter\u00edsticas:<\/strong><\/span><\/span><\/p>\n<p style=\"line-height:11pt;margin:0cm 0cm 10pt;margin-bottom:10pt;margin-top:0cm;margin-left:0cm;margin-right:0cm\" class=\"MsoNormal\"><span style=\"font-size:14px\"><span><span style=\"font-size:small\">1.O item \u00e9 uma nova chave remota DIY.Frequ\u00eancia 434MHz, com chip em branco.<\/span><\/span><\/span><\/p>\n<p style=\"line-height:11pt;margin:0cm 0cm 10pt;margin-bottom:10pt;margin-top:0cm;margin-left:0cm;margin-right:0cm\" class=\"MsoNormal\"><span style=\"font-size:14px\"><span><span style=\"font-size:small\">2.A chave inclui caixa de chave, placa de circuito, chip e bateria.\u00c9 uma chave remota completa.<\/span><\/span><\/span><\/p>\n<p style=\"line-height:11pt;margin:0cm 0cm 10pt;margin-bottom:10pt;margin-top:0cm;margin-left:0cm;margin-right:0cm\" class=\"MsoNormal\"><span style=\"font-size:14px\"><span><span style=\"font-size:small\">3.Voc\u00ea precisar\u00e1 programar a chave e cortar a l\u00e2mina no serralheiro automotivo local antes de usar.<\/span><\/span><\/span><\/p>\n<p style=\"line-height:11pt;margin:0cm 0cm 10pt;margin-bottom:10pt;margin-top:0cm;margin-left:0cm;margin-right:0cm\" class=\"MsoNormal\"><span style=\"font-size:14px\"><span><span style=\"font-size:small\"><strong>Nota importante:<\/strong><\/span><\/span><\/span><\/p>\n<p style=\"line-height:11pt;margin:0cm 0cm 10pt;margin-bottom:10pt;margin-top:0cm;margin-left:0cm;margin-right:0cm\" class=\"MsoNormal\"><span style=\"font-size:14px\"><span><span style=\"font-size:small\">1.Voc\u00ea precisa ir ao revendedor local ou \u00e0 serralheria para cortar a chave e programar o seu carro, o serralheiro deve cobrar menos<\/span><\/span><\/span><\/p>\n<p style=\"line-height:11pt;margin:0cm 0cm 10pt;margin-bottom:10pt;margin-top:0cm;margin-left:0cm;margin-right:0cm\" class=\"MsoNormal\"><span style=\"font-size:14px\"><span><span style=\"font-size:small\">do que o revendedor.<\/span><\/span><\/span><\/p>\n<p style=\"line-height:11pt;margin:0cm 0cm 10pt;margin-bottom:10pt;margin-top:0cm;margin-left:0cm;margin-right:0cm\" class=\"MsoNormal\"><span style=\"font-size:14px\"><span><span style=\"font-size:small\">2. certifique-se de que sua chave seja exatamente igual \u00e0 nossa. Se n\u00e3o tiver certeza, envie-nos a foto original da chave para<\/span><\/span><\/span><\/p>\n<p style=\"line-height:11pt;margin:0cm 0cm 10pt;margin-bottom:10pt;margin-top:0cm;margin-left:0cm;margin-right:0cm\" class=\"MsoNormal\"><span style=\"font-size:14px\"><span><span style=\"font-size:small\">confirmando, n\u00f3s o ajudaremos a comprar a chave correta.<\/span><\/span><\/span><\/p>\n<div><\/div>\n<p style=\"font-family:arial, helvetica, sans-serif;font-size:16px;border-bottom:0px;border-left:0px;border-right:0px;border-top:0px;margin:0px;margin-bottom:0px;margin-top:0px;margin-left:0px;margin-right:0px;padding:0px;padding-bottom:0px;padding-top:0px;padding-left:0px;padding-right:0px\"><span style=\"font-size:14px\"><span>O pacote inclui:<\/span><\/span><\/p>\n<p style=\"font-family:arial, helvetica, sans-serif;font-size:16px;border-bottom:0px;border-left:0px;border-right:0px;border-top:0px;margin:0px;margin-bottom:0px;margin-top:0px;margin-left:0px;margin-right:0px;padding:0px;padding-bottom:0px;padding-top:0px;padding-left:0px;padding-right:0px\"><span style=\"font-size:14px\"><strong>1xcircuito de javali<\/strong><\/span><\/p>\n<p style=\"font-family:arial, helvetica, sans-serif;font-size:16px;border-bottom:0px;border-left:0px;border-right:0px;border-top:0px;margin:0px;margin-bottom:0px;margin-top:0px;margin-left:0px;margin-right:0px;padding:0px;padding-bottom:0px;padding-top:0px;padding-left:0px;padding-right:0px\"><span style=\"font-size:14px\"><strong>1xchip<\/strong><\/span><\/p>\n<p style=\"font-family:arial, helvetica, sans-serif;font-size:16px;border-bottom:0px;border-left:0px;border-right:0px;border-top:0px;margin:0px;margin-bottom:0px;margin-top:0px;margin-left:0px;margin-right:0px;padding:0px;padding-bottom:0px;padding-top:0px;padding-left:0px;padding-right:0px\"><span style=\"font-size:14px\"><strong>1x chave<\/strong><\/span><\/p>\n<p style=\"font-family:arial, helvetica, sans-serif;font-size:16px;border-bottom:0px;border-left:0px;border-right:0px;border-top:0px;margin:0px;margin-bottom:0px;margin-top:0px;margin-left:0px;margin-right:0px;padding:0px;padding-bottom:0px;padding-top:0px;padding-left:0px;padding-right:0px\"><span><span style=\"font-size:14px\"><span><span style=\"font-size:16px\">Nota importante:<\/span><\/span><\/span><\/span><span><span style=\"font-size:14px\"><br \/><\/span><\/span><span style=\"font-size:14px\"><strong><span>verifique seu ID FCC e o mesmo formato de chave com sua chave.<\/span><\/strong><\/span><\/p>\n<p><img data-recalc-dims=\"1\" decoding=\"async\" src=\"https:\/\/i0.wp.com\/ae01.alicdn.com\/kf\/HTB1CDEFLVXXXXXHXpXXq6xXFXXX3.jpg?w=1200\"><\/p>\n<p><img data-recalc-dims=\"1\" decoding=\"async\" style=\"width:1600px\"  src=\"https:\/\/i0.wp.com\/ae01.alicdn.com\/kf\/H62df5e1999574d29840ac9d325f29180w.jpg?w=1200\"><\/p>\n<\/div>\n<\/div>\n<\/div>\n<\/div>\n<\/div>\n<\/div>\n<\/div>\n<\/div>\n<\/div>\n<\/div>\n<\/div>\n<\/div>\n<\/div>\n<\/div>\n<\/div>\n<\/div>\n<\/div>\n<\/div>\n<\/div>\n<\/div>\n<\/div>\n<\/div>\n<\/div>\n<\/div>\n<\/div>\n<p><img data-recalc-dims=\"1\" decoding=\"async\" style=\"width:1600px\"  src=\"https:\/\/i0.wp.com\/ae01.alicdn.com\/kf\/Hcd6cb9140a684e949bf4407470f214d9M.jpg?w=1200\"><\/p>\n<p><img data-recalc-dims=\"1\" decoding=\"async\" style=\"width:1600px\"  src=\"https:\/\/i0.wp.com\/ae01.alicdn.com\/kf\/H9c05c9aebd3e45bfb92143a434a8da31X.jpg?w=1200\"><\/p>\n<p><img data-recalc-dims=\"1\" decoding=\"async\" style=\"width:1600px\"  src=\"https:\/\/i0.wp.com\/ae01.alicdn.com\/kf\/H4bfb699e964d4e3b8c98cd6e6299d1eaI.jpg?w=1200\"><\/p>\n<p><img data-recalc-dims=\"1\" decoding=\"async\" style=\"width:1600px\"  src=\"https:\/\/i0.wp.com\/ae01.alicdn.com\/kf\/H0990e39e7d6d43669cac2c6476cf181ft.jpg?w=1200\"><\/p>\n<\/div>\n<\/div>\n<p><\/p>\n<\/div>\n<\/div>\n","protected":false},"excerpt":{"rendered":"<p>Condi\u00e7\u00e3o: 100% novo Caracter\u00edsticas: chave remota do carro design: estilo de carro de moda Material: abs + metal Cor: mostre a imagem Bot\u00e3o: 3 bot\u00f5es l\u00e2mina; TENHA bateria: tem placa de circuito; sim chip: tem Peso: 15g 434 MHz Montagem: Para Kia Ceed E outro modelo com as mesmas especifica\u00e7\u00f5es de chave em branco e&hellip;&nbsp;<\/p>\n","protected":false},"featured_media":47719,"template":"","meta":{"neve_meta_sidebar":"","neve_meta_container":"","neve_meta_enable_content_width":"","neve_meta_content_width":0,"neve_meta_title_alignment":"","neve_meta_author_avatar":"","neve_post_elements_order":"","neve_meta_disable_header":"","neve_meta_disable_footer":"","neve_meta_disable_title":""},"product_brand":[],"product_cat":[51,17,30],"product_tag":[],"class_list":{"0":"post-47720","1":"product","2":"type-product","3":"status-publish","4":"has-post-thumbnail","6":"product_cat-chave-do-carro","7":"product_cat-pecas-e-acessorios-automotivos","8":"product_cat-starters","10":"first","11":"instock","12":"shipping-taxable","13":"purchasable","14":"product-type-variable","15":"has-default-attributes"},"jetpack_sharing_enabled":true,"_links":{"self":[{"href":"https:\/\/listman.shop\/autoparts-br\/wp-json\/wp\/v2\/product\/47720","targetHints":{"allow":["GET"]}}],"collection":[{"href":"https:\/\/listman.shop\/autoparts-br\/wp-json\/wp\/v2\/product"}],"about":[{"href":"https:\/\/listman.shop\/autoparts-br\/wp-json\/wp\/v2\/types\/product"}],"wp:featuredmedia":[{"embeddable":true,"href":"https:\/\/listman.shop\/autoparts-br\/wp-json\/wp\/v2\/media\/47719"}],"wp:attachment":[{"href":"https:\/\/listman.shop\/autoparts-br\/wp-json\/wp\/v2\/media?parent=47720"}],"wp:term":[{"taxonomy":"product_brand","embeddable":true,"href":"https:\/\/listman.shop\/autoparts-br\/wp-json\/wp\/v2\/product_brand?post=47720"},{"taxonomy":"product_cat","embeddable":true,"href":"https:\/\/listman.shop\/autoparts-br\/wp-json\/wp\/v2\/product_cat?post=47720"},{"taxonomy":"product_tag","embeddable":true,"href":"https:\/\/listman.shop\/autoparts-br\/wp-json\/wp\/v2\/product_tag?post=47720"}],"curies":[{"name":"wp","href":"https:\/\/api.w.org\/{rel}","templated":true}]}}