{"id":47738,"date":"2025-03-31T00:55:41","date_gmt":"2025-03-30T15:55:41","guid":{"rendered":"https:\/\/listman.shop\/autoparts-br\/product\/1005007400669900\/"},"modified":"2026-04-14T15:48:07","modified_gmt":"2026-04-14T06:48:07","slug":"1005007400669900","status":"publish","type":"product","link":"https:\/\/listman.shop\/autoparts-br\/product\/1005007400669900\/","title":{"rendered":"Luz traseira led do carro para mitsubishi l200 triton 2005-2016 luzes traseiras l\u00e2mpada traseira escudo invertendo l\u00e2mpada de freio abajur habita\u00e7\u00e3o"},"content":{"rendered":"<div class=\"detailmodule_html\">\n<div class=\"detail-desc-decorate-richtext\">\n<div class=\"detailmodule_html\">\n<div class=\"detail-desc-decorate-richtext\">\n<p><img data-recalc-dims=\"1\" decoding=\"async\" src=\"https:\/\/i0.wp.com\/ae01.alicdn.com\/kf\/S4cedbcd60b4143c587daeefaf1eba7f5C.jpg?w=1200&#038;ssl=1\"><\/p>\n<p><span style=\"font-size:18px\"><strong>Especifica\u00e7\u00e3o:<\/strong><\/span><\/p>\n<p><span style=\"font-size:16px\">-Tipo: luz traseira com fia\u00e7\u00e3o<\/span><\/p>\n<p><span style=\"font-size:16px\">-Coloca\u00e7\u00e3o no ve\u00edculo: traseira, esquerda\/direita<\/span><\/p>\n<p><span style=\"font-size:16px\">-Material da lente: pl\u00e1stico ABS<\/span><\/p>\n<p><strong><span style=\"font-size:16px\">-L\u00e2mpada: N\u00e3o inclu\u00edda!!!<\/span><\/strong><\/p>\n<p><span style=\"font-size:18px\"><strong>Montagem:<\/strong><\/span><\/p>\n<p><span style=\"font-size:16px\">Para Mitsubishi L200 2005-2016<\/span><\/p>\n<p><span style=\"font-size:16px\">Para Mitsubishi L200\/Triton 2005-2015<\/span><\/p>\n<p><strong><span style=\"font-size:16px\">(APENAS para o conjunto da l\u00e2mpada, nenhuma l\u00e2mpada est\u00e1 inclu\u00edda!!!as l\u00e2mpadas padr\u00e3o cabem.)<\/span><\/strong><\/p>\n<p><img data-recalc-dims=\"1\" decoding=\"async\" src=\"https:\/\/i0.wp.com\/ae01.alicdn.com\/kf\/S654ca8af0b9c4d1bade9503ffe76373bW.jpg?w=1200&#038;ssl=1\"><\/p>\n<p><img data-recalc-dims=\"1\" decoding=\"async\" src=\"https:\/\/i0.wp.com\/ae01.alicdn.com\/kf\/Sa5d800e6c48b4f31aa95a7f60d3c857cG.jpg?w=1200&#038;ssl=1\"><img data-recalc-dims=\"1\" decoding=\"async\" src=\"https:\/\/i0.wp.com\/ae01.alicdn.com\/kf\/Sdc9914feb87147d99c6b88e295e4f600E.jpg?w=1200&#038;ssl=1\"><img data-recalc-dims=\"1\" decoding=\"async\" src=\"https:\/\/i0.wp.com\/ae01.alicdn.com\/kf\/Seb16e504904c4c8f87da735d7fcde36cE.jpg?w=1200&#038;ssl=1\"><img data-recalc-dims=\"1\" decoding=\"async\" src=\"https:\/\/i0.wp.com\/ae01.alicdn.com\/kf\/S2c6919c66c764f1e88ca6d3ed61722b2M.jpg?w=1200&#038;ssl=1\"><img data-recalc-dims=\"1\" decoding=\"async\" src=\"https:\/\/i0.wp.com\/ae01.alicdn.com\/kf\/S2e0ba8edb8ed41bbb5ad4b0f910352f3F.jpg?w=1200&#038;ssl=1\"><img data-recalc-dims=\"1\" decoding=\"async\" src=\"https:\/\/i0.wp.com\/ae01.alicdn.com\/kf\/S2e7ebeba4b6744639f5aa90b4839bb10E.jpeg?w=1200&#038;ssl=1\"><img data-recalc-dims=\"1\" loading=\"lazy\" decoding=\"async\" width=\"942\" height=\"942\" src=\"https:\/\/i0.wp.com\/ae01.alicdn.com\/kf\/Seb4201a21da045f29f5314937510298aT.jpg?resize=942%2C942&#038;ssl=1\"><img data-recalc-dims=\"1\" decoding=\"async\" src=\"https:\/\/i0.wp.com\/ae01.alicdn.com\/kf\/S017cd3f62c6448ddaa53f92301c9376fp.jpg?w=1200&#038;ssl=1\"><br \/>Caros compradores, agradecemos sua empresa, se voc\u00ea estiver satisfeito com nosso servi\u00e7o,<\/p>\n<p>deixe-nos um feedback positivo e avalie os detalhes da transa\u00e7\u00e3o (classifica\u00e7\u00f5es detalhadas do vendedor) com um<\/p>\n<p><span><strong>&#8221;5 ESTRELAS PERFEITAS&#8221;<\/strong><\/span>.<\/p>\n<p>Se voc\u00ea tiver algum problema, quebrado ou problema de qualidade, n\u00e3o se preocupe e n\u00e3o deixe coment\u00e1rios ruins.<\/p>\n<p>Por favor, envie-nos um e-mail primeiro, responderemos o mais r\u00e1pido poss\u00edvel, permita-nos responder dentro de 12 horas.<\/p>\n<p>Compreendemos o seu humor e forneceremos a melhor solu\u00e7\u00e3o para o seu problema,<\/p>\n<p>por favor nos d\u00ea a oportunidade de resolver o problema,<\/p>\n<p>Para qualquer caso, sinta-se \u00e0 vontade para vir at\u00e9 n\u00f3s, estamos sempre aqui.<\/p>\n<p>aguardamos e obrigado pela sua confian\u00e7a.<\/p>\n<\/div>\n<\/div>\n<p><\/div>\n<\/div>\n","protected":false},"excerpt":{"rendered":"<p>Especifica\u00e7\u00e3o: -Tipo: luz traseira com fia\u00e7\u00e3o -Coloca\u00e7\u00e3o no ve\u00edculo: traseira, esquerda\/direita -Material da lente: pl\u00e1stico ABS -L\u00e2mpada: N\u00e3o inclu\u00edda!!! Montagem: Para Mitsubishi L200 2005-2016 Para Mitsubishi L200\/Triton 2005-2015 (APENAS para o conjunto da l\u00e2mpada, nenhuma l\u00e2mpada est\u00e1 inclu\u00edda!!!as l\u00e2mpadas padr\u00e3o cabem.) Caros compradores, agradecemos sua empresa, se voc\u00ea estiver satisfeito com nosso servi\u00e7o, deixe-nos um&hellip;&nbsp;<\/p>\n","protected":false},"featured_media":47732,"template":"","meta":{"neve_meta_sidebar":"","neve_meta_container":"","neve_meta_enable_content_width":"","neve_meta_content_width":0,"neve_meta_title_alignment":"","neve_meta_author_avatar":"","neve_post_elements_order":"","neve_meta_disable_header":"","neve_meta_disable_footer":"","neve_meta_disable_title":""},"product_brand":[],"product_cat":[95,19,17],"product_tag":[],"class_list":{"0":"post-47738","1":"product","2":"type-product","3":"status-publish","4":"has-post-thumbnail","6":"product_cat-assembleia-lampada-sinal","7":"product_cat-luzes-automotivas","8":"product_cat-pecas-e-acessorios-automotivos","10":"first","11":"instock","12":"shipping-taxable","13":"purchasable","14":"product-type-variable","15":"has-default-attributes"},"jetpack_sharing_enabled":true,"_links":{"self":[{"href":"https:\/\/listman.shop\/autoparts-br\/wp-json\/wp\/v2\/product\/47738","targetHints":{"allow":["GET"]}}],"collection":[{"href":"https:\/\/listman.shop\/autoparts-br\/wp-json\/wp\/v2\/product"}],"about":[{"href":"https:\/\/listman.shop\/autoparts-br\/wp-json\/wp\/v2\/types\/product"}],"wp:featuredmedia":[{"embeddable":true,"href":"https:\/\/listman.shop\/autoparts-br\/wp-json\/wp\/v2\/media\/47732"}],"wp:attachment":[{"href":"https:\/\/listman.shop\/autoparts-br\/wp-json\/wp\/v2\/media?parent=47738"}],"wp:term":[{"taxonomy":"product_brand","embeddable":true,"href":"https:\/\/listman.shop\/autoparts-br\/wp-json\/wp\/v2\/product_brand?post=47738"},{"taxonomy":"product_cat","embeddable":true,"href":"https:\/\/listman.shop\/autoparts-br\/wp-json\/wp\/v2\/product_cat?post=47738"},{"taxonomy":"product_tag","embeddable":true,"href":"https:\/\/listman.shop\/autoparts-br\/wp-json\/wp\/v2\/product_tag?post=47738"}],"curies":[{"name":"wp","href":"https:\/\/api.w.org\/{rel}","templated":true}]}}