{"id":47846,"date":"2025-03-31T01:00:53","date_gmt":"2025-03-30T16:00:53","guid":{"rendered":"https:\/\/listman.shop\/autoparts-br\/product\/1005008113704549\/"},"modified":"2026-04-15T00:47:11","modified_gmt":"2026-04-14T15:47:11","slug":"1005008113704549","status":"publish","type":"product","link":"https:\/\/listman.shop\/autoparts-br\/product\/1005008113704549\/","title":{"rendered":"Keyyou chave remota com 2\/3 bot\u00f5es, 10 pe\u00e7as, para mitsubishi l200 shogun pajero montero eclipse cross mirage g4 outlander phev rvr"},"content":{"rendered":"<div class=\"detailmodule_html\">\n<div class=\"detail-desc-decorate-richtext\">\n<div class=\"detailmodule_html\">\n<div class=\"detail-desc-decorate-richtext\">\n<div>\n<div>\n<p style=\"margin:0;display: block;width: 100%\"><img data-recalc-dims=\"1\" decoding=\"async\" src=\"https:\/\/i0.wp.com\/ae01.alicdn.com\/kf\/HTB1Q.EbeyAKL1JjSZFoq6ygCFXaQ.jpg?w=1200\"><\/p>\n<p style=\"font-size: 10px;margin: 2px;font-family: verdana, arial, helvetica, sans-serif\"><span style=\"font-family:Arial,Helvetica,sans-serif\"><span style=\"font-size:18px\">Condi\u00e7\u00e3o: 100% novo<br \/>Cor: como mostra a imagem<br \/>Bot\u00e3o: 2\/3 bot\u00f5es<br \/>Tamanho: 7cm * 4cm * 1,5cm (C * L * A)<br \/>Peso: 49g<br \/>L\u00e2mina: l\u00e2mina direita\/l\u00e2mina esquerda<\/span><\/span><\/p>\n<p style=\"font-size: 10px;margin: 2px;font-family: verdana, arial, helvetica, sans-serif\"><span style=\"font-family:Arial,Helvetica,sans-serif\"><span style=\"font-size:18px\"><br \/>Caracter\u00edsticas:<br \/>1. Melhor substituto para uma chave com bot\u00f5es quebrados ou estojo de chave desgastado.<br \/>2.Apenas estojo de chave e l\u00e2mina de chave sem cortes. N\u00e3o componentes internos eletr\u00f4nicos.<br \/>3. Fa\u00e7a a l\u00e2mina cortar por um serralheiro\/revendedor local com o original.<br \/>4. Pegue o el\u00e9tron interno (inclui imobilizador\/chip transponder) do controle remoto original e coloque-o em nossa chave, ent\u00e3o voc\u00ea est\u00e1 pronto!<\/p>\n<p>Caracter\u00edsticas:<br \/>Para Mitsubishi<br \/>E outro modelo com as mesmas especifica\u00e7\u00f5es de chave em branco e suporte de bateria listados na se\u00e7\u00e3o abaixo&#8230;<\/p>\n<p>Nota importante:<br \/>1.Voc\u00ea precisa ir ao revendedor local ou \u00e0 serralheria para cortar a chave e programar o seu carro. O serralheiro deve cobrar menos do que o revendedor.<br \/>2. certifique-se de que sua chave seja exatamente igual \u00e0 nossa. Se n\u00e3o tiver certeza, envie-nos a foto original da chave para confirma\u00e7\u00e3o, n\u00f3s o ajudaremos a comprar o inv\u00f3lucro correto da chave.<\/p>\n<p>O pacote inclui:<br \/>10 x escudo de chave remota<\/span><\/span><\/p>\n<p style=\"font-size: 10px;margin: 2px;font-family: verdana, arial, helvetica, sans-serif\">\n<img data-recalc-dims=\"1\" decoding=\"async\" src=\"https:\/\/i0.wp.com\/ae01.alicdn.com\/kf\/HTB1a9m3KeSSBuNjy0Flq6zBpVXak.jpg?w=1200\"><\/p>\n<p style=\"font-size: 10px;margin: 2px;font-family: verdana, arial, helvetica, sans-serif\">&nbsp;<\/p>\n<p style=\"margin:0;display: block;width: 100%\"><img data-recalc-dims=\"1\" decoding=\"async\" src=\"https:\/\/i0.wp.com\/ae-pic-a1.aliexpress-media.com\/kf\/S95f699af299f46a3af12199f6827e9d8m.jpg?w=1200&#038;ssl=1\"><img data-recalc-dims=\"1\" decoding=\"async\" src=\"https:\/\/i0.wp.com\/ae-pic-a1.aliexpress-media.com\/kf\/S97dc67a6bb9340ee8bf4e4639bf2ad3c0.jpg?w=1200&#038;ssl=1\"><img data-recalc-dims=\"1\" decoding=\"async\" src=\"https:\/\/i0.wp.com\/ae-pic-a1.aliexpress-media.com\/kf\/Sc25c159c2b6944aa8443af64584eee9en.jpg?w=1200&#038;ssl=1\"><img data-recalc-dims=\"1\" decoding=\"async\" src=\"https:\/\/i0.wp.com\/ae-pic-a1.aliexpress-media.com\/kf\/Sf40d62a50f4245759c17e6f5fa8d9f12L.jpg?w=1200&#038;ssl=1\"><br \/>\n&nbsp;<\/p>\n<\/div>\n<\/div>\n<div>\n<div>\n<p style=\"margin:0;display: block;width: 100%\"><img data-recalc-dims=\"1\" decoding=\"async\" src=\"https:\/\/i0.wp.com\/ae01.alicdn.com\/kf\/HTB1UdinXlHwL1JjSszfq6yB4VXao.jpg?w=1200\"><img data-recalc-dims=\"1\" decoding=\"async\" src=\"https:\/\/i0.wp.com\/ae01.alicdn.com\/kf\/HTB13hLVXL_HK1JjSsziq6ygrVXaR.jpg?w=1200\"><img data-recalc-dims=\"1\" decoding=\"async\" src=\"https:\/\/i0.wp.com\/ae01.alicdn.com\/kf\/HTB1.aDWXIrHK1JjSspfq6zsrXXaQ.jpg?w=1200\"><\/p>\n<\/div>\n<div>\n<div>\n<p>&nbsp;<\/p>\n<\/div>\n<\/div>\n<\/div>\n<\/div>\n<\/div>\n<\/div>\n<\/div>\n","protected":false},"excerpt":{"rendered":"<p>Condi\u00e7\u00e3o: 100% novoCor: como mostra a imagemBot\u00e3o: 2\/3 bot\u00f5esTamanho: 7cm * 4cm * 1,5cm (C * L * A)Peso: 49gL\u00e2mina: l\u00e2mina direita\/l\u00e2mina esquerda Caracter\u00edsticas:1. Melhor substituto para uma chave com bot\u00f5es quebrados ou estojo de chave desgastado.2.Apenas estojo de chave e l\u00e2mina de chave sem cortes. N\u00e3o componentes internos eletr\u00f4nicos.3. Fa\u00e7a a l\u00e2mina cortar por&hellip;&nbsp;<\/p>\n","protected":false},"featured_media":47840,"template":"","meta":{"neve_meta_sidebar":"","neve_meta_container":"","neve_meta_enable_content_width":"","neve_meta_content_width":0,"neve_meta_title_alignment":"","neve_meta_author_avatar":"","neve_post_elements_order":"","neve_meta_disable_header":"","neve_meta_disable_footer":"","neve_meta_disable_title":""},"product_brand":[],"product_cat":[51,17,30],"product_tag":[],"class_list":{"0":"post-47846","1":"product","2":"type-product","3":"status-publish","4":"has-post-thumbnail","6":"product_cat-chave-do-carro","7":"product_cat-pecas-e-acessorios-automotivos","8":"product_cat-starters","10":"first","11":"instock","12":"shipping-taxable","13":"purchasable","14":"product-type-variable","15":"has-default-attributes"},"jetpack_sharing_enabled":true,"_links":{"self":[{"href":"https:\/\/listman.shop\/autoparts-br\/wp-json\/wp\/v2\/product\/47846","targetHints":{"allow":["GET"]}}],"collection":[{"href":"https:\/\/listman.shop\/autoparts-br\/wp-json\/wp\/v2\/product"}],"about":[{"href":"https:\/\/listman.shop\/autoparts-br\/wp-json\/wp\/v2\/types\/product"}],"wp:featuredmedia":[{"embeddable":true,"href":"https:\/\/listman.shop\/autoparts-br\/wp-json\/wp\/v2\/media\/47840"}],"wp:attachment":[{"href":"https:\/\/listman.shop\/autoparts-br\/wp-json\/wp\/v2\/media?parent=47846"}],"wp:term":[{"taxonomy":"product_brand","embeddable":true,"href":"https:\/\/listman.shop\/autoparts-br\/wp-json\/wp\/v2\/product_brand?post=47846"},{"taxonomy":"product_cat","embeddable":true,"href":"https:\/\/listman.shop\/autoparts-br\/wp-json\/wp\/v2\/product_cat?post=47846"},{"taxonomy":"product_tag","embeddable":true,"href":"https:\/\/listman.shop\/autoparts-br\/wp-json\/wp\/v2\/product_tag?post=47846"}],"curies":[{"name":"wp","href":"https:\/\/api.w.org\/{rel}","templated":true}]}}