{"id":47960,"date":"2025-03-31T01:06:39","date_gmt":"2025-03-30T16:06:39","guid":{"rendered":"https:\/\/listman.shop\/autoparts-br\/product\/1005008364347087\/"},"modified":"2026-04-15T00:46:08","modified_gmt":"2026-04-14T15:46:08","slug":"1005008364347087","status":"publish","type":"product","link":"https:\/\/listman.shop\/autoparts-br\/product\/1005008364347087\/","title":{"rendered":"Fccid 147 156 166 gt para alfa romeo remoto fob sem cortes sip22 l\u00e2mina 433mhz id48 chip substitui\u00e7\u00e3o 3 bot\u00e3o flip chave do carro"},"content":{"rendered":"<div class=\"detailmodule_html\">\n<div class=\"detail-desc-decorate-richtext\">\n<div class=\"detailmodule_html\">\n<div class=\"detail-desc-decorate-richtext\">\n<div>\n<p align=\"center\" style=\", sans-serif;font-size:14px;font-weight:400;letter-spacing:normal;line-height:inherit;text-align:center;white-space:normal;margin:0px;margin-bottom:0px;margin-top:0px;margin-left:0px;margin-right:0px;padding:0px;padding-bottom:0px;padding-top:0px;padding-left:0px;padding-right:0px\"><span style=\"font-size:22px\"><span style=\"font-family:arial\"><span><span><span style=\"font-family:arial, helvetica, sans-serif\"><strong id=\"tl_1\">FCCID 147 156 166 GT para Alfa Romeo Remote Fob Sem cortes SIP22 L&acirc;mina 433MHZ ID48 Chip Substitui&ccedil;&atilde;o 3 Bot&atilde;o Flip Chave do carro<\/strong><\/span><\/span><\/span><\/span><\/span><\/p>\n<div align=\"left\" style=\"font-family:Arial, Helvetica, sans-serif;font-size:12px;font-weight:400;letter-spacing:normal;text-align:left;white-space:normal;margin:0px;margin-bottom:0px;margin-top:0px;margin-left:0px;margin-right:0px;padding:0px;padding-bottom:0px;padding-top:0px;padding-left:0px;padding-right:0px\">\n<div align=\"left\" style=\"text-align:left;margin:0px;margin-bottom:0px;margin-top:0px;margin-left:0px;margin-right:0px;padding:0px;padding-bottom:0px;padding-top:0px;padding-left:0px;padding-right:0px\">\n<div style=\"margin:0px;margin-bottom:0px;margin-top:0px;margin-left:0px;margin-right:0px;padding:0px;padding-bottom:0px;padding-top:0px;padding-left:0px;padding-right:0px\">\n      &nbsp;\n     <\/div>\n<p style=\"font-size:14px;font-weight:400;line-height:inherit;margin:0px;margin-bottom:0px;margin-top:0px;margin-left:0px;margin-right:0px;padding:0px;padding-bottom:0px;padding-top:0px;padding-left:0px;padding-right:0px\"><img data-recalc-dims=\"1\" decoding=\"async\" src=\"https:\/\/i0.wp.com\/ae01.alicdn.com\/kf\/S0f62e7cf23b34eab83c870e46ff1487bj.jpg?w=1200&#038;ssl=1\" \/><\/p>\n<div style=\"margin:0px;margin-bottom:0px;margin-top:0px;margin-left:0px;margin-right:0px;padding:0px;padding-bottom:0px;padding-top:0px;padding-left:0px;padding-right:0px\">\n      &nbsp;\n     <\/div>\n<div align=\"left\" style=\"text-align:left;margin:0px;margin-bottom:0px;margin-top:0px;margin-left:0px;margin-right:0px;padding:0px;padding-bottom:0px;padding-top:0px;padding-left:0px;padding-right:0px\">\n<div align=\"left\" style=\"font-family:Arial, Helvetica, sans-serif;font-size:12px;font-weight:400;letter-spacing:normal;text-align:left;white-space:normal;margin:0px;margin-bottom:0px;margin-top:0px;margin-left:0px;margin-right:0px;padding:0px;padding-bottom:0px;padding-top:0px;padding-left:0px;padding-right:0px\">\n<div style=\"margin:0px;margin-bottom:0px;margin-top:0px;margin-left:0px;margin-right:0px;padding:0px;padding-bottom:0px;padding-top:0px;padding-left:0px;padding-right:0px\">\n        <span style=\"font-size:26px\"><span style=\"font-family:Roboto, sans-serif\"><strong><span><span style=\"font-family:Arial, Helvetica, sans-serif\" id=\"tl_2\">VESA 433MHz<\/span><\/span><\/strong><\/span><\/span><br \/>\n        <span style=\"font-size:26px\"> <\/span><br \/>\n        <span style=\"font-size:26px\"><span style=\"font-family:Roboto, sans-serif\"><strong><span><span style=\"font-family:Arial, Helvetica, sans-serif\" id=\"tl_3\"><br \/>CHIP ID48<\/span><\/span><\/strong><\/span><\/span>\n       <\/div>\n<\/p><\/div>\n<div style=\"margin:0px;margin-bottom:0px;margin-top:0px;margin-left:0px;margin-right:0px;padding:0px;padding-bottom:0px;padding-top:0px;padding-left:0px;padding-right:0px\">\n       &nbsp;\n      <\/div>\n<div align=\"left\" style=\"font-family:Arial, Helvetica, sans-serif;font-size:12px;font-weight:400;letter-spacing:normal;text-align:left;white-space:normal;margin:0px;margin-bottom:0px;margin-top:0px;margin-left:0px;margin-right:0px;padding:0px;padding-bottom:0px;padding-top:0px;padding-left:0px;padding-right:0px\">\n<div align=\"start\" style=\"font-family:Roboto, sans-serif;font-size:14px;font-weight:400;letter-spacing:1px;text-align:start;white-space:normal;display:block\">\n        <span><span style=\"font-size:18px\"><span style=\"font-family:Arial, Helvetica, sans-serif\"><strong id=\"tl_4\">Trabalhar em:<\/strong><\/span><\/span><\/span>\n       <\/div>\n<div>\n        <strong><span style=\"font-size:22px\"><span style=\"font-family:Arial, Helvetica, sans-serif\" id=\"tl_5\">Alfa Romeo 147 156 166 GT<\/span><\/span><\/strong>\n       <\/div>\n<\/p><\/div>\n<\/p><\/div>\n<\/p><\/div>\n<div align=\"left\" style=\"text-align:left;margin:0px;margin-bottom:0px;margin-top:0px;margin-left:0px;margin-right:0px;padding:0px;padding-bottom:0px;padding-top:0px;padding-left:0px;padding-right:0px\">\n<div style=\"margin:0px;margin-bottom:0px;margin-top:0px;margin-left:0px;margin-right:0px;padding:0px;padding-bottom:0px;padding-top:0px;padding-left:0px;padding-right:0px\">\n<div style=\"margin:0px;margin-bottom:0px;margin-top:0px;margin-left:0px;margin-right:0px;padding:0px;padding-bottom:0px;padding-top:0px;padding-left:0px;padding-right:0px\">\n       <img data-recalc-dims=\"1\" decoding=\"async\" src=\"https:\/\/i0.wp.com\/ae01.alicdn.com\/kf\/S3d069ab317b44384a262f639c5838f6dh.jpg?w=1200&#038;ssl=1\" \/>\n      <\/div>\n<div style=\"margin:0px;margin-bottom:0px;margin-top:0px;margin-left:0px;margin-right:0px;padding:0px;padding-bottom:0px;padding-top:0px;padding-left:0px;padding-right:0px\">\n<div align=\"start\" style=\"font-family:arial, helvetica, sans-serif;font-size:13px;font-weight:400;letter-spacing:normal;line-height:inherit;text-align:start;white-space:normal;border:0px;margin:0px;margin-bottom:0px;margin-top:0px;margin-left:0px;margin-right:0px;padding:0px;padding-bottom:0px;padding-top:0px;padding-left:0px;padding-right:0px\">\n        <span><span><span style=\"font-size:inherit;font-family:tahoma, geneva, sans-serif\"><span style=\"font-size:inherit\"><span style=\"font-size:16px\"><span style=\"font-family:tahoma, geneva, sans-serif\"><\/span><\/span><\/span><\/span><\/span><\/span><br \/>\n        <span><span style=\"font-family:Arial, Helvetica, sans-serif\"><strong><span style=\"font-size:22px\" id=\"tl_6\">1: O inv&oacute;lucro da chave &eacute; de reposi&ccedil;&atilde;o (n&atilde;o original), o texto no inv&oacute;lucro da chave provavelmente n&atilde;o &eacute; igual ao inv&oacute;lucro da chave original, mas n&atilde;o afeta a fun&ccedil;&atilde;o, consulte os dados reais do produto. <\/p>\n<p>2: Certifique-se de que sua chave seja exatamente igual &agrave; nossa chave (o mesmo formato, bot&otilde;es e n&uacute;mero da pe&ccedil;a), ent&atilde;o ela funcionar&aacute;. <\/p>\n<p>3: A chave &eacute; 100% nova, pe&ccedil;a ao seu serralheiro local para programar e cortar a l&acirc;mina da chave. <\/p>\n<p>4: preste aten&ccedil;&atilde;o &agrave;s informa&ccedil;&otilde;es de rastreamento do pacote e entre em contato conosco se n&atilde;o for entregue a tempo, n&oacute;s resolveremos isso para voc&ecirc;. <\/p>\n<p>5: entre em contato conosco se tiver alguma d&uacute;vida sobre os produtos, nossa equipe de vendas responder&aacute; em 1 hora.<\/span><\/strong><\/span><\/span><br \/>\n        <span><span style=\"font-family:Arial, Helvetica, sans-serif\"><strong><span style=\"font-size:22px\"><\/span><\/strong><\/span><\/span><\/p>\n<p>        <strong><span style=\"font-size:28px\"><span style=\"color:#c0392b\" id=\"tl_7\">Por que nos escolher?<\/span><\/span><br \/> <span style=\"font-size:20px\" id=\"tl_8\"><br \/>1: temos uma vasta experi&ecirc;ncia em chaves automotivas h&aacute; cerca de 10 anos, oferecemos servi&ccedil;o profissional e produtos est&aacute;veis de boa qualidade. <\/p>\n<p>2: Resposta r&aacute;pida, entrega r&aacute;pida. <\/p>\n<p>3: somos fabricantes de muitos atacadistas de diferentes pa&iacute;ses, entre em contato conosco se tiver alguma d&uacute;vida.<\/span><\/strong>\n       <\/div>\n<div style=\"margin:0px;margin-bottom:0px;margin-top:0px;margin-left:0px;margin-right:0px;padding:0px;padding-bottom:0px;padding-top:0px;padding-left:0px;padding-right:0px\">\n<p>        <img data-recalc-dims=\"1\" decoding=\"async\" src=\"https:\/\/i0.wp.com\/ae01.alicdn.com\/kf\/S2b4cd4d158104d5089ab73a47a0b9211y.jpg?w=1200&#038;ssl=1\" \/><br \/>\n        <br \/> <br \/>\n        <img data-recalc-dims=\"1\" decoding=\"async\" src=\"https:\/\/i0.wp.com\/ae01.alicdn.com\/kf\/Sf757c15383814af6b7be0196254c4568y.jpg?w=1200&#038;ssl=1\" \/><br \/>\n        <br \/> &nbsp;<br \/>\n        <img data-recalc-dims=\"1\" decoding=\"async\" src=\"https:\/\/i0.wp.com\/ae01.alicdn.com\/kf\/S6555791dcbf74abd882ce60be74ffb85i.jpg?w=1200&#038;ssl=1\" \/><br \/>\n        <img data-recalc-dims=\"1\" decoding=\"async\" src=\"https:\/\/i0.wp.com\/ae01.alicdn.com\/kf\/Sb26bdea23954458e9630096a4f3705eb0.jpg?w=1200&#038;ssl=1\" \/><br \/>\n        <img data-recalc-dims=\"1\" decoding=\"async\" src=\"https:\/\/i0.wp.com\/ae01.alicdn.com\/kf\/S27ccedafae894e4689a3596a5977550aL.jpg?w=1200&#038;ssl=1\" \/><br \/>\n        <img data-recalc-dims=\"1\" decoding=\"async\" src=\"https:\/\/i0.wp.com\/ae01.alicdn.com\/kf\/S70b01f3f152e451780a4f6b6e8238d0as.jpg?w=1200&#038;ssl=1\" \/><br \/>\n        <img data-recalc-dims=\"1\" decoding=\"async\" src=\"https:\/\/i0.wp.com\/ae01.alicdn.com\/kf\/Sf26709f79bc74d858afa7af004f8cab1D.jpg?w=1200&#038;ssl=1\" \/><br \/>\n        <img data-recalc-dims=\"1\" decoding=\"async\" src=\"https:\/\/i0.wp.com\/ae01.alicdn.com\/kf\/S9efc1b7cddcf454eb1ed0f6aa327eea8L.jpg?w=1200&#038;ssl=1\" \/><br \/>\n        <img data-recalc-dims=\"1\" decoding=\"async\" src=\"https:\/\/i0.wp.com\/ae01.alicdn.com\/kf\/Scf7f5eb93fa245bd8c95af4819e011cfZ.jpg?w=1200&#038;ssl=1\" \/><br \/>\n        <br \/> &nbsp;&nbsp;&nbsp;&nbsp;&nbsp;&nbsp;&nbsp; &nbsp;&nbsp;&nbsp;&nbsp;&nbsp;\n       <\/div>\n<\/p><\/div>\n<div style=\"margin:0px;margin-bottom:0px;margin-top:0px;margin-left:0px;margin-right:0px;padding:0px;padding-bottom:0px;padding-top:0px;padding-left:0px;padding-right:0px\">\n       &nbsp;\n      <\/div>\n<p align=\"start\" style=\"font-size:14px;font-weight:400;line-height:inherit;text-align:start;margin:0px;margin-bottom:0px;margin-top:0px;margin-left:0px;margin-right:0px;padding:0px;padding-bottom:0px;padding-top:0px;padding-left:0px;padding-right:0px\"><img data-recalc-dims=\"1\" decoding=\"async\" src=\"https:\/\/i0.wp.com\/ae01.alicdn.com\/kf\/Se2b55ee33dc945c0a38c5e31a38a2a873.jpg?w=1200&#038;ssl=1\" style=\"width:1000px\" \/><\/p>\n<p> <span style=\"font-family:arial\"><strong><span><span style=\"font-size:14px\"><span style=\"font-size:16px\"><span><span style=\", sans-serif\"><span style=\"font-size:14px;, sans-serif\"><span style=\"font-size:20px\"><span style=\"font-family:tahoma, geneva, sans-serif\"><span><span><span style=\"font-size:medium\" id=\"tl_9\">Bem-vindo &agrave; nossa loja!<\/span><\/span><\/span><\/span><\/span><\/span><\/span><\/span><\/span><\/span><\/span><\/strong><\/span><\/p>\n<\/p><\/div>\n<\/p><\/div>\n<\/p><\/div>\n<\/p><\/div>\n<p> &nbsp;\n <\/div>\n<\/div>\n<\/div>\n<\/div>\n","protected":false},"excerpt":{"rendered":"<p>FCCID 147 156 166 GT para Alfa Romeo Remote Fob Sem cortes SIP22 L&acirc;mina 433MHZ ID48 Chip Substitui&ccedil;&atilde;o 3 Bot&atilde;o Flip Chave do carro &nbsp; &nbsp; VESA 433MHz CHIP ID48 &nbsp; Trabalhar em: Alfa Romeo 147 156 166 GT 1: O inv&oacute;lucro da chave &eacute; de reposi&ccedil;&atilde;o (n&atilde;o original), o texto no inv&oacute;lucro da chave&hellip;&nbsp;<\/p>\n","protected":false},"featured_media":47954,"template":"","meta":{"neve_meta_sidebar":"","neve_meta_container":"","neve_meta_enable_content_width":"","neve_meta_content_width":0,"neve_meta_title_alignment":"","neve_meta_author_avatar":"","neve_post_elements_order":"","neve_meta_disable_header":"","neve_meta_disable_footer":"","neve_meta_disable_title":""},"product_brand":[],"product_cat":[51,17,30],"product_tag":[],"class_list":{"0":"post-47960","1":"product","2":"type-product","3":"status-publish","4":"has-post-thumbnail","6":"product_cat-chave-do-carro","7":"product_cat-pecas-e-acessorios-automotivos","8":"product_cat-starters","10":"first","11":"instock","12":"shipping-taxable","13":"purchasable","14":"product-type-variable","15":"has-default-attributes"},"jetpack_sharing_enabled":true,"_links":{"self":[{"href":"https:\/\/listman.shop\/autoparts-br\/wp-json\/wp\/v2\/product\/47960","targetHints":{"allow":["GET"]}}],"collection":[{"href":"https:\/\/listman.shop\/autoparts-br\/wp-json\/wp\/v2\/product"}],"about":[{"href":"https:\/\/listman.shop\/autoparts-br\/wp-json\/wp\/v2\/types\/product"}],"wp:featuredmedia":[{"embeddable":true,"href":"https:\/\/listman.shop\/autoparts-br\/wp-json\/wp\/v2\/media\/47954"}],"wp:attachment":[{"href":"https:\/\/listman.shop\/autoparts-br\/wp-json\/wp\/v2\/media?parent=47960"}],"wp:term":[{"taxonomy":"product_brand","embeddable":true,"href":"https:\/\/listman.shop\/autoparts-br\/wp-json\/wp\/v2\/product_brand?post=47960"},{"taxonomy":"product_cat","embeddable":true,"href":"https:\/\/listman.shop\/autoparts-br\/wp-json\/wp\/v2\/product_cat?post=47960"},{"taxonomy":"product_tag","embeddable":true,"href":"https:\/\/listman.shop\/autoparts-br\/wp-json\/wp\/v2\/product_tag?post=47960"}],"curies":[{"name":"wp","href":"https:\/\/api.w.org\/{rel}","templated":true}]}}