{"id":49,"date":"2024-10-12T18:48:15","date_gmt":"2024-10-12T09:48:15","guid":{"rendered":"https:\/\/listman.shop\/autoparts-br\/product\/1005001609610036\/"},"modified":"2026-04-17T18:36:06","modified_gmt":"2026-04-17T09:36:06","slug":"1005001609610036","status":"publish","type":"product","link":"https:\/\/listman.shop\/autoparts-br\/product\/1005001609610036\/","title":{"rendered":"C\u00e2mera de vis\u00e3o traseira para carro, c\u00e2mera de estacionamento reversa para skoda octavia 2004 2005 2006 2007 2008 2009 2010 2011"},"content":{"rendered":"<div class=\"detailmodule_html\">\n<div class=\"detail-desc-decorate-richtext\">\n<div class=\"detailmodule_html\">\n<div class=\"detail-desc-decorate-richtext\">\n<div>\n<div style=\"font-family:arial\">\n  <span style=\"font-size:20px;, times, serif\"><strong>Especifica\u00e7\u00e3o:<\/strong><\/span>\n <\/div>\n<div style=\"font-family:arial\">\n  <span style=\"font-size:20px;, times, serif\">Sensores de imagem: 1\/4&#8243; Cor Sharp CCD<\/span>\n <\/div>\n<div style=\"font-family:arial\">\n  <span style=\"font-size:20px;, times, serif\">Sistema de TV: padr\u00e3o NTSC<\/span>\n <\/div>\n<div style=\"font-family:arial\">\n  <span style=\"font-size:20px;, times, serif\">\u00c2ngulo da lente: 170<\/span>\n <\/div>\n<div style=\"font-family:arial\">\n  <span style=\"font-size:20px;, times, serif\">Resolu\u00e7\u00e3o: 420 linhas de TV<\/span>\n <\/div>\n<div style=\"font-family:arial\">\n  <span style=\"font-size:20px;, times, serif\">Rela\u00e7\u00e3o S\/N: mais de 48db<\/span>\n <\/div>\n<div style=\"font-family:arial\">\n  <span style=\"font-size:20px;, times, serif\">Alimenta\u00e7\u00e3o: DC12V<\/span>\n <\/div>\n<div style=\"font-family:arial\">\n  <span style=\"font-size:20px;, times, serif\">AGC: Autom\u00e1tico<\/span>\n <\/div>\n<div style=\"font-family:arial\">\n  <span style=\"font-size:20px;, times, serif\">BLC: Autom\u00e1tico<\/span>\n <\/div>\n<div style=\"font-family:arial\">\n  <span style=\"font-size:20px;, times, serif\">\u00c0 prova d&#8217;\u00e1gua<\/span>\n <\/div>\n<div style=\"font-family:arial\">\n  <span style=\"font-size:20px;, times, serif\">Vis\u00e3o noturna<\/span>\n <\/div>\n<div style=\"font-family:arial\">\n  <span style=\"font-size:20px;, times, serif\">Quantidade de luz LED: 3<\/span>\n <\/div>\n<div style=\"font-family:arial\">\n  <span style=\"font-size:20px;, times, serif\">Dimens\u00e3o: 90x35x38mm<\/span>\n <\/div>\n<div style=\"font-family:arial\">\n  <span style=\"font-size:20px;, times, serif\">Tipo de assist\u00eancia ao estacionamento: c\u00e2mera de vis\u00e3o traseira<\/span>\n <\/div>\n<div style=\"font-family:arial\">\n  <span style=\"font-size:20px;, times, serif\">Balan\u00e7o de branco autom\u00e1tico<\/span>\n <\/div>\n<div style=\"font-family:arial\"><\/div>\n<div style=\"font-family:arial\">\n<div>\n   <span style=\"font-size:20px;, times, serif\">Montagem:<\/span>\n  <\/div>\n<div>\n   <span style=\"font-size:20px;, times, serif\">Se encaixa para Skoda Octavia 2004 &#8211; 2013<\/span>\n  <\/div>\n<\/p><\/div>\n<div style=\"font-family:arial\"><\/div>\n<div style=\"font-family:arial\"><\/div>\n<div style=\"font-family:arial\">\n  <span style=\"font-size:20px;, times, serif\">Pacote inclu\u00eddo:<\/span>\n <\/div>\n<div style=\"font-family:arial\">\n  <span style=\"font-size:20px;, times, serif\">1 x c\u00e2mera de r\u00e9<\/span>\n <\/div>\n<div style=\"font-family:arial\">\n  <span style=\"font-size:20px;, times, serif\">1 x cabo de alimenta\u00e7\u00e3o<\/span>\n <\/div>\n<div style=\"font-family:arial\">\n  <span style=\"font-size:20px;, times, serif\">1 x cabo de v\u00eddeo<\/span>\n <\/div>\n<div style=\"font-family:arial\"><\/div>\n<div style=\"font-family:arial\">\n  <img data-recalc-dims=\"1\" decoding=\"async\" src=\"https:\/\/i0.wp.com\/ae01.alicdn.com\/kf\/HTB17XlCXiDxK1RjSsphq6zHrpXaC.jpg?w=1200\"><br \/>\n  <img data-recalc-dims=\"1\" decoding=\"async\" src=\"https:\/\/i0.wp.com\/ae01.alicdn.com\/kf\/HTB1AYedXYPpK1RjSZFFq6y5PpXao.jpg?w=1200\"><br \/>\n  <img data-recalc-dims=\"1\" decoding=\"async\" src=\"https:\/\/i0.wp.com\/ae01.alicdn.com\/kf\/HTB1JJ4CXizxK1RjSspjq6AS.pXaO.jpg?w=1200\">\n <\/div>\n<\/div>\n<p><img data-recalc-dims=\"1\" decoding=\"async\" src=\"https:\/\/i0.wp.com\/ae01.alicdn.com\/kf\/HTB17awhxWmWBuNjy1Xaq6xCbXXaG.jpg?w=1200\"><\/p>\n<div>\n &nbsp;\n<\/div>\n<p><\/p>\n<\/div>\n<\/div>\n<\/div>\n<\/div>\n","protected":false},"excerpt":{"rendered":"<p>Especifica\u00e7\u00e3o: Sensores de imagem: 1\/4&#8243; Cor Sharp CCD Sistema de TV: padr\u00e3o NTSC \u00c2ngulo da lente: 170 Resolu\u00e7\u00e3o: 420 linhas de TV Rela\u00e7\u00e3o S\/N: mais de 48db Alimenta\u00e7\u00e3o: DC12V AGC: Autom\u00e1tico BLC: Autom\u00e1tico \u00c0 prova d&#8217;\u00e1gua Vis\u00e3o noturna Quantidade de luz LED: 3 Dimens\u00e3o: 90x35x38mm Tipo de assist\u00eancia ao estacionamento: c\u00e2mera de vis\u00e3o traseira Balan\u00e7o&hellip;&nbsp;<\/p>\n","protected":false},"featured_media":45,"template":"","meta":{"neve_meta_sidebar":"","neve_meta_container":"","neve_meta_enable_content_width":"","neve_meta_content_width":0,"neve_meta_title_alignment":"","neve_meta_author_avatar":"","neve_post_elements_order":"","neve_meta_disable_header":"","neve_meta_disable_footer":"","neve_meta_disable_title":""},"product_brand":[],"product_cat":[40,20,17],"product_tag":[],"class_list":{"0":"post-49","1":"product","2":"type-product","3":"status-publish","4":"has-post-thumbnail","6":"product_cat-dvr-para-carro","7":"product_cat-eletronicos-automotivos","8":"product_cat-pecas-e-acessorios-automotivos","10":"first","11":"instock","12":"shipping-taxable","13":"purchasable","14":"product-type-variable"},"jetpack_sharing_enabled":true,"_links":{"self":[{"href":"https:\/\/listman.shop\/autoparts-br\/wp-json\/wp\/v2\/product\/49","targetHints":{"allow":["GET"]}}],"collection":[{"href":"https:\/\/listman.shop\/autoparts-br\/wp-json\/wp\/v2\/product"}],"about":[{"href":"https:\/\/listman.shop\/autoparts-br\/wp-json\/wp\/v2\/types\/product"}],"wp:featuredmedia":[{"embeddable":true,"href":"https:\/\/listman.shop\/autoparts-br\/wp-json\/wp\/v2\/media\/45"}],"wp:attachment":[{"href":"https:\/\/listman.shop\/autoparts-br\/wp-json\/wp\/v2\/media?parent=49"}],"wp:term":[{"taxonomy":"product_brand","embeddable":true,"href":"https:\/\/listman.shop\/autoparts-br\/wp-json\/wp\/v2\/product_brand?post=49"},{"taxonomy":"product_cat","embeddable":true,"href":"https:\/\/listman.shop\/autoparts-br\/wp-json\/wp\/v2\/product_cat?post=49"},{"taxonomy":"product_tag","embeddable":true,"href":"https:\/\/listman.shop\/autoparts-br\/wp-json\/wp\/v2\/product_tag?post=49"}],"curies":[{"name":"wp","href":"https:\/\/api.w.org\/{rel}","templated":true}]}}