{"id":5141,"date":"2024-10-15T22:56:08","date_gmt":"2024-10-15T13:56:08","guid":{"rendered":"https:\/\/listman.shop\/autoparts-br\/product\/1005005903416314\/"},"modified":"2026-04-08T06:33:09","modified_gmt":"2026-04-07T21:33:09","slug":"1005005903416314","status":"publish","type":"product","link":"https:\/\/listman.shop\/autoparts-br\/product\/1005005903416314\/","title":{"rendered":"Ma\u00e7aneta da porta traseira do carro para toyota land cruiser prado lc95 3400 1996 1997 1998 1999-2002 l\u00e2mpada da placa de licen\u00e7a traseira assy frame"},"content":{"rendered":"<div class=\"detailmodule_html\">\n<div class=\"detail-desc-decorate-richtext\">\n<div class=\"detailmodule_text\">\n<p style=\"font-family:OpenSans;font-size:14px;font-weight:300;line-height:20px;white-space:pre-wrap;margin-bottom:12px\" class=\"detail-desc-decorate-content\">Para Prado LC95 3400 1996 1997 1998 1999 2000 2001 2002<br \/>Para Prado KDJ90, KDJ90W, KDJ95, KDJ95W, KZJ90, KZJ90W, KZJ95, KZJ95W, LJ90, LJ95, RZJ90, RZJ90W, RZJ95, RZJ95W, VZJ90, VZJ90W, VZJ95, VZJ95W<br \/>N\u00famero da pe\u00e7a: 81270-60280, 8127060280<\/p>\n<\/div>\n<div class=\"detailmodule_image\"><img data-recalc-dims=\"1\" decoding=\"async\" class=\"detail-desc-decorate-image\" src=\"https:\/\/i0.wp.com\/ae01.alicdn.com\/kf\/Sb0d9aa5be30645f581df62516bb85c599.jpg?w=1200&#038;ssl=1\"><img data-recalc-dims=\"1\" decoding=\"async\" class=\"detail-desc-decorate-image\" src=\"https:\/\/i0.wp.com\/ae01.alicdn.com\/kf\/S2d14ad56161140ce9fcc612837c82c12o.jpg?w=1200&#038;ssl=1\"><img data-recalc-dims=\"1\" decoding=\"async\" class=\"detail-desc-decorate-image\" src=\"https:\/\/i0.wp.com\/ae01.alicdn.com\/kf\/S3bcd41eb8f2c4d1cb8be078df85784daX.jpg?w=1200&#038;ssl=1\"><img data-recalc-dims=\"1\" decoding=\"async\" class=\"detail-desc-decorate-image\" src=\"https:\/\/i0.wp.com\/ae01.alicdn.com\/kf\/Sc2342ccd40454599a74de8dd7e3b79816.jpg?w=1200&#038;ssl=1\"><img data-recalc-dims=\"1\" decoding=\"async\" class=\"detail-desc-decorate-image\" src=\"https:\/\/i0.wp.com\/ae01.alicdn.com\/kf\/S4bf7b79a44f441ee8695a87f45e11515F.jpg?w=1200&#038;ssl=1\"><img data-recalc-dims=\"1\" decoding=\"async\" class=\"detail-desc-decorate-image\" src=\"https:\/\/i0.wp.com\/ae01.alicdn.com\/kf\/Sa46bb4c2ed624dcd8fd9a9b6535f0d777.jpg?w=1200&#038;ssl=1\"><\/div>\n<p><\/p>\n<\/div>\n<\/div>\n","protected":false},"excerpt":{"rendered":"<p>Para Prado LC95 3400 1996 1997 1998 1999 2000 2001 2002Para Prado KDJ90, KDJ90W, KDJ95, KDJ95W, KZJ90, KZJ90W, KZJ95, KZJ95W, LJ90, LJ95, RZJ90, RZJ90W, RZJ95, RZJ95W, VZJ90, VZJ90W, VZJ95, VZJ95WN\u00famero da pe\u00e7a: 81270-60280, 8127060280<\/p>\n","protected":false},"featured_media":5135,"template":"","meta":{"neve_meta_sidebar":"","neve_meta_container":"","neve_meta_enable_content_width":"","neve_meta_content_width":0,"neve_meta_title_alignment":"","neve_meta_author_avatar":"","neve_post_elements_order":"","neve_meta_disable_header":"","neve_meta_disable_footer":"","neve_meta_disable_title":""},"product_brand":[],"product_cat":[124,17,24],"product_tag":[],"class_list":{"0":"post-5141","1":"product","2":"type-product","3":"status-publish","4":"has-post-thumbnail","6":"product_cat-macanetas-de-portas-exteriores","7":"product_cat-pecas-e-acessorios-automotivos","8":"product_cat-pecas-externas","10":"first","11":"instock","12":"shipping-taxable","13":"purchasable","14":"product-type-variable","15":"has-default-attributes"},"jetpack_sharing_enabled":true,"_links":{"self":[{"href":"https:\/\/listman.shop\/autoparts-br\/wp-json\/wp\/v2\/product\/5141","targetHints":{"allow":["GET"]}}],"collection":[{"href":"https:\/\/listman.shop\/autoparts-br\/wp-json\/wp\/v2\/product"}],"about":[{"href":"https:\/\/listman.shop\/autoparts-br\/wp-json\/wp\/v2\/types\/product"}],"wp:featuredmedia":[{"embeddable":true,"href":"https:\/\/listman.shop\/autoparts-br\/wp-json\/wp\/v2\/media\/5135"}],"wp:attachment":[{"href":"https:\/\/listman.shop\/autoparts-br\/wp-json\/wp\/v2\/media?parent=5141"}],"wp:term":[{"taxonomy":"product_brand","embeddable":true,"href":"https:\/\/listman.shop\/autoparts-br\/wp-json\/wp\/v2\/product_brand?post=5141"},{"taxonomy":"product_cat","embeddable":true,"href":"https:\/\/listman.shop\/autoparts-br\/wp-json\/wp\/v2\/product_cat?post=5141"},{"taxonomy":"product_tag","embeddable":true,"href":"https:\/\/listman.shop\/autoparts-br\/wp-json\/wp\/v2\/product_tag?post=5141"}],"curies":[{"name":"wp","href":"https:\/\/api.w.org\/{rel}","templated":true}]}}