{"id":5253,"date":"2024-10-15T22:58:43","date_gmt":"2024-10-15T13:58:43","guid":{"rendered":"https:\/\/listman.shop\/autoparts-br\/product\/1005006172208738\/"},"modified":"2026-04-14T13:09:06","modified_gmt":"2026-04-14T04:09:06","slug":"1005006172208738","status":"publish","type":"product","link":"https:\/\/listman.shop\/autoparts-br\/product\/1005006172208738\/","title":{"rendered":"ANCEL S100 Detector de vazamento de fuma\u00e7a para carros Ferramenta de diagn\u00f3stico de vazamento de v\u00e1cuo EVAP DC12V Localizador de vazamento de tubo de combust\u00edvel Detector de fuma\u00e7a de vazamento autom\u00e1tico"},"content":{"rendered":"<div class=\"detailmodule_html\">\n<div class=\"detail-desc-decorate-richtext\">\n<p><\/p>\n<div class=\"detailmodule_dynamic\">\n<div class=\"detailmodule_media\">\n<div class=\"video-container-1100089332315\">\n<div class=\"detail-video\" id=\"1100089332315\" data-previewurl=\"https:\/\/ae01.alicdn.com\/kf\/Sfb88dcc463a64a83a1191fdc07f3f10bM.jpg\"><\/div>\n<\/div>\n<\/div>\n<\/div>\n<div class=\"detailmodule_html\">\n<div class=\"detail-desc-decorate-richtext\">\n<div><\/div>\n<div><\/div>\n<div class=\"detailmodule_html\">\n<div class=\"detail-desc-decorate-richtext\">\n<div class=\"detailmodule_html\">\n<div class=\"detail-desc-decorate-richtext\">\n<div>\n<div>\n<div>\n<div>\n<div>\n<p style=\"font-family:opensans;font-size:20px;font-weight:900;line-height:28px;white-space:pre-wrap;margin-bottom:12px\" class=\"detail-desc-decorate-title\">Ancel s100 detector de vazamento de fuma\u00e7a de carro automotivo evap ferramenta de diagn\u00f3stico de vazamento de v\u00e1cuo detector de vazamento de g\u00e1s gerador de fuma\u00e7a<\/p>\n<\/div>\n<div>\n<p style=\"font-size:16px;font-weight:normal\">O detector de vazamento de fuma\u00e7a de carro Ancel S100 \u00e9 uma ferramenta profissional de detec\u00e7\u00e3o de vazamento de tubula\u00e7\u00e3o autom\u00e1tica.Isso nos ajudar\u00e1 a posicionar vazamentos de motocicletas de carros no sistema de tubula\u00e7\u00e3o de forma r\u00e1pida e exata, como:<\/p>\n<\/div>\n<div>\n<p style=\"font-weight:bold\">Sistema EVAP<br \/>Teste de vazamentos de v\u00e1cuo;<br \/>Teste do sistema de admiss\u00e3o,<br \/>Teste de sistemas de exaust\u00e3o,<br \/>Teste do sistema do tanque de combust\u00edvel,<br \/>Teste Turbo,<br \/>Sistema de refrigera\u00e7\u00e3o,<br \/>Sistema EGR,<br \/>Sistema de c\u00e1rter<\/p>\n<\/div>\n<div><img data-recalc-dims=\"1\" decoding=\"async\" style=\"margin-bottom:10px\" src=\"https:\/\/i0.wp.com\/ae01.alicdn.com\/kf\/S8d3d1460eb3d4c23a04d4611dde760ea6.jpg?w=1200&#038;ssl=1\"><\/div>\n<div>\n<p style=\"font-family:opensans;font-size:20px;font-weight:900;line-height:28px;white-space:pre-wrap;margin-bottom:12px\" class=\"detail-desc-decorate-title\">O que o S100 pode fazer?<\/p>\n<div><img data-recalc-dims=\"1\" decoding=\"async\" src=\"https:\/\/i0.wp.com\/ae01.alicdn.com\/kf\/S4d3dfcf82a26447d8d029cc8278ee36ad.jpg?w=1200&#038;ssl=1\"><\/div>\n<\/div>\n<div>\n<p style=\"font-family:opensans;font-size:20px;font-weight:900;line-height:28px;white-space:pre-wrap;margin-bottom:12px\" class=\"detail-desc-decorate-title\">Por que escolher ANCEL S100?<\/p>\n<\/div>\n<div>\n<p style=\"font-family:opensans;font-size:20px;font-weight:900;line-height:28px;white-space:pre-wrap;margin-bottom:12px\" class=\"detail-desc-decorate-title\">1. Ampla gama de aplica\u00e7\u00f5es<\/p>\n<p style=\"font-family:opensans;font-size:14px;font-weight:300;line-height:20px;white-space:pre-wrap;margin-bottom:12px\" class=\"detail-desc-decorate-content\">Para detectar vazamentos de sistemas de tubula\u00e7\u00e3o em carros, motocicletas, motos de neve, ve\u00edculos off-road, ATVs, caminh\u00f5es leves e lanchas r\u00e1pidas.Funciona em todas as marcas e modelos de autom\u00f3veis.<\/p>\n<\/div>\n<div>\n<p style=\"font-family:opensans;font-size:20px;font-weight:900;line-height:28px;white-space:pre-wrap;margin-bottom:12px\" class=\"detail-desc-decorate-title\">2. ENCUENTRE TODOS OS TIPOS DE VAZAMENTOS:<\/p>\n<p style=\"font-family:opensans;font-size:14px;font-weight:300;line-height:20px;white-space:pre-wrap;margin-bottom:12px\" class=\"detail-desc-decorate-content\">O detector de vazamento de fuma\u00e7a S100 pode realizar o seguinte trabalho &#8211; teste de sistemas EVAP, vazamentos de v\u00e1cuo, turbo de baixa press\u00e3o, coletores de admiss\u00e3o, sistemas de exaust\u00e3o de resfriamento, veda\u00e7\u00f5es de portas e janelas, teste de sistema EGR, v\u00e1rios testes de acess\u00f3rios de tubula\u00e7\u00e3o, vazamentos de \u00f3leo e muito mais!<\/p>\n<\/div>\n<div>\n<p style=\"font-family:opensans;font-size:20px;font-weight:900;line-height:28px;white-space:pre-wrap;margin-bottom:12px\" class=\"detail-desc-decorate-title\">3. FUMO PODEROSO:<\/p>\n<p style=\"font-family:opensans;font-size:14px;font-weight:300;line-height:20px;white-space:pre-wrap;margin-bottom:12px\" class=\"detail-desc-decorate-content\">Equipado com o mais recente gerador de fuma\u00e7a da ANCEL e unidade de alta press\u00e3o de 1\/2 PSI, que garante a produ\u00e7\u00e3o cont\u00ednua de uma grande quantidade de fuma\u00e7a.A densa sa\u00edda de fuma\u00e7a detecta at\u00e9 os menores vazamentos e ajuda a diagnosticar falhas com rapidez e precis\u00e3o.Melhora significativamente a efici\u00eancia do diagn\u00f3stico.<\/p>\n<\/div>\n<div>\n<p style=\"font-family:opensans;font-size:20px;font-weight:900;line-height:28px;white-space:pre-wrap;margin-bottom:12px\" class=\"detail-desc-decorate-title\">4. DESEMPENHO DE ALTA QUALIDADE:<\/p>\n<p style=\"font-family:opensans;font-size:14px;font-weight:300;line-height:20px;white-space:pre-wrap;margin-bottom:12px\" class=\"detail-desc-decorate-content\">Altas temperaturas s\u00e3o geradas durante o funcionamento da m\u00e1quina de fumo, o que far\u00e1 com que as pe\u00e7as internas se desintegrem permanentemente em altas temperaturas e a m\u00e1quina pare de funcionar.Portanto, a m\u00e1quina de fuma\u00e7a S100 utiliza uma estrutura met\u00e1lica s\u00f3lida e espessa para proteger as pe\u00e7as internas do calor, o que prolonga muito a vida \u00fatil.<\/p>\n<\/div>\n<div>\n<p style=\"font-family:opensans;font-size:20px;font-weight:900;line-height:28px;white-space:pre-wrap;margin-bottom:12px\" class=\"detail-desc-decorate-title\">5. TAMANHO PEQUENO:<\/p>\n<p style=\"font-family:opensans;font-size:14px;font-weight:300;line-height:20px;white-space:pre-wrap;margin-bottom:12px\" class=\"detail-desc-decorate-content\">A maioria das m\u00e1quinas para fumar s\u00e3o relativamente grandes, o que \u00e9 um obst\u00e1culo no transporte e armazenamento.Esta m\u00e1quina pesa apenas 3 libras, \u00e9 pequena e leve, o que a torna n\u00e3o apenas f\u00e1cil de armazenar, mas tamb\u00e9m f\u00e1cil de transportar.\u00c9 uma ferramenta indispens\u00e1vel para qualquer propriet\u00e1rio de carro.<\/p>\n<\/div>\n<div>\n<p style=\"font-family:opensans;font-size:20px;font-weight:900;line-height:28px;white-space:pre-wrap;margin-bottom:12px\" class=\"detail-desc-decorate-title\">6. SEGURO DE USAR:<\/p>\n<p style=\"font-family:opensans;font-size:14px;font-weight:300;line-height:20px;white-space:pre-wrap;margin-bottom:12px\" class=\"detail-desc-decorate-content\">Ao mudar constantemente os materiais e melhorar a tecnologia de aquecimento, a fuma\u00e7a produzida pela m\u00e1quina de fuma\u00e7a S100 \u00e9 ecologicamente correta e inofensiva.Quando a temperatura operacional da m\u00e1quina excede 75\u00b0C, ele ser\u00e1 desligado automaticamente.Isso garante efetivamente a seguran\u00e7a de cada propriet\u00e1rio de carro.<\/p>\n<\/div>\n<div><img data-recalc-dims=\"1\" decoding=\"async\" src=\"https:\/\/i0.wp.com\/ae01.alicdn.com\/kf\/S009e92afb6ef44afa22bd323ecb4aa38g.jpg?w=1200&#038;ssl=1\"><img data-recalc-dims=\"1\" decoding=\"async\" src=\"https:\/\/i0.wp.com\/ae01.alicdn.com\/kf\/S1937f079f8f8458797dd7c97e747b19c1.jpg?w=1200&#038;ssl=1\"><img data-recalc-dims=\"1\" decoding=\"async\" src=\"https:\/\/i0.wp.com\/ae01.alicdn.com\/kf\/S90bfcb1836004b728c98ddaca6a61ccem.jpg?w=1200&#038;ssl=1\"><\/div>\n<div>\n<p style=\"font-family:opensans;font-size:20px;font-weight:900;line-height:28px;white-space:pre-wrap;margin-bottom:12px\" class=\"detail-desc-decorate-title\">Como fazer o teste de vazamento?<\/p>\n<p style=\"font-family:opensans;font-size:14px;font-weight:300;line-height:20px;white-space:pre-wrap;margin-bottom:12px\" class=\"detail-desc-decorate-content\">1.Prenda o gancho ao dispositivo.<br \/>2.Conecte o adaptador de ar da oficina \u00e0 unidade.<br \/>3.Conecte o cabo de alimenta\u00e7\u00e3o na tomada el\u00e9trica.<br \/>4.Aparafuse a mangueira de fuma\u00e7a na unidade.<br \/>5.Encha \u00f3leo de fuma\u00e7a (\u00e0 base de \u00f3leo mineral) na unidade atrav\u00e9s da abertura de recarga na parte superior.<br \/>(Nota: O n\u00edvel de \u00f3leo n\u00e3o deve ser superior ao indicador de n\u00edvel.)<\/p>\n<p>6.Conecte o suprimento de ar de f\u00e1brica.<br \/>7.Conecte a fonte de alimenta\u00e7\u00e3o de 12V do ve\u00edculo.<br \/>8.Introduza o ar da oficina na unidade.9.<br \/>9.Gire o bot\u00e3o de controle de fluxo no sentido anti-hor\u00e1rio para abrir o fluxo de ar.<br \/>10.Ligue a energia na parte traseira da unidade e a unidade come\u00e7ar\u00e1 a gerar fuma\u00e7a.<br \/>11.Introduzir a fuma\u00e7a no sistema<\/p>\n<\/div>\n<div><img data-recalc-dims=\"1\" decoding=\"async\" src=\"https:\/\/i0.wp.com\/ae01.alicdn.com\/kf\/S6af2dfe4b03f4997a968b1c86fc514a68.jpg?w=1200&#038;ssl=1\"><\/div>\n<div>\n<p style=\"font-family:opensans;font-size:20px;font-weight:900;line-height:28px;white-space:pre-wrap;margin-bottom:12px\" class=\"detail-desc-decorate-title\">POR QUE VOC\u00ca PRECISA DE M\u00c1QUINA DE SMOKE S100?<\/p>\n<p style=\"font-family:opensans;font-size:14px;font-weight:300;line-height:20px;white-space:pre-wrap;margin-bottom:12px\" class=\"detail-desc-decorate-content\">O ar n\u00e3o medido que entra em um motor causar\u00e1 todo tipo de condi\u00e7\u00f5es de inclina\u00e7\u00e3o.Voc\u00ea n\u00e3o consegue ver os vazamentos sem a ajuda de fuma\u00e7a.Uma linha de v\u00e1cuo pode simplesmente ficar porosa com o tempo, mas parece bem. Os an\u00e9is de veda\u00e7\u00e3o podem ficar endurecidos e n\u00e3o mais vedados.As pe\u00e7as pl\u00e1sticas podem ser separadas ou rachadas.<\/p>\n<p>Os vazamentos de escapamento podem ser prejudiciais \u00e0 sa\u00fade e podem causar refogue em carros carburados.Voc\u00ea pode usar a m\u00e1quina de fuma\u00e7a S100 para ajudar a encontrar vazamentos de escapamento, sem ligar o motor e se gastar.<\/p>\n<p>Voc\u00ea pode testar sistemas EVAP de fuma\u00e7a, vazamentos de v\u00e1cuo, vazamentos turbo de baixa press\u00e3o, coletores de admiss\u00e3o, sistemas de resfriamento \/ EGR \/ escapamento, borracha desgastada, juntas, veda\u00e7\u00f5es, conectores e muito mais.<\/p>\n<p>Em carros modernos, muitos c\u00f3digos de verifica\u00e7\u00e3o do motor s\u00e3o real\u00e7ados por um vazamento de ar\/v\u00e1cuo.Compostar rapidamente o problema economizar\u00e1 tempo e dinheiro em uma loja e ajudar\u00e1 um mec\u00e2nico dom\u00e9stico a encontrar o problema em vez de apenas trocar pe\u00e7as.<\/p>\n<\/div>\n<div><img data-recalc-dims=\"1\" decoding=\"async\" src=\"https:\/\/i0.wp.com\/ae01.alicdn.com\/kf\/Seeff890b0dfa4eaca056985a67c784c2Z.jpg?w=1200&#038;ssl=1\"><\/div>\n<div>\n<p style=\"font-family:opensans;font-size:20px;font-weight:900;line-height:28px;white-space:pre-wrap;margin-bottom:12px\" class=\"detail-desc-decorate-title\">Detector de vazamento de fuma\u00e7a ANCEL S100<\/p>\n<p>Peso do pacote: 1,4 kg<\/p>\n<p>Dimens\u00f5es da unidade principal: 9,3 cm x 16 cm x 7 cm<\/p>\n<p>Dimens\u00f5es do pacote: 15,8 cm x 23,5 cm x 11,5 cm<\/p>\n<p>Press\u00e3o de sa\u00edda: 0,5 PSI<\/p>\n<p>Volume de sa\u00edda:&lt;8LPM<\/p>\n<p>Fonte de alimenta\u00e7\u00e3o: DC12V<\/p>\n<p>Corrente: 5AMP<\/p>\n<\/div>\n<div><img data-recalc-dims=\"1\" decoding=\"async\" src=\"https:\/\/i0.wp.com\/ae01.alicdn.com\/kf\/S626e016cb04b49a69afaf34649a0c054u.jpg?w=1200&#038;ssl=1\"><\/div>\n<div>\n<p style=\"font-family:opensans;font-size:20px;font-weight:900;line-height:28px;white-space:pre-wrap;margin-bottom:12px\" class=\"detail-desc-decorate-title\">Pacote do produto:<\/p>\n<\/div>\n<div>\n<p style=\"font-family:opensans;font-size:14px;font-weight:300;line-height:20px;white-space:pre-wrap;margin-bottom:12px\" class=\"detail-desc-decorate-content\">1 unidade * unidade principal do detector de vazamento de fuma\u00e7a do carro ANCEL S100<br \/>1 unidade * cabo de alimenta\u00e7\u00e3o<br \/>1 unidade * conectar<br \/>2 unidades * Kit EVAP<br \/>1 unidade * mangueira de fornecimento de fuma\u00e7a<br \/>1 unidade * adere\u00e7o de ar<\/p>\n<\/div>\n<div><img data-recalc-dims=\"1\" decoding=\"async\" src=\"https:\/\/i0.wp.com\/ae01.alicdn.com\/kf\/S5eff4f7b92864da88b4931a2c349bfd7y.jpg?w=1200&#038;ssl=1\"><\/div>\n<p><\/p>\n<\/div>\n<\/div>\n<p><\/p>\n<\/div>\n<\/div>\n<div><\/div>\n<p><\/p>\n<p><\/p>\n<div><\/div>\n<\/div>\n<\/div>\n<p><\/p>\n<div><\/div>\n<\/div>\n<\/div>\n<p><\/p>\n<p><\/p>\n<p><\/p>\n<div><\/div>\n<\/div>\n<\/div>\n<p><\/p>\n<p><\/p>\n<p><\/p>\n<p><\/div>\n<\/div>\n","protected":false},"excerpt":{"rendered":"<p>Ancel s100 detector de vazamento de fuma\u00e7a de carro automotivo evap ferramenta de diagn\u00f3stico de vazamento de v\u00e1cuo detector de vazamento de g\u00e1s gerador de fuma\u00e7a O detector de vazamento de fuma\u00e7a de carro Ancel S100 \u00e9 uma ferramenta profissional de detec\u00e7\u00e3o de vazamento de tubula\u00e7\u00e3o autom\u00e1tica.Isso nos ajudar\u00e1 a posicionar vazamentos de motocicletas de&hellip;&nbsp;<\/p>\n","protected":false},"featured_media":5247,"template":"","meta":{"neve_meta_sidebar":"","neve_meta_container":"","neve_meta_enable_content_width":"","neve_meta_content_width":0,"neve_meta_title_alignment":"","neve_meta_author_avatar":"","neve_post_elements_order":"","neve_meta_disable_header":"","neve_meta_disable_footer":"","neve_meta_disable_title":""},"product_brand":[],"product_cat":[206,197,17],"product_tag":[],"class_list":{"0":"post-5253","1":"product","2":"type-product","3":"status-publish","4":"has-post-thumbnail","6":"product_cat-ferramentas-de-inspecao-ferramentas-de-manutencao-de-automoveis","7":"product_cat-ferramentas-de-manutencao-de-automoveis","8":"product_cat-pecas-e-acessorios-automotivos","10":"first","11":"instock","12":"shipping-taxable","13":"purchasable","14":"product-type-variable"},"jetpack_sharing_enabled":true,"_links":{"self":[{"href":"https:\/\/listman.shop\/autoparts-br\/wp-json\/wp\/v2\/product\/5253","targetHints":{"allow":["GET"]}}],"collection":[{"href":"https:\/\/listman.shop\/autoparts-br\/wp-json\/wp\/v2\/product"}],"about":[{"href":"https:\/\/listman.shop\/autoparts-br\/wp-json\/wp\/v2\/types\/product"}],"wp:featuredmedia":[{"embeddable":true,"href":"https:\/\/listman.shop\/autoparts-br\/wp-json\/wp\/v2\/media\/5247"}],"wp:attachment":[{"href":"https:\/\/listman.shop\/autoparts-br\/wp-json\/wp\/v2\/media?parent=5253"}],"wp:term":[{"taxonomy":"product_brand","embeddable":true,"href":"https:\/\/listman.shop\/autoparts-br\/wp-json\/wp\/v2\/product_brand?post=5253"},{"taxonomy":"product_cat","embeddable":true,"href":"https:\/\/listman.shop\/autoparts-br\/wp-json\/wp\/v2\/product_cat?post=5253"},{"taxonomy":"product_tag","embeddable":true,"href":"https:\/\/listman.shop\/autoparts-br\/wp-json\/wp\/v2\/product_tag?post=5253"}],"curies":[{"name":"wp","href":"https:\/\/api.w.org\/{rel}","templated":true}]}}