{"id":5278,"date":"2024-10-15T22:59:18","date_gmt":"2024-10-15T13:59:18","guid":{"rendered":"https:\/\/listman.shop\/autoparts-br\/product\/1005006228369861\/"},"modified":"2026-04-28T08:02:30","modified_gmt":"2026-04-27T23:02:30","slug":"1005006228369861","status":"publish","type":"product","link":"https:\/\/listman.shop\/autoparts-br\/product\/1005006228369861\/","title":{"rendered":"Keyyou 5 pe\u00e7as chave remota 3btn para renault duster modus clio 3 twingo dacia logan sandero kangoo 433mhz pcf7946 pcf7947 4a chip"},"content":{"rendered":"<div class=\"detailmodule_html\">\n<div class=\"detail-desc-decorate-richtext\">\n<div class=\"detailmodule_html\">\n<div class=\"detail-desc-decorate-richtext\">\n<p style=\"margin:0px;margin-bottom:0px;margin-top:0px;margin-left:0px;margin-right:0px;display:block;width:100%\"><img data-recalc-dims=\"1\" decoding=\"async\" src=\"https:\/\/i0.wp.com\/ae03.alicdn.com\/kf\/S733a57ff598b4b62853b1daea14d901cd.jpg?w=1200&#038;ssl=1\"><\/p>\n<p><span style=\"font-size:16px\"><span style=\"font-family:Arial, Helvetica, sans-serif\">Condi\u00e7\u00e3o: 100% novo<\/span><\/span><\/p>\n<p style=\"font-family:Verdana, Arial, Helvetica, sans-serif;font-size:10px;font-weight:400;letter-spacing:normal;text-align:start;white-space:normal;margin:2px;margin-bottom:2px;margin-top:2px;margin-left:2px;margin-right:2px\" align=\"start\"><span style=\"font-size:16px\"><span style=\"font-family:Arial, Helvetica, sans-serif\">Cor: como mostra a imagem<\/span><\/span><\/p>\n<p style=\"font-family:Verdana, Arial, Helvetica, sans-serif;font-size:10px;font-weight:400;letter-spacing:normal;text-align:start;white-space:normal;margin:2px;margin-bottom:2px;margin-top:2px;margin-left:2px;margin-right:2px\" align=\"start\"><span style=\"font-size:16px\"><span style=\"font-family:Arial, Helvetica, sans-serif\">Bot\u00f5es: 3 bot\u00f5es<\/span><\/span><\/p>\n<p style=\"font-family:Verdana, Arial, Helvetica, sans-serif;font-size:10px;font-weight:400;letter-spacing:normal;text-align:start;white-space:normal;margin:2px;margin-bottom:2px;margin-top:2px;margin-left:2px;margin-right:2px\" align=\"start\"><span style=\"font-size:16px\"><span style=\"font-family:Arial, Helvetica, sans-serif\">Chave em branco: N\u00e3o<\/span><\/span><\/p>\n<p style=\"font-family:Verdana, Arial, Helvetica, sans-serif;font-size:10px;font-weight:400;letter-spacing:normal;text-align:start;white-space:normal;margin:2px;margin-bottom:2px;margin-top:2px;margin-left:2px;margin-right:2px\" align=\"start\"><span style=\"font-size:16px\"><span style=\"font-family:Arial, Helvetica, sans-serif\">Chip transponder: Chip PCF7946 \/ PCF7947 \/ 4A-PCF7952E<br \/>L\u00e2mina da chave: VVAC102 \/ NE73 \/ HU136TE \/ NO.153 \/ VA2 L\u00e2mina \/ Sem l\u00e2mina<\/span><\/span><\/p>\n<p style=\"font-family:Verdana, Arial, Helvetica, sans-serif;font-size:10px;font-weight:400;letter-spacing:normal;text-align:start;white-space:normal;margin:2px;margin-bottom:2px;margin-top:2px;margin-left:2px;margin-right:2px\" align=\"start\"><span style=\"font-size:16px\"><span style=\"font-family:Arial, Helvetica, sans-serif\">Placa eletr\u00f4nica: SIM<\/span><\/span><\/p>\n<p style=\"font-family:Verdana, Arial, Helvetica, sans-serif;font-size:10px;font-weight:400;letter-spacing:normal;text-align:start;white-space:normal;margin:2px;margin-bottom:2px;margin-top:2px;margin-left:2px;margin-right:2px\" align=\"start\"><span style=\"font-size:16px\"><span style=\"font-family:Arial, Helvetica, sans-serif\">Bateria: Sim<\/span><\/span><\/p>\n<div><\/div>\n<p style=\"font-family:Verdana, Arial, Helvetica, sans-serif;font-size:10px;font-weight:400;letter-spacing:normal;text-align:start;white-space:normal;margin:2px;margin-bottom:2px;margin-top:2px;margin-left:2px;margin-right:2px\" align=\"start\"><span style=\"font-size:16px\"><span style=\"font-family:Arial, Helvetica, sans-serif\"><br \/>Caracter\u00edsticas:<\/span><\/span><\/p>\n<p style=\"font-family:Verdana, Arial, Helvetica, sans-serif;font-size:10px;font-weight:400;letter-spacing:normal;text-align:start;white-space:normal;margin:2px;margin-bottom:2px;margin-top:2px;margin-left:2px;margin-right:2px\" align=\"start\"><span style=\"font-size:16px\"><span style=\"font-family:Arial, Helvetica, sans-serif\">1. O item de venda \u00e9 uma chave remota DIY.<\/span><\/span><\/p>\n<p style=\"font-family:Verdana, Arial, Helvetica, sans-serif;font-size:10px;font-weight:400;letter-spacing:normal;text-align:start;white-space:normal;margin:2px;margin-bottom:2px;margin-top:2px;margin-left:2px;margin-right:2px\" align=\"start\"><span style=\"font-size:16px\"><span style=\"font-family:Arial, Helvetica, sans-serif\">2.A chave remota inclui caixa de chave, placa de circuito, bateria e chip.<\/span><\/span><\/p>\n<p style=\"font-family:Verdana, Arial, Helvetica, sans-serif;font-size:10px;font-weight:400;letter-spacing:normal;text-align:start;white-space:normal;margin:2px;margin-bottom:2px;margin-top:2px;margin-left:2px;margin-right:2px\" align=\"start\"><span style=\"font-size:16px\"><span style=\"font-family:Arial, Helvetica, sans-serif\">3.Voc\u00ea precisar\u00e1 programar a chave e cortar a l\u00e2mina no serralheiro automotivo local antes de usar.<\/span><\/span><\/p>\n<div><\/div>\n<p style=\"font-family:Verdana, Arial, Helvetica, sans-serif;font-size:10px;font-weight:400;letter-spacing:normal;text-align:start;white-space:normal;margin:2px;margin-bottom:2px;margin-top:2px;margin-left:2px;margin-right:2px\" align=\"start\"><span style=\"font-size:16px\"><span style=\"font-family:Arial, Helvetica, sans-serif\"><br \/>Montagem:<\/span><\/span><\/p>\n<p style=\"font-family:Verdana, Arial, Helvetica, sans-serif;font-size:10px;font-weight:400;letter-spacing:normal;text-align:start;white-space:normal;margin:2px;margin-bottom:2px;margin-top:2px;margin-left:2px;margin-right:2px\" align=\"start\"><span style=\"font-size:16px\"><span style=\"font-family:Arial, Helvetica, sans-serif\">Para s\u00edmbolo Renault 2012, 2013, 2014, 2015, 2016<\/span><\/span><\/p>\n<p style=\"font-family:Verdana, Arial, Helvetica, sans-serif;font-size:10px;font-weight:400;letter-spacing:normal;text-align:start;white-space:normal;margin:2px;margin-bottom:2px;margin-top:2px;margin-left:2px;margin-right:2px\" align=\"start\"><span style=\"font-size:16px\"><span style=\"font-family:Arial, Helvetica, sans-serif\">Para Renault Trafic 2014-<\/span><\/span><\/p>\n<p style=\"font-family:Verdana, Arial, Helvetica, sans-serif;font-size:10px;font-weight:400;letter-spacing:normal;text-align:start;white-space:normal;margin:2px;margin-bottom:2px;margin-top:2px;margin-left:2px;margin-right:2px\" align=\"start\"><span style=\"font-size:16px\"><span style=\"font-family:Arial, Helvetica, sans-serif\">Para Renault Twingo 2014-<\/span><\/span><\/p>\n<p style=\"font-family:Verdana, Arial, Helvetica, sans-serif;font-size:10px;font-weight:400;letter-spacing:normal;text-align:start;white-space:normal;margin:2px;margin-bottom:2px;margin-top:2px;margin-left:2px;margin-right:2px\" align=\"start\"><span style=\"font-size:16px\"><span style=\"font-family:Arial, Helvetica, sans-serif\">Para Dacia Duster 2013, 2014, 2015, 2016<\/span><\/span><\/p>\n<p style=\"font-family:Verdana, Arial, Helvetica, sans-serif;font-size:10px;font-weight:400;letter-spacing:normal;text-align:start;white-space:normal;margin:2px;margin-bottom:2px;margin-top:2px;margin-left:2px;margin-right:2px\" align=\"start\"><span style=\"font-size:16px\"><span style=\"font-family:Arial, Helvetica, sans-serif\">Para Dacia Logan 2013, 2014, 2015, 2016<\/span><\/span><\/p>\n<p style=\"font-family:Verdana, Arial, Helvetica, sans-serif;font-size:10px;font-weight:400;letter-spacing:normal;text-align:start;white-space:normal;margin:2px;margin-bottom:2px;margin-top:2px;margin-left:2px;margin-right:2px\" align=\"start\"><span style=\"font-size:16px\"><span style=\"font-family:Arial, Helvetica, sans-serif\">Para Dacia Sandero 2013, 2014, 2015, 2016<\/span><\/span><\/p>\n<p style=\"font-family:Verdana, Arial, Helvetica, sans-serif;font-size:10px;font-weight:400;letter-spacing:normal;text-align:start;white-space:normal;margin:2px;margin-bottom:2px;margin-top:2px;margin-left:2px;margin-right:2px\" align=\"start\"><span style=\"font-size:16px\"><span style=\"font-family:Arial, Helvetica, sans-serif\">E outro modelo com as mesmas especifica\u00e7\u00f5es de chave em branco e suporte de bateria listados na se\u00e7\u00e3o abaixo&#8230;<\/span><\/span><\/p>\n<div><\/div>\n<p style=\"font-family:Verdana, Arial, Helvetica, sans-serif;font-size:10px;font-weight:400;letter-spacing:normal;text-align:start;white-space:normal;margin:2px;margin-bottom:2px;margin-top:2px;margin-left:2px;margin-right:2px\" align=\"start\"><span style=\"font-size:16px\"><span style=\"font-family:Arial, Helvetica, sans-serif\"><br \/>Nota importante:<\/span><\/span><\/p>\n<p style=\"font-family:Verdana, Arial, Helvetica, sans-serif;font-size:10px;font-weight:400;letter-spacing:normal;text-align:start;white-space:normal;margin:2px;margin-bottom:2px;margin-top:2px;margin-left:2px;margin-right:2px\" align=\"start\"><span style=\"font-size:16px\"><span style=\"font-family:Arial, Helvetica, sans-serif\">Verifique e certifique-se de que seu controle remoto esteja usando o mesmo transmissor e chip dos nossos itens antes de comprar.<\/span><\/span><\/p>\n<p style=\"font-family:Verdana, Arial, Helvetica, sans-serif;font-size:10px;font-weight:400;letter-spacing:normal;text-align:start;white-space:normal;margin:2px;margin-bottom:2px;margin-top:2px;margin-left:2px;margin-right:2px\" align=\"start\"><span style=\"font-size:16px\"><span style=\"font-family:Arial, Helvetica, sans-serif\">Imagem:A imagem \u00e9 um produto real.Por favor, compare nosso item com a chave do seu carro, certifique-se de que sua chave seja igual ao nosso produto antes de comprar.<\/span><\/span><\/p>\n<div><\/div>\n<p style=\"font-family:Verdana, Arial, Helvetica, sans-serif;font-size:10px;font-weight:400;letter-spacing:normal;text-align:start;white-space:normal;margin:2px;margin-bottom:2px;margin-top:2px;margin-left:2px;margin-right:2px\" align=\"start\"><span style=\"font-size:16px\"><span style=\"font-family:Arial, Helvetica, sans-serif\"><br \/>O pacote inclui:<\/span><\/span><\/p>\n<p style=\"font-family:Verdana, Arial, Helvetica, sans-serif;font-size:10px;font-weight:400;letter-spacing:normal;text-align:start;white-space:normal;margin:2px;margin-bottom:2px;margin-top:2px;margin-left:2px;margin-right:2px\" align=\"start\"><span style=\"font-size:16px\"><span style=\"font-family:Arial, Helvetica, sans-serif\">5 x estojo de chave<\/span><\/span><\/p>\n<p style=\"font-family:Verdana, Arial, Helvetica, sans-serif;font-size:10px;font-weight:400;letter-spacing:normal;text-align:start;white-space:normal;margin:2px;margin-bottom:2px;margin-top:2px;margin-left:2px;margin-right:2px\" align=\"start\"><span style=\"font-size:16px\"><span style=\"font-family:Arial, Helvetica, sans-serif\">5 x chip chave<\/span><\/span><\/p>\n<p style=\"font-family:Verdana, Arial, Helvetica, sans-serif;font-size:10px;font-weight:400;letter-spacing:normal;text-align:start;white-space:normal;margin:2px;margin-bottom:2px;margin-top:2px;margin-left:2px;margin-right:2px\" align=\"start\"><span style=\"font-size:16px\"><span style=\"font-family:Arial, Helvetica, sans-serif\">5 x placa de circuito<\/span><\/span><\/p>\n<p style=\"font-family:Verdana, Arial, Helvetica, sans-serif;font-size:10px;font-weight:400;letter-spacing:normal;text-align:start;white-space:normal;margin:2px;margin-bottom:2px;margin-top:2px;margin-left:2px;margin-right:2px\" align=\"start\"><span style=\"font-size:16px\"><span style=\"font-family:Arial, Helvetica, sans-serif\">5 x bateria<\/span><\/span><\/p>\n<p style=\"margin:0px;margin-bottom:0px;margin-top:0px;margin-left:0px;margin-right:0px;display:block;width:100%\"><img data-recalc-dims=\"1\" decoding=\"async\" src=\"https:\/\/i0.wp.com\/ae03.alicdn.com\/kf\/S8d384f2805bd4f3b9ab90612c9ec3e61v.jpg?w=1200&#038;ssl=1\"><img data-recalc-dims=\"1\" decoding=\"async\" src=\"https:\/\/i0.wp.com\/ae03.alicdn.com\/kf\/Se0d7f26daa6d4d3fbaade2f61e0f7486h.jpg?w=1200&#038;ssl=1\"><br \/><img data-recalc-dims=\"1\" decoding=\"async\" src=\"https:\/\/i0.wp.com\/ae03.alicdn.com\/kf\/Se51517d30c9f4ef781492a7f040f1c7dB.jpg?w=1200&#038;ssl=1\"><img data-recalc-dims=\"1\" decoding=\"async\" src=\"https:\/\/i0.wp.com\/ae03.alicdn.com\/kf\/S27181117ccf74e9ea6a343bb95117e1by.jpg?w=1200&#038;ssl=1\"><img data-recalc-dims=\"1\" decoding=\"async\" src=\"https:\/\/i0.wp.com\/ae03.alicdn.com\/kf\/S1bc76aeecd0d4ad8b1169da5413d7431B.jpg?w=1200&#038;ssl=1\"><img data-recalc-dims=\"1\" decoding=\"async\" src=\"https:\/\/i0.wp.com\/ae03.alicdn.com\/kf\/Sf1e2d0eabf7843618679ea436f2e4d1dk.jpg?w=1200&#038;ssl=1\"><img data-recalc-dims=\"1\" decoding=\"async\" src=\"https:\/\/i0.wp.com\/ae03.alicdn.com\/kf\/S0df81291aa2f49e7b630b97a987e46fer.jpg?w=1200&#038;ssl=1\"><\/p>\n<\/div>\n<\/div>\n<p><\/p>\n<\/div>\n<\/div>\n","protected":false},"excerpt":{"rendered":"<p>Condi\u00e7\u00e3o: 100% novo Cor: como mostra a imagem Bot\u00f5es: 3 bot\u00f5es Chave em branco: N\u00e3o Chip transponder: Chip PCF7946 \/ PCF7947 \/ 4A-PCF7952EL\u00e2mina da chave: VVAC102 \/ NE73 \/ HU136TE \/ NO.153 \/ VA2 L\u00e2mina \/ Sem l\u00e2mina Placa eletr\u00f4nica: SIM Bateria: Sim Caracter\u00edsticas: 1. O item de venda \u00e9 uma chave remota DIY. 2.A&hellip;&nbsp;<\/p>\n","protected":false},"featured_media":5272,"template":"","meta":{"neve_meta_sidebar":"","neve_meta_container":"","neve_meta_enable_content_width":"","neve_meta_content_width":0,"neve_meta_title_alignment":"","neve_meta_author_avatar":"","neve_post_elements_order":"","neve_meta_disable_header":"","neve_meta_disable_footer":"","neve_meta_disable_title":""},"product_brand":[],"product_cat":[51,17,30],"product_tag":[],"class_list":{"0":"post-5278","1":"product","2":"type-product","3":"status-publish","4":"has-post-thumbnail","6":"product_cat-chave-do-carro","7":"product_cat-pecas-e-acessorios-automotivos","8":"product_cat-starters","10":"first","11":"instock","12":"shipping-taxable","13":"purchasable","14":"product-type-variable","15":"has-default-attributes"},"jetpack_sharing_enabled":true,"_links":{"self":[{"href":"https:\/\/listman.shop\/autoparts-br\/wp-json\/wp\/v2\/product\/5278","targetHints":{"allow":["GET"]}}],"collection":[{"href":"https:\/\/listman.shop\/autoparts-br\/wp-json\/wp\/v2\/product"}],"about":[{"href":"https:\/\/listman.shop\/autoparts-br\/wp-json\/wp\/v2\/types\/product"}],"wp:featuredmedia":[{"embeddable":true,"href":"https:\/\/listman.shop\/autoparts-br\/wp-json\/wp\/v2\/media\/5272"}],"wp:attachment":[{"href":"https:\/\/listman.shop\/autoparts-br\/wp-json\/wp\/v2\/media?parent=5278"}],"wp:term":[{"taxonomy":"product_brand","embeddable":true,"href":"https:\/\/listman.shop\/autoparts-br\/wp-json\/wp\/v2\/product_brand?post=5278"},{"taxonomy":"product_cat","embeddable":true,"href":"https:\/\/listman.shop\/autoparts-br\/wp-json\/wp\/v2\/product_cat?post=5278"},{"taxonomy":"product_tag","embeddable":true,"href":"https:\/\/listman.shop\/autoparts-br\/wp-json\/wp\/v2\/product_tag?post=5278"}],"curies":[{"name":"wp","href":"https:\/\/api.w.org\/{rel}","templated":true}]}}