{"id":6352,"date":"2024-11-08T08:14:35","date_gmt":"2024-11-07T23:14:35","guid":{"rendered":"https:\/\/listman.shop\/autoparts-br\/product\/1005005210686308\/"},"modified":"2026-04-14T10:55:17","modified_gmt":"2026-04-14T01:55:17","slug":"1005005210686308","status":"publish","type":"product","link":"https:\/\/listman.shop\/autoparts-br\/product\/1005005210686308\/","title":{"rendered":"ODiO 95760-1W500 957601W500 C\u00e2mera de r\u00e9 C\u00e2mera de backup de vis\u00e3o traseira 957601W550 95760A2520 para Kia Rio"},"content":{"rendered":"<div class=\"detailmodule_html\">\n<div class=\"detail-desc-decorate-richtext\">\n<p><span style=\"font-size:32px;font-family:arial, helvetica, sans-serif\"><strong id=\"tl_1\">C&acirc;mera de r&eacute; ODiDiO C&acirc;mera de backup de vis&atilde;o traseira 95760-<\/strong><\/span><\/p>\n<p><\/p>\n<p><span style=\"font-size:32px;font-family:arial, helvetica, sans-serif\"><strong id=\"tl_2\">1W500957601W500957601W550 95760A2520 Para Kia Rio<\/strong><\/span><img data-recalc-dims=\"1\" decoding=\"async\" src=\"https:\/\/i0.wp.com\/ae01.alicdn.com\/kf\/S7e5d7193151841618a9fadd5e9f4b801T.jpg?w=1200&#038;ssl=1\" \/><\/p>\n<p><span style=\"font-size:24px;font-family:tahoma, geneva, sans-serif\" id=\"tl_3\">Para Kia Rio<\/span><\/p>\n<p><img data-recalc-dims=\"1\" decoding=\"async\" src=\"https:\/\/i0.wp.com\/ae01.alicdn.com\/kf\/S1e4665fbbc9e42589b61b3c9695429bfP.jpg?w=1200&#038;ssl=1\" \/><\/p>\n<p><img data-recalc-dims=\"1\" decoding=\"async\" src=\"https:\/\/i0.wp.com\/ae01.alicdn.com\/kf\/S54ccd07d16f54e81accca872600f3e13Q.jpg?w=1200&#038;ssl=1\" \/><img data-recalc-dims=\"1\" decoding=\"async\" src=\"https:\/\/i0.wp.com\/ae01.alicdn.com\/kf\/Sea18bf2045734b92a19e7958b52f3c611.jpg?w=1200&#038;ssl=1\" \/><img data-recalc-dims=\"1\" decoding=\"async\" src=\"https:\/\/i0.wp.com\/ae01.alicdn.com\/kf\/S04525d9fafff4490ac03db07cd2b6bf3A.jpg?w=1200&#038;ssl=1\" \/><img data-recalc-dims=\"1\" decoding=\"async\" src=\"https:\/\/i0.wp.com\/ae01.alicdn.com\/kf\/S1223483948b3474e9fec2d88bc3a7ecdn.jpg?w=1200&#038;ssl=1\" \/><\/p>\n<p><img data-recalc-dims=\"1\" decoding=\"async\" src=\"https:\/\/i0.wp.com\/ae01.alicdn.com\/kf\/Sd55c8c9ac3284f73a9c8a030de133475q.jpg?w=1200&#038;ssl=1\" \/><\/p>\n<\/div>\n<\/div>\n","protected":false},"excerpt":{"rendered":"<p>C&acirc;mera de r&eacute; ODiDiO C&acirc;mera de backup de vis&atilde;o traseira 95760- 1W500957601W500957601W550 95760A2520 Para Kia Rio Para Kia Rio<\/p>\n","protected":false},"featured_media":6346,"template":"","meta":{"neve_meta_sidebar":"","neve_meta_container":"","neve_meta_enable_content_width":"","neve_meta_content_width":0,"neve_meta_title_alignment":"","neve_meta_author_avatar":"","neve_post_elements_order":"","neve_meta_disable_header":"","neve_meta_disable_footer":"","neve_meta_disable_title":""},"product_brand":[],"product_cat":[40,20,17],"product_tag":[],"class_list":{"0":"post-6352","1":"product","2":"type-product","3":"status-publish","4":"has-post-thumbnail","6":"product_cat-dvr-para-carro","7":"product_cat-eletronicos-automotivos","8":"product_cat-pecas-e-acessorios-automotivos","10":"first","11":"instock","12":"shipping-taxable","13":"purchasable","14":"product-type-variable","15":"has-default-attributes"},"jetpack_sharing_enabled":true,"_links":{"self":[{"href":"https:\/\/listman.shop\/autoparts-br\/wp-json\/wp\/v2\/product\/6352","targetHints":{"allow":["GET"]}}],"collection":[{"href":"https:\/\/listman.shop\/autoparts-br\/wp-json\/wp\/v2\/product"}],"about":[{"href":"https:\/\/listman.shop\/autoparts-br\/wp-json\/wp\/v2\/types\/product"}],"wp:featuredmedia":[{"embeddable":true,"href":"https:\/\/listman.shop\/autoparts-br\/wp-json\/wp\/v2\/media\/6346"}],"wp:attachment":[{"href":"https:\/\/listman.shop\/autoparts-br\/wp-json\/wp\/v2\/media?parent=6352"}],"wp:term":[{"taxonomy":"product_brand","embeddable":true,"href":"https:\/\/listman.shop\/autoparts-br\/wp-json\/wp\/v2\/product_brand?post=6352"},{"taxonomy":"product_cat","embeddable":true,"href":"https:\/\/listman.shop\/autoparts-br\/wp-json\/wp\/v2\/product_cat?post=6352"},{"taxonomy":"product_tag","embeddable":true,"href":"https:\/\/listman.shop\/autoparts-br\/wp-json\/wp\/v2\/product_tag?post=6352"}],"curies":[{"name":"wp","href":"https:\/\/api.w.org\/{rel}","templated":true}]}}