{"id":6617,"date":"2024-11-08T08:19:10","date_gmt":"2024-11-07T23:19:10","guid":{"rendered":"https:\/\/listman.shop\/autoparts-br\/product\/1005005710056379\/"},"modified":"2026-05-08T07:49:12","modified_gmt":"2026-05-07T22:49:12","slug":"1005005710056379","status":"publish","type":"product","link":"https:\/\/listman.shop\/autoparts-br\/product\/1005005710056379\/","title":{"rendered":"10 20 50 100pcs universal KEYDIY transponder chave do carro Fob Shell Case para KD VVDI chave l\u00e2mina cabe\u00e7a chave"},"content":{"rendered":"<div class=\"detailmodule_html\">\n<div class=\"detail-desc-decorate-richtext\">\n<h1>10 20 50 100 p\u00e7s universal chave transponder carro chave fob caso escudo para kd vvdi chave l\u00e2mina chave cabe\u00e7a<\/h1>\n<p><\/p>\n<p>pode caber em qualquer l\u00e2mina de chave Keydiy ou VVDI, pode colocar chip;<\/p>\n<p>voc\u00ea pode oferecer 1 cabe\u00e7a e eles podem usar as l\u00e2minas de chave flip quando os clientes n\u00e3o tiverem um controle remoto<\/p>\n<p><img data-recalc-dims=\"1\" decoding=\"async\" src=\"https:\/\/i0.wp.com\/ae01.alicdn.com\/kf\/S2e9c00abaca6488d93132aeba32a44a8m.jpg?w=1200&#038;ssl=1\"><img data-recalc-dims=\"1\" decoding=\"async\" src=\"https:\/\/i0.wp.com\/ae01.alicdn.com\/kf\/Sae8431ace33a43e7bde05722b60dbb11x.jpg?w=1200&#038;ssl=1\"><img data-recalc-dims=\"1\" decoding=\"async\" src=\"https:\/\/i0.wp.com\/ae01.alicdn.com\/kf\/Se41a145bbdb84839bab0044b88415078s.jpg?w=1200&#038;ssl=1\"><img data-recalc-dims=\"1\" decoding=\"async\" src=\"https:\/\/i0.wp.com\/ae01.alicdn.com\/kf\/S69aa6909d8c048c8b5bd174280d56785l.jpg?w=1200&#038;ssl=1\"><\/p>\n<\/div>\n<\/div>\n","protected":false},"excerpt":{"rendered":"<p>10 20 50 100 p\u00e7s universal chave transponder carro chave fob caso escudo para kd vvdi chave l\u00e2mina chave cabe\u00e7a pode caber em qualquer l\u00e2mina de chave Keydiy ou VVDI, pode colocar chip; voc\u00ea pode oferecer 1 cabe\u00e7a e eles podem usar as l\u00e2minas de chave flip quando os clientes n\u00e3o tiverem um controle remoto<\/p>\n","protected":false},"featured_media":6612,"template":"","meta":{"neve_meta_sidebar":"","neve_meta_container":"","neve_meta_enable_content_width":"","neve_meta_content_width":0,"neve_meta_title_alignment":"","neve_meta_author_avatar":"","neve_post_elements_order":"","neve_meta_disable_header":"","neve_meta_disable_footer":"","neve_meta_disable_title":""},"product_brand":[],"product_cat":[51,17,30],"product_tag":[],"class_list":{"0":"post-6617","1":"product","2":"type-product","3":"status-publish","4":"has-post-thumbnail","6":"product_cat-chave-do-carro","7":"product_cat-pecas-e-acessorios-automotivos","8":"product_cat-starters","10":"first","11":"instock","12":"shipping-taxable","13":"purchasable","14":"product-type-variable","15":"has-default-attributes"},"jetpack_sharing_enabled":true,"_links":{"self":[{"href":"https:\/\/listman.shop\/autoparts-br\/wp-json\/wp\/v2\/product\/6617","targetHints":{"allow":["GET"]}}],"collection":[{"href":"https:\/\/listman.shop\/autoparts-br\/wp-json\/wp\/v2\/product"}],"about":[{"href":"https:\/\/listman.shop\/autoparts-br\/wp-json\/wp\/v2\/types\/product"}],"wp:featuredmedia":[{"embeddable":true,"href":"https:\/\/listman.shop\/autoparts-br\/wp-json\/wp\/v2\/media\/6612"}],"wp:attachment":[{"href":"https:\/\/listman.shop\/autoparts-br\/wp-json\/wp\/v2\/media?parent=6617"}],"wp:term":[{"taxonomy":"product_brand","embeddable":true,"href":"https:\/\/listman.shop\/autoparts-br\/wp-json\/wp\/v2\/product_brand?post=6617"},{"taxonomy":"product_cat","embeddable":true,"href":"https:\/\/listman.shop\/autoparts-br\/wp-json\/wp\/v2\/product_cat?post=6617"},{"taxonomy":"product_tag","embeddable":true,"href":"https:\/\/listman.shop\/autoparts-br\/wp-json\/wp\/v2\/product_tag?post=6617"}],"curies":[{"name":"wp","href":"https:\/\/api.w.org\/{rel}","templated":true}]}}