{"id":7174,"date":"2024-11-08T08:30:01","date_gmt":"2024-11-07T23:30:01","guid":{"rendered":"https:\/\/listman.shop\/autoparts-br\/product\/1005006180610935\/"},"modified":"2026-04-14T10:57:16","modified_gmt":"2026-04-14T01:57:16","slug":"1005006180610935","status":"publish","type":"product","link":"https:\/\/listman.shop\/autoparts-br\/product\/1005006180610935\/","title":{"rendered":"Para audi q7 4l 2005-2015 mmi android 14 sem fio carplay gps carro reprodutor multim\u00eddia inteligente navega\u00e7\u00e3o r\u00e1dio autom\u00e1tico est\u00e9reo dsp"},"content":{"rendered":"<div class=\"detailmodule_html\">\n<div class=\"detail-desc-decorate-richtext\">\n<div class=\"detailmodule_dynamic\">\n<\/div>\n<div class=\"detailmodule_dynamic\"><\/div>\n<div class=\"detailmodule_dynamic\"><\/div>\n<p><span style=\"font-size:20px\"><strong id=\"tl_1\">For Audi Q7 4L 2005-2015 MMI Android 14 Wireless CarPlay GPS Car Intelligent Multimedia Player Navigation Auto Radio Stereo DSP <\/strong><\/span><\/p>\n<div>\n <br \/> \n<\/div>\n<p><i><span style=\"font-size:20px;font-family:arial, helvetica, sans-serif\"><strong id=\"tl_2\">Fit For <\/strong><\/span><\/i><span style=\"font-size:20px;font-family:arial, helvetica, sans-serif\"><i id=\"tl_3\">Audi Q7 4L 2005-2015 MMI 2G 3G<\/i><\/span><\/p>\n<div>\n <br \/> \n<\/div>\n<h2><strong id=\"tl_4\">&gt;&gt;Why Choose NUNOO ?<\/strong><br \/><\/h2>\n<p><span style=\"font-size:16px;font-family:arial, helvetica, sans-serif\" id=\"tl_5\">1. NUNOO is AliExpress top Brands,15 years of professional production and sales. mainly sell For Audi BMW BENZ LEXUS car multimedia, popular among customers. our goal is supply best product and service for our client, also supply free firmware update<\/span><\/p>\n<div>\n <br \/> \n<\/div>\n<p><span style=\"font-size:16px;font-family:arial, helvetica, sans-serif\" id=\"tl_6\">2. All products have been passed strict quality test before shipment, make sure high quality, and there are have online engineers to answer your questions<\/span><\/p>\n<div>\n <br \/> \n<\/div>\n<p><span style=\"font-size:16px;font-family:arial, helvetica, sans-serif\" id=\"tl_7\">3. If the product has a problem within 15 days, we supply return and refund or we will replace the new machine directly for you, but please contact us first to communicate, don&#8217;t open dispute<\/span><\/p>\n<p><img data-recalc-dims=\"1\" decoding=\"async\" src=\"https:\/\/i0.wp.com\/ae01.alicdn.com\/kf\/S4eb93e72310c4eaca1469ef70f098a4bD.jpg?w=1200&#038;ssl=1\" \/><img data-recalc-dims=\"1\" decoding=\"async\" src=\"https:\/\/i0.wp.com\/ae01.alicdn.com\/kf\/S3d4f197186b9495da47414c8106d9b95p.png?w=1200&#038;ssl=1\" \/><img data-recalc-dims=\"1\" decoding=\"async\" style=\", Roboto, Arial, Helvetica, sans-serif, SimSun;font-size:14px;font-weight:400;letter-spacing:normal;text-align:start;white-space:normal;border:0px;margin:0px;margin-bottom:0px;margin-top:0px;margin-left:0px;margin-right:0px;padding:0px;padding-bottom:0px;padding-top:0px;padding-left:0px;padding-right:0px;max-width:100%\" src=\"https:\/\/i0.wp.com\/ae01.alicdn.com\/kf\/Scc7742dcad9e43d39b8b65eb949a0b073.jpg?w=1200&#038;ssl=1\" \/><img data-recalc-dims=\"1\" decoding=\"async\" src=\"https:\/\/i0.wp.com\/ae01.alicdn.com\/kf\/S0247f55d55c74a16a6fc34f9f9d2c0fbj.png?w=1200&#038;ssl=1\" \/><img data-recalc-dims=\"1\" decoding=\"async\" style=\", Roboto, Arial, Helvetica, sans-serif, SimSun;font-size:14px;font-weight:400;letter-spacing:normal;text-align:start;white-space:normal;border:0px;margin:0px;margin-bottom:0px;margin-top:0px;margin-left:0px;margin-right:0px;padding:0px;padding-bottom:0px;padding-top:0px;padding-left:0px;padding-right:0px;max-width:100%\" src=\"https:\/\/i0.wp.com\/ae01.alicdn.com\/kf\/Sbfb502416a1f41b5bd233ac31d5ad17e9.jpg?w=1200&#038;ssl=1\" \/><img data-recalc-dims=\"1\" decoding=\"async\" src=\"https:\/\/i0.wp.com\/ae01.alicdn.com\/kf\/Sc773ce8a9bd64f8bb1be5a7b4b68a9e9K.png?w=1200&#038;ssl=1\" \/><img data-recalc-dims=\"1\" decoding=\"async\" src=\"https:\/\/i0.wp.com\/ae01.alicdn.com\/kf\/A6886b4006bc246b4a518e05b8f3dc940y.jpg?w=1200&#038;ssl=1\" \/><img data-recalc-dims=\"1\" decoding=\"async\" style=\", Roboto, Arial, Helvetica, sans-serif, SimSun;font-size:14px;font-weight:400;letter-spacing:normal;text-align:start;white-space:normal;border:0px;margin:0px;margin-bottom:0px;margin-top:0px;margin-left:0px;margin-right:0px;padding:0px;padding-bottom:0px;padding-top:0px;padding-left:0px;padding-right:0px;max-width:100%\" src=\"https:\/\/i0.wp.com\/ae01.alicdn.com\/kf\/Sff38796e989d4f04894863af8318e9ecs.jpg?w=1200&#038;ssl=1\" \/><img data-recalc-dims=\"1\" decoding=\"async\" style=\", Roboto, Arial, Helvetica, sans-serif, SimSun;font-size:14px;font-weight:400;letter-spacing:normal;text-align:start;white-space:normal;border:0px;margin:0px;margin-bottom:0px;margin-top:0px;margin-left:0px;margin-right:0px;padding:0px;padding-bottom:0px;padding-top:0px;padding-left:0px;padding-right:0px;max-width:100%\" src=\"https:\/\/i0.wp.com\/ae01.alicdn.com\/kf\/S5817edeac32f4692b6d5853f68120f61S.jpg?w=1200&#038;ssl=1\" \/><img data-recalc-dims=\"1\" decoding=\"async\" style=\", Roboto, Arial, Helvetica, sans-serif, SimSun;font-size:14px;font-weight:400;letter-spacing:normal;text-align:start;white-space:normal;border:0px;margin:0px;margin-bottom:0px;margin-top:0px;margin-left:0px;margin-right:0px;padding:0px;padding-bottom:0px;padding-top:0px;padding-left:0px;padding-right:0px;max-width:100%\" src=\"https:\/\/i0.wp.com\/ae01.alicdn.com\/kf\/Sa7b6c6db04b7404d9e4a914730616a9fn.jpg?w=1200&#038;ssl=1\" \/><img data-recalc-dims=\"1\" decoding=\"async\" style=\", Roboto, Arial, Helvetica, sans-serif, SimSun;font-size:14px;font-weight:400;letter-spacing:normal;text-align:start;white-space:normal;border:0px;margin:0px;margin-bottom:0px;margin-top:0px;margin-left:0px;margin-right:0px;padding:0px;padding-bottom:0px;padding-top:0px;padding-left:0px;padding-right:0px;max-width:100%\" src=\"https:\/\/i0.wp.com\/ae01.alicdn.com\/kf\/Sf6e6324886c547ab94f5370752840938e.jpg?w=1200&#038;ssl=1\" \/><img data-recalc-dims=\"1\" decoding=\"async\" style=\", Roboto, Arial, Helvetica, sans-serif, SimSun;font-size:14px;font-weight:400;letter-spacing:normal;text-align:start;white-space:normal;border:0px;margin:0px;margin-bottom:0px;margin-top:0px;margin-left:0px;margin-right:0px;padding:0px;padding-bottom:0px;padding-top:0px;padding-left:0px;padding-right:0px;max-width:100%\" src=\"https:\/\/i0.wp.com\/ae01.alicdn.com\/kf\/S54c60295063a4e949bf53dcd41915ea16.jpg?w=1200&#038;ssl=1\" \/><img data-recalc-dims=\"1\" decoding=\"async\" src=\"https:\/\/i0.wp.com\/ae01.alicdn.com\/kf\/Sd3b81d7bd3e34e1f89764f8d40347d4fr.jpg?w=1200&#038;ssl=1\" \/><img data-recalc-dims=\"1\" decoding=\"async\" src=\"https:\/\/i0.wp.com\/ae01.alicdn.com\/kf\/Ab00566271e1c4d339cf6d9e13a6592981.png?w=1200&#038;ssl=1\" \/><img data-recalc-dims=\"1\" loading=\"lazy\" decoding=\"async\" style=\", Roboto, Arial, Helvetica, sans-serif, SimSun;font-size:14px;font-weight:400;letter-spacing:normal;text-align:start;white-space:normal;border:0px;margin:0px;margin-bottom:0px;margin-top:0px;margin-left:0px;margin-right:0px;padding:0px;padding-bottom:0px;padding-top:0px;padding-left:0px;padding-right:0px;max-width:100%\" width=\"950\" height=\"672\" border=\"0\" src=\"https:\/\/i0.wp.com\/ae01.alicdn.com\/kf\/S25d2ab4e49bb44a8b962cf86061e589cz.png?resize=950%2C672&#038;ssl=1\" usemap=\"#Map\" \/><\/p>\n<map name=\"Map\">\n<area shape=\"rect\" coords=\"81,137,464,371\" target=\"_blank\" href=\"https:\/\/www.aliexpress.us\/item\/3256804521506515.html?spm=a2g0o.store_pc_allProduct.8148356.13.25836441PWW8e8&amp;pdp_npi=3%40dis%21USD%21US%20%2438.29%21US%20%2429.48%21%21%21%21%21%40213fa03116857589974452727e2c9b%2112000033816283173%21sh%21US%21251935805&amp;gatewayAdapt=glo2usa\"><\/area>\n<area shape=\"rect\" coords=\"495,139,873,369\" target=\"_blank\" href=\"https:\/\/www.aliexpress.com\/store\/1101762891\/search?spm=a2g0o.store_pc_allProduct.8148362.8.6d60266ee0gtVP&amp;origin=n&amp;SortType=price_asc\"><\/area>\n<area shape=\"rect\" coords=\"80,399,463,638\" target=\"_blank\" href=\"https:\/\/www.aliexpress.us\/item\/3256803052766100.html?spm=a2g0o.store_pc_allProduct.8148356.11.25836441PWW8e8&amp;pdp_npi=3@dis!USD!US%20$25.95!US%20$25.95!!!!!@213fa03116857589974452727e2c9b!12000024800245084!sh!US!251935805&amp;gatewayAdapt=glo2usa\"><\/area>\n<area shape=\"rect\" coords=\"494,399,872,637\" target=\"_blank\" href=\"https:\/\/www.aliexpress.us\/item\/3256804679302917.html?spm=a2g0o.store_pc_allProduct.8148356.15.25836441PWW8e8&amp;pdp_npi=3%40dis%21USD%21US%20%2439.99%21US%20%2439.99%21%21%21%21%21%40213fa03116857589974452727e2c9b%2112000030804316164%21sh%21US%21251935805&amp;gatewayAdapt=glo2usa\"><\/area>\n<\/map>\n<map name=\"Map\">\n<area shape=\"rect\" coords=\"81,139,462,369\" target=\"_blank\" href=\"https:\/\/www.aliexpress.com\/item\/1005004788244223.html?spm=a2g0o.store_pc_allProduct.8148356.11.28d444b5xSC6lK&amp;pdp_npi=3%40dis%21USD%21US%20%2438.29%21US%20%2429.48%21%21%21%21%21%40213dd47b16859489825696568e2931%2112000030488826207%21sh%21UK%212668946525\"><\/area>\n<area shape=\"rect\" coords=\"494,135,876,370\" target=\"_blank\" href=\"https:\/\/www.aliexpress.com\/item\/1005005306778652.html?spm=a2g0o.store_pc_allProduct.8148356.15.28d444b5xSC6lK&amp;pdp_npi=3%40dis%21USD%21US%20%2439.99%21US%20%2435.99%21%21%21%21%21%40213dd47b16859489825696568e2931%2112000032597215404%21sh%21UK%212668946525\"><\/area>\n<area shape=\"rect\" coords=\"82,398,461,637\" target=\"_blank\" href=\"https:\/\/www.aliexpress.com\/item\/1005005314719400.html?spm=a2g0o.store_pc_allProduct.8148356.9.28d444b5xSC6lK&amp;pdp_npi=3%40dis%21USD%21US%20%2437.13%21US%20%2425.99%21%21%21%21%21%40213dd47b16859489825696568e2931%2112000032600297523%21sh%21UK%212668946525\"><\/area>\n<area shape=\"rect\" coords=\"497,399,874,634\" target=\"_blank\" href=\"https:\/\/www.aliexpress.com\/item\/1005005314386178.html?spm=a2g0o.store_pc_allProduct.8148356.17.28d444b5xSC6lK&amp;pdp_npi=3@dis!USD!US%20$49.99!US%20$39.99!!!!!@213dd47b16859489825696568e2931!12000032597788078!sh!UK!2668946525\"><\/area>\n<\/map>\n<p><img data-recalc-dims=\"1\" decoding=\"async\" style=\", Roboto, Arial, Helvetica, sans-serif, SimSun;font-size:14px;font-weight:400;letter-spacing:normal;text-align:start;white-space:normal;border:0px;margin:0px;margin-bottom:0px;margin-top:0px;margin-left:0px;margin-right:0px;padding:0px;padding-bottom:0px;padding-top:0px;padding-left:0px;padding-right:0px;max-width:100%\" src=\"https:\/\/i0.wp.com\/ae01.alicdn.com\/kf\/S4332f5f072cc4849b0fd045c79dfa718V.jpg?w=1200&#038;ssl=1\" \/><img data-recalc-dims=\"1\" decoding=\"async\" style=\", Roboto, Arial, Helvetica, sans-serif, SimSun;font-size:14px;font-weight:400;letter-spacing:normal;text-align:start;white-space:normal;border:0px;margin:0px;margin-bottom:0px;margin-top:0px;margin-left:0px;margin-right:0px;padding:0px;padding-bottom:0px;padding-top:0px;padding-left:0px;padding-right:0px;max-width:100%\" src=\"https:\/\/i0.wp.com\/ae01.alicdn.com\/kf\/S34171a57fe03452f9509dd8b92c06b91E.jpg?w=1200&#038;ssl=1\" \/><\/p>\n<div class=\"detailmodule_dynamic\"><\/div>\n<p><\/p>\n<\/div>\n<\/div>\n","protected":false},"excerpt":{"rendered":"<p>For Audi Q7 4L 2005-2015 MMI Android 14 Wireless CarPlay GPS Car Intelligent Multimedia Player Navigation Auto Radio Stereo DSP Fit For Audi Q7 4L 2005-2015 MMI 2G 3G &gt;&gt;Why Choose NUNOO ? 1. NUNOO is AliExpress top Brands,15 years of professional production and sales. mainly sell For Audi BMW BENZ LEXUS car multimedia, popular&hellip;&nbsp;<\/p>\n","protected":false},"featured_media":7168,"template":"","meta":{"neve_meta_sidebar":"","neve_meta_container":"","neve_meta_enable_content_width":"","neve_meta_content_width":0,"neve_meta_title_alignment":"","neve_meta_author_avatar":"","neve_post_elements_order":"","neve_meta_disable_header":"","neve_meta_disable_footer":"","neve_meta_disable_title":""},"product_brand":[],"product_cat":[20,17,85],"product_tag":[],"class_list":{"0":"post-7174","1":"product","2":"type-product","3":"status-publish","4":"has-post-thumbnail","6":"product_cat-eletronicos-automotivos","7":"product_cat-pecas-e-acessorios-automotivos","8":"product_cat-sistema-inteligente-para-carros","10":"first","11":"instock","12":"shipping-taxable","13":"purchasable","14":"product-type-variable","15":"has-default-attributes"},"jetpack_sharing_enabled":true,"_links":{"self":[{"href":"https:\/\/listman.shop\/autoparts-br\/wp-json\/wp\/v2\/product\/7174","targetHints":{"allow":["GET"]}}],"collection":[{"href":"https:\/\/listman.shop\/autoparts-br\/wp-json\/wp\/v2\/product"}],"about":[{"href":"https:\/\/listman.shop\/autoparts-br\/wp-json\/wp\/v2\/types\/product"}],"wp:featuredmedia":[{"embeddable":true,"href":"https:\/\/listman.shop\/autoparts-br\/wp-json\/wp\/v2\/media\/7168"}],"wp:attachment":[{"href":"https:\/\/listman.shop\/autoparts-br\/wp-json\/wp\/v2\/media?parent=7174"}],"wp:term":[{"taxonomy":"product_brand","embeddable":true,"href":"https:\/\/listman.shop\/autoparts-br\/wp-json\/wp\/v2\/product_brand?post=7174"},{"taxonomy":"product_cat","embeddable":true,"href":"https:\/\/listman.shop\/autoparts-br\/wp-json\/wp\/v2\/product_cat?post=7174"},{"taxonomy":"product_tag","embeddable":true,"href":"https:\/\/listman.shop\/autoparts-br\/wp-json\/wp\/v2\/product_tag?post=7174"}],"curies":[{"name":"wp","href":"https:\/\/api.w.org\/{rel}","templated":true}]}}