{"id":722,"date":"2024-10-12T18:59:21","date_gmt":"2024-10-12T09:59:21","guid":{"rendered":"https:\/\/listman.shop\/autoparts-br\/product\/1005005993243789\/"},"modified":"2026-04-14T10:37:23","modified_gmt":"2026-04-14T01:37:23","slug":"1005005993243789","status":"publish","type":"product","link":"https:\/\/listman.shop\/autoparts-br\/product\/1005005993243789\/","title":{"rendered":"C\u00e2mera Inteligente para Carro Xiao YI com Tela de 2.7, Full HD 1080P, Vis\u00e3o Noturna e Vers\u00e3o Internacional em Ingl\u00eas"},"content":{"rendered":"<div class=\"detailmodule_html\">\n<div class=\"detail-desc-decorate-richtext\">\n<div class=\"detailmodule_html\">\n<div class=\"detail-desc-decorate-richtext\">\n<div>\n   &nbsp;\n  <\/div>\n<div>\n   &nbsp;\n  <\/div>\n<div>\n   &nbsp;\n  <\/div>\n<div>\n   <img data-recalc-dims=\"1\" decoding=\"async\" src=\"https:\/\/i0.wp.com\/ae01.alicdn.com\/kf\/S42184dbbc802425786db08e9c4f821dbp.jpg?w=1200&#038;ssl=1\" \/><br \/>\n   \n  <\/div>\n<p><span style=\"font-size:24px\" id=\"tl_1\">C&acirc;mera de painel inteligente YI para carro ADAS 2.7 Tela Full HD 1080P Dash Cam<\/span><\/p>\n<div>\n   \n  <\/div>\n<p><span style=\"font-size:24px\" id=\"tl_2\">com vis&atilde;o noturna ADAS vers&atilde;o internacional em ingl&ecirc;s<\/span><\/p>\n<div>\n   \n  <\/div>\n<p><span style=\"font-size:26px\" id=\"tl_3\">Vers&atilde;o internacional C10<\/span><\/p>\n<div>\n   \n  <\/div>\n<ul style=\", Helvetica, sans-serif;font-size:12px;font-weight:400;letter-spacing:normal;text-align:start;white-space:normal;margin:0px;margin-bottom:0px;margin-top:0px;margin-left:0px;margin-right:0px;padding:0px;padding-bottom:0px;padding-top:0px;padding-left:0px;padding-right:0px;overflow:hidden\">\n<li style=\"font-size:14px;line-height:18px;text-align:left;margin:0px;margin-bottom:0px;margin-top:0px;margin-left:0px;margin-right:0px;padding:0px 0px 0px 15px;padding-bottom:0px;padding-top:0px;padding-left:15px;padding-right:0px;position:relative\" align=\"left\">\n<p id=\"tl_4\">Nome da Marca: Yi<\/p>\n<\/li>\n<li style=\"font-size:14px;line-height:18px;text-align:left;margin:0px;margin-bottom:0px;margin-top:0px;margin-left:0px;margin-right:0px;padding:0px 0px 0px 15px;padding-bottom:0px;padding-top:0px;padding-left:15px;padding-right:0px;position:relative\" align=\"left\">\n<p id=\"tl_5\">Carregamento: Cabo USB<\/p>\n<\/li>\n<li style=\"font-size:14px;line-height:18px;text-align:left;margin:0px;margin-bottom:0px;margin-top:0px;margin-left:0px;margin-right:0px;padding:0px 0px 0px 15px;padding-bottom:0px;padding-top:0px;padding-left:15px;padding-right:0px;position:relative\" align=\"left\">\n<p id=\"tl_6\">Volume: 74*19,4*52,4mm<\/p>\n<\/li>\n<li style=\"font-size:14px;line-height:18px;text-align:left;margin:0px;margin-bottom:0px;margin-top:0px;margin-left:0px;margin-right:0px;padding:0px 0px 0px 15px;padding-bottom:0px;padding-top:0px;padding-left:15px;padding-right:0px;position:relative\" align=\"left\">\n<p id=\"tl_7\">Grande angular: 160&deg;<\/p>\n<\/li>\n<li style=\"font-size:14px;line-height:18px;text-align:left;margin:0px;margin-bottom:0px;margin-top:0px;margin-left:0px;margin-right:0px;padding:0px 0px 0px 15px;padding-bottom:0px;padding-top:0px;padding-left:15px;padding-right:0px;position:relative\" align=\"left\">\n<p id=\"tl_8\">Suporte Wi-Fi: Sim<\/p>\n<\/li>\n<li style=\"font-size:14px;line-height:18px;text-align:left;margin:0px;margin-bottom:0px;margin-top:0px;margin-left:0px;margin-right:0px;padding:0px 0px 0px 15px;padding-bottom:0px;padding-top:0px;padding-left:15px;padding-right:0px;position:relative\" align=\"left\">\n<p id=\"tl_9\">Fun&ccedil;&atilde;o NightShot: Sim<\/p>\n<\/li>\n<li style=\"font-size:14px;line-height:18px;text-align:left;margin:0px;margin-bottom:0px;margin-top:0px;margin-left:0px;margin-right:0px;padding:0px 0px 0px 15px;padding-bottom:0px;padding-top:0px;padding-left:15px;padding-right:0px;position:relative\" align=\"left\">\n<p id=\"tl_10\">Sensor de imagem: Outras s&eacute;ries SONY<\/p>\n<\/li>\n<li style=\"font-size:14px;line-height:18px;text-align:left;margin:0px;margin-bottom:0px;margin-top:0px;margin-left:0px;margin-right:0px;padding:0px 0px 0px 15px;padding-bottom:0px;padding-top:0px;padding-left:15px;padding-right:0px;position:relative\" align=\"left\">\n<p id=\"tl_11\">Tamanho do sensor (polegadas): 1\/2,7 polegadas<\/p>\n<\/li>\n<li style=\"font-size:14px;line-height:18px;text-align:left;margin:0px;margin-bottom:0px;margin-top:0px;margin-left:0px;margin-right:0px;padding:0px 0px 0px 15px;padding-bottom:0px;padding-top:0px;padding-left:15px;padding-right:0px;position:relative\" align=\"left\">\n<div class=\"detailmodule_html\">\n<div class=\"detail-desc-decorate-richtext\">\n<ul style=\", Helvetica, sans-serif;font-size:12px;font-weight:400;letter-spacing:normal;text-align:start;white-space:normal;margin:0px;margin-bottom:0px;margin-top:0px;margin-left:0px;margin-right:0px;padding:0px;padding-bottom:0px;padding-top:0px;padding-left:0px;padding-right:0px;overflow:hidden\">\n<li style=\"font-size:14px;line-height:18px;text-align:left;margin:0px;margin-bottom:0px;margin-top:0px;margin-left:0px;margin-right:0px;padding:0px 0px 0px 15px;padding-bottom:0px;padding-top:0px;padding-left:15px;padding-right:0px;position:relative\" align=\"left\">\n<p style=\"text-align:left\" align=\"left\" id=\"tl_12\">Tamanho da tela: 2,7&quot;<\/p>\n<\/li>\n<\/ul><\/div>\n<\/p><\/div>\n<p id=\"tl_13\">Fun&ccedil;&atilde;o adicional: suporte WIFI<\/p>\n<\/li>\n<li style=\"font-size:14px;line-height:18px;text-align:left;margin:0px;margin-bottom:0px;margin-top:0px;margin-left:0px;margin-right:0px;padding:0px 0px 0px 15px;padding-bottom:0px;padding-top:0px;padding-left:15px;padding-right:0px;position:relative\" align=\"left\">\n<p id=\"tl_14\">MegaPixel efetivo: cerca de 3,2 MP<\/p>\n<\/li>\n<li style=\"font-size:14px;line-height:18px;text-align:left;margin:0px;margin-bottom:0px;margin-top:0px;margin-left:0px;margin-right:0px;padding:0px 0px 0px 15px;padding-bottom:0px;padding-top:0px;padding-left:15px;padding-right:0px;position:relative\" align=\"left\">\n<p id=\"tl_15\">Aplica&ccedil;&atilde;o: Atividades Esportivas ao Ar Livre<\/p>\n<\/li>\n<li style=\"font-size:14px;line-height:18px;text-align:left;margin:0px;margin-bottom:0px;margin-top:0px;margin-left:0px;margin-right:0px;padding:0px 0px 0px 15px;padding-bottom:0px;padding-top:0px;padding-left:15px;padding-right:0px;position:relative\" align=\"left\">\n<p id=\"tl_16\">Tipo de cart&atilde;o de mem&oacute;ria: MicroSD\/TF<\/p>\n<\/li>\n<li style=\"font-size:14px;line-height:18px;text-align:left;margin:0px;margin-bottom:0px;margin-top:0px;margin-left:0px;margin-right:0px;padding:0px 0px 0px 15px;padding-bottom:0px;padding-top:0px;padding-left:15px;padding-right:0px;position:relative\" align=\"left\">\n<p id=\"tl_17\">Suporte para cart&atilde;o de mem&oacute;ria: at&eacute; 64G<\/p>\n<\/li>\n<li style=\"font-size:14px;line-height:18px;text-align:left;margin:0px;margin-bottom:0px;margin-top:0px;margin-left:0px;margin-right:0px;padding:0px 0px 0px 15px;padding-bottom:0px;padding-top:0px;padding-left:15px;padding-right:0px;position:relative\" align=\"left\">\n<p id=\"tl_18\">Abertura M&aacute;xima: F1.8<\/p>\n<\/li>\n<li style=\"font-size:14px;line-height:18px;text-align:left;margin:0px;margin-bottom:0px;margin-top:0px;margin-left:0px;margin-right:0px;padding:0px 0px 0px 15px;padding-bottom:0px;padding-top:0px;padding-left:15px;padding-right:0px;position:relative\" align=\"left\">\n<p id=\"tl_19\">Tela de exibi&ccedil;&atilde;o: Sim<\/p>\n<\/li>\n<li style=\"font-size:14px;line-height:18px;text-align:left;margin:0px;margin-bottom:0px;margin-top:0px;margin-left:0px;margin-right:0px;padding:0px 0px 0px 15px;padding-bottom:0px;padding-top:0px;padding-left:15px;padding-right:0px;position:relative\" align=\"left\">\n<p id=\"tl_20\">N&uacute;mero do Modelo: C&acirc;mera de Painel Inteligente YI<\/p>\n<\/li>\n<li style=\"font-size:14px;line-height:18px;text-align:left;margin:0px;margin-bottom:0px;margin-top:0px;margin-left:0px;margin-right:0px;padding:0px 0px 0px 15px;padding-bottom:0px;padding-top:0px;padding-left:15px;padding-right:0px;position:relative\" align=\"left\">\n<p id=\"tl_21\">Peso: 100g e abaixo<\/p>\n<\/li>\n<li style=\"font-size:14px;line-height:18px;text-align:left;margin:0px;margin-bottom:0px;margin-top:0px;margin-left:0px;margin-right:0px;padding:0px 0px 0px 15px;padding-bottom:0px;padding-top:0px;padding-left:15px;padding-right:0px;position:relative\" align=\"left\">\n<p id=\"tl_22\">Tela LCD: 2,7&quot;<\/p>\n<\/li>\n<li style=\"font-size:14px;line-height:18px;text-align:left;margin:0px;margin-bottom:0px;margin-top:0px;margin-left:0px;margin-right:0px;padding:0px 0px 0px 15px;padding-bottom:0px;padding-top:0px;padding-left:15px;padding-right:0px;position:relative\" align=\"left\">\n<p id=\"tl_23\">LCD TFT tipo delta de matriz de pontos gr&aacute;fica 960*240<\/p>\n<\/li>\n<li style=\"font-size:14px;line-height:18px;text-align:left;margin:0px;margin-bottom:0px;margin-top:0px;margin-left:0px;margin-right:0px;padding:0px 0px 0px 15px;padding-bottom:0px;padding-top:0px;padding-left:15px;padding-right:0px;position:relative\" align=\"left\">\n<p id=\"tl_24\">Processador Principal (Suporte M&aacute;ximo a HD): Ambarella A7 (1080P\/60FPS)<\/p>\n<\/li>\n<li style=\"font-size:14px;line-height:18px;text-align:left;margin:0px;margin-bottom:0px;margin-top:0px;margin-left:0px;margin-right:0px;padding:0px 0px 0px 15px;padding-bottom:0px;padding-top:0px;padding-left:15px;padding-right:0px;position:relative\" align=\"left\">\n<p id=\"tl_25\">Lente: Abertura F1.8 \/ FOV (diagonal) lente de vidro grande angular de 165 graus<\/p>\n<\/li>\n<li style=\"font-size:14px;line-height:18px;text-align:left;margin:0px;margin-bottom:0px;margin-top:0px;margin-left:0px;margin-right:0px;padding:0px 0px 0px 15px;padding-bottom:0px;padding-top:0px;padding-left:15px;padding-right:0px;position:relative\" align=\"left\">\n<p id=\"tl_26\">Fonte de alimenta&ccedil;&atilde;o: carregador de carro USB:(Entrada: 10V-30V; Sa&iacute;da 5V\/1A<\/p>\n<\/li>\n<li style=\"font-size:14px;line-height:18px;text-align:left;margin:0px;margin-bottom:0px;margin-top:0px;margin-left:0px;margin-right:0px;padding:0px 0px 0px 15px;padding-bottom:0px;padding-top:0px;padding-left:15px;padding-right:0px;position:relative\" align=\"left\">\n<p id=\"tl_27\">Sensor G: Sensor G de 3 eixos integrado<\/p>\n<\/li>\n<li style=\"font-size:14px;line-height:18px;text-align:left;margin:0px;margin-bottom:0px;margin-top:0px;margin-left:0px;margin-right:0px;padding:0px 0px 0px 15px;padding-bottom:0px;padding-top:0px;padding-left:15px;padding-right:0px;position:relative\" align=\"left\">\n<p id=\"tl_28\">Mont&aacute;vel: suporte de montagem adesivo<\/p>\n<\/li>\n<li style=\"font-size:14px;line-height:18px;text-align:left;margin:0px;margin-bottom:0px;margin-top:0px;margin-left:0px;margin-right:0px;padding:0px 0px 0px 15px;padding-bottom:0px;padding-top:0px;padding-left:15px;padding-right:0px;position:relative\" align=\"left\">\n<p id=\"tl_29\">Velocidade de disparo: N\/A, suporta apenas grava&ccedil;&atilde;o de v&iacute;deo e instant&acirc;neo<\/p>\n<\/li>\n<li style=\"font-size:14px;line-height:18px;text-align:left;margin:0px;margin-bottom:0px;margin-top:0px;margin-left:0px;margin-right:0px;padding:0px 0px 0px 15px;padding-bottom:0px;padding-top:0px;padding-left:15px;padding-right:0px;position:relative\" align=\"left\">\n<p id=\"tl_30\">Wi-Fi: O Wi-Fi suporta banda &uacute;nica de 2,4 GHz e padr&atilde;o 802.11n<\/p>\n<\/li>\n<li style=\"font-size:14px;line-height:18px;text-align:left;margin:0px;margin-bottom:0px;margin-top:0px;margin-left:0px;margin-right:0px;padding:0px 0px 0px 15px;padding-bottom:0px;padding-top:0px;padding-left:15px;padding-right:0px;position:relative\" align=\"left\">\n<p id=\"tl_31\">Armazenamento: cart&atilde;o microSD de 8-64 GB Classe 10 ou superior com formato FAT32<\/p>\n<\/li>\n<li style=\"font-size:14px;line-height:18px;text-align:left;margin:0px;margin-bottom:0px;margin-top:0px;margin-left:0px;margin-right:0px;padding:0px 0px 0px 15px;padding-bottom:0px;padding-top:0px;padding-left:15px;padding-right:0px;position:relative\" align=\"left\">\n<p id=\"tl_32\">Sensor de Imagem: Sensor CMOS de 1\/2,7&quot; com pixel unit&aacute;rio de 3,0m, 1928&#215;108 pixels efetivos<\/p>\n<\/li>\n<li style=\"font-size:14px;line-height:18px;text-align:left;margin:0px;margin-bottom:0px;margin-top:0px;margin-left:0px;margin-right:0px;padding:0px 0px 0px 15px;padding-bottom:0px;padding-top:0px;padding-left:15px;padding-right:0px;position:relative\" align=\"left\">\n<p id=\"tl_33\">Processador: Chip YI Personalizado \/ A12-60 dual core<\/p>\n<\/li>\n<\/ul>\n<p><img data-recalc-dims=\"1\" decoding=\"async\" src=\"https:\/\/i0.wp.com\/ae01.alicdn.com\/kf\/S6ba45ae034b54cff856cb062bb7e6f7dB.jpg?w=1200&#038;ssl=1\" \/><\/p>\n<p style=\"text-align:left;margin:0px;margin-bottom:0px;margin-top:0px;margin-left:0px;margin-right:0px\" align=\"left\"><img data-recalc-dims=\"1\" decoding=\"async\" src=\"https:\/\/i0.wp.com\/ae01.alicdn.com\/kf\/S78e58e97fc92497ea3a37277f1d8aa18D.jpg?w=1200&#038;ssl=1\" \/><img data-recalc-dims=\"1\" decoding=\"async\" src=\"https:\/\/i0.wp.com\/ae01.alicdn.com\/kf\/S43d2627b73584dff8c31994da0342ec32.jpg?w=1200&#038;ssl=1\" \/><\/p>\n<p><span class=\"src\" style=\"font-size:28px;, Meiryo, sans-serif\" id=\"tl_34\">Uma CPL (lente polarizadora circular) opcional pode ser usada para reduzir<\/span><\/p>\n<p style=\", Roboto, Arial, Helvetica, sans-serif, SimSun;font-size:14px;font-weight:400;letter-spacing:normal;line-height:inherit;text-align:start;white-space:normal;border:0px;margin:0px;margin-bottom:0px;margin-top:0px;margin-left:0px;margin-right:0px;padding:0px;padding-bottom:0px;padding-top:0px;padding-left:0px;padding-right:0px\" align=\"start\"><span class=\"src\" style=\"font-size:28px;, Meiryo, sans-serif\" id=\"tl_35\">reflexos e brilho que, de outra forma, poderiam prejudicar a qualidade da imagem. (Opcional)<\/span><\/p>\n<p style=\", Roboto, Arial, Helvetica, sans-serif, SimSun;font-size:14px;font-weight:400;letter-spacing:normal;line-height:inherit;text-align:start;white-space:normal;border:0px;margin:0px;margin-bottom:0px;margin-top:0px;margin-left:0px;margin-right:0px;padding:0px;padding-bottom:0px;padding-top:0px;padding-left:0px;padding-right:0px\" align=\"start\"><img data-recalc-dims=\"1\" loading=\"lazy\" decoding=\"async\" style=\"border:0px;margin:0px;margin-bottom:0px;margin-top:0px;margin-left:0px;margin-right:0px;padding:0px;padding-bottom:0px;padding-top:0px;padding-left:0px;padding-right:0px;max-width:100%\" width=\"800\" height=\"1131\" src=\"https:\/\/i0.wp.com\/ae01.alicdn.com\/kf\/Sd24775f6ba8e442e9355bf8d20302fab8.jpg?resize=800%2C1131&#038;ssl=1\" \/><\/p>\n<p><img data-recalc-dims=\"1\" decoding=\"async\" src=\"https:\/\/i0.wp.com\/ae01.alicdn.com\/kf\/S2eb245687ab745c080e15049669d716da.jpg?w=1200&#038;ssl=1\" \/><\/p>\n<div>\n   \n  <\/div>\n<div>\n   <img data-recalc-dims=\"1\" decoding=\"async\" src=\"https:\/\/i0.wp.com\/ae01.alicdn.com\/kf\/S90f8fc68f72541a0af163fc39bb71ad9k.jpg?w=1200&#038;ssl=1\" \/><br \/>\n   \n  <\/div>\n<p><img data-recalc-dims=\"1\" decoding=\"async\" style=\", Helvetica, sans-serif;font-size:14px;font-weight:400;letter-spacing:normal;text-align:left;white-space:break-spaces;margin:0px;margin-bottom:0px;margin-top:0px;margin-left:0px;margin-right:0px;padding:0px;padding-bottom:0px;padding-top:0px;padding-left:0px;padding-right:0px;display:inline;max-width:100%;width:800px;height:1175px\"   src=\"https:\/\/i0.wp.com\/ae01.alicdn.com\/kf\/S8c9ace46eb044642aa74839685e24feco.jpg?w=1200&#038;ssl=1\" \/><\/p>\n<p><img data-recalc-dims=\"1\" decoding=\"async\" src=\"https:\/\/i0.wp.com\/ae01.alicdn.com\/kf\/S2b96db7b4ed14e778e64533c8300662eQ.jpg?w=1200&#038;ssl=1\" \/><img data-recalc-dims=\"1\" decoding=\"async\" style=\", Helvetica, sans-serif;font-size:14px;font-weight:400;letter-spacing:normal;text-align:left;white-space:break-spaces;margin:0px;margin-bottom:0px;margin-top:0px;margin-left:0px;margin-right:0px;padding:0px;padding-bottom:0px;padding-top:0px;padding-left:0px;padding-right:0px;display:inline;max-width:100%;width:800px;height:1001px\"   src=\"https:\/\/i0.wp.com\/ae01.alicdn.com\/kf\/S93fb93b0293f4c8e9516e3de4836936bh.jpg?w=1200&#038;ssl=1\" \/><img data-recalc-dims=\"1\" decoding=\"async\" style=\", Helvetica, sans-serif;font-size:14px;font-weight:400;letter-spacing:normal;text-align:left;white-space:break-spaces;margin:0px;margin-bottom:0px;margin-top:0px;margin-left:0px;margin-right:0px;padding:0px;padding-bottom:0px;padding-top:0px;padding-left:0px;padding-right:0px;display:inline;max-width:100%;width:800px;height:689px\"   src=\"https:\/\/i0.wp.com\/ae01.alicdn.com\/kf\/S912b5792c2f24c828430d3fd7f31fdbeu.jpg?w=1200&#038;ssl=1\" \/><img data-recalc-dims=\"1\" decoding=\"async\" style=\", Helvetica, sans-serif;font-size:14px;font-weight:400;letter-spacing:normal;text-align:left;white-space:break-spaces;margin:0px;margin-bottom:0px;margin-top:0px;margin-left:0px;margin-right:0px;padding:0px;padding-bottom:0px;padding-top:0px;padding-left:0px;padding-right:0px;display:inline;max-width:100%;width:800px;height:932px\"   src=\"https:\/\/i0.wp.com\/ae01.alicdn.com\/kf\/S962c3362025346dc88862b90700428afL.jpg?w=1200&#038;ssl=1\" \/><img data-recalc-dims=\"1\" decoding=\"async\" style=\", Helvetica, sans-serif;font-size:14px;font-weight:400;letter-spacing:normal;text-align:left;white-space:break-spaces;margin:0px;margin-bottom:0px;margin-top:0px;margin-left:0px;margin-right:0px;padding:0px;padding-bottom:0px;padding-top:0px;padding-left:0px;padding-right:0px;display:inline;max-width:100%;width:800px;height:761px\"   src=\"https:\/\/i0.wp.com\/ae01.alicdn.com\/kf\/Sc27f7c2011514788957426a37d468addv.jpg?w=1200&#038;ssl=1\" \/><\/p>\n<div>\n   \n  <\/div>\n<div><\/div>\n<\/p><\/div>\n<\/div>\n<p><\/p>\n<\/div>\n<\/div>\n","protected":false},"excerpt":{"rendered":"<p>&nbsp; &nbsp; &nbsp; C&acirc;mera de painel inteligente YI para carro ADAS 2.7 Tela Full HD 1080P Dash Cam com vis&atilde;o noturna ADAS vers&atilde;o internacional em ingl&ecirc;s Vers&atilde;o internacional C10 Nome da Marca: Yi Carregamento: Cabo USB Volume: 74*19,4*52,4mm Grande angular: 160&deg; Suporte Wi-Fi: Sim Fun&ccedil;&atilde;o NightShot: Sim Sensor de imagem: Outras s&eacute;ries SONY Tamanho do&hellip;&nbsp;<\/p>\n","protected":false},"featured_media":716,"template":"","meta":{"neve_meta_sidebar":"","neve_meta_container":"","neve_meta_enable_content_width":"","neve_meta_content_width":0,"neve_meta_title_alignment":"","neve_meta_author_avatar":"","neve_post_elements_order":"","neve_meta_disable_header":"","neve_meta_disable_footer":"","neve_meta_disable_title":""},"product_brand":[],"product_cat":[40,20,17],"product_tag":[],"class_list":{"0":"post-722","1":"product","2":"type-product","3":"status-publish","4":"has-post-thumbnail","6":"product_cat-dvr-para-carro","7":"product_cat-eletronicos-automotivos","8":"product_cat-pecas-e-acessorios-automotivos","10":"first","11":"instock","12":"shipping-taxable","13":"purchasable","14":"product-type-variable","15":"has-default-attributes"},"jetpack_sharing_enabled":true,"_links":{"self":[{"href":"https:\/\/listman.shop\/autoparts-br\/wp-json\/wp\/v2\/product\/722","targetHints":{"allow":["GET"]}}],"collection":[{"href":"https:\/\/listman.shop\/autoparts-br\/wp-json\/wp\/v2\/product"}],"about":[{"href":"https:\/\/listman.shop\/autoparts-br\/wp-json\/wp\/v2\/types\/product"}],"wp:featuredmedia":[{"embeddable":true,"href":"https:\/\/listman.shop\/autoparts-br\/wp-json\/wp\/v2\/media\/716"}],"wp:attachment":[{"href":"https:\/\/listman.shop\/autoparts-br\/wp-json\/wp\/v2\/media?parent=722"}],"wp:term":[{"taxonomy":"product_brand","embeddable":true,"href":"https:\/\/listman.shop\/autoparts-br\/wp-json\/wp\/v2\/product_brand?post=722"},{"taxonomy":"product_cat","embeddable":true,"href":"https:\/\/listman.shop\/autoparts-br\/wp-json\/wp\/v2\/product_cat?post=722"},{"taxonomy":"product_tag","embeddable":true,"href":"https:\/\/listman.shop\/autoparts-br\/wp-json\/wp\/v2\/product_tag?post=722"}],"curies":[{"name":"wp","href":"https:\/\/api.w.org\/{rel}","templated":true}]}}