{"id":7542,"date":"2024-11-08T08:38:39","date_gmt":"2024-11-07T23:38:39","guid":{"rendered":"https:\/\/listman.shop\/autoparts-br\/product\/1005006618573718\/"},"modified":"2026-04-14T18:44:08","modified_gmt":"2026-04-14T09:44:08","slug":"1005006618573718","status":"publish","type":"product","link":"https:\/\/listman.shop\/autoparts-br\/product\/1005006618573718\/","title":{"rendered":"200mm w205 w253 carro cromado fibra de carbono console central interruptor bra\u00e7o bot\u00e3o guarni\u00e7\u00e3o capa para benz c glc c200 glc300 2056803407"},"content":{"rendered":"<div class=\"detailmodule_html\">\n<div class=\"detail-desc-decorate-richtext\">\n<p><span style=\"font-size:20px\"><strong id=\"tl_1\">Nome do produto:<\/strong><\/span><span style=\"font-size:20px\" id=\"tl_2\">200mm w205 w253 carro cromado fibra carbono centro console bra&ccedil;o bot&atilde;o interruptor guarni&ccedil;&atilde;o capa para benzen c gLC c200 gl300 2056803407<\/span><\/p>\n<p><\/p>\n<p><span style=\"font-size:18px\"><strong id=\"tl_3\">Montagem:<\/strong><\/span><\/p>\n<p><span style=\"font-size:18px\" id=\"tl_4\">Para Mercedes BENZ Classe C W205 2014-2021<\/span><\/p>\n<p><span style=\"font-size:18px\" id=\"tl_5\">Para Mercedes BENZ Classe GLC W253 2015-2021<\/span><\/p>\n<p><span style=\"font-size:18px\"><strong id=\"tl_6\">LHD e RHD podem ser usados<\/strong><\/span><\/p>\n<p><span style=\"font-size:18px\"><strong id=\"tl_7\">Este link s&oacute; pode caber em comprimento de 200 mm<\/strong><\/span><\/p>\n<p><span style=\"font-size:18px\"><br \/><\/span><\/p>\n<p><span style=\"font-size:18px\"><strong id=\"tl_8\">N&uacute;mero da pe&ccedil;a:<\/strong><\/span><span style=\"font-size:18px\">2056803407<\/span><\/p>\n<p><span style=\"font-size:18px\"><br \/><\/span><\/p>\n<p><span style=\"font-size:18px\"><strong id=\"tl_9\">Cor:<\/strong><\/span><span style=\"font-size:18px\" id=\"tl_10\">Prata\/Fibra de Carbono<\/span><\/p>\n<p><span style=\"font-size:18px\"><br \/><\/span><\/p>\n<p><span style=\"font-size:18px\"><strong id=\"tl_11\">Material:<\/strong><\/span><span style=\"font-size:18px\" id=\"tl_12\">ABS + PC de alta qualidade, cromado prateado, fibra de carbono com impress&atilde;o por hidrotransfer&ecirc;ncia.<\/span><\/p>\n<p><span style=\"font-size:18px\"><br \/><\/span><\/p>\n<p><span style=\"font-size:18px\"><strong id=\"tl_13\">Caracter&iacute;sticas:<\/strong><\/span><\/p>\n<p><span style=\"font-size:18px\" id=\"tl_14\">*De acordo com as especifica&ccedil;&otilde;es originais de f&aacute;brica.<\/span><\/p>\n<p><span style=\"font-size:18px\" id=\"tl_15\">*Design e material atualizados, n&atilde;o s&atilde;o f&aacute;ceis de quebrar.<\/span><\/p>\n<p><span style=\"font-size:18px\" id=\"tl_16\">*Substitui&ccedil;&atilde;o direta, f&aacute;cil de usar e operar.<\/span><\/p>\n<p><span style=\"font-size:18px\" id=\"tl_17\">* Melhorar&aacute; drasticamente a apar&ecirc;ncia esportiva do seu carro.<\/span><\/p>\n<p><\/p>\n<p><strong><span style=\"font-size:18px\" id=\"tl_18\">Por favor verifique se o seu OE N&Atilde;O.e o tamanho corresponde ao nosso produto antes de comprar!!<\/span><\/strong><\/p>\n<p><img data-recalc-dims=\"1\" loading=\"lazy\" decoding=\"async\" width=\"944\" height=\"944\" src=\"https:\/\/i0.wp.com\/ae01.alicdn.com\/kf\/S811e9ff20bf8414db3958d3465566dc8F.jpg?resize=944%2C944&#038;ssl=1\" \/><\/p>\n<p><img data-recalc-dims=\"1\" decoding=\"async\" src=\"https:\/\/i0.wp.com\/ae01.alicdn.com\/kf\/Sb813148537f24317bcdd23cbb56fde89u.png?w=1200&#038;ssl=1\" \/><img data-recalc-dims=\"1\" decoding=\"async\" src=\"https:\/\/i0.wp.com\/ae01.alicdn.com\/kf\/Sf17365edcbe94c8b9b631389e3e53c26r.jpg?w=1200&#038;ssl=1\" \/><img data-recalc-dims=\"1\" decoding=\"async\" src=\"https:\/\/i0.wp.com\/ae01.alicdn.com\/kf\/Sb2cca83a503f456cb89e546b3e858903W.jpg?w=1200&#038;ssl=1\" \/><img data-recalc-dims=\"1\" decoding=\"async\" src=\"https:\/\/i0.wp.com\/ae01.alicdn.com\/kf\/Sdb98a63170b84c9d85424bb97aa51f71V.jpg?w=1200&#038;ssl=1\" \/><img data-recalc-dims=\"1\" decoding=\"async\" src=\"https:\/\/i0.wp.com\/ae01.alicdn.com\/kf\/Sba38d473a886479697af1d25cba0c8882.jpg?w=1200&#038;ssl=1\" \/><\/p>\n<p class=\"MsoNormal\" id=\"tl_19\">*Por favor, verifique a descri&ccedil;&atilde;o detalhada do produto e certifique-se de que as pe&ccedil;as s&atilde;o adequadas para o seu carro antes de comprar.Se voc&ecirc; n&atilde;o conseguir confirmar se a pe&ccedil;a cabe no seu carro ou n&atilde;o, entre em contato conosco.Se voc&ecirc; encomendou os produtos errados, poder&aacute; nos devolver, mas precisar&aacute; pagar o frete.<\/p>\n<p class=\"MsoNormal\" id=\"tl_20\">*Embora tenhamos tentado o nosso melhor para garantir que as imagens sejam precisas, devido &agrave; diferen&ccedil;a de luz e tela, a cor do produto pode ser ligeiramente diferente da imagem.Mercadoria real para prevalecer em esp&eacute;cie.<\/p>\n<p class=\"MsoNormal\" id=\"tl_21\">*Por favor, confirme os endere&ccedil;os de entrega, tel.N&atilde;o., o nome do destinat&aacute;rio e o ID fiscal s&atilde;o detalhados e exatamente corretos.<\/p>\n<p class=\"MsoNormal\" id=\"tl_22\">*Se voc&ecirc; n&atilde;o conseguir substituir bem as pe&ccedil;as sozinho, poder&aacute; reajust&aacute;-las ou ir &agrave; loja de manuten&ccedil;&atilde;o profissional local para instal&aacute;-las.<\/p>\n<p class=\"MsoNormal\" id=\"tl_23\">* Quaisquer danos e instala&ccedil;&atilde;o inadequada durante a instala&ccedil;&atilde;o n&atilde;o permitir&atilde;o obter reembolso de dinheiro.<\/p>\n<p class=\"MsoNormal\"><img data-recalc-dims=\"1\" decoding=\"async\" src=\"https:\/\/i0.wp.com\/ae01.alicdn.com\/kf\/S7d8414eec291485390436e06485f2e69Y.jpg?w=1200&#038;ssl=1\" \/><\/p>\n<p class=\"MsoNormal\" id=\"tl_24\">*Normalmente, o pedido ser&aacute; enviado dentro de 2 a 7 dias &uacute;teis ap&oacute;s receber o pagamento on-line, excluindo feriados.Aguarde de 24 a 48 horas para que os detalhes de rastreamento sejam atualizados online.<\/p>\n<p class=\"MsoNormal\" id=\"tl_25\">*Os dias de envio depender&aacute;&atilde;o da entrega do correio.Se voc&ecirc; n&atilde;o recebeu o pacote dentro de 45 dias, entre em contato conosco para que possamos rastre&aacute;-lo para voc&ecirc;.<\/p>\n<p class=\"MsoNormal\" id=\"tl_26\">*Se o pacote foi danificado durante o transporte, recuse-se a aceit&aacute;-lo e mantenha o registro e as evid&ecirc;ncias de reclama&ccedil;&atilde;o.<\/p>\n<p class=\"MsoNormal\" id=\"tl_27\"><img data-recalc-dims=\"1\" decoding=\"async\" src=\"https:\/\/i0.wp.com\/ae01.alicdn.com\/kf\/S2a75ac035fc64a7eae23dffe2df631d78.jpg?w=1200&#038;ssl=1\" \/>*Se voc&ecirc; n&atilde;o estiver satisfeito com nossos produtos, poder&aacute; devolv&ecirc;-los no prazo de 30 dias para substitui&ccedil;&atilde;o ou devolu&ccedil;&atilde;o do dinheiro.ent&atilde;o atualize o n&uacute;mero de rastreamento.de devolver o pacote no pedido de disputa.entre em contato conosco antes de devolv&ecirc;-lo.<\/p>\n<p class=\"MsoNormal\" id=\"tl_28\">*O imposto de importa&ccedil;&atilde;o do pacote ser&aacute; pago pelos compradores.Se o comprador se recusar a fazer o desembara&ccedil;o aduaneiro ou se recusar a aceitar o pacote da transportadora local para que o pacote seja destru&iacute;do ou faltando, n&atilde;o reembolsaremos aos clientes.<\/p>\n<p class=\"MsoNormal\" id=\"tl_29\">* Deixe-nos um coment&aacute;rio positivo se estiver satisfeito com nossos produtos e servi&ccedil;os, caso contr&aacute;rio, sinta-se &agrave; vontade para entrar em contato conosco, faremos o poss&iacute;vel para oferecer a solu&ccedil;&atilde;o.<\/p>\n<p class=\"MsoNormal\" id=\"tl_30\">*Adicionaremos os clientes &agrave; nossa lista negra que deixar&atilde;o o coment&aacute;rio negativo apesaramente.<\/p>\n<p style=\"line-height:13.6pt;margin:0pt 0pt 8.15pt;margin-bottom:8.15pt;margin-top:0pt;margin-left:0pt;margin-right:0pt;padding:0pt 0pt 0pt 0em;padding-bottom:0pt;padding-top:0pt;padding-right:0pt\" class=\"p\"><img data-recalc-dims=\"1\" decoding=\"async\" src=\"https:\/\/i0.wp.com\/ae01.alicdn.com\/kf\/Sfc0d6457b1a54a10afa878721555a393V.jpg?w=1200&#038;ssl=1\" \/><\/p>\n<\/div>\n<\/div>\n","protected":false},"excerpt":{"rendered":"<p>Nome do produto:200mm w205 w253 carro cromado fibra carbono centro console bra&ccedil;o bot&atilde;o interruptor guarni&ccedil;&atilde;o capa para benzen c gLC c200 gl300 2056803407 Montagem: Para Mercedes BENZ Classe C W205 2014-2021 Para Mercedes BENZ Classe GLC W253 2015-2021 LHD e RHD podem ser usados Este link s&oacute; pode caber em comprimento de 200 mm N&uacute;mero&hellip;&nbsp;<\/p>\n","protected":false},"featured_media":7536,"template":"","meta":{"neve_meta_sidebar":"","neve_meta_container":"","neve_meta_enable_content_width":"","neve_meta_content_width":0,"neve_meta_title_alignment":"","neve_meta_author_avatar":"","neve_post_elements_order":"","neve_meta_disable_header":"","neve_meta_disable_footer":"","neve_meta_disable_title":""},"product_brand":[],"product_cat":[22,17,37],"product_tag":[],"class_list":{"0":"post-7542","1":"product","2":"type-product","3":"status-publish","4":"has-post-thumbnail","6":"product_cat-partes-interiores","7":"product_cat-pecas-e-acessorios-automotivos","8":"product_cat-pecas-interiores","10":"first","11":"instock","12":"shipping-taxable","13":"purchasable","14":"product-type-variable","15":"has-default-attributes"},"jetpack_sharing_enabled":true,"_links":{"self":[{"href":"https:\/\/listman.shop\/autoparts-br\/wp-json\/wp\/v2\/product\/7542","targetHints":{"allow":["GET"]}}],"collection":[{"href":"https:\/\/listman.shop\/autoparts-br\/wp-json\/wp\/v2\/product"}],"about":[{"href":"https:\/\/listman.shop\/autoparts-br\/wp-json\/wp\/v2\/types\/product"}],"wp:featuredmedia":[{"embeddable":true,"href":"https:\/\/listman.shop\/autoparts-br\/wp-json\/wp\/v2\/media\/7536"}],"wp:attachment":[{"href":"https:\/\/listman.shop\/autoparts-br\/wp-json\/wp\/v2\/media?parent=7542"}],"wp:term":[{"taxonomy":"product_brand","embeddable":true,"href":"https:\/\/listman.shop\/autoparts-br\/wp-json\/wp\/v2\/product_brand?post=7542"},{"taxonomy":"product_cat","embeddable":true,"href":"https:\/\/listman.shop\/autoparts-br\/wp-json\/wp\/v2\/product_cat?post=7542"},{"taxonomy":"product_tag","embeddable":true,"href":"https:\/\/listman.shop\/autoparts-br\/wp-json\/wp\/v2\/product_tag?post=7542"}],"curies":[{"name":"wp","href":"https:\/\/api.w.org\/{rel}","templated":true}]}}