{"id":7553,"date":"2024-11-08T08:38:49","date_gmt":"2024-11-07T23:38:49","guid":{"rendered":"https:\/\/listman.shop\/autoparts-br\/product\/1005006619388515\/"},"modified":"2026-04-14T21:13:06","modified_gmt":"2026-04-14T12:13:06","slug":"1005006619388515","status":"publish","type":"product","link":"https:\/\/listman.shop\/autoparts-br\/product\/1005006619388515\/","title":{"rendered":"Tear turbocompresso da cablagem da bobina de igni\u00e7\u00e3o 1.8T para Audi VW 1.8T 034-701-0004 0347010004"},"content":{"rendered":"<div class=\"detailmodule_html\">\n<div class=\"detail-desc-decorate-richtext\">\n<div class=\"detailmodule_html\">\n<div class=\"detail-desc-decorate-richtext\">\n<div style=\"font-size: 18px\">\n<p><span style=\"font-size:20px\"><\/span> <span style=\"color:#e74c3c\"><span style=\"font-size:24px\"><strong>Montagem:<\/strong><\/span><\/span><br \/>\n<span style=\"font-size:20px\">1997 &#8211; 2006 Audi A4 1,8L L4 Turbo<br \/>1997 &#8211; 2005 Audi A4 Quattro 1.8L L4 Turbo<br \/>1999 &#8211; 2006 Audi TT 1.8L L4 Turbo<br \/>2000 &#8211; 2006 Audi TT Quattro 1.8L L4 Turbo<br \/>1999 &#8211; 2005 Volkswagen Beetle 1.8L L4 Turbo<br \/>2000 &#8211; 2006 Volkswagen Golf 1,8L L4 Turbo<br \/>2000 &#8211; 2005 Volkswagen Jetta 1.8L L4 Turbo<br \/>1998 &#8211; 2005 Volkswagen Passat 1.8L L4 Turbo<br \/>Para NP-18WHKIT, 034-701-0004, 06B998018T,0347010004<\/span><\/p>\n<p>\n<span style=\"color:#e74c3c\"><span style=\"font-size:24px\"><strong>Caracter\u00edsticas:<\/strong><\/span><\/span><br \/>\n<span style=\"font-size:20px\">O chicote da bobina de igni\u00e7\u00e3o segura os fios que conectam a caixa de igni\u00e7\u00e3o \u00e0 bobina de igni\u00e7\u00e3o.O chicote \u00e9 feito de um material resistente ao calor que mant\u00e9m os fios no lugar para evitar vibra\u00e7\u00f5es e desgaste no ve\u00edculo.<br \/>Adequado para TT A4 1.8T 1997-2006.Os n\u00fameros das pe\u00e7as s\u00e3o 06B998018T, 034-701-0004.Este chicote de chave de igni\u00e7\u00e3o \u00e9 adequado para o seu carro.Substitua perfeitamente o conjunto antigo ou desgastado.<br \/>Feito de material resistente ao calor, este chicote de bobina de igni\u00e7\u00e3o \u00e9 est\u00e1vel, anticorrosivo, s\u00f3lido, dur\u00e1vel e tem uma longa vida \u00fatil.<br \/>Use o molde de fundi\u00e7\u00e3o do chicote da bobina de igni\u00e7\u00e3o original, garanta um bom alinhamento com o painel da estrutura original, para torn\u00e1-lo totalmente compat\u00edvel com o modelo do carro.<br \/>Substitui\u00e7\u00e3o direta, sem perfura\u00e7\u00e3o ou corte, este interruptor de igni\u00e7\u00e3o \u00e9 f\u00e1cil de instalar.<\/span><\/p>\n<p><span style=\"color:#e74c3c\"><span style=\"font-size:24px\"><strong>O pacote inclui:<\/strong><\/span><\/span><br \/>\n<span style=\"font-size:20px\">1 conjunto de chicote de fia\u00e7\u00e3o da bobina de igni\u00e7\u00e3o<\/span><\/p>\n<p><span style=\"color:#e74c3c\"><span style=\"font-size:24px\"><strong>Nota:<\/strong><\/span><\/span><br \/>\n<span style=\"font-size:20px\">1.A cor dos itens reais pode ser ligeiramente diferente das imagens da lista devido \u00e0s diferentes telas do computador, obrigado pela sua compreens\u00e3o.<br \/>2.Todas as dimens\u00f5es s\u00e3o medidas \u00e0 m\u00e3o. Por favor, permita uma diferen\u00e7a de 0,5-1 polegada devido \u00e0 medi\u00e7\u00e3o manual.(1 polegada = 2,54 cm).<br \/>3. A instru\u00e7\u00e3o n\u00e3o est\u00e1 inclu\u00edda. A instala\u00e7\u00e3o profissional \u00e9 altamente recomendada!<br \/>\n<img data-recalc-dims=\"1\" decoding=\"async\" src=\"https:\/\/i0.wp.com\/ae01.alicdn.com\/kf\/S5e294eb6e64146429c949d51804ecb12h.jpg?w=1200&#038;ssl=1\"><img data-recalc-dims=\"1\" decoding=\"async\" src=\"https:\/\/i0.wp.com\/ae01.alicdn.com\/kf\/Sa2385a0d3e684e0b83d1c08d7e2cbd674.jpg?w=1200&#038;ssl=1\"><img data-recalc-dims=\"1\" decoding=\"async\" src=\"https:\/\/i0.wp.com\/ae01.alicdn.com\/kf\/S61cd0529b2664c0b8b2dfce65b31d07dP.jpg?w=1200&#038;ssl=1\"><img data-recalc-dims=\"1\" decoding=\"async\" src=\"https:\/\/i0.wp.com\/ae01.alicdn.com\/kf\/S5a5b26fe3c324f76ab130c97d735e413z.jpg?w=1200&#038;ssl=1\"><img data-recalc-dims=\"1\" decoding=\"async\" src=\"https:\/\/i0.wp.com\/ae01.alicdn.com\/kf\/S260204b5ad404cb1b3a3cdf7df4120aak.jpg?w=1200&#038;ssl=1\"><img data-recalc-dims=\"1\" decoding=\"async\" src=\"https:\/\/i0.wp.com\/ae01.alicdn.com\/kf\/Sd17ca545789f4956a33bd61d404e3966J.jpg?w=1200&#038;ssl=1\"><\/span><\/div>\n<\/div>\n<\/div>\n<\/div>\n<\/div>\n","protected":false},"excerpt":{"rendered":"<p>Montagem: 1997 &#8211; 2006 Audi A4 1,8L L4 Turbo1997 &#8211; 2005 Audi A4 Quattro 1.8L L4 Turbo1999 &#8211; 2006 Audi TT 1.8L L4 Turbo2000 &#8211; 2006 Audi TT Quattro 1.8L L4 Turbo1999 &#8211; 2005 Volkswagen Beetle 1.8L L4 Turbo2000 &#8211; 2006 Volkswagen Golf 1,8L L4 Turbo2000 &#8211; 2005 Volkswagen Jetta 1.8L L4 Turbo1998 &#8211; 2005&hellip;&nbsp;<\/p>\n","protected":false},"featured_media":7547,"template":"","meta":{"neve_meta_sidebar":"","neve_meta_container":"","neve_meta_enable_content_width":"","neve_meta_content_width":0,"neve_meta_title_alignment":"","neve_meta_author_avatar":"","neve_post_elements_order":"","neve_meta_disable_header":"","neve_meta_disable_footer":"","neve_meta_disable_title":""},"product_brand":[],"product_cat":[26,17,35],"product_tag":[],"class_list":{"0":"post-7553","1":"product","2":"type-product","3":"status-publish","4":"has-post-thumbnail","6":"product_cat-pecas-de-desgaste","7":"product_cat-pecas-e-acessorios-automotivos","8":"product_cat-sistema-de-ignicao","10":"first","11":"instock","12":"shipping-taxable","13":"purchasable","14":"product-type-variable"},"jetpack_sharing_enabled":true,"_links":{"self":[{"href":"https:\/\/listman.shop\/autoparts-br\/wp-json\/wp\/v2\/product\/7553","targetHints":{"allow":["GET"]}}],"collection":[{"href":"https:\/\/listman.shop\/autoparts-br\/wp-json\/wp\/v2\/product"}],"about":[{"href":"https:\/\/listman.shop\/autoparts-br\/wp-json\/wp\/v2\/types\/product"}],"wp:featuredmedia":[{"embeddable":true,"href":"https:\/\/listman.shop\/autoparts-br\/wp-json\/wp\/v2\/media\/7547"}],"wp:attachment":[{"href":"https:\/\/listman.shop\/autoparts-br\/wp-json\/wp\/v2\/media?parent=7553"}],"wp:term":[{"taxonomy":"product_brand","embeddable":true,"href":"https:\/\/listman.shop\/autoparts-br\/wp-json\/wp\/v2\/product_brand?post=7553"},{"taxonomy":"product_cat","embeddable":true,"href":"https:\/\/listman.shop\/autoparts-br\/wp-json\/wp\/v2\/product_cat?post=7553"},{"taxonomy":"product_tag","embeddable":true,"href":"https:\/\/listman.shop\/autoparts-br\/wp-json\/wp\/v2\/product_tag?post=7553"}],"curies":[{"name":"wp","href":"https:\/\/api.w.org\/{rel}","templated":true}]}}