{"id":758,"date":"2024-10-12T18:59:52","date_gmt":"2024-10-12T09:59:52","guid":{"rendered":"https:\/\/listman.shop\/autoparts-br\/product\/1005006030299323\/"},"modified":"2026-04-27T18:19:51","modified_gmt":"2026-04-27T09:19:51","slug":"1005006030299323","status":"publish","type":"product","link":"https:\/\/listman.shop\/autoparts-br\/product\/1005006030299323\/","title":{"rendered":"R\u00e1dio Automotivo Nunoo Android 14 com Carplay Sem Fio para Lexus IS RC 200 250 300 350 200t 300h, Reprodutor Multim\u00eddia com Navega\u00e7\u00e3o GPS e DSP"},"content":{"rendered":"<div class=\"detailmodule_html\">\n<div class=\"detail-desc-decorate-richtext\">\n<p><strong><span style=\"font-size:20px\" id=\"tl_1\">Nunoo android 14 sem fio carplay r&aacute;dio autom&aacute;tico para lexus is rc 200 250 300 350 200t 300h reprodutor multim&iacute;dia navega&ccedil;&atilde;o gps dsp<\/span><\/strong><\/p>\n<div class=\"detailmodule_html\">\n<div class=\"detail-desc-decorate-richtext\">\n<div class=\"detailmodule_html\">\n<div class=\"detail-desc-decorate-richtext\">\n<div class=\"detailmodule_html\">\n<div class=\"detail-desc-decorate-richtext\">\n<div class=\"detailmodule_html\">\n<div class=\"detail-desc-decorate-richtext\">\n<p><\/p>\n<p><i><span style=\"font-size:20px;font-family:arial, helvetica, sans-serif\"><strong id=\"tl_2\">Adequado para<\/strong><\/span><\/i><span style=\"font-size:18px;font-family:arial, helvetica, sans-serif\"><i id=\"tl_3\">Lexus &Eacute; XE30 RC XC10 2009-2017<\/i><\/span><\/p>\n<div>\n         \n        <\/div>\n<p id=\"tl_4\">\u25b6 Especifica&ccedil;&otilde;es <\/p>\n<p id=\"tl_5\">SO: Android 14<\/p>\n<p><span style=\"font-size:14px;font-family:arial, helvetica, sans-serif\"><span id=\"tl_6\">Aplic&aacute;vel ao volante &agrave; esquerda e ao volante &agrave; direita<\/span><\/span><\/p>\n<p id=\"tl_7\">CPU: Qualcomm Snapdragon 665 \/ MTK 8581 (op&ccedil;&atilde;o) <\/p>\n<p id=\"tl_8\">Tela sens&iacute;vel ao toque IPS de alta resolu&ccedil;&atilde;o de 10,25 polegadas 1920 * 720 <\/p>\n<p id=\"tl_9\">RAM\/ROM: 4 GB, 8 GB\/32 GB, 64 GB, 128 GB, 256 GB<\/p>\n<div>\n         \n        <\/div>\n<div class=\"detailmodule_html\">\n<div class=\"detail-desc-decorate-richtext\">\n<div class=\"detailmodule_html\">\n<div class=\"detail-desc-decorate-richtext\">\n<div class=\"detailmodule_html\">\n<div class=\"detail-desc-decorate-richtext\">\n<p id=\"tl_10\">\u25b6 Principais recursos<\/p>\n<p id=\"tl_11\">\u2013 Plug &amp; Play, sem necessidade de codifica&ccedil;&atilde;o.<\/p>\n<p id=\"tl_12\">\u2013 Sistema duplo, OEM e Android, alterne livremente e suporte a fun&ccedil;&otilde;es originais, como exibi&ccedil;&atilde;o de informa&ccedil;&otilde;es do carro, sistema de estacionamento, c&acirc;mera de vis&atilde;o traseira original, r&aacute;dio, navega&ccedil;&atilde;o GPS, Bluetooth, USB, etc.<\/p>\n<p id=\"tl_13\">\u2013 Suporte ao volante e controle iDrive<\/p>\n<p id=\"tl_14\">\u2013 Suporte sem fio Carplay e Android Auto<\/p>\n<p id=\"tl_15\">\u2013 GPS integrado com posicionamento r&aacute;pido e suporte para navega&ccedil;&atilde;o Google Map e WAZE etc.<\/p>\n<p id=\"tl_16\">\u2013 Tela sens&iacute;vel ao toque IPS de 1920 x 720, suporte para v&iacute;deo 4k, 2 slot para cart&atilde;o USB\/1 TF\/1 SIM<\/p>\n<p id=\"tl_17\">\u2013 Bluetooth integrado, chamadas viva-voz, v&iacute;deo\/m&uacute;sica Bluetooth, microfone integrado<\/p>\n<p id=\"tl_18\">\u2013 Suporte para tela dividida<\/p>\n<p id=\"tl_19\">\u2013 Suporte 4G LET e 5G Wifi<\/p>\n<p id=\"tl_20\">\u2013 V&aacute;rios idiomas de menu para escolha<\/p>\n<p id=\"tl_21\">\u2013 Diferentes estilos de interface de usu&aacute;rio e v&aacute;rias cores de fundo est&atilde;o dispon&iacute;veis livremente<\/p>\n<p id=\"tl_22\">\u2013 Baixe e instale aplicativos livremente na Play Store <\/p>\n<\/p><\/div>\n<\/p><\/div>\n<\/p><\/div>\n<\/p><\/div>\n<\/p><\/div>\n<\/p><\/div>\n<p id=\"tl_23\">Instru&ccedil;&otilde;es completas de instala&ccedil;&atilde;o e v&iacute;deo est&atilde;o inclu&iacute;dos para garantir uma instala&ccedil;&atilde;o tranquila!<\/p>\n<p><\/p>\n<h2><strong id=\"tl_24\">&gt;&gt;Por que escolher NUNOO?<\/strong><br \/><\/h2>\n<p><span style=\"font-size:16px;font-family:arial, helvetica, sans-serif\" id=\"tl_25\">1.NUNOO &eacute; as principais marcas do AliExpress, 15 anos de produ&ccedil;&atilde;o e vendas profissionais.vendemos principalmente para multim&iacute;dia automotivo Audi BMW BENZ LEXUS, popular entre os clientes.nosso objetivo &eacute; fornecer o melhor produto e servi&ccedil;o para nossos clientes, tamb&eacute;m fornecer atualiza&ccedil;&atilde;o gratuita de firmware<\/span><\/p>\n<div>\n         \n        <\/div>\n<p><span style=\"font-size:16px;font-family:arial, helvetica, sans-serif\" id=\"tl_26\">2.Todos os produtos foram aprovados em rigorosos testes de qualidade antes do envio, certifique-se de alta qualidade e temos engenheiros online para responder &agrave;s suas perguntas<\/span><\/p>\n<div>\n         \n        <\/div>\n<p><span style=\"font-size:16px;font-family:arial, helvetica, sans-serif\" id=\"tl_27\">3. Se o produto apresentar algum problema dentro de 15 dias, forneceremos devolu&ccedil;&atilde;o e reembolso ou substituiremos a nova m&aacute;quina diretamente para voc&ecirc;, mas entre em contato conosco primeiro para se comunicar, n&atilde;o abra disputa<\/span><\/p>\n<div>\n         <img data-recalc-dims=\"1\" decoding=\"async\" src=\"https:\/\/i0.wp.com\/ae01.alicdn.com\/kf\/A14308f6a57bd42919088821f78311fa6d.png?w=1200&#038;ssl=1\" \/><br \/>\n         \n        <\/div>\n<p><img data-recalc-dims=\"1\" decoding=\"async\" src=\"https:\/\/i0.wp.com\/ae01.alicdn.com\/kf\/Aef7c20a7a90a47b6a4989a01e540b705g.png?w=1200&#038;ssl=1\" \/><img data-recalc-dims=\"1\" decoding=\"async\" src=\"https:\/\/i0.wp.com\/ae01.alicdn.com\/kf\/Sc15585dda13f4a31b856aa7140d5fd9dU.png?w=1200&#038;ssl=1\" \/><img data-recalc-dims=\"1\" decoding=\"async\" src=\"https:\/\/i0.wp.com\/ae01.alicdn.com\/kf\/S009abd2e7f924d0280bb442ec2a77c83g.png?w=1200&#038;ssl=1\" \/><\/p>\n<p><img data-recalc-dims=\"1\" decoding=\"async\" src=\"https:\/\/i0.wp.com\/ae01.alicdn.com\/kf\/Scccc51fc36664ddca48b6fe8a8a8ce88y.png?w=1200&#038;ssl=1\" \/><\/p>\n<p><img data-recalc-dims=\"1\" decoding=\"async\" src=\"https:\/\/i0.wp.com\/ae01.alicdn.com\/kf\/S5dd0b50484a046f0a6af4f51bb846dd6R.png?w=1200&#038;ssl=1\" \/><img data-recalc-dims=\"1\" decoding=\"async\" src=\"https:\/\/i0.wp.com\/ae01.alicdn.com\/kf\/Se5cc3272f56742d5ab4f972c78ee251fn.jpg?w=1200&#038;ssl=1\" \/><img data-recalc-dims=\"1\" decoding=\"async\" src=\"https:\/\/i0.wp.com\/ae01.alicdn.com\/kf\/S0fae14ae23794a558d0787624c5159d1E.png?w=1200&#038;ssl=1\" \/><img data-recalc-dims=\"1\" decoding=\"async\" src=\"https:\/\/i0.wp.com\/ae01.alicdn.com\/kf\/S022fe6e66a0141d8b70d5b14b9bb5f9cS.jpg?w=1200&#038;ssl=1\" \/><img data-recalc-dims=\"1\" decoding=\"async\" src=\"https:\/\/i0.wp.com\/ae01.alicdn.com\/kf\/S780becebbdd84d92b2d5366f21d97862d.jpg?w=1200&#038;ssl=1\" \/><img data-recalc-dims=\"1\" decoding=\"async\" src=\"https:\/\/i0.wp.com\/ae01.alicdn.com\/kf\/Sae0ce531204c4cf293581b77a400772fp.jpg?w=1200&#038;ssl=1\" \/><img data-recalc-dims=\"1\" decoding=\"async\" src=\"https:\/\/i0.wp.com\/ae01.alicdn.com\/kf\/S0eb98d1f3fb446d18b152b22be17d622g.jpg?w=1200&#038;ssl=1\" \/><img data-recalc-dims=\"1\" decoding=\"async\" src=\"https:\/\/i0.wp.com\/ae01.alicdn.com\/kf\/Scf9075fbd2e043bc808622e323dd1178A.jpg?w=1200&#038;ssl=1\" \/><img data-recalc-dims=\"1\" decoding=\"async\" src=\"https:\/\/i0.wp.com\/ae01.alicdn.com\/kf\/S8049cc2ab13646088a5fefced930a083c.jpg?w=1200&#038;ssl=1\" \/><img data-recalc-dims=\"1\" decoding=\"async\" src=\"https:\/\/i0.wp.com\/ae01.alicdn.com\/kf\/Sab99bcce95f64e6a8f0f06ed94d97965x.jpg?w=1200&#038;ssl=1\" \/><img data-recalc-dims=\"1\" decoding=\"async\" src=\"https:\/\/i0.wp.com\/ae01.alicdn.com\/kf\/Ab7d7ed8218cd4b29b471f57eed78e150D.png?w=1200&#038;ssl=1\" \/><img data-recalc-dims=\"1\" decoding=\"async\" src=\"https:\/\/i0.wp.com\/ae01.alicdn.com\/kf\/Se39c060a2306435fa9d51440be582f047.png?w=1200&#038;ssl=1\" \/><img data-recalc-dims=\"1\" decoding=\"async\" src=\"https:\/\/i0.wp.com\/ae01.alicdn.com\/kf\/S81387cdf138a46ceb07e4cc6af937448o.jpg?w=1200&#038;ssl=1\" \/><img data-recalc-dims=\"1\" decoding=\"async\" src=\"https:\/\/i0.wp.com\/ae01.alicdn.com\/kf\/Sb4db411cb6244f8e9a6fd37b5b98b4b4Q.jpg?w=1200&#038;ssl=1\" \/><img data-recalc-dims=\"1\" decoding=\"async\" src=\"https:\/\/i0.wp.com\/ae01.alicdn.com\/kf\/S5aa21312635d4bbe926d589c05bc2498L.jpg?w=1200&#038;ssl=1\" \/><\/p>\n<div class=\"detailmodule_dynamic\"><\/div>\n<div>\n         \n        <\/div>\n<\/p><\/div>\n<\/p><\/div>\n<\/p><\/div>\n<\/p><\/div>\n<div>\n     \n    <\/div>\n<\/p><\/div>\n<\/p><\/div>\n<p><\/p>\n<\/p><\/div>\n<\/div>\n<p><\/p>\n<\/div>\n<\/div>\n","protected":false},"excerpt":{"rendered":"<p>Nunoo android 14 sem fio carplay r&aacute;dio autom&aacute;tico para lexus is rc 200 250 300 350 200t 300h reprodutor multim&iacute;dia navega&ccedil;&atilde;o gps dsp Adequado paraLexus &Eacute; XE30 RC XC10 2009-2017 \u25b6 Especifica&ccedil;&otilde;es SO: Android 14 Aplic&aacute;vel ao volante &agrave; esquerda e ao volante &agrave; direita CPU: Qualcomm Snapdragon 665 \/ MTK 8581 (op&ccedil;&atilde;o) Tela sens&iacute;vel&hellip;&nbsp;<\/p>\n","protected":false},"featured_media":752,"template":"","meta":{"neve_meta_sidebar":"","neve_meta_container":"","neve_meta_enable_content_width":"","neve_meta_content_width":0,"neve_meta_title_alignment":"","neve_meta_author_avatar":"","neve_post_elements_order":"","neve_meta_disable_header":"","neve_meta_disable_footer":"","neve_meta_disable_title":""},"product_brand":[],"product_cat":[20,17,85],"product_tag":[],"class_list":{"0":"post-758","1":"product","2":"type-product","3":"status-publish","4":"has-post-thumbnail","6":"product_cat-eletronicos-automotivos","7":"product_cat-pecas-e-acessorios-automotivos","8":"product_cat-sistema-inteligente-para-carros","10":"first","11":"instock","12":"shipping-taxable","13":"purchasable","14":"product-type-variable","15":"has-default-attributes"},"jetpack_sharing_enabled":true,"_links":{"self":[{"href":"https:\/\/listman.shop\/autoparts-br\/wp-json\/wp\/v2\/product\/758","targetHints":{"allow":["GET"]}}],"collection":[{"href":"https:\/\/listman.shop\/autoparts-br\/wp-json\/wp\/v2\/product"}],"about":[{"href":"https:\/\/listman.shop\/autoparts-br\/wp-json\/wp\/v2\/types\/product"}],"wp:featuredmedia":[{"embeddable":true,"href":"https:\/\/listman.shop\/autoparts-br\/wp-json\/wp\/v2\/media\/752"}],"wp:attachment":[{"href":"https:\/\/listman.shop\/autoparts-br\/wp-json\/wp\/v2\/media?parent=758"}],"wp:term":[{"taxonomy":"product_brand","embeddable":true,"href":"https:\/\/listman.shop\/autoparts-br\/wp-json\/wp\/v2\/product_brand?post=758"},{"taxonomy":"product_cat","embeddable":true,"href":"https:\/\/listman.shop\/autoparts-br\/wp-json\/wp\/v2\/product_cat?post=758"},{"taxonomy":"product_tag","embeddable":true,"href":"https:\/\/listman.shop\/autoparts-br\/wp-json\/wp\/v2\/product_tag?post=758"}],"curies":[{"name":"wp","href":"https:\/\/api.w.org\/{rel}","templated":true}]}}