{"id":7614,"date":"2024-11-08T08:39:59","date_gmt":"2024-11-07T23:39:59","guid":{"rendered":"https:\/\/listman.shop\/autoparts-br\/product\/1005006717312167\/"},"modified":"2026-04-28T00:46:06","modified_gmt":"2026-04-27T15:46:06","slug":"1005006717312167","status":"publish","type":"product","link":"https:\/\/listman.shop\/autoparts-br\/product\/1005006717312167\/","title":{"rendered":"Solenoide de Controle de Transmiss\u00e3o Qtgycnd 28200-P4R-003 para Honda Civic 1996-2000, Pe\u00e7a de Substitui\u00e7\u00e3o 28200P4R003, Acess\u00f3rios Automotivos"},"content":{"rendered":"<div class=\"detailmodule_html\">\n<div class=\"detail-desc-decorate-richtext\">\n<p style=\", Roboto, Arial, Helvetica, sans-serif, SimSun;font-size:14px;font-weight:400;letter-spacing:normal;line-height:inherit;text-align:start;white-space:normal;margin:0px;margin-bottom:0px;margin-top:0px;margin-left:0px;margin-right:0px;padding:0px;padding-bottom:0px;padding-top:0px;padding-left:0px;padding-right:0px\" align=\"start\" id=\"tl_1\">Transmission Control Lock-up Solenoid for Honda Civic CR-V<br \/>Replaces Number: 28200-P4R-003, 28200P4R003<br \/>Fits for Honda Civic 1996-2000.<br \/>Direct fit OE replacement; Easy for installation and use.<br \/>Please confirm parts number before purchase .<\/p>\n<p style=\", Roboto, Arial, Helvetica, sans-serif, SimSun;font-size:14px;font-weight:400;letter-spacing:normal;line-height:inherit;text-align:start;white-space:normal;margin:0px;margin-bottom:0px;margin-top:0px;margin-left:0px;margin-right:0px;padding:0px;padding-bottom:0px;padding-top:0px;padding-left:0px;padding-right:0px\" align=\"start\"><\/p>\n<p><\/p>\n<p style=\", Roboto, Arial, Helvetica, sans-serif, SimSun;font-size:14px;font-weight:400;letter-spacing:normal;line-height:inherit;text-align:start;white-space:normal;margin:0px;margin-bottom:0px;margin-top:0px;margin-left:0px;margin-right:0px;padding:0px;padding-bottom:0px;padding-top:0px;padding-left:0px;padding-right:0px\" align=\"start\" id=\"tl_2\"><span style=\"font-size:20px\"><strong>Fit for:<\/strong><\/span><br \/>1996-2000 Honda Civic CX Hatchback 3-Door 1.6L<br \/>1996-2000 Honda Civic DX Coupe 2-Door 1.6L<br \/>1996-2000 Honda Civic DX Hatchback 3-Door 1.6L<br \/>1996-2000 Honda Civic DX Sedan 4-Door 1.6L<br \/>1996-2000 Honda Civic EX Coupe 2-Door 1.6L<br \/>1996-2000 Honda Civic EX Sedan 4-Door 1.6L<br \/>1997-2000 Honda Civic EX-R Coupe 2-Door 1.6L<br \/>1997-2000 Honda Civic EX-R Sedan 4-Door 1.6L<br \/>1999-2000 Honda Civic EX-R SIR Coupe 2-Door 1.6L<br \/>1998-2000 Honda Civic GX Sedan 4-Door 1.6L<br \/>1996-2000 Honda Civic HX Coupe 2-Door 1.6L<br \/>1996-2000 Honda Civic LX Sedan 4-Door 1.6L<br \/>1996-2000 Honda Civic Si Coupe 2-Door 1.6L<br \/>1996-1997 Honda Civic del Sol S Coupe 2-Door 1.6L<br \/>1996-1997 Honda Civic del Sol Si Coupe 2-Door 1.6L<br \/>1996-1997 Honda Civic del Sol VTEC Coupe 2-Door 1.6L<\/p>\n<\/p>\n<p style=\", Roboto, Arial, Helvetica, sans-serif, SimSun;font-size:14px;font-weight:400;letter-spacing:normal;line-height:inherit;text-align:start;white-space:normal;margin:0px;margin-bottom:0px;margin-top:0px;margin-left:0px;margin-right:0px;padding:0px;padding-bottom:0px;padding-top:0px;padding-left:0px;padding-right:0px\" align=\"start\"><span style=\"font-size:20px\"><strong id=\"tl_3\">Package Includes:<\/strong><\/span><\/p>\n<p style=\", Roboto, Arial, Helvetica, sans-serif, SimSun;font-size:14px;font-weight:400;letter-spacing:normal;line-height:inherit;text-align:start;white-space:normal;margin:0px;margin-bottom:0px;margin-top:0px;margin-left:0px;margin-right:0px;padding:0px;padding-bottom:0px;padding-top:0px;padding-left:0px;padding-right:0px\" align=\"start\" id=\"tl_4\">1x Transmission Solenoid<\/p>\n<\/p>\n<p><\/p>\n<p><img data-recalc-dims=\"1\" decoding=\"async\" src=\"https:\/\/i0.wp.com\/ae01.alicdn.com\/kf\/S5f56009e813a4119936ea127dba826f0T.jpg?w=1200&#038;ssl=1\" \/><img data-recalc-dims=\"1\" decoding=\"async\" src=\"https:\/\/i0.wp.com\/ae01.alicdn.com\/kf\/S02872df727a04f3392dd5ca8746d9adfA.jpg?w=1200&#038;ssl=1\" \/><img data-recalc-dims=\"1\" decoding=\"async\" src=\"https:\/\/i0.wp.com\/ae01.alicdn.com\/kf\/Sf8d7fb2604f44817b0754b84fc0965fa6.jpg?w=1200&#038;ssl=1\" \/><img data-recalc-dims=\"1\" decoding=\"async\" src=\"https:\/\/i0.wp.com\/ae01.alicdn.com\/kf\/Sa9b2989147fa41468665c425867e99c8F.jpg?w=1200&#038;ssl=1\" \/><img data-recalc-dims=\"1\" decoding=\"async\" src=\"https:\/\/i0.wp.com\/ae01.alicdn.com\/kf\/S5927f730b27f4bbfa3261fce992df8ebF.jpg?w=1200&#038;ssl=1\" \/><img data-recalc-dims=\"1\" decoding=\"async\" src=\"https:\/\/i0.wp.com\/ae01.alicdn.com\/kf\/S381112b5f7004efcab72e760429e15146.jpg?w=1200&#038;ssl=1\" \/><img data-recalc-dims=\"1\" decoding=\"async\" src=\"https:\/\/i0.wp.com\/ae01.alicdn.com\/kf\/S7d375c6b42a04924bc05df60cec865c1H.jpg?w=1200&#038;ssl=1\" \/><img data-recalc-dims=\"1\" decoding=\"async\" src=\"https:\/\/i0.wp.com\/ae01.alicdn.com\/kf\/Sd9b091e5f8a34a1c888cba15e92a9faeN.jpg?w=1200&#038;ssl=1\" \/><img data-recalc-dims=\"1\" decoding=\"async\" src=\"https:\/\/i0.wp.com\/ae01.alicdn.com\/kf\/S53be849ec8394c26858cfdd05c39aabfh.jpg?w=1200&#038;ssl=1\" \/><\/p>\n<p><strong><span style=\"font-size:20px\" id=\"tl_5\">About us:<\/span><\/strong><\/p>\n<p><\/p>\n<p><img data-recalc-dims=\"1\" decoding=\"async\" src=\"https:\/\/i0.wp.com\/ae01.alicdn.com\/kf\/S4dccd78cb2b946febfca0ac09f4d872aT.jpg?w=1200&#038;ssl=1\" \/><img data-recalc-dims=\"1\" decoding=\"async\" src=\"https:\/\/i0.wp.com\/ae01.alicdn.com\/kf\/S3f0230a42e384e428df5ab7904c822973.jpg?w=1200&#038;ssl=1\" \/><img data-recalc-dims=\"1\" decoding=\"async\" src=\"https:\/\/i0.wp.com\/ae01.alicdn.com\/kf\/Sef83b23a1f3045b4a3a8add79f133a0bo.jpg?w=1200&#038;ssl=1\" \/><img data-recalc-dims=\"1\" decoding=\"async\" src=\"https:\/\/i0.wp.com\/ae01.alicdn.com\/kf\/Sa6a9510ff998464c8517948231c28aa8o.jpg?w=1200&#038;ssl=1\" \/><img data-recalc-dims=\"1\" decoding=\"async\" src=\"https:\/\/i0.wp.com\/ae01.alicdn.com\/kf\/S629a2e518c154cfca546820e4b66f15cn.jpg?w=1200&#038;ssl=1\" \/><img data-recalc-dims=\"1\" decoding=\"async\" src=\"https:\/\/i0.wp.com\/ae01.alicdn.com\/kf\/Se09584d5d3f048fb8fbc6024c93edb33k.jpg?w=1200&#038;ssl=1\" \/><\/p>\n<\/div>\n<\/div>\n","protected":false},"excerpt":{"rendered":"<p>Transmission Control Lock-up Solenoid for Honda Civic CR-VReplaces Number: 28200-P4R-003, 28200P4R003Fits for Honda Civic 1996-2000.Direct fit OE replacement; Easy for installation and use.Please confirm parts number before purchase . Fit for:1996-2000 Honda Civic CX Hatchback 3-Door 1.6L1996-2000 Honda Civic DX Coupe 2-Door 1.6L1996-2000 Honda Civic DX Hatchback 3-Door 1.6L1996-2000 Honda Civic DX Sedan 4-Door 1.6L1996-2000&hellip;&nbsp;<\/p>\n","protected":false},"featured_media":7608,"template":"","meta":{"neve_meta_sidebar":"","neve_meta_container":"","neve_meta_enable_content_width":"","neve_meta_content_width":0,"neve_meta_title_alignment":"","neve_meta_author_avatar":"","neve_post_elements_order":"","neve_meta_disable_header":"","neve_meta_disable_footer":"","neve_meta_disable_title":""},"product_brand":[],"product_cat":[21,38,17],"product_tag":[],"class_list":{"0":"post-7614","1":"product","2":"type-product","3":"status-publish","4":"has-post-thumbnail","6":"product_cat-motores-pecas-de-motor","7":"product_cat-motores-e-pecas","8":"product_cat-pecas-e-acessorios-automotivos","10":"first","11":"instock","12":"shipping-taxable","13":"purchasable","14":"product-type-variable","15":"has-default-attributes"},"jetpack_sharing_enabled":true,"_links":{"self":[{"href":"https:\/\/listman.shop\/autoparts-br\/wp-json\/wp\/v2\/product\/7614","targetHints":{"allow":["GET"]}}],"collection":[{"href":"https:\/\/listman.shop\/autoparts-br\/wp-json\/wp\/v2\/product"}],"about":[{"href":"https:\/\/listman.shop\/autoparts-br\/wp-json\/wp\/v2\/types\/product"}],"wp:featuredmedia":[{"embeddable":true,"href":"https:\/\/listman.shop\/autoparts-br\/wp-json\/wp\/v2\/media\/7608"}],"wp:attachment":[{"href":"https:\/\/listman.shop\/autoparts-br\/wp-json\/wp\/v2\/media?parent=7614"}],"wp:term":[{"taxonomy":"product_brand","embeddable":true,"href":"https:\/\/listman.shop\/autoparts-br\/wp-json\/wp\/v2\/product_brand?post=7614"},{"taxonomy":"product_cat","embeddable":true,"href":"https:\/\/listman.shop\/autoparts-br\/wp-json\/wp\/v2\/product_cat?post=7614"},{"taxonomy":"product_tag","embeddable":true,"href":"https:\/\/listman.shop\/autoparts-br\/wp-json\/wp\/v2\/product_tag?post=7614"}],"curies":[{"name":"wp","href":"https:\/\/api.w.org\/{rel}","templated":true}]}}