{"id":7691,"date":"2024-11-08T08:41:32","date_gmt":"2024-11-07T23:41:32","guid":{"rendered":"https:\/\/listman.shop\/autoparts-br\/product\/1005006832928762\/"},"modified":"2026-05-01T10:33:10","modified_gmt":"2026-05-01T01:33:10","slug":"1005006832928762","status":"publish","type":"product","link":"https:\/\/listman.shop\/autoparts-br\/product\/1005006832928762\/","title":{"rendered":"Para bmw f10 f07 f02 g30 g12 suporte lateral do assento dianteiro do carro capa de pl\u00e1stico para bmw 5 7 s\u00e9ries 520 525 535i 730 740 acess\u00f3rios autom\u00f3veis"},"content":{"rendered":"<div class=\"detailmodule_html\">\n<div class=\"detail-desc-decorate-richtext\">\n<div class=\"detailmodule_text\">\n<p style=\"font-family:OpenSans;font-size:20px;font-weight:900;line-height:28px;white-space:pre-wrap;margin-bottom:12px\" class=\"detail-desc-decorate-title\" id=\"tl_1\">Suporte lateral do assento para G30<\/p>\n<p style=\"font-family:OpenSans;font-size:14px;font-weight:300;line-height:20px;white-space:pre-wrap;margin-bottom:12px\" class=\"detail-desc-decorate-content\" id=\"tl_2\">Substitui&ccedil;&atilde;o direta. <br \/>F&aacute;cil instala&ccedil;&atilde;o e uso dur&aacute;vel. <br \/>&Oacute;tima qualidade e &oacute;timo ajuste. <br \/>Conector correto Sem corte ou emenda. <br \/>Rigorosos padr&otilde;es de controle de qualidade para construir e testar. <br \/>Para modelo de carro: <br \/>Para BMW S&eacute;rie 5 F10 F11 F18 2010-2017 <br \/>Para BMW S&eacute;rie 5 GT F07 2012-2017 <br \/>Para BMW S&eacute;rie 5 G30 G31 G38 2015-2020 <br \/>Para BMW GT S&eacute;rie 6 G32 2016-2020 <br \/>Para BMW S&eacute;rie 7 F01 F02 F03 2011-2015 <br \/>Para BMW S&eacute;rie 7 G11 G12 2014-2019 <br \/>Para BMW X5 F15 2012-2018 <br \/>Para BMW X6 F16 2013-2019 <br \/>Para BMW M5 F90 2016-2020 <br \/>Para BMW X5 M F85 2014-2018 <br \/>N&uacute;mero de refer&ecirc;ncia oe\/oem: 52107317458,52107317459 <br \/>Conte&uacute;do do pacote: <br \/>1 * suporte lateral do assento <br \/>Apenas o conte&uacute;do do pacote acima, outros produtos n&atilde;o est&atilde;o inclu&iacute;dos. <br \/>Nota: Disparo leve e displays diferentes podem fazer com que a cor do item na imagem seja um pouco diferente da coisa real. O erro de medi&ccedil;&atilde;o permitido &eacute; de +\/- 1-3cm.<\/p>\n<\/div>\n<div class=\"detailmodule_image\">\n <img data-recalc-dims=\"1\" decoding=\"async\" class=\"detail-desc-decorate-image\" src=\"https:\/\/i0.wp.com\/ae01.alicdn.com\/kf\/S26b4973bb2a8405080ec44159cbf1d70s.jpg?w=1200&#038;ssl=1\" \/>\n<\/div>\n<div class=\"detailmodule_image\">\n <img data-recalc-dims=\"1\" decoding=\"async\" class=\"detail-desc-decorate-image\" src=\"https:\/\/i0.wp.com\/ae01.alicdn.com\/kf\/S63a8bc37c2294c97980ec27cad5411cfv.jpg?w=1200&#038;ssl=1\" \/>\n<\/div>\n<div class=\"detailmodule_image\">\n <img data-recalc-dims=\"1\" decoding=\"async\" class=\"detail-desc-decorate-image\" src=\"https:\/\/i0.wp.com\/ae01.alicdn.com\/kf\/S0490fa8edb884880a9ce5b293f97a87f7.jpg?w=1200&#038;ssl=1\" \/>\n<\/div>\n<div class=\"detailmodule_image\">\n <img data-recalc-dims=\"1\" decoding=\"async\" class=\"detail-desc-decorate-image\" src=\"https:\/\/i0.wp.com\/ae01.alicdn.com\/kf\/S33291ba679c9454daebda80ae5777f8cd.jpg?w=1200&#038;ssl=1\" \/>\n<\/div>\n<div class=\"detailmodule_image\">\n <img data-recalc-dims=\"1\" decoding=\"async\" class=\"detail-desc-decorate-image\" src=\"https:\/\/i0.wp.com\/ae01.alicdn.com\/kf\/S6f09c09e8a484fbebfe54c4c951d57efU.jpg?w=1200&#038;ssl=1\" \/>\n<\/div>\n<p><\/div>\n<\/div>\n","protected":false},"excerpt":{"rendered":"<p>Suporte lateral do assento para G30 Substitui&ccedil;&atilde;o direta. F&aacute;cil instala&ccedil;&atilde;o e uso dur&aacute;vel. &Oacute;tima qualidade e &oacute;timo ajuste. Conector correto Sem corte ou emenda. Rigorosos padr&otilde;es de controle de qualidade para construir e testar. Para modelo de carro: Para BMW S&eacute;rie 5 F10 F11 F18 2010-2017 Para BMW S&eacute;rie 5 GT F07 2012-2017 Para BMW&hellip;&nbsp;<\/p>\n","protected":false},"featured_media":7685,"template":"","meta":{"neve_meta_sidebar":"","neve_meta_container":"","neve_meta_enable_content_width":"","neve_meta_content_width":0,"neve_meta_title_alignment":"","neve_meta_author_avatar":"","neve_post_elements_order":"","neve_meta_disable_header":"","neve_meta_disable_footer":"","neve_meta_disable_title":""},"product_brand":[],"product_cat":[58,22,17],"product_tag":[],"class_list":{"0":"post-7691","1":"product","2":"type-product","3":"status-publish","4":"has-post-thumbnail","6":"product_cat-descansos-de-bracos","7":"product_cat-partes-interiores","8":"product_cat-pecas-e-acessorios-automotivos","10":"first","11":"instock","12":"shipping-taxable","13":"purchasable","14":"product-type-variable","15":"has-default-attributes"},"jetpack_sharing_enabled":true,"_links":{"self":[{"href":"https:\/\/listman.shop\/autoparts-br\/wp-json\/wp\/v2\/product\/7691","targetHints":{"allow":["GET"]}}],"collection":[{"href":"https:\/\/listman.shop\/autoparts-br\/wp-json\/wp\/v2\/product"}],"about":[{"href":"https:\/\/listman.shop\/autoparts-br\/wp-json\/wp\/v2\/types\/product"}],"wp:featuredmedia":[{"embeddable":true,"href":"https:\/\/listman.shop\/autoparts-br\/wp-json\/wp\/v2\/media\/7685"}],"wp:attachment":[{"href":"https:\/\/listman.shop\/autoparts-br\/wp-json\/wp\/v2\/media?parent=7691"}],"wp:term":[{"taxonomy":"product_brand","embeddable":true,"href":"https:\/\/listman.shop\/autoparts-br\/wp-json\/wp\/v2\/product_brand?post=7691"},{"taxonomy":"product_cat","embeddable":true,"href":"https:\/\/listman.shop\/autoparts-br\/wp-json\/wp\/v2\/product_cat?post=7691"},{"taxonomy":"product_tag","embeddable":true,"href":"https:\/\/listman.shop\/autoparts-br\/wp-json\/wp\/v2\/product_tag?post=7691"}],"curies":[{"name":"wp","href":"https:\/\/api.w.org\/{rel}","templated":true}]}}