{"id":8137,"date":"2024-11-08T08:49:40","date_gmt":"2024-11-07T23:49:40","guid":{"rendered":"https:\/\/listman.shop\/autoparts-br\/product\/1005007239391180\/"},"modified":"2026-04-17T16:53:11","modified_gmt":"2026-04-17T07:53:11","slug":"1005007239391180","status":"publish","type":"product","link":"https:\/\/listman.shop\/autoparts-br\/product\/1005007239391180\/","title":{"rendered":"Assento de carro anti kick esteira para toyota bz4x 2022 2023 2024 assento de carro backs protetor almofada microfibra capa de prote\u00e7\u00e3o de couro"},"content":{"rendered":"<div class=\"detailmodule_html\">\n<div class=\"detail-desc-decorate-richtext\">\n<div class=\"detailmodule_html\">\n<div class=\"detail-desc-decorate-richtext\">\n<p><b style=\"font-family:Arial;font-size:20px\">Montagem:<\/b><span style=\"font-family:Arial\"><span style=\"font-size:20px\"><b>Para<\/b><\/span><\/span><span style=\"font-family:Arial\"><span style=\"font-size:20px\"><b>Toyota BZ4X 2022-2024<\/b><\/span><\/span><b style=\"font-family:Arial;font-size:20px\">&nbsp;<\/b><b style=\"font-family:Arial;font-size:20px\">.<\/b><\/p>\n<p><img data-recalc-dims=\"1\" decoding=\"async\" src=\"https:\/\/i0.wp.com\/ae01.alicdn.com\/kf\/S0ae40910c4494fb0be6abc6262af5b0fm.jpg?w=1200&#038;ssl=1\" style=\"width:800px\" data-src=\"https:\/\/ae01.alicdn.com\/kf\/S0ae40910c4494fb0be6abc6262af5b0fm.jpg\"><\/p>\n<p><span style=\"font-size:18px\"><strong>Caracter\u00edstica:<\/strong><\/span><\/p>\n<p><span style=\"font-size:16px\">1) Couro de alta qualidade, confort\u00e1vel respir\u00e1vel e \u00e0 prova d&#8217;\u00e1gua.<br \/>2) A vida \u00fatil ser\u00e1 mais longa com recurso anti-rasgo.<br \/>3) Propriedades anti-riscos, n\u00e3o se preocupe com arranh\u00f5es, sejam arranh\u00f5es nas unhas ou nas chaves.<br \/>4) F\u00e1cil limpeza com pano. Instale diretamente.<\/span><\/p>\n<p><span style=\"font-size:16px;font-family:Arial\"><strong>Especifica\u00e7\u00f5es:<\/strong><\/span><br \/><span style=\"font-size:16px\"><span style=\"font-family:Arial;font-size:16px\">Condi\u00e7\u00e3o: 100% novo.<\/span><br \/><span style=\"font-family:Arial;font-size:16px\">Cor: preto\/marrom\/caf\u00e9\/bege.<\/span><br \/><span style=\"font-family:Arial;font-size:16px\">Material: couro de microfibra\/<\/span><\/span><span style=\"font-size:16px;font-family:Arial\">Esponja de alta densidade\/pano flocado.<\/span><\/p>\n<p><span style=\"font-size:16px\">Nota:<\/span><span style=\"font-size:16px\">Verifique se o produto \u00e9 adequado para o seu carro antes de fazer o pedido e voc\u00ea pode deixar uma mensagem para consulta.<\/span><\/p>\n<p><span style=\"font-size:16px\"> <\/p>\n<p><img data-recalc-dims=\"1\" decoding=\"async\" style=\"width:800px\" src=\"https:\/\/i0.wp.com\/ae01.alicdn.com\/kf\/S806691f9038b4ba2afd32776405cadfbd.jpg?w=1200&#038;ssl=1\" data-src=\"https:\/\/ae01.alicdn.com\/kf\/S806691f9038b4ba2afd32776405cadfbd.jpg\"><\/p>\n<p><\/span><\/p>\n<p><span style=\"font-size:16px;font-family:Arial\">F\u00e1cil de limpar.<\/span><\/p>\n<div>\n<p><\/p>\n<div>\n<p><img data-recalc-dims=\"1\" decoding=\"async\" src=\"https:\/\/i0.wp.com\/ae01.alicdn.com\/kf\/S975bd79f00d04ea6b60e0ad09d3e9808u.jpg?w=1200&#038;ssl=1\" style=\"width:800px\" data-src=\"https:\/\/ae01.alicdn.com\/kf\/S975bd79f00d04ea6b60e0ad09d3e9808u.jpg\"><\/p>\n<\/div>\n<p><\/p>\n<\/div>\n<p><span style=\"font-size:20px\">Este material de couro pode manter sua forma e surge dur\u00e1vel em compara\u00e7\u00e3o com outras alternativas. Como o couro verdadeiro, \u00e9 resistente \u00e0 umidade.Como este couro vegano \u00e9 leve, resistente \u00e0 abras\u00e3o e resistente a produtos qu\u00edmicos, pode ser uma excelente op\u00e7\u00e3o para fazer diversos artesanatos em couro.<\/span><\/p>\n<p><img data-recalc-dims=\"1\" decoding=\"async\" src=\"https:\/\/i0.wp.com\/ae01.alicdn.com\/kf\/S5ea223e793854d9a8245fac0ea582dfdH.jpg?w=1200&#038;ssl=1\" style=\"width:800px\" data-src=\"https:\/\/ae01.alicdn.com\/kf\/S5ea223e793854d9a8245fac0ea582dfdH.jpg\"><\/p>\n<p><\/p>\n<div>\n<p><img data-recalc-dims=\"1\" decoding=\"async\" src=\"https:\/\/i0.wp.com\/ae01.alicdn.com\/kf\/Sbde8f94c1e384012bb7432fba6fe1965g.jpg?w=1200&#038;ssl=1\" style=\"width:800px\" data-src=\"https:\/\/ae01.alicdn.com\/kf\/Sbde8f94c1e384012bb7432fba6fe1965g.jpg\"><\/p>\n<\/div>\n<p><span style=\"font-size:20px\">Materiais ecol\u00f3gicos: Fibra de couro, esponja de alta densidade, pano flocado.<\/span><\/p>\n<p><img data-recalc-dims=\"1\" decoding=\"async\" style=\"width:800px\" src=\"https:\/\/i0.wp.com\/ae01.alicdn.com\/kf\/S9d046b13a9ae42439a378baead0bd976E.jpg?w=1200&#038;ssl=1\" data-src=\"https:\/\/ae01.alicdn.com\/kf\/S9d046b13a9ae42439a378baead0bd976E.jpg\"><\/p>\n<p><\/p>\n<div>\n<p><\/p>\n<div>\n<p><img data-recalc-dims=\"1\" decoding=\"async\" src=\"https:\/\/i0.wp.com\/ae01.alicdn.com\/kf\/S54292814998c43d4b83d269a71a060b4o.jpg?w=1200&#038;ssl=1\" style=\"width:800px\" data-src=\"https:\/\/ae01.alicdn.com\/kf\/S54292814998c43d4b83d269a71a060b4o.jpg\"><\/p>\n<\/div>\n<p><\/p>\n<p><\/p>\n<\/div>\n<p><strong><span style=\"font-size:22px\">Instala\u00e7\u00e3o simples.<\/span><\/strong><\/p>\n<p><img data-recalc-dims=\"1\" loading=\"lazy\" decoding=\"async\" src=\"https:\/\/i0.wp.com\/ae01.alicdn.com\/kf\/S51f114fa68db4c7b9f191a0036dcb8f6D.jpg?resize=800%2C728&#038;ssl=1\" width=\"800\" height=\"728\" data-src=\"https:\/\/ae01.alicdn.com\/kf\/S51f114fa68db4c7b9f191a0036dcb8f6D.jpg\"><\/p>\n<p><span style=\"font-size:22px\"><strong><\/strong><\/span><\/p>\n<div>\n<p><\/p>\n<div>\n<p><img data-recalc-dims=\"1\" decoding=\"async\" src=\"https:\/\/i0.wp.com\/ae01.alicdn.com\/kf\/S41e5acf779e8444d874a3fc282cd4d48B.jpg?w=1200&#038;ssl=1\" style=\"width:800px\" data-src=\"https:\/\/ae01.alicdn.com\/kf\/S41e5acf779e8444d874a3fc282cd4d48B.jpg\"><\/p>\n<\/div>\n<p><\/p>\n<p><\/p>\n<\/div>\n<p><span style=\"font-size:22px\"><strong>Efeito de instala\u00e7\u00e3o e exibi\u00e7\u00e3o colorida (para refer\u00eancia).<\/strong><\/span><\/p>\n<p><span style=\"font-size:26px\"><strong>Preto<\/strong><\/span><\/p>\n<div>\n<p><img data-recalc-dims=\"1\" decoding=\"async\" src=\"https:\/\/i0.wp.com\/ae01.alicdn.com\/kf\/S69b716776a8246f38942760a1750ff1dN.jpg?w=1200&#038;ssl=1\" style=\"width:800px\" data-src=\"https:\/\/ae01.alicdn.com\/kf\/S69b716776a8246f38942760a1750ff1dN.jpg\"><\/p>\n<\/div>\n<p><span style=\"font-size:26px\"><strong>Marrom<\/strong><\/span><\/p>\n<div>\n<p><img data-recalc-dims=\"1\" decoding=\"async\" src=\"https:\/\/i0.wp.com\/ae01.alicdn.com\/kf\/S6a2d3c58a41543d6920b96958a657b4fj.jpg?w=1200&#038;ssl=1\" style=\"width:800px\" data-src=\"https:\/\/ae01.alicdn.com\/kf\/S6a2d3c58a41543d6920b96958a657b4fj.jpg\"><\/p>\n<\/div>\n<p><span style=\"font-size:26px\"><strong>Caf\u00e9<\/strong><\/span><\/p>\n<div>\n<p><img data-recalc-dims=\"1\" decoding=\"async\" src=\"https:\/\/i0.wp.com\/ae01.alicdn.com\/kf\/S27a451fe003540f985130b932f7c1534d.jpg?w=1200&#038;ssl=1\" style=\"width:800px\" data-src=\"https:\/\/ae01.alicdn.com\/kf\/S27a451fe003540f985130b932f7c1534d.jpg\"><\/p>\n<\/div>\n<p><span style=\"font-size:26px\"><strong>Bege<\/strong><\/span><\/p>\n<div>\n<p><img data-recalc-dims=\"1\" decoding=\"async\" src=\"https:\/\/i0.wp.com\/ae01.alicdn.com\/kf\/Sa3d7dff4c07547ebac79feb3578ecc4cv.jpg?w=1200&#038;ssl=1\" style=\"width:800px\" data-src=\"https:\/\/ae01.alicdn.com\/kf\/Sa3d7dff4c07547ebac79feb3578ecc4cv.jpg\"><\/p>\n<\/div>\n<p><\/p>\n<\/div>\n<\/div>\n<\/div>\n<\/div>\n","protected":false},"excerpt":{"rendered":"<p>Montagem:ParaToyota BZ4X 2022-2024&nbsp;. Caracter\u00edstica: 1) Couro de alta qualidade, confort\u00e1vel respir\u00e1vel e \u00e0 prova d&#8217;\u00e1gua.2) A vida \u00fatil ser\u00e1 mais longa com recurso anti-rasgo.3) Propriedades anti-riscos, n\u00e3o se preocupe com arranh\u00f5es, sejam arranh\u00f5es nas unhas ou nas chaves.4) F\u00e1cil limpeza com pano. Instale diretamente. Especifica\u00e7\u00f5es:Condi\u00e7\u00e3o: 100% novo.Cor: preto\/marrom\/caf\u00e9\/bege.Material: couro de microfibra\/Esponja de alta densidade\/pano flocado.&hellip;&nbsp;<\/p>\n","protected":false},"featured_media":8131,"template":"","meta":{"neve_meta_sidebar":"","neve_meta_container":"","neve_meta_enable_content_width":"","neve_meta_content_width":0,"neve_meta_title_alignment":"","neve_meta_author_avatar":"","neve_post_elements_order":"","neve_meta_disable_header":"","neve_meta_disable_footer":"","neve_meta_disable_title":""},"product_brand":[],"product_cat":[25,83,17],"product_tag":[],"class_list":{"0":"post-8137","1":"product","2":"type-product","3":"status-publish","4":"has-post-thumbnail","6":"product_cat-acessorios-do-interior","7":"product_cat-molduras-interiores","8":"product_cat-pecas-e-acessorios-automotivos","10":"first","11":"instock","12":"shipping-taxable","13":"purchasable","14":"product-type-variable","15":"has-default-attributes"},"jetpack_sharing_enabled":true,"_links":{"self":[{"href":"https:\/\/listman.shop\/autoparts-br\/wp-json\/wp\/v2\/product\/8137","targetHints":{"allow":["GET"]}}],"collection":[{"href":"https:\/\/listman.shop\/autoparts-br\/wp-json\/wp\/v2\/product"}],"about":[{"href":"https:\/\/listman.shop\/autoparts-br\/wp-json\/wp\/v2\/types\/product"}],"wp:featuredmedia":[{"embeddable":true,"href":"https:\/\/listman.shop\/autoparts-br\/wp-json\/wp\/v2\/media\/8131"}],"wp:attachment":[{"href":"https:\/\/listman.shop\/autoparts-br\/wp-json\/wp\/v2\/media?parent=8137"}],"wp:term":[{"taxonomy":"product_brand","embeddable":true,"href":"https:\/\/listman.shop\/autoparts-br\/wp-json\/wp\/v2\/product_brand?post=8137"},{"taxonomy":"product_cat","embeddable":true,"href":"https:\/\/listman.shop\/autoparts-br\/wp-json\/wp\/v2\/product_cat?post=8137"},{"taxonomy":"product_tag","embeddable":true,"href":"https:\/\/listman.shop\/autoparts-br\/wp-json\/wp\/v2\/product_tag?post=8137"}],"curies":[{"name":"wp","href":"https:\/\/api.w.org\/{rel}","templated":true}]}}