{"id":8451,"date":"2024-11-08T08:55:26","date_gmt":"2024-11-07T23:55:26","guid":{"rendered":"https:\/\/listman.shop\/autoparts-br\/product\/1005007385178541\/"},"modified":"2026-04-11T12:50:20","modified_gmt":"2026-04-11T03:50:20","slug":"1005007385178541","status":"publish","type":"product","link":"https:\/\/listman.shop\/autoparts-br\/product\/1005007385178541\/","title":{"rendered":"09g tf60sn TF-60SN solen\u00f3ides de mudan\u00e7a de v\u00e1lvula pequena de transmiss\u00e3o autom\u00e1tica para audi a4 a3 tt mini saab vw assento skoda"},"content":{"rendered":"<div class=\"detailmodule_html\">\n<div class=\"detail-desc-decorate-richtext\">\n<p>09g tf60n tf-60n transmiss\u00e3o autom\u00e1tica pequena v\u00e1lvula shift solen\u00f3ides para audi a4 a3 tt mini saab vw assento skoda<\/p>\n<p style=\"text-align:center\" align=\"center\">\n<p style=\"text-align:center\" align=\"center\"><img data-recalc-dims=\"1\" decoding=\"async\" src=\"https:\/\/i0.wp.com\/ae01.alicdn.com\/kf\/Sb208f11ff7b54ca68e2e1765fe367f07A.jpg?w=1200&#038;ssl=1\"><img data-recalc-dims=\"1\" decoding=\"async\" src=\"https:\/\/i0.wp.com\/ae01.alicdn.com\/kf\/S5ef28c9d67c64ad7b2086e8d4387eaf5X.jpg?w=1200&#038;ssl=1\"><\/p>\n<\/div>\n<\/div>\n","protected":false},"excerpt":{"rendered":"<p>09g tf60n tf-60n transmiss\u00e3o autom\u00e1tica pequena v\u00e1lvula shift solen\u00f3ides para audi a4 a3 tt mini saab vw assento skoda<\/p>\n","protected":false},"featured_media":8445,"template":"","meta":{"neve_meta_sidebar":"","neve_meta_container":"","neve_meta_enable_content_width":"","neve_meta_content_width":0,"neve_meta_title_alignment":"","neve_meta_author_avatar":"","neve_post_elements_order":"","neve_meta_disable_header":"","neve_meta_disable_footer":"","neve_meta_disable_title":""},"product_brand":[],"product_cat":[27,17,100],"product_tag":[],"class_list":{"0":"post-8451","1":"product","2":"type-product","3":"status-publish","4":"has-post-thumbnail","6":"product_cat-pecas-de-chassis","7":"product_cat-pecas-e-acessorios-automotivos","8":"product_cat-transmissao-e-marcha","10":"first","11":"instock","12":"shipping-taxable","13":"purchasable","14":"product-type-variable","15":"has-default-attributes"},"jetpack_sharing_enabled":true,"_links":{"self":[{"href":"https:\/\/listman.shop\/autoparts-br\/wp-json\/wp\/v2\/product\/8451","targetHints":{"allow":["GET"]}}],"collection":[{"href":"https:\/\/listman.shop\/autoparts-br\/wp-json\/wp\/v2\/product"}],"about":[{"href":"https:\/\/listman.shop\/autoparts-br\/wp-json\/wp\/v2\/types\/product"}],"wp:featuredmedia":[{"embeddable":true,"href":"https:\/\/listman.shop\/autoparts-br\/wp-json\/wp\/v2\/media\/8445"}],"wp:attachment":[{"href":"https:\/\/listman.shop\/autoparts-br\/wp-json\/wp\/v2\/media?parent=8451"}],"wp:term":[{"taxonomy":"product_brand","embeddable":true,"href":"https:\/\/listman.shop\/autoparts-br\/wp-json\/wp\/v2\/product_brand?post=8451"},{"taxonomy":"product_cat","embeddable":true,"href":"https:\/\/listman.shop\/autoparts-br\/wp-json\/wp\/v2\/product_cat?post=8451"},{"taxonomy":"product_tag","embeddable":true,"href":"https:\/\/listman.shop\/autoparts-br\/wp-json\/wp\/v2\/product_tag?post=8451"}],"curies":[{"name":"wp","href":"https:\/\/api.w.org\/{rel}","templated":true}]}}