{"id":8910,"date":"2024-11-08T09:04:35","date_gmt":"2024-11-08T00:04:35","guid":{"rendered":"https:\/\/listman.shop\/autoparts-br\/product\/1005007545440023\/"},"modified":"2026-04-11T14:32:19","modified_gmt":"2026-04-11T05:32:19","slug":"1005007545440023","status":"publish","type":"product","link":"https:\/\/listman.shop\/autoparts-br\/product\/1005007545440023\/","title":{"rendered":"Bagagem traseira tronco boot tapete piso interruptor trava al\u00e7a para mercedes benz cla a b c gla glb classe w117 w176 w177 w156 w246"},"content":{"rendered":"<div class=\"detailmodule_html\">\n<div class=\"detail-desc-decorate-richtext\">\n<div class=\"detailmodule_image\"><img data-recalc-dims=\"1\" decoding=\"async\" class=\"detail-desc-decorate-image\" src=\"https:\/\/i0.wp.com\/ae01.alicdn.com\/kf\/Hcd790908f1134b43850ff8ded0373f37N.jpg?w=1200&#038;ssl=1\"><\/div>\n<div class=\"detailmodule_text\">\n<p style=\"font-family:OpenSans;font-size:14px;font-weight:300;line-height:20px;white-space:pre-wrap;margin-bottom:12px\" class=\"detail-desc-decorate-content\"><span style=\"font-size:18px;font-family:tahoma, geneva, sans-serif\"><strong>Nome do produto:<\/strong><\/span><span style=\"font-size:18px;font-family:tahoma, geneva, sans-serif\">CRear bagagem tronco bota esteira ch\u00e3o tapete interruptor al\u00e7a para mercedes benz cla a b c gle gle gle classe w117 w176 w177 w156 w246<\/span><\/p>\n<\/div>\n<div class=\"detailmodule_text\">\n<p style=\"font-family:OpenSans;font-size:14px;font-weight:300;line-height:20px;white-space:pre-wrap;margin-bottom:12px\" class=\"detail-desc-decorate-content\"><span style=\"font-size:18px;font-family:tahoma, geneva, sans-serif\"><strong>Refer\u00eancia OE No.:09968001849051<\/strong><\/span><\/p>\n<\/div>\n<div class=\"detailmodule_html\">\n<div class=\"detail-desc-decorate-richtext\">\n<p style=\"font-family:OpenSans;font-size:14px;font-weight:300;line-height:20px;white-space:pre-wrap;margin-bottom:12px\" class=\"detail-desc-decorate-content\"><span style=\"font-size:18px;font-family:tahoma, geneva, sans-serif\"><strong>Aplica\u00e7\u00e3o:<\/strong><\/span><span style=\"font-size:18px;font-family:tahoma, geneva, sans-serif\"><br \/><\/span><\/p>\n<\/div>\n<\/div>\n<div class=\"detailmodule_html\">\n<div class=\"detail-desc-decorate-richtext\">\n<div class=\"detailmodule_text\">\n<p><span style=\"font-size:18px;font-family:tahoma, geneva, sans-serif\">Para Mercedes Benz 2013-2019 CLA W117<\/span><\/p>\n<div class=\"detailmodule_html\">\n<div class=\"detail-desc-decorate-richtext\">\n<div class=\"detailmodule_text\">\n<p><span style=\"font-size:18px;font-family:tahoma, geneva, sans-serif\">Para Mercedes Benz 2013-2018 Classe A W176<\/span><\/p>\n<\/div>\n<\/div>\n<\/div>\n<div class=\"detailmodule_html\">\n<div class=\"detail-desc-decorate-richtext\">\n<div class=\"detailmodule_text\">\n<p><span style=\"font-size:18px;font-family:tahoma, geneva, sans-serif\">Para Mercedes Benz 2019-2024 Classe A W177<\/span><\/p>\n<\/div>\n<\/div>\n<\/div>\n<div class=\"detailmodule_html\">\n<div class=\"detail-desc-decorate-richtext\">\n<div class=\"detailmodule_text\">\n<p><span style=\"font-size:18px;font-family:tahoma, geneva, sans-serif\">Para Mercedes Benz 2011-2019 GLA W156<\/span><\/p>\n<\/div>\n<\/div>\n<\/div>\n<div class=\"detailmodule_html\">\n<div class=\"detail-desc-decorate-richtext\">\n<div class=\"detailmodule_text\">\n<p><span style=\"font-size:18px;font-family:tahoma, geneva, sans-serif\">Para Mercedes Benz 2011-2019 Classe B W246<\/span><\/p>\n<\/div>\n<\/div>\n<\/div>\n<div class=\"detailmodule_html\">\n<div class=\"detail-desc-decorate-richtext\">\n<div class=\"detailmodule_text\">\n<p><span style=\"font-size:18px;font-family:tahoma, geneva, sans-serif\">Para Mercedes Benz 2020-2024 Classe B W247<\/span><\/p>\n<\/div>\n<\/div>\n<\/div>\n<div class=\"detailmodule_html\">\n<div class=\"detail-desc-decorate-richtext\">\n<div class=\"detailmodule_text\">\n<p><span style=\"font-size:18px;font-family:tahoma, geneva, sans-serif\">Para Mercedes Benz 2015-2021 Classe C W205<\/span><\/p>\n<\/div>\n<\/div>\n<\/div>\n<div class=\"detailmodule_html\">\n<div class=\"detail-desc-decorate-richtext\">\n<div class=\"detailmodule_text\">\n<p><span style=\"font-size:18px;font-family:tahoma, geneva, sans-serif\">Para Mercedes Benz 2020-2024 GLA W247<\/span><\/p>\n<\/div>\n<\/div>\n<\/div>\n<div class=\"detailmodule_html\">\n<div class=\"detail-desc-decorate-richtext\">\n<div class=\"detailmodule_text\">\n<p><span style=\"font-size:18px;font-family:tahoma, geneva, sans-serif\">Para Mercedes Benz 2020-2024 GLB W247<\/span><\/p>\n<\/div>\n<\/div>\n<\/div>\n<div class=\"detailmodule_html\">\n<div class=\"detail-desc-decorate-richtext\">\n<div class=\"detailmodule_text\">\n<p><span style=\"font-size:18px;font-family:tahoma, geneva, sans-serif\">Para Mercedes Benz 2008-2015 GLK X204<\/span><\/p>\n<\/div>\n<\/div>\n<\/div>\n<div class=\"detailmodule_html\">\n<div class=\"detail-desc-decorate-richtext\">\n<div class=\"detailmodule_text\">\n<p><span style=\"font-size:18px;font-family:tahoma, geneva, sans-serif\">Para Mercedes Benz 2012-2015 ML Classe W166<\/span><\/p>\n<\/div>\n<\/div>\n<\/div>\n<div class=\"detailmodule_html\">\n<div class=\"detail-desc-decorate-richtext\">\n<div class=\"detailmodule_text\">\n<p><span style=\"font-size:18px;font-family:tahoma, geneva, sans-serif\">Para Mercedes Benz 2013-2015 GL Classe W166<\/span><\/p>\n<\/div>\n<\/div>\n<\/div>\n<div class=\"detailmodule_html\">\n<div class=\"detail-desc-decorate-richtext\">\n<div class=\"detailmodule_text\">\n<p><span style=\"font-size:18px;font-family:tahoma, geneva, sans-serif\">Para Mercedes Benz 2016-2019 Classe GLS W166<\/span><\/p>\n<\/div>\n<\/div>\n<\/div>\n<div class=\"detailmodule_html\">\n<div class=\"detail-desc-decorate-richtext\">\n<div class=\"detailmodule_text\">\n<p><span style=\"font-size:18px;font-family:tahoma, geneva, sans-serif\">Para Mercedes Benz 2015-2019 Classe GLE W166 W292<\/span><\/p>\n<\/div>\n<\/div>\n<\/div>\n<div class=\"detailmodule_html\">\n<div class=\"detail-desc-decorate-richtext\">\n<div class=\"detailmodule_text\">\n<p><span style=\"font-size:18px;font-family:tahoma, geneva, sans-serif\">Para Mercedes Benz 2020-2024 Classe GLE W167<\/span><\/p>\n<\/div>\n<\/div>\n<\/div>\n<div class=\"detailmodule_html\">\n<div class=\"detail-desc-decorate-richtext\">\n<div class=\"detailmodule_text\">\n<p><span style=\"font-size:18px;font-family:tahoma, geneva, sans-serif\">Para Mercedes Benz 2020-2024 Classe GLS W167<\/span><\/p>\n<\/div>\n<\/div>\n<\/div>\n<div class=\"detailmodule_html\">\n<div class=\"detail-desc-decorate-richtext\">\n<div class=\"detailmodule_text\">\n<p><span style=\"font-size:18px;font-family:tahoma, geneva, sans-serif\">Para Mercedes Benz 2016-2019 Classe GLC W253<\/span><\/p>\n<\/div>\n<\/div>\n<\/div>\n<div><\/div>\n<\/div>\n<\/div>\n<\/div>\n<div class=\"detailmodule_html\">\n<div class=\"detail-desc-decorate-richtext\">\n<p style=\"font-family:OpenSans;font-size:14px;font-weight:300;line-height:20px;white-space:pre-wrap;margin-bottom:12px\" class=\"detail-desc-decorate-content\"><span style=\"font-size:18px;font-family:tahoma, geneva, sans-serif\"><strong>Material:<\/strong><\/span><span style=\"font-size:18px;font-family:tahoma, geneva, sans-serif\">PC e ABS com pintura a \u00f3leo de borracha<\/span><\/p>\n<\/div>\n<\/div>\n<div class=\"detailmodule_text\"><\/div>\n<div class=\"detailmodule_text\">\n<p style=\"font-family:OpenSans;font-size:14px;font-weight:300;line-height:20px;white-space:pre-wrap;margin-bottom:12px\" class=\"detail-desc-decorate-content\"><span style=\"font-size:18px;font-family:tahoma, geneva, sans-serif\"><strong>Caracter\u00edsticas:<\/strong><\/span><\/p>\n<p style=\"font-family:OpenSans;font-size:14px;font-weight:300;line-height:20px;white-space:pre-wrap;margin-bottom:12px\" class=\"detail-desc-decorate-content\"><span style=\"font-size:18px;font-family:tahoma, geneva, sans-serif\">1.Substitua completamente os antigos ou quebrados<br \/>2.Feito de materiais de alta qualidade, dur\u00e1veis e confi\u00e1veis em uso<br \/>3.Conector correto, sem corte ou emenda<br \/>4.F\u00e1cil de instalar e instala\u00e7\u00e3o direta.<\/span><\/p>\n<\/div>\n<div class=\"detailmodule_text\">\n<p style=\"font-family:OpenSans;font-size:14px;font-weight:300;line-height:20px;white-space:pre-wrap;margin-bottom:12px\" class=\"detail-desc-decorate-content\"><span style=\"font-size:18px;font-family:tahoma, geneva, sans-serif\"><strong>Aviso:<\/strong><\/span><\/p>\n<\/div>\n<div class=\"detailmodule_text\">\n<p style=\"font-family:OpenSans;font-size:14px;font-weight:300;line-height:20px;white-space:pre-wrap;margin-bottom:12px\" class=\"detail-desc-decorate-content\"><span style=\"font-size:18px;font-family:tahoma, geneva, sans-serif\">Carros com volante esquerdo (LHD) e carros com volante direito (RHD) podem ser usados.<\/span><\/p>\n<p style=\"font-family:OpenSans;font-size:14px;font-weight:300;line-height:20px;white-space:pre-wrap;margin-bottom:12px\" class=\"detail-desc-decorate-content\"><span style=\"font-size:18px;font-family:tahoma, geneva, sans-serif\">Verifique se o formato e o tamanho do seu interruptor de al\u00e7a s\u00e3o iguais ao nosso produto.<\/span><\/p>\n<\/div>\n<div class=\"detailmodule_image\"><img data-recalc-dims=\"1\" decoding=\"async\" class=\"detail-desc-decorate-image\" src=\"https:\/\/i0.wp.com\/ae01.alicdn.com\/kf\/H6e388ab71fee49a595ef822b7c46fe76v.jpg?w=1200&#038;ssl=1\"><\/div>\n<div class=\"detailmodule_html\">\n<div class=\"detail-desc-decorate-richtext\">\n<div><img data-recalc-dims=\"1\" decoding=\"async\" src=\"https:\/\/i0.wp.com\/ae01.alicdn.com\/kf\/S48684f0ab37741fcb6cda0a71ac7062cP.jpg?w=1200&#038;ssl=1\"><img data-recalc-dims=\"1\" decoding=\"async\" src=\"https:\/\/i0.wp.com\/ae01.alicdn.com\/kf\/S3cfdbee4ba7a43eb9ad5b86fd717be1eN.jpg?w=1200&#038;ssl=1\"><img data-recalc-dims=\"1\" decoding=\"async\" src=\"https:\/\/i0.wp.com\/ae01.alicdn.com\/kf\/Sc5a2ace037ce481eac680a7675e8ea98U.jpg?w=1200&#038;ssl=1\"><img data-recalc-dims=\"1\" decoding=\"async\" src=\"https:\/\/i0.wp.com\/ae01.alicdn.com\/kf\/S21008e5ba2d94bc5ae801b15e1f5bed1A.jpg?w=1200&#038;ssl=1\"><img data-recalc-dims=\"1\" decoding=\"async\" src=\"https:\/\/i0.wp.com\/ae01.alicdn.com\/kf\/Sa3d6ae158fd940d29a308ff6cd4b9d48D.jpg?w=1200&#038;ssl=1\"><img data-recalc-dims=\"1\" decoding=\"async\" src=\"https:\/\/i0.wp.com\/ae01.alicdn.com\/kf\/Sd0dabc6477484cec807bf57a3547218cv.jpg?w=1200&#038;ssl=1\"><\/div>\n<div>\n<div>\n<div>\n<p style=\"font-family:OpenSans;font-size:20px;font-weight:900;line-height:28px;white-space:pre-wrap;margin-bottom:12px\" class=\"detail-desc-decorate-title\">LEMBRETE QUENTE<\/p>\n<p style=\"font-family:OpenSans;font-size:14px;font-weight:300;line-height:20px;white-space:pre-wrap;margin-bottom:12px\" class=\"detail-desc-decorate-content\">\uf06e Por favor confirme o n\u00famero OE.est\u00e1 correto com nossas pe\u00e7as antes de comprar para que possa caber no seu carro.<br \/>\uf06e Todas as fotos dos produtos s\u00e3o apenas para demonstra\u00e7\u00e3o e talvez uma pequena diferen\u00e7a com as pe\u00e7as reais.As diferen\u00e7as de cor e detalhes s\u00e3o em condi\u00e7\u00f5es normais.<br \/>\uf06e Por favor confirme os endere\u00e7os de entrega e o telefone.N\u00e3o.s\u00e3o detalhados e exatamente corretos.<br \/>\uf06e Se voc\u00ea n\u00e3o conseguir substituir bem as pe\u00e7as sozinho, poder\u00e1 reajust\u00e1-las ou ir \u00e0 loja de manuten\u00e7\u00e3o profissional local para instal\u00e1-las.<\/p>\n<\/div>\n<div>\n<p style=\"font-family:OpenSans;font-size:20px;font-weight:900;line-height:28px;white-space:pre-wrap;margin-bottom:12px\" class=\"detail-desc-decorate-title\">ENVIO<\/p>\n<p style=\"font-family:OpenSans;font-size:14px;font-weight:300;line-height:20px;white-space:pre-wrap;margin-bottom:12px\" class=\"detail-desc-decorate-content\">\uf06e Normalmente, o pedido ser\u00e1 enviado dentro de 2 a 7 dias \u00fateis ap\u00f3s receber o pagamento on-line, excluindo feriados.Aguarde de 24 a 48 horas para que os detalhes de rastreamento sejam atualizados online.<br \/>\uf06e Os dias de envio depender\u00e1\u00e3o do correio de entrega.Se voc\u00ea n\u00e3o recebeu o pacote dentro de 45 dias, entre em contato conosco para que possamos rastre\u00e1-lo para voc\u00ea.<br \/>\uf06e Se o pacote foi danificado durante o transporte, recuse-se a aceit\u00e1-lo e mantenha o registro e as evid\u00eancias de reclama\u00e7\u00e3o.<br \/>\uf06e abra o pacote para verificar se as pe\u00e7as e acess\u00f3rios com pacotes n\u00e3o est\u00e3o danificados durante o envio antes de assinar o pacote.<\/p>\n<\/div>\n<div>\n<p style=\"font-family:OpenSans;font-size:20px;font-weight:900;line-height:28px;white-space:pre-wrap;margin-bottom:12px\" class=\"detail-desc-decorate-title\">GARANTIA E FEEDBACK<\/p>\n<p style=\"font-family:OpenSans;font-size:14px;font-weight:300;line-height:20px;white-space:pre-wrap;margin-bottom:12px\" class=\"detail-desc-decorate-content\">\uf06e Se voc\u00ea n\u00e3o estiver satisfeito com nossos produtos, poder\u00e1 devolv\u00ea-los no prazo de 30 dias para substitui\u00e7\u00e3o ou devolu\u00e7\u00e3o do dinheiro.ent\u00e3o atualize o n\u00famero de rastreamento.de devolver o pacote no pedido de disputa.entre em contato conosco antes de devolv\u00ea-lo.<br \/>\uf06e Se o cliente se recusar a fazer o desembara\u00e7o aduaneiro ou se recusar a aceitar o pacote da transportadora local para que o pacote seja destru\u00eddo ou faltando, n\u00e3o reembolsaremos aos clientes.<br \/>\uf06e O custo de envio da devolu\u00e7\u00e3o do pacote deve ser pago pelos compradores.<br \/>\uf06e Se voc\u00ea estiver satisfeito com nossos produtos e servi\u00e7os, envie-nos um bom coment\u00e1rio e um feedback de cinco estrelas.<br \/>\uf06e   Adicionaremos os clientes que deixam o coment\u00e1rio negativo apesar de nossa lista negra.<\/p>\n<\/div>\n<\/div>\n<\/div>\n<div><img data-recalc-dims=\"1\" decoding=\"async\" src=\"https:\/\/i0.wp.com\/ae01.alicdn.com\/kf\/Scdc1db9d757542068f5d4d2447f06141Z.jpg?w=1200&#038;ssl=1\"><\/div>\n<p><\/p>\n<\/div>\n<\/div>\n<p><\/p>\n<\/div>\n<\/div>\n","protected":false},"excerpt":{"rendered":"<p>Nome do produto:CRear bagagem tronco bota esteira ch\u00e3o tapete interruptor al\u00e7a para mercedes benz cla a b c gle gle gle classe w117 w176 w177 w156 w246 Refer\u00eancia OE No.:09968001849051 Aplica\u00e7\u00e3o: Para Mercedes Benz 2013-2019 CLA W117 Para Mercedes Benz 2013-2018 Classe A W176 Para Mercedes Benz 2019-2024 Classe A W177 Para Mercedes Benz 2011-2019&hellip;&nbsp;<\/p>\n","protected":false},"featured_media":8904,"template":"","meta":{"neve_meta_sidebar":"","neve_meta_container":"","neve_meta_enable_content_width":"","neve_meta_content_width":0,"neve_meta_title_alignment":"","neve_meta_author_avatar":"","neve_post_elements_order":"","neve_meta_disable_header":"","neve_meta_disable_footer":"","neve_meta_disable_title":""},"product_brand":[],"product_cat":[17,24,128],"product_tag":[],"class_list":{"0":"post-8910","1":"product","2":"type-product","3":"status-publish","4":"has-post-thumbnail","6":"product_cat-pecas-e-acessorios-automotivos","7":"product_cat-pecas-externas","8":"product_cat-tampas-e-pecas-de-porta-malas","10":"first","11":"instock","12":"shipping-taxable","13":"purchasable","14":"product-type-variable","15":"has-default-attributes"},"jetpack_sharing_enabled":true,"_links":{"self":[{"href":"https:\/\/listman.shop\/autoparts-br\/wp-json\/wp\/v2\/product\/8910","targetHints":{"allow":["GET"]}}],"collection":[{"href":"https:\/\/listman.shop\/autoparts-br\/wp-json\/wp\/v2\/product"}],"about":[{"href":"https:\/\/listman.shop\/autoparts-br\/wp-json\/wp\/v2\/types\/product"}],"wp:featuredmedia":[{"embeddable":true,"href":"https:\/\/listman.shop\/autoparts-br\/wp-json\/wp\/v2\/media\/8904"}],"wp:attachment":[{"href":"https:\/\/listman.shop\/autoparts-br\/wp-json\/wp\/v2\/media?parent=8910"}],"wp:term":[{"taxonomy":"product_brand","embeddable":true,"href":"https:\/\/listman.shop\/autoparts-br\/wp-json\/wp\/v2\/product_brand?post=8910"},{"taxonomy":"product_cat","embeddable":true,"href":"https:\/\/listman.shop\/autoparts-br\/wp-json\/wp\/v2\/product_cat?post=8910"},{"taxonomy":"product_tag","embeddable":true,"href":"https:\/\/listman.shop\/autoparts-br\/wp-json\/wp\/v2\/product_tag?post=8910"}],"curies":[{"name":"wp","href":"https:\/\/api.w.org\/{rel}","templated":true}]}}