{"id":8929,"date":"2024-11-08T09:05:20","date_gmt":"2024-11-08T00:05:20","guid":{"rendered":"https:\/\/listman.shop\/autoparts-br\/product\/1005007560559981\/"},"modified":"2026-04-11T02:56:07","modified_gmt":"2026-04-10T17:56:07","slug":"1005007560559981","status":"publish","type":"product","link":"https:\/\/listman.shop\/autoparts-br\/product\/1005007560559981\/","title":{"rendered":"NCP0039 0036Carit Smartlink Phonelink com fio F\u00e1cil conex\u00e3o para adaptador CarPlay Android Auto sem fio 4 Baic Jetour Geely Chery"},"content":{"rendered":"<div class=\"detailmodule_html\">\n<div class=\"detail-desc-decorate-richtext\">\n<p><\/p>\n<p style=\", sans-serif;font-size:medium;font-weight:400;letter-spacing:normal;line-height:1.1;text-align:start;white-space:normal;border:0px;margin:0px 0px 16px;margin-bottom:16px;margin-top:0px;margin-left:0px;margin-right:0px;padding:0px;padding-bottom:0px;padding-top:0px;padding-left:0px;padding-right:0px;max-width:100%\" align=\"start\"><span style=\"font-size:28px;, sans-serif\"><span style=\"font-family:inherit\"><strong>Por favor, observe<\/strong><\/span><\/span><\/p>\n<div style=\", sans-serif;font-size:medium;font-weight:400;letter-spacing:normal;text-align:start;white-space:normal;border:0px;margin:0px;margin-bottom:0px;margin-top:0px;margin-left:0px;margin-right:0px;padding:0px;padding-bottom:0px;padding-top:0px;padding-left:0px;padding-right:0px;max-width:100%\" class=\"detailmodule_html\" align=\"start\">\n<div style=\"font-family:inherit;border:0px;margin:0px;margin-bottom:0px;margin-top:0px;margin-left:0px;margin-right:0px;padding:0px;padding-bottom:0px;padding-top:0px;padding-left:0px;padding-right:0px;max-width:100%\" class=\"detail-desc-decorate-richtext\">\n<div style=\"font-family:inherit;border:0px;margin:0px;margin-bottom:0px;margin-top:0px;margin-left:0px;margin-right:0px;padding:0px;padding-bottom:0px;padding-top:0px;padding-left:0px;padding-right:0px;max-width:100%\" class=\"detailmodule_html\">\n<div style=\"font-family:inherit;border:0px;margin:0px;margin-bottom:0px;margin-top:0px;margin-left:0px;margin-right:0px;padding:0px;padding-bottom:0px;padding-top:0px;padding-left:0px;padding-right:0px;max-width:100%\" class=\"detail-desc-decorate-richtext\">\n<p style=\", Roboto, Arial, Helvetica, sans-serif, SimSun;font-size:14px;font-weight:400;letter-spacing:normal;line-height:inherit;text-align:start;white-space:normal;border:0px;margin:0px;margin-bottom:0px;margin-top:0px;margin-left:0px;margin-right:0px;padding:0px;padding-bottom:0px;padding-top:0px;padding-left:0px;padding-right:0px;max-width:100%\" align=\"start\"><span style=\"font-size:22px;, sans-serif\">1. este produto atual \u00e9 Link Carbit \/ Smart Link \/ Phone Link \/ F\u00e1cil conex\u00e3o com CarPlay e Android Auto converter box que suporta SOMENTE: carro fabricado na China com Link Carbit \/ Smart Link \/ Phone Link \/ F\u00e1cil conex\u00e3o.<\/span><\/p>\n<p style=\", Roboto, Arial, Helvetica, sans-serif, SimSun;font-size:14px;font-weight:400;letter-spacing:normal;line-height:inherit;text-align:start;white-space:normal;border:0px;margin:0px;margin-bottom:0px;margin-top:0px;margin-left:0px;margin-right:0px;padding:0px;padding-bottom:0px;padding-top:0px;padding-left:0px;padding-right:0px;max-width:100%\" align=\"start\"><span style=\"font-size:22px;, sans-serif\">2. O princ\u00edpio de uso deste produto \u00e9 atualizar o link Carbit com fio \/ Smart Link \/ Phone Link \/ F\u00e1cil conex\u00e3o da tela original do carro para ter a fun\u00e7\u00e3o CarPlay sem fio e Adroid Auto.<\/span><\/p>\n<p><span class=\"slate-node-text\"><strong><span style=\"color:black;font-size:16.5pt;font-family:Arial, sans-serif\"><br \/>Todos os carros fabricados na China para o mercado chin\u00eas est\u00e3o equipados com o<\/span><\/strong><\/span><span style=\"font-size:22px;, sans-serif\">Link Carbit \/ Smart Link \/ Phone Link \/ F\u00e1cil conex\u00e3o<\/span><span class=\"slate-node-text\"><strong><span style=\"color:black;font-size:16.5pt;font-family:Arial, sans-serif\">Este adaptador Carbitlink &#8211; Apple Carplay \/ Android Auto permite ativar o sistema Carplay e conectar seu iPhone com a op\u00e7\u00e3o Carplay ao r\u00e1dio padr\u00e3o do carro ou ativar o Android Auto e conectar seus telefones Android.Depois de conectar seu telefone, voc\u00ea poder\u00e1 usar a navega\u00e7\u00e3o (Yandex Navigator (com Yandex.Al\u00e9m de assinatura), 2GIS, Waze, Apple e Google Maps), mensageiros instant\u00e2neos (WhatsApp, Viber), ouvem m\u00fasica online, podcasts, na tela do r\u00e1dio padr\u00e3o.<\/span><\/strong><\/span><\/p>\n<p><span class=\"slate-node-text\"><strong><span style=\"color:black;font-size:16.5pt;font-family:Arial, sans-serif\"><\/p>\n<p>Benef\u00edcios da ativa\u00e7\u00e3o do Apple CarPlay\/Android Auto:<br \/>&#8211; Aplicativos certificados pela AppStore \/ Play Store do multim\u00eddia do carro para o seu carro.<br \/>&#8211; Conex\u00e3o autom\u00e1tica<br \/>&#8211; Fornece a conveni\u00eancia de usar CarPlay \/ Android Auto<br \/>&#8211; Conex\u00e3o sem fio, telefone no bolso ou na bolsa &#8211; n\u00e3o requer<br \/>conex\u00e3o com seu carro sempre<br \/>&#8211; Chamadas, SMS, lista de contatos &#8211; sempre na tela do r\u00e1dio do carro<br \/>&#8211; Ouvir m\u00fasica do telefone para o r\u00e1dio<br \/>&#8211; Instalando qualquer aplicativo compat\u00edvel com Apple Carplay da AppStore<\/span><\/strong><\/span><strong><span style=\"font-size:21pt;, serif\"><\/p>\n<p><\/span><\/strong><\/p>\n<p><\/p>\n<\/div>\n<\/div>\n<\/div>\n<\/div>\n<p><img data-recalc-dims=\"1\" decoding=\"async\" src=\"https:\/\/i0.wp.com\/ae01.alicdn.com\/kf\/Sdd8f50718cd94c7d95e26a97dbe2e852X.png?w=1200&#038;ssl=1\"><img data-recalc-dims=\"1\" decoding=\"async\" src=\"https:\/\/i0.wp.com\/ae01.alicdn.com\/kf\/Sd648c72aca984952862d9b2b0169448ed.png?w=1200&#038;ssl=1\"><\/p>\n<p><img data-recalc-dims=\"1\" decoding=\"async\" src=\"https:\/\/i0.wp.com\/ae01.alicdn.com\/kf\/Sff670f709b6c4350b50b8c27ec2dfd44f.png?w=1200&#038;ssl=1\"><img data-recalc-dims=\"1\" decoding=\"async\" src=\"https:\/\/i0.wp.com\/ae01.alicdn.com\/kf\/S171ecfe383264b748caad09e22145bc6H.png?w=1200&#038;ssl=1\"><\/p>\n<p><img data-recalc-dims=\"1\" decoding=\"async\" src=\"https:\/\/i0.wp.com\/ae01.alicdn.com\/kf\/S2cd443b2042d41cfa53355bc15ac11dep.png?w=1200&#038;ssl=1\"><\/p>\n<p><img data-recalc-dims=\"1\" decoding=\"async\" src=\"https:\/\/i0.wp.com\/ae01.alicdn.com\/kf\/S16ee7ea00880479b849dd1e985aa091at.png?w=1200&#038;ssl=1\"><\/p>\n<p><\/p>\n<p><\/p>\n<p><span style=\"font-size:20px\">Jetour X70 \/ X70S \/ X95<\/span><\/p>\n<p><\/p>\n<p><span style=\"font-size:20px\">Chery 3 \/ 3X \/ 5 \/ 7 \/ Chegada 5<\/span><\/p>\n<p><\/p>\n<p><span style=\"font-size:20px\">ChangAn CS35 \/ CS55 \/ CS75 \/ CS75 Plus \/ CS95<\/span><\/p>\n<p><\/p>\n<p><span style=\"font-size:20px\">Geely Monjaro \/ Starray \/ New Coolray \/ Tugella \/ Coolray \/ Okavango \/ Azkarra \/ Emgrand<\/span><\/p>\n<p><\/p>\n<p><span style=\"font-size:20px\">Hongqi HS3\/HS5\/HS7<\/span><\/p>\n<p><\/p>\n<p><span style=\"font-size:20px\">Jac J3\/J5\/J7<\/span><\/p>\n<p><\/p>\n<p><\/p>\n<p><\/p>\n<p><\/p>\n<p><\/p>\n<\/p>\n<\/div>\n<\/div>\n","protected":false},"excerpt":{"rendered":"<p>Por favor, observe 1. este produto atual \u00e9 Link Carbit \/ Smart Link \/ Phone Link \/ F\u00e1cil conex\u00e3o com CarPlay e Android Auto converter box que suporta SOMENTE: carro fabricado na China com Link Carbit \/ Smart Link \/ Phone Link \/ F\u00e1cil conex\u00e3o. 2. O princ\u00edpio de uso deste produto \u00e9 atualizar o&hellip;&nbsp;<\/p>\n","protected":false},"featured_media":8923,"template":"","meta":{"neve_meta_sidebar":"","neve_meta_container":"","neve_meta_enable_content_width":"","neve_meta_content_width":0,"neve_meta_title_alignment":"","neve_meta_author_avatar":"","neve_post_elements_order":"","neve_meta_disable_header":"","neve_meta_disable_footer":"","neve_meta_disable_title":""},"product_brand":[],"product_cat":[126,20,17],"product_tag":[],"class_list":{"0":"post-8929","1":"product","2":"type-product","3":"status-publish","4":"has-post-thumbnail","6":"product_cat-car-ai-box","7":"product_cat-eletronicos-automotivos","8":"product_cat-pecas-e-acessorios-automotivos","10":"first","11":"instock","12":"shipping-taxable","13":"purchasable","14":"product-type-variable","15":"has-default-attributes"},"jetpack_sharing_enabled":true,"_links":{"self":[{"href":"https:\/\/listman.shop\/autoparts-br\/wp-json\/wp\/v2\/product\/8929","targetHints":{"allow":["GET"]}}],"collection":[{"href":"https:\/\/listman.shop\/autoparts-br\/wp-json\/wp\/v2\/product"}],"about":[{"href":"https:\/\/listman.shop\/autoparts-br\/wp-json\/wp\/v2\/types\/product"}],"wp:featuredmedia":[{"embeddable":true,"href":"https:\/\/listman.shop\/autoparts-br\/wp-json\/wp\/v2\/media\/8923"}],"wp:attachment":[{"href":"https:\/\/listman.shop\/autoparts-br\/wp-json\/wp\/v2\/media?parent=8929"}],"wp:term":[{"taxonomy":"product_brand","embeddable":true,"href":"https:\/\/listman.shop\/autoparts-br\/wp-json\/wp\/v2\/product_brand?post=8929"},{"taxonomy":"product_cat","embeddable":true,"href":"https:\/\/listman.shop\/autoparts-br\/wp-json\/wp\/v2\/product_cat?post=8929"},{"taxonomy":"product_tag","embeddable":true,"href":"https:\/\/listman.shop\/autoparts-br\/wp-json\/wp\/v2\/product_tag?post=8929"}],"curies":[{"name":"wp","href":"https:\/\/api.w.org\/{rel}","templated":true}]}}