{"id":966,"date":"2024-10-12T19:03:47","date_gmt":"2024-10-12T10:03:47","guid":{"rendered":"https:\/\/listman.shop\/autoparts-br\/product\/1005006424424938\/"},"modified":"2026-04-14T12:34:10","modified_gmt":"2026-04-14T03:34:10","slug":"1005006424424938","status":"publish","type":"product","link":"https:\/\/listman.shop\/autoparts-br\/product\/1005006424424938\/","title":{"rendered":"Painel de sa\u00edda da grade de ventila\u00e7\u00e3o ac do ar condicionado do assento traseiro do carro para mercedes benz w207 e coupe w204 classe c c180 c200 c220 2007-2013"},"content":{"rendered":"<div class=\"detailmodule_html\">\n<div class=\"detail-desc-decorate-richtext\">\n<div class=\"detailmodule_html\">\n<div class=\"detail-desc-decorate-richtext\">\n<div id=\"eeboxMoreInfo\" style=\"margin:3px auto;margin-bottom:3px;margin-top:3px;margin-left:auto;margin-right:auto;height:auto\" class=\"ee_box zhedie\">\n<p style=\"font-size:0px;overflow:hidden;width:1px;height:0px\" id=\"tl_1\">[xlmodel]-[personalizado]-[8888]<\/p>\n<div style=\"padding:5px;padding-bottom:5px;padding-top:5px;padding-left:5px;padding-right:5px;overflow:visible;height:auto\" class=\"ee_box_content\">\n<div class=\"detailmodule_text\">\n<p style=\"font-family:OpenSans;font-size:20px;font-weight:900;line-height:28px;white-space:pre-wrap;margin-bottom:12px\" class=\"detail-desc-decorate-title\" id=\"tl_2\">Painel da Grelha de Ventila&ccedil;&atilde;o do Ar Condicionado Traseiro<\/p>\n<div>\n      \n     <\/div>\n<p style=\"font-family:OpenSans;font-size:14px;font-weight:300;line-height:20px;white-space:pre-wrap;margin-bottom:12px\" class=\"detail-desc-decorate-content\" id=\"tl_3\">Substitui&ccedil;&atilde;o direta. <br \/>F&aacute;cil instala&ccedil;&atilde;o e uso dur&aacute;vel. <br \/>&Oacute;tima qualidade e &oacute;timo ajuste. <br \/>Conector correto Sem corte ou emenda. <br \/>Rigorosos padr&otilde;es de controle de qualidade para construir e testar. <br \/>Coloca&ccedil;&atilde;o no ve&iacute;culo: <br \/>Para modelo de carro <br \/>Para Mercedes Benz Classe C W204 2008-2014 <br \/>Para Mercedes Benz Classe E W207 2008-2014 <br \/>N&uacute;mero de refer&ecirc;ncia OE\/OEM: 2048300354 <br \/>Conte&uacute;do do pacote: <br \/>1 * Painel da Grelha de Ventila&ccedil;&atilde;o do Ar Condicionado Traseiro <br \/>Apenas o conte&uacute;do do pacote acima, outros produtos n&atilde;o est&atilde;o inclu&iacute;dos. <br \/>Fotografias com luzes diferentes e telas distintas podem fazer com que a cor do item na imagem pare&ccedil;a ligeiramente diferente da cor real. O erro de medi&ccedil;&atilde;o permitido &eacute; de +\/- 1-3cm.<\/p>\n<p style=\"font-size:0px;padding:0px;padding-bottom:0px;padding-top:0px;padding-left:0px;padding-right:0px\" class=\"detailp\"><img data-recalc-dims=\"1\" decoding=\"async\" src=\"https:\/\/i0.wp.com\/ae01.alicdn.com\/kf\/Saeec4e882847498d9b6da68e76e2ac07o.jpg?w=1200&#038;ssl=1\" \/><\/p>\n<\/p><\/div>\n<\/p><\/div>\n<\/p><\/div>\n<div id=\"ee_boxPhoto1\" style=\"margin:3px auto;margin-bottom:3px;margin-top:3px;margin-left:auto;margin-right:auto;height:auto\" class=\"ee_box zhedie\">\n<div style=\"text-align:center;padding:5px;padding-bottom:5px;padding-top:5px;padding-left:5px;padding-right:5px;display:block;overflow:visible;height:auto\" class=\"ee_box_content ui-sortable\" align=\"center\">\n<p style=\"font-size:0px;padding:0px;padding-bottom:0px;padding-top:0px;padding-left:0px;padding-right:0px\" class=\"detailp\"><img data-recalc-dims=\"1\" decoding=\"async\" src=\"https:\/\/i0.wp.com\/ae01.alicdn.com\/kf\/S58ea1ea369964aed9dc6d924644be2bff.jpg?w=1200&#038;ssl=1\" \/><\/p>\n<p style=\"font-size:0px;padding:0px;padding-bottom:0px;padding-top:0px;padding-left:0px;padding-right:0px\" class=\"detailp\"><img data-recalc-dims=\"1\" decoding=\"async\" src=\"https:\/\/i0.wp.com\/ae01.alicdn.com\/kf\/S037e9059cfa14a7a9abd6f4196aa7fc4Q.jpg?w=1200&#038;ssl=1\" \/><\/p>\n<p style=\"font-size:0px;padding:0px;padding-bottom:0px;padding-top:0px;padding-left:0px;padding-right:0px\" class=\"detailp\"><img data-recalc-dims=\"1\" decoding=\"async\" src=\"https:\/\/i0.wp.com\/ae01.alicdn.com\/kf\/Secb1620a834540fa94bd399b6714e465Y.jpg?w=1200&#038;ssl=1\" \/><\/p>\n<p style=\"font-size:0px;padding:0px;padding-bottom:0px;padding-top:0px;padding-left:0px;padding-right:0px\" class=\"detailp\"><img data-recalc-dims=\"1\" decoding=\"async\" src=\"https:\/\/i0.wp.com\/ae01.alicdn.com\/kf\/Sb0582fa4fcd2483fae52ff7bbd0280acI.jpg?w=1200&#038;ssl=1\" \/><\/p>\n<p style=\"font-size:0px;padding:0px;padding-bottom:0px;padding-top:0px;padding-left:0px;padding-right:0px\" class=\"detailp\"><img data-recalc-dims=\"1\" decoding=\"async\" src=\"https:\/\/i0.wp.com\/ae01.alicdn.com\/kf\/S07eb33ab19194041a2d250fef12c1aaeq.jpg?w=1200&#038;ssl=1\" \/><\/p>\n<p style=\"font-size:0px;padding:0px;padding-bottom:0px;padding-top:0px;padding-left:0px;padding-right:0px\" class=\"detailp\"><img data-recalc-dims=\"1\" decoding=\"async\" src=\"https:\/\/i0.wp.com\/ae01.alicdn.com\/kf\/S305f4dc5d13b428c985aef53f88d67eev.jpg?w=1200&#038;ssl=1\" \/><\/p>\n<\/p><\/div>\n<\/p><\/div>\n<p><\/p>\n<\/p><\/div>\n<\/div>\n<p><\/div>\n<\/div>\n","protected":false},"excerpt":{"rendered":"<p>[xlmodel]-[personalizado]-[8888] Painel da Grelha de Ventila&ccedil;&atilde;o do Ar Condicionado Traseiro Substitui&ccedil;&atilde;o direta. F&aacute;cil instala&ccedil;&atilde;o e uso dur&aacute;vel. &Oacute;tima qualidade e &oacute;timo ajuste. Conector correto Sem corte ou emenda. Rigorosos padr&otilde;es de controle de qualidade para construir e testar. Coloca&ccedil;&atilde;o no ve&iacute;culo: Para modelo de carro Para Mercedes Benz Classe C W204 2008-2014 Para Mercedes Benz&hellip;&nbsp;<\/p>\n","protected":false},"featured_media":960,"template":"","meta":{"neve_meta_sidebar":"","neve_meta_container":"","neve_meta_enable_content_width":"","neve_meta_content_width":0,"neve_meta_title_alignment":"","neve_meta_author_avatar":"","neve_post_elements_order":"","neve_meta_disable_header":"","neve_meta_disable_footer":"","neve_meta_disable_title":""},"product_brand":[],"product_cat":[32,75,17],"product_tag":[],"class_list":{"0":"post-966","1":"product","2":"type-product","3":"status-publish","4":"has-post-thumbnail","6":"product_cat-equipamentos-eletricos","7":"product_cat-instalacao-de-ar-condicionado","8":"product_cat-pecas-e-acessorios-automotivos","10":"first","11":"instock","12":"shipping-taxable","13":"purchasable","14":"product-type-variable","15":"has-default-attributes"},"jetpack_sharing_enabled":true,"_links":{"self":[{"href":"https:\/\/listman.shop\/autoparts-br\/wp-json\/wp\/v2\/product\/966","targetHints":{"allow":["GET"]}}],"collection":[{"href":"https:\/\/listman.shop\/autoparts-br\/wp-json\/wp\/v2\/product"}],"about":[{"href":"https:\/\/listman.shop\/autoparts-br\/wp-json\/wp\/v2\/types\/product"}],"wp:featuredmedia":[{"embeddable":true,"href":"https:\/\/listman.shop\/autoparts-br\/wp-json\/wp\/v2\/media\/960"}],"wp:attachment":[{"href":"https:\/\/listman.shop\/autoparts-br\/wp-json\/wp\/v2\/media?parent=966"}],"wp:term":[{"taxonomy":"product_brand","embeddable":true,"href":"https:\/\/listman.shop\/autoparts-br\/wp-json\/wp\/v2\/product_brand?post=966"},{"taxonomy":"product_cat","embeddable":true,"href":"https:\/\/listman.shop\/autoparts-br\/wp-json\/wp\/v2\/product_cat?post=966"},{"taxonomy":"product_tag","embeddable":true,"href":"https:\/\/listman.shop\/autoparts-br\/wp-json\/wp\/v2\/product_tag?post=966"}],"curies":[{"name":"wp","href":"https:\/\/api.w.org\/{rel}","templated":true}]}}