{"id":21635,"date":"2024-11-25T01:14:18","date_gmt":"2024-11-24T16:14:18","guid":{"rendered":"https:\/\/listman.shop\/autoparts-tz\/product\/1005004591200661\/"},"modified":"2026-04-29T01:30:07","modified_gmt":"2026-04-28T16:30:07","slug":"1005004591200661","status":"publish","type":"product","link":"https:\/\/listman.shop\/autoparts-tz\/product\/1005004591200661\/","title":{"rendered":"Vkauto For Mazda Cx3 CX-3 2015~2024 C18 pins Adapter Cable For Add Backup Reverse Fish Eye Camera  plug &amp; play"},"content":{"rendered":"<div style=\", Roboto, Arial, Helvetica, sans-serif, SimSun;font-size:14px;font-weight:400;letter-spacing:normal;text-align:start;white-space:normal;margin:0px;margin-bottom:0px;margin-top:0px;margin-left:0px;margin-right:0px;padding:0px;padding-bottom:0px;padding-top:0px;padding-left:0px;padding-right:0px\" align=\"start\"><span style=\"font-size:14px\"><span style=\"font-size:14px\"><span style=\"font-size:14px;font-family:georgia, serif\"><strong> Auto Reverse Camera\u00a0\/Auto Rear View Back Up Parking Reversing Camera<\/strong><\/span><\/span><\/span><\/div>\n<div style=\", Roboto, Arial, Helvetica, sans-serif, SimSun;font-size:14px;font-weight:400;letter-spacing:normal;text-align:start;white-space:normal;margin:0px;margin-bottom:0px;margin-top:0px;margin-left:0px;margin-right:0px;padding:0px;padding-bottom:0px;padding-top:0px;padding-left:0px;padding-right:0px\" align=\"start\"><span style=\"font-size:14px\"><span style=\"font-size:14px\"><span style=\"font-size:14px;font-family:georgia, serif\"><strong>\u00a0HD CCD Night Vision IP69 Waterproof Camera\/Fish Eye CAM\/C18 adapter cable<\/strong><\/span><\/span><\/span><\/div>\n<div><span style=\"font-size:16px\"><span style=\"font-family:georgia, serif\"><u><span>For Mazda Cx3 CX-3 2015~2024 8 inch oem mazda connect easy install <\/span><\/u><\/span><\/span><\/div>\n<div><span style=\"font-size:18px;font-family:georgia, serif\">The tail door has a reserved space for the camera, <\/span><\/div>\n<p><span style=\"font-size:18px;font-family:georgia, serif\">which is an C18-pin Connector that connects the camera and restarts the multimedia<\/span><\/p>\n<p style=\"font-size:var(--main-font-size);font-weight:400;line-height:21px;margin:0px 0px 2px;margin-bottom:2px;margin-top:0px;margin-left:0px;margin-right:0px;padding:0px;padding-bottom:0px;padding-top:0px;padding-left:0px;padding-right:0px;display:inline\" class=\"src grammarSection highlight\"><span style=\"font-size:20px;font-family:georgia, serif\"><strong>Are you willing to go to Europe and spend 350 euros on it?<\/strong><\/span><\/p>\n<ul style=\", sans-serif;font-size:14px;font-weight:400;letter-spacing:normal;text-align:start;white-space:pre-line;margin:0px;margin-bottom:0px;margin-top:0px;margin-left:0px;margin-right:0px;padding:0px;padding-bottom:0px;padding-top:0px;padding-left:0px;padding-right:0px\">\n<li style=\"margin:0px;margin-bottom:0px;margin-top:0px;margin-left:0px;margin-right:0px;padding:0px;padding-bottom:0px;padding-top:0px;padding-left:0px;padding-right:0px\">\n<p style=\"font-size:var(--main-font-size);font-weight:400;line-height:21px;margin:0px 0px 2px;margin-bottom:2px;margin-top:0px;margin-left:0px;margin-right:0px;padding:0px;padding-bottom:0px;padding-top:0px;padding-left:0px;padding-right:0px;display:inline\" class=\"src grammarSection highlight\"><span style=\"font-size:20px;font-family:georgia, serif\"><strong>This is good soulution for your cx3\/super<\/strong><\/span><\/p>\n<\/li>\n<li style=\"margin:0px;margin-bottom:0px;margin-top:0px;margin-left:0px;margin-right:0px;padding:0px;padding-bottom:0px;padding-top:0px;padding-left:0px;padding-right:0px\">\n<p><span style=\"font-size:14px;font-family:georgia, serif\"><strong>produit re\u00e7u en 8 jours et install\u00e9 en 30 minutes. Parfaitement adapt\u00e9 \u00e0 la Mazda CX3 de 2018, dot\u00e9e d&#x27;un \u00e9cran 8 pouces. Il suffit de d\u00e9clipser les panneaux plastique du hayon et effectuer les branchements. Par chance, on comprend quoi faire car le mode d&#x27;emploi est tr\u00e8s sommaire. L&#x27;image est de bonne qualit\u00e9 pour un prix d\u00e9risoire par rapport aux pi\u00e8ces vendues par Mazda : 340 euros pour la cam\u00e9ra, 98 euros pour les faisceaux \u00e9lectriques.<\/strong><\/span><\/p>\n<\/li>\n<li style=\"margin:0px;margin-bottom:0px;margin-top:0px;margin-left:0px;margin-right:0px;padding:0px;padding-bottom:0px;padding-top:0px;padding-left:0px;padding-right:0px\">\n<p style=\"font-size:var(--main-font-size);font-weight:400;line-height:21px;margin:0px 0px 2px;margin-bottom:2px;margin-top:0px;margin-left:0px;margin-right:0px;padding:0px;padding-bottom:0px;padding-top:0px;padding-left:0px;padding-right:0px;display:inline\" class=\"src grammarSection highlight\"><img data-recalc-dims=\"1\" loading=\"lazy\" decoding=\"async\" width=\"800\" height=\"148\" src=\"https:\/\/i0.wp.com\/ae01.alicdn.com\/kf\/S564c72247d3f48b2b611149f486e843fy.png?resize=800%2C148&#038;ssl=1\" \/><\/p>\n<\/li>\n<\/ul>\n<p><img data-recalc-dims=\"1\" loading=\"lazy\" decoding=\"async\" width=\"1000\" height=\"500\" src=\"https:\/\/i0.wp.com\/ae01.alicdn.com\/kf\/S20725b951eeb431f8db820a42cd9cb12F.jpg?resize=1000%2C500&#038;ssl=1\" \/><\/p>\n<div style=\", Roboto, Arial, Helvetica, sans-serif, SimSun;font-size:14px;font-weight:400;letter-spacing:normal;text-align:start;white-space:normal;margin:0px;margin-bottom:0px;margin-top:0px;margin-left:0px;margin-right:0px;padding:0px;padding-bottom:0px;padding-top:0px;padding-left:0px;padding-right:0px\" align=\"start\">\n<div style=\"margin:0px;margin-bottom:0px;margin-top:0px;margin-left:0px;margin-right:0px;padding:0px;padding-bottom:0px;padding-top:0px;padding-left:0px;padding-right:0px\">\n<div style=\"margin:0px;margin-bottom:0px;margin-top:0px;margin-left:0px;margin-right:0px;padding:0px;padding-bottom:0px;padding-top:0px;padding-left:0px;padding-right:0px\">\n<div><img data-recalc-dims=\"1\" loading=\"lazy\" decoding=\"async\" width=\"1000\" height=\"1000\" src=\"https:\/\/i0.wp.com\/ae01.alicdn.com\/kf\/Sf866b07b98204e2bbccdd65a17fa1e8eW.jpg?resize=1000%2C1000&#038;ssl=1\" \/><\/div>\n<div style=\", Roboto, Arial, Helvetica, sans-serif, SimSun;font-size:14px;font-weight:400;letter-spacing:normal;text-align:start;white-space:normal;margin:0px;margin-bottom:0px;margin-top:0px;margin-left:0px;margin-right:0px;padding:0px;padding-bottom:0px;padding-top:0px;padding-left:0px;padding-right:0px\" align=\"start\">\n<div style=\"margin:0px;margin-bottom:0px;margin-top:0px;margin-left:0px;margin-right:0px;padding:0px;padding-bottom:0px;padding-top:0px;padding-left:0px;padding-right:0px\">\n<div style=\"margin:0px;margin-bottom:0px;margin-top:0px;margin-left:0px;margin-right:0px;padding:0px;padding-bottom:0px;padding-top:0px;padding-left:0px;padding-right:0px\">\n<p style=\", Roboto, Arial, Helvetica, sans-serif, SimSun;font-size:14px;font-weight:400;letter-spacing:normal;line-height:inherit;text-align:start;white-space:normal;margin:0px;margin-bottom:0px;margin-top:0px;margin-left:0px;margin-right:0px;padding:0px;padding-bottom:0px;padding-top:0px;padding-left:0px;padding-right:0px\" align=\"start\"><span style=\"font-size:18px\"><span><strong><u><span style=\"font-family:georgia, serif\">Item Picturs\/Camera Size<\/span><\/u><\/strong><\/span><\/span><\/p>\n<\/div>\n<\/div>\n<\/div>\n<\/div>\n<\/div>\n<\/div>\n<p><img data-recalc-dims=\"1\" loading=\"lazy\" decoding=\"async\" width=\"1000\" height=\"1000\" src=\"https:\/\/i0.wp.com\/ae01.alicdn.com\/kf\/Sc74a7ff105ed450e8037cad7b8f454edS.jpg?resize=1000%2C1000&#038;ssl=1\" \/><\/p>\n<p><img data-recalc-dims=\"1\" decoding=\"async\" src=\"https:\/\/i0.wp.com\/ae01.alicdn.com\/kf\/S5e24895e13f74f8ababb0014d54863f4q.jpg?w=1200&#038;ssl=1\" \/><img data-recalc-dims=\"1\" decoding=\"async\" src=\"https:\/\/i0.wp.com\/ae01.alicdn.com\/kf\/S0bdd9fb8a41c435fa8e99a16f85d05ccN.jpg?w=1200&#038;ssl=1\" \/><\/p>\n<p><img data-recalc-dims=\"1\" decoding=\"async\" src=\"https:\/\/i0.wp.com\/ae01.alicdn.com\/kf\/S954c78d940f141b3b5991c9aa848e260H.jpg?w=1200&#038;ssl=1\" \/><span style=\"font-size:18px\"><span style=\"font-family:georgia, serif\"><u><span><strong>Package include :<\/strong><\/span><\/u><\/span><\/span><\/p>\n<div><span style=\"font-size:14px\">Adapter With Camera\/<\/span><\/div>\n<div><span style=\"font-size:14px\">Only C18 Adapter\/if you have 6V ntsc Camera you can only chioce Only C18 Adapter<\/span><\/div>\n<p style=\"font-size:14px;font-weight:400;line-height:inherit;margin:0px;margin-bottom:0px;margin-top:0px;margin-left:0px;margin-right:0px;padding:0px;padding-bottom:0px;padding-top:0px;padding-left:0px;padding-right:0px\"><span><span style=\"font-family:georgia, serif\"><span style=\"font-size:16px\"><strong>Installation Place: camera revese hole<\/strong><\/span><\/span><\/span><\/p>\n<p><img data-recalc-dims=\"1\" loading=\"lazy\" decoding=\"async\" width=\"800\" height=\"398\" src=\"https:\/\/i0.wp.com\/ae01.alicdn.com\/kf\/S40c672bea5cb4e328c8e9ebdb0de0452X.jpg?resize=800%2C398&#038;ssl=1\" \/><\/p>\n<p><span style=\"font-size:18px;font-family:georgia, serif\"><u><span><strong>Camera Description:<\/strong><\/span><\/u><\/span><\/p>\n<p style=\", Roboto, Arial, Helvetica, sans-serif, SimSun;font-size:14px;font-weight:400;letter-spacing:normal;line-height:inherit;text-align:start;white-space:normal;margin:0px;margin-bottom:0px;margin-top:0px;margin-left:0px;margin-right:0px;padding:0px;padding-bottom:0px;padding-top:0px;padding-left:0px;padding-right:0px\" align=\"start\"><strong><span style=\"font-size:16px;font-family:georgia, serif\">Image Sensor\u00a0 \u00a0 \u00a0:GC2053 1280*1080<\/span><\/strong><\/p>\n<p style=\", Roboto, Arial, Helvetica, sans-serif, SimSun;font-size:14px;font-weight:400;letter-spacing:normal;line-height:inherit;text-align:start;white-space:normal;margin:0px;margin-bottom:0px;margin-top:0px;margin-left:0px;margin-right:0px;padding:0px;padding-bottom:0px;padding-top:0px;padding-left:0px;padding-right:0px\" align=\"start\"><strong><span style=\"font-size:16px;font-family:georgia, serif\">Signal System\u00a0 \u00a0 \u00a0:<\/span><\/strong><span style=\"font-size:14px;font-family:georgia, serif\"><strong> NTSC <\/strong><\/span><\/p>\n<p style=\", Roboto, Arial, Helvetica, sans-serif, SimSun;font-size:14px;font-weight:400;letter-spacing:normal;line-height:inherit;text-align:start;white-space:normal;margin:0px;margin-bottom:0px;margin-top:0px;margin-left:0px;margin-right:0px;padding:0px;padding-bottom:0px;padding-top:0px;padding-left:0px;padding-right:0px\" align=\"start\"><strong><span style=\"font-size:16px;font-family:georgia, serif\">Resolution\u00a0 \u00a0 \u00a0 \u00a0 \u00a0 \u00a0:<\/span><\/strong><span style=\"font-size:14px;font-family:georgia, serif\"><strong>1280*720 Pixels<\/strong><\/span><\/p>\n<p style=\", Roboto, Arial, Helvetica, sans-serif, SimSun;font-size:14px;font-weight:400;letter-spacing:normal;line-height:inherit;text-align:start;white-space:normal;margin:0px;margin-bottom:0px;margin-top:0px;margin-left:0px;margin-right:0px;padding:0px;padding-bottom:0px;padding-top:0px;padding-left:0px;padding-right:0px\" align=\"start\"><strong><span style=\"font-size:16px;font-family:georgia, serif\">Video Output\u00a0 \u00a0 \u00a0 \u00a0:<\/span><\/strong><span style=\"font-size:14px;font-family:georgia, serif\"><strong>RCA Connector <\/strong><\/span><\/p>\n<p style=\", Roboto, Arial, Helvetica, sans-serif, SimSun;font-size:14px;font-weight:400;letter-spacing:normal;line-height:inherit;text-align:start;white-space:normal;margin:0px;margin-bottom:0px;margin-top:0px;margin-left:0px;margin-right:0px;padding:0px;padding-bottom:0px;padding-top:0px;padding-left:0px;padding-right:0px\" align=\"start\"><strong><span style=\"font-size:16px;font-family:georgia, serif\">Working Voltage\u00a0 :<\/span><\/strong><span style=\"font-size:14px;font-family:georgia, serif\"><strong>DC 6V <\/strong><\/span><\/p>\n<p style=\", Roboto, Arial, Helvetica, sans-serif, SimSun;font-size:14px;font-weight:400;letter-spacing:normal;line-height:inherit;text-align:start;white-space:normal;margin:0px;margin-bottom:0px;margin-top:0px;margin-left:0px;margin-right:0px;padding:0px;padding-bottom:0px;padding-top:0px;padding-left:0px;padding-right:0px\" align=\"start\"><strong><span style=\"font-size:16px;font-family:georgia, serif\">Waterproof Grade:<\/span><\/strong><span style=\"font-size:14px;font-family:georgia, serif\"><strong>IP68<\/strong><\/span><\/p>\n<p style=\", Roboto, Arial, Helvetica, sans-serif, SimSun;font-size:14px;font-weight:400;letter-spacing:normal;line-height:inherit;text-align:start;white-space:normal;margin:0px;margin-bottom:0px;margin-top:0px;margin-left:0px;margin-right:0px;padding:0px;padding-bottom:0px;padding-top:0px;padding-left:0px;padding-right:0px\" align=\"start\"><strong><span style=\"font-size:16px;font-family:georgia, serif\">Special Function\u00a0 :<\/span><\/strong><span style=\"font-size:14px;font-family:georgia, serif\"><strong>Auto White Blance,Low-light Level Night Vision<\/strong><\/span><\/p>\n<p><span style=\"font-size:18px;font-family:georgia, serif\"><u><span><strong>Diagram :<\/strong><\/span><\/u><\/span><\/p>\n<p><img data-recalc-dims=\"1\" loading=\"lazy\" decoding=\"async\" width=\"1000\" height=\"1001\" src=\"https:\/\/i0.wp.com\/ae01.alicdn.com\/kf\/Sb5908831a70a4e1e922efe7753312bbdA.png?resize=1000%2C1001&#038;ssl=1\" \/><\/p>\n<p><img data-recalc-dims=\"1\" loading=\"lazy\" decoding=\"async\" width=\"1000\" height=\"1000\" src=\"https:\/\/i0.wp.com\/ae01.alicdn.com\/kf\/S81397de39122466cb081470cf5c4fef8T.jpg?resize=1000%2C1000&#038;ssl=1\" \/><\/p>\n<p><\/p>\n<p><img data-recalc-dims=\"1\" decoding=\"async\" src=\"https:\/\/i0.wp.com\/ae01.alicdn.com\/kf\/Sfd1fd95c0f5b41b8a3afbb51fe86571cv.jpg?w=1200&#038;ssl=1\" \/><\/p>\n<p><img data-recalc-dims=\"1\" decoding=\"async\" src=\"https:\/\/i0.wp.com\/ae01.alicdn.com\/kf\/S056807280fcf4a7e92254813651ee5d6u.jpg?w=1200&#038;ssl=1\" \/><span style=\"font-size:inherit;font-family:inherit\"><u><span style=\"font-size:18px;font-family:georgia, serif\"><strong>Warranty and Return<\/strong><\/span><\/u><\/span><\/p>\n<div style=\", roboto, arial, helvetica, sans-serif, simsun;font-size:14px;font-weight:400;letter-spacing:normal;line-height:inherit;text-align:start;white-space:normal;border:0px;margin:0px;margin-bottom:0px;margin-top:0px;margin-left:0px;margin-right:0px;padding:0px;padding-bottom:0px;padding-top:0px;padding-left:0px;padding-right:0px\" align=\"start\"><span style=\"font-size:16px;font-family:inherit\"><span style=\"font-size:inherit;font-family:inherit\">1.All items are tested to ensure work Fine before shipping.If the customer needs, We will record Pictures and videos<\/span><\/span><\/div>\n<div style=\"font-family:arial;font-size:14px;font-weight:400;letter-spacing:normal;line-height:inherit;text-align:start;white-space:normal;border:0px;margin:0px;margin-bottom:0px;margin-top:0px;margin-left:0px;margin-right:0px;padding:0px;padding-bottom:0px;padding-top:0px;padding-left:0px;padding-right:0px\" align=\"start\">\n<div style=\"font-family:inherit;font-size:inherit;font-weight:inherit;line-height:inherit;border:0px;margin:0px;margin-bottom:0px;margin-top:0px;margin-left:0px;margin-right:0px;padding:0px;padding-bottom:0px;padding-top:0px;padding-left:0px;padding-right:0px\"><span style=\"font-size:16px;font-family:inherit\"><span style=\"font-size:inherit;font-family:inherit\">2.All items come with a\u00a01 year<\/span><\/span><span style=\"font-size:16px;font-family:inherit\"><span style=\"font-size:inherit;font-family:inherit\"><span style=\"font-size:inherit;font-family:inherit\">\u00a0Warranty<\/span><\/span><\/span><span style=\"font-size:16px;font-family:inherit\"><span style=\"font-size:inherit;font-family:inherit\">. From Order Begin ,The warranty will not cover damage from improper installation, accident, misuse, abuse, improper wiring, and incorrect voltage operating\/<\/span><\/span><\/div>\n<div style=\"font-family:inherit;font-size:inherit;font-weight:inherit;line-height:inherit;border:0px;margin:0px;margin-bottom:0px;margin-top:0px;margin-left:0px;margin-right:0px;padding:0px;padding-bottom:0px;padding-top:0px;padding-left:0px;padding-right:0px\"><span style=\"font-size:16px;font-family:inherit\"><span style=\"font-size:inherit;font-family:inherit\">3.Customer is responsible for the return shipping fee,Please inform us of the reason of your order revocation and send us a clear pictures or a video as a proof. Items returned to us without a report will not be processed.<\/span><\/span><\/div>\n<div style=\"font-family:inherit;font-size:inherit;font-weight:inherit;line-height:inherit;border:0px;margin:0px;margin-bottom:0px;margin-top:0px;margin-left:0px;margin-right:0px;padding:0px;padding-bottom:0px;padding-top:0px;padding-left:0px;padding-right:0px\"><span style=\"font-size:16px;font-family:inherit\"><span style=\"font-size:inherit;font-family:inherit\">4.Warranty will be voided as of:(1) Damage caused by: Undue wear &amp; tear, dirt, misused, improper installation or operation, neglect, accident.(2) Any damages caused by improper packaging when buyers return the item to us.(3) If the item was disassembled or repaired by unauthorized person.<\/span><\/span><\/div>\n<div style=\"font-family:inherit;font-size:inherit;font-weight:inherit;line-height:inherit;border:0px;margin:0px;margin-bottom:0px;margin-top:0px;margin-left:0px;margin-right:0px;padding:0px;padding-bottom:0px;padding-top:0px;padding-left:0px;padding-right:0px\"><span style=\"font-size:16px;font-family:inherit\"><span style=\"font-size:inherit;font-family:inherit\">5,Item Of AD for reference only ,Please carefully understand the product attributes, before buying to determine whether the product is suitable for their car, to avoid dispute with the seller, For example AHD camera need Special display unit<\/span><\/span><\/div>\n<\/div>\n<p style=\", roboto, arial, helvetica, sans-serif, simsun;font-size:14px;font-weight:400;letter-spacing:normal;line-height:inherit;text-align:start;white-space:normal;border:0px;margin:0px;margin-bottom:0px;margin-top:0px;margin-left:0px;margin-right:0px;padding:0px;padding-bottom:0px;padding-top:0px;padding-left:0px;padding-right:0px\" align=\"start\"><span style=\"font-size:18px;font-family:georgia, serif\"><span style=\"font-size:18px;font-family:georgia, serif\"><span style=\"font-size:18px;font-family:georgia, serif\"><span style=\"font-size:18px;font-family:georgia, serif\"><span style=\"font-size:18px;font-family:georgia, serif\"><strong>All the devices are to be installed only by the highly skilled specialists.<br \/>All installations, upgrades and other actions with your car electronics should be carried out at your own risk.Does not provide camera function activation upgrade service For example Coding of VCDS\/Forscan For Sync \/ELM327 For Renault R-link2<\/strong><\/span><\/span><\/span><\/span><\/span><\/p>\n<p style=\", roboto, arial, helvetica, sans-serif, simsun;font-size:14px;font-weight:400;letter-spacing:normal;line-height:inherit;text-align:start;white-space:normal;border:0px;margin:0px;margin-bottom:0px;margin-top:0px;margin-left:0px;margin-right:0px;padding:0px;padding-bottom:0px;padding-top:0px;padding-left:0px;padding-right:0px\" align=\"start\"><span style=\"font-size:18px;font-family:georgia, serif\"><span style=\"font-size:18px;font-family:georgia, serif\"><span style=\"font-size:18px;font-family:georgia, serif\"><span style=\"font-size:18px;font-family:georgia, serif\"><span style=\"font-size:18px;font-family:georgia, serif\"><strong>VKAUTO Store \u00a0is not liable\u00a0for any damage or incorrect operation of the equipment in the case of improper installation.<\/strong><\/span><\/span><\/span><\/span><\/span><\/p>\n<p style=\", roboto, arial, helvetica, sans-serif, simsun;font-size:14px;font-weight:400;letter-spacing:normal;line-height:inherit;text-align:start;white-space:normal;border:0px;margin:0px;margin-bottom:0px;margin-top:0px;margin-left:0px;margin-right:0px;padding:0px;padding-bottom:0px;padding-top:0px;padding-left:0px;padding-right:0px\" align=\"start\"><span style=\"font-size:18px;font-family:georgia, serif\"><span style=\"font-size:18px;font-family:georgia, serif\"><span style=\"font-size:18px;font-family:georgia, serif\"><span style=\"font-size:18px;font-family:georgia, serif\"><span style=\"font-size:18px;font-family:georgia, serif\"><strong>VKAUTO Store does not cover expences for mounting\/dismounting of purchased equipment.<\/strong><\/span><\/span><\/span><\/span><\/span><\/p>\n<p style=\", roboto, arial, helvetica, sans-serif, simsun;font-size:14px;font-weight:400;letter-spacing:normal;line-height:inherit;text-align:start;white-space:normal;border:0px;margin:0px;margin-bottom:0px;margin-top:0px;margin-left:0px;margin-right:0px;padding:0px;padding-bottom:0px;padding-top:0px;padding-left:0px;padding-right:0px\" align=\"start\"><span style=\"font-size:inherit;font-family:inherit\"><u><span style=\"font-size:18px;font-family:georgia, serif\"><strong>Shipping :<\/strong><\/span><\/u><\/span><span style=\"font-size:18px;font-family:georgia, serif\"><u><span style=\"font-size:inherit;font-family:inherit\"><strong>Shipping Within 72h<\/strong><\/span><\/u><\/span><\/p>\n<p style=\", roboto, arial, helvetica, sans-serif, simsun;font-size:14px;font-weight:400;letter-spacing:normal;line-height:inherit;text-align:start;white-space:normal;border:0px;margin:0px;margin-bottom:0px;margin-top:0px;margin-left:0px;margin-right:0px;padding:0px;padding-bottom:0px;padding-top:0px;padding-left:0px;padding-right:0px\" align=\"start\"><span style=\"font-size:inherit;font-family:inherit\"><u><span style=\"font-size:18px;font-family:georgia, serif\"><strong>Feedback<\/strong><\/span><\/u><\/span><span style=\"font-size:inherit;font-family:inherit\"><u><span style=\"font-size:18px;font-family:georgia, serif\"><strong>:Please Use Real Pictures and text As feedback<\/strong><\/span><\/u><\/span><\/p>\n<p style=\", roboto, arial, helvetica, sans-serif, simsun;font-size:14px;font-weight:400;letter-spacing:normal;line-height:inherit;text-align:start;white-space:normal;border:0px;margin:0px;margin-bottom:0px;margin-top:0px;margin-left:0px;margin-right:0px;padding:0px;padding-bottom:0px;padding-top:0px;padding-left:0px;padding-right:0px\" align=\"start\"><span style=\"font-size:14px;font-family:inherit\"><u><span style=\"font-size:14px;font-family:georgia, serif\"><strong>To make you like my product\/If You Have Any Questions Please Leave us Message,<\/strong><\/span><\/u><\/span><\/p>\n<p style=\", roboto, arial, helvetica, sans-serif, simsun;font-size:14px;font-weight:400;letter-spacing:normal;line-height:inherit;text-align:start;white-space:normal;border:0px;margin:0px;margin-bottom:0px;margin-top:0px;margin-left:0px;margin-right:0px;padding:0px;padding-bottom:0px;padding-top:0px;padding-left:0px;padding-right:0px\" align=\"start\"><\/p>\n<p style=\", roboto, arial, helvetica, sans-serif, simsun;font-size:14px;font-weight:400;letter-spacing:normal;line-height:inherit;text-align:center;white-space:normal;border:0px;margin:0px;margin-bottom:0px;margin-top:0px;margin-left:0px;margin-right:0px;padding:0px;padding-bottom:0px;padding-top:0px;padding-left:0px;padding-right:0px\" align=\"center\"><span style=\"font-size:22px;font-family:inherit\"><u><span style=\"font-size:22px;font-family:georgia, serif\"><strong>(\u3003&#x27;\u25bd&#x27;\u3003)ThankYou\/Have A Good Day(*^\u25bd^*)<\/strong><\/span><\/u><\/span><\/p>\n","protected":false},"excerpt":{"rendered":"<p>Auto Reverse Camera\u00a0\/Auto Rear View Back Up Parking Reversing Camera \u00a0HD CCD Night Vision IP69 Waterproof Camera\/Fish Eye CAM\/C18 adapter cable For Mazda Cx3 CX-3 2015~2024 8 inch oem mazda connect easy install The tail door has a reserved space for the camera, which is an C18-pin Connector that connects the camera and restarts the&hellip;&nbsp;<\/p>\n","protected":false},"featured_media":21629,"template":"","meta":{"neve_meta_sidebar":"","neve_meta_container":"","neve_meta_enable_content_width":"","neve_meta_content_width":0,"neve_meta_title_alignment":"","neve_meta_author_avatar":"","neve_post_elements_order":"","neve_meta_disable_header":"","neve_meta_disable_footer":"","neve_meta_disable_title":""},"product_brand":[],"product_cat":[16,36,21],"product_tag":[],"class_list":{"0":"post-21635","1":"product","2":"type-product","3":"status-publish","4":"has-post-thumbnail","6":"product_cat-automobiles-parts-accessories","7":"product_cat-car-dvr","8":"product_cat-car-electronics","10":"first","11":"instock","12":"shipping-taxable","13":"purchasable","14":"product-type-variable","15":"has-default-attributes"},"jetpack_sharing_enabled":true,"_links":{"self":[{"href":"https:\/\/listman.shop\/autoparts-tz\/wp-json\/wp\/v2\/product\/21635","targetHints":{"allow":["GET"]}}],"collection":[{"href":"https:\/\/listman.shop\/autoparts-tz\/wp-json\/wp\/v2\/product"}],"about":[{"href":"https:\/\/listman.shop\/autoparts-tz\/wp-json\/wp\/v2\/types\/product"}],"wp:featuredmedia":[{"embeddable":true,"href":"https:\/\/listman.shop\/autoparts-tz\/wp-json\/wp\/v2\/media\/21629"}],"wp:attachment":[{"href":"https:\/\/listman.shop\/autoparts-tz\/wp-json\/wp\/v2\/media?parent=21635"}],"wp:term":[{"taxonomy":"product_brand","embeddable":true,"href":"https:\/\/listman.shop\/autoparts-tz\/wp-json\/wp\/v2\/product_brand?post=21635"},{"taxonomy":"product_cat","embeddable":true,"href":"https:\/\/listman.shop\/autoparts-tz\/wp-json\/wp\/v2\/product_cat?post=21635"},{"taxonomy":"product_tag","embeddable":true,"href":"https:\/\/listman.shop\/autoparts-tz\/wp-json\/wp\/v2\/product_tag?post=21635"}],"curies":[{"name":"wp","href":"https:\/\/api.w.org\/{rel}","templated":true}]}}