{"id":169522,"date":"2024-10-27T18:17:47","date_gmt":"2024-10-27T09:17:47","guid":{"rendered":"https:\/\/listman.shop\/autoparts\/product\/3256805763284927\/"},"modified":"2026-05-03T14:49:09","modified_gmt":"2026-05-03T05:49:09","slug":"3256805763284927","status":"publish","type":"product","link":"https:\/\/listman.shop\/autoparts\/product\/3256805763284927\/","title":{"rendered":"For Volkswagen Golf 5 MK5 GTI Jetta 5 Passat B6 B5.5 Side Wing Mirror Covers Caps For VW Sharan Golf 5 6Plus Variant EOS"},"content":{"rendered":"<div class=\"detailmodule_html\">\n<div class=\"detail-desc-decorate-richtext\">\n<div>\n<div>\n<div>\n<div>\n<div>\n<div>\n<div>\n<div>\n<div>\n<div>\n<div>\n<div>\n<div>\n<div>\n<div>\n<div>\n<p><\/p>\n<\/div>\n<\/div>\n<\/div>\n<\/div>\n<\/div>\n<\/div>\n<\/div>\n<\/div>\n<\/div>\n<\/div>\n<\/div>\n<\/div>\n<\/div>\n<\/div>\n<\/div>\n<\/div>\n<\/div>\n<\/div>\n<p style=\", Roboto, Arial, Helvetica, sans-serif, SimSun;font-size:14px;font-weight:400;letter-spacing:normal;line-height:inherit;text-align:left;white-space:normal;margin:0px;margin-bottom:0px;margin-top:0px;margin-left:0px;margin-right:0px;padding:0px;padding-bottom:0px;padding-top:0px;padding-left:0px;padding-right:0px\" align=\"left\"><img data-recalc-dims=\"1\" decoding=\"async\" style=\"border:0px;margin:0px;margin-bottom:0px;margin-top:0px;margin-left:0px;margin-right:0px;padding:0px;padding-bottom:0px;padding-top:0px;padding-left:0px;padding-right:0px;max-width:100%\" src=\"https:\/\/i0.wp.com\/ae01.alicdn.com\/kf\/S8df64ffcdbd844179ac949230a37cebe2.jpg?w=1200&#038;ssl=1\" \/><br \/><img data-recalc-dims=\"1\" decoding=\"async\" style=\"border:0px;margin:0px;margin-bottom:0px;margin-top:0px;margin-left:0px;margin-right:0px;padding:0px;padding-bottom:0px;padding-top:0px;padding-left:0px;padding-right:0px;max-width:100%\" src=\"https:\/\/i0.wp.com\/ae01.alicdn.com\/kf\/S50ce3087ac8b4c1da1a8100e81a37603f.jpg?w=1200&#038;ssl=1\" \/><br \/><img data-recalc-dims=\"1\" decoding=\"async\" style=\"border:0px;margin:0px;margin-bottom:0px;margin-top:0px;margin-left:0px;margin-right:0px;padding:0px;padding-bottom:0px;padding-top:0px;padding-left:0px;padding-right:0px;max-width:100%\" src=\"https:\/\/i0.wp.com\/ae01.alicdn.com\/kf\/Sb6b948b9ff0848e88ee2db38a0e83af6b.jpg?w=1200&#038;ssl=1\" \/><\/p>\n<p style=\", Roboto, Arial, Helvetica, sans-serif, SimSun;font-size:14px;font-weight:400;letter-spacing:normal;line-height:inherit;text-align:start;white-space:normal;margin:0px;margin-bottom:0px;margin-top:0px;margin-left:0px;margin-right:0px;padding:0px;padding-bottom:0px;padding-top:0px;padding-left:0px;padding-right:0px\" align=\"start\"><span style=\", Helvetica, sans-serif\"><span style=\"font-size:28px\"><span><span style=\"font-size:16px;font-family:georgia, serif\"><strong>Caro comprador:<\/strong><\/span><\/span><\/span><\/span><br \/><span style=\", Helvetica, sans-serif\"><span style=\"font-size:26px\"><span><span>-N\u00f3s garantimos que todos os produtos em nossa loja s\u00e3o de alta qualidade.<\/span><\/span><\/span><\/span><br \/><span style=\", Helvetica, sans-serif\"><span style=\"font-size:26px\"><span><span>-E proporcione o servi\u00e7o p\u00f3s-venda perfeito.<\/span><\/span><\/span><\/span><img data-recalc-dims=\"1\" decoding=\"async\" style=\"border:0px;margin:0px;margin-bottom:0px;margin-top:0px;margin-left:0px;margin-right:0px;padding:0px;padding-bottom:0px;padding-top:0px;padding-left:0px;padding-right:0px;max-width:100%\" src=\"https:\/\/i0.wp.com\/ae01.alicdn.com\/kf\/S1a43df6fbd1e4cf68ca638ef13d035d1o.jpg?w=1200&#038;ssl=1\" \/><\/p>\n<p style=\", Roboto, Arial, Helvetica, sans-serif, SimSun;font-size:14px;font-weight:400;letter-spacing:normal;line-height:inherit;text-align:start;white-space:normal;margin:0px;margin-bottom:0px;margin-top:0px;margin-left:0px;margin-right:0px;padding:0px;padding-bottom:0px;padding-top:0px;padding-left:0px;padding-right:0px\" align=\"start\"><span style=\", Times, serif\"><span style=\"font-size:26px\"><span><span>Obrigado por visitar nossa loja, por favor, confirme se o seu espelho retrovisor do carro \u00e9 o mesmo que a imagem antes de comprar. Se \u00e9 diferente, contacte por favor nosso servi\u00e7o ao cliente. -Obrigado.<\/span><\/span><\/span><\/span><\/p>\n<h1 id=\"tl_5\" style=\", Roboto, Arial, Helvetica, sans-serif, SimSun;letter-spacing:normal;text-align:start;white-space:normal\" align=\"start\">Modelos compat\u00edveis:<br \/><span style=\"font-size:20px;, Arial, Helvetica, sans-serif, Heiti\"><strong><span>Ajuste para Volkswagen Golf 5 MK5 2003-2008<br \/>Ajuste para Volkswagen Golf 5 Variant 2007-2008<br \/>Ajuste para Volkswagen GTI MK5 2004-2008<br \/>Ajuste para Volkswagen EOS 2006-2008<br \/>Apto para Volkswagen Golf 5 \/ 6 Plus 2005-2013<br \/>Ajuste para Volkswagen Jetta MK5 2006-2012<br \/>Ajuste para Volkswagen Passat B5.5-tipo 3BG 2001-2005<br \/>Ajuste para Volkswagen Passat B6-tipo 3C 2005-2011 Prefacelift R36 (N\u00c3O CC)<\/span><\/strong><\/span><br \/><img data-recalc-dims=\"1\" decoding=\"async\" style=\"border:0px;margin:0px;margin-bottom:0px;margin-top:0px;margin-left:0px;margin-right:0px;padding:0px;padding-bottom:0px;padding-top:0px;padding-left:0px;padding-right:0px;max-width:100%\" src=\"https:\/\/i0.wp.com\/ae01.alicdn.com\/kf\/Sfa188cc2e4b44571b7de847a7c1f2dd94.jpg?w=1200&#038;ssl=1\" \/><\/h1>\n<p><img data-recalc-dims=\"1\" decoding=\"async\" style=\", Roboto, Arial, Helvetica, sans-serif, SimSun;font-size:14px;font-weight:400;letter-spacing:normal;text-align:start;white-space:normal;border:0px;margin:0px;margin-bottom:0px;margin-top:0px;margin-left:0px;margin-right:0px;padding:0px;padding-bottom:0px;padding-top:0px;padding-left:0px;padding-right:0px;max-width:100%\" src=\"https:\/\/i0.wp.com\/ae01.alicdn.com\/kf\/Sf27ed82eb8cb4fd9aa25203b1dd4d177q.jpg?w=1200&#038;ssl=1\" \/><\/p>\n<p style=\", Roboto, Arial, Helvetica, sans-serif, SimSun;font-size:14px;font-weight:400;letter-spacing:normal;line-height:inherit;text-align:left;white-space:normal;margin:0px;margin-bottom:0px;margin-top:0px;margin-left:0px;margin-right:0px;padding:0px;padding-bottom:0px;padding-top:0px;padding-left:0px;padding-right:0px\" align=\"left\"><img data-recalc-dims=\"1\" decoding=\"async\" style=\"border:0px;margin:0px;margin-bottom:0px;margin-top:0px;margin-left:0px;margin-right:0px;padding:0px;padding-bottom:0px;padding-top:0px;padding-left:0px;padding-right:0px;max-width:100%\" src=\"https:\/\/i0.wp.com\/ae01.alicdn.com\/kf\/S4e60fc10b3614456b534dcfafe3a833fR.jpg?w=1200&#038;ssl=1\" \/><img data-recalc-dims=\"1\" decoding=\"async\" style=\"border:0px;margin:0px;margin-bottom:0px;margin-top:0px;margin-left:0px;margin-right:0px;padding:0px;padding-bottom:0px;padding-top:0px;padding-left:0px;padding-right:0px;max-width:100%\" src=\"https:\/\/i0.wp.com\/ae01.alicdn.com\/kf\/Sfc5fbdcd77e846e58e3d5e5408d0c322E.jpg?w=1200&#038;ssl=1\" \/><img data-recalc-dims=\"1\" decoding=\"async\" style=\"border:0px;margin:0px;margin-bottom:0px;margin-top:0px;margin-left:0px;margin-right:0px;padding:0px;padding-bottom:0px;padding-top:0px;padding-left:0px;padding-right:0px;max-width:100%\" src=\"https:\/\/i0.wp.com\/ae01.alicdn.com\/kf\/See1b6a335c72496eb9c580267aebbf73j.jpg?w=1200&#038;ssl=1\" \/><img data-recalc-dims=\"1\" decoding=\"async\" style=\"border:0px;margin:0px;margin-bottom:0px;margin-top:0px;margin-left:0px;margin-right:0px;padding:0px;padding-bottom:0px;padding-top:0px;padding-left:0px;padding-right:0px;max-width:100%\" src=\"https:\/\/i0.wp.com\/ae01.alicdn.com\/kf\/Sd70d7a69032e43c5a57af7aea59f59f5d.jpg?w=1200&#038;ssl=1\" \/><img data-recalc-dims=\"1\" decoding=\"async\" style=\"border:0px;margin:0px;margin-bottom:0px;margin-top:0px;margin-left:0px;margin-right:0px;padding:0px;padding-bottom:0px;padding-top:0px;padding-left:0px;padding-right:0px;max-width:100%\" src=\"https:\/\/i0.wp.com\/ae01.alicdn.com\/kf\/See6df4c04f8445f7a01105bf079385afa.jpg?w=1200&#038;ssl=1\" \/><img data-recalc-dims=\"1\" decoding=\"async\" style=\"border:0px;margin:0px;margin-bottom:0px;margin-top:0px;margin-left:0px;margin-right:0px;padding:0px;padding-bottom:0px;padding-top:0px;padding-left:0px;padding-right:0px;max-width:100%\" src=\"https:\/\/i0.wp.com\/ae01.alicdn.com\/kf\/S48a7bbcf6358454a8a83179ca2d63e56M.jpg?w=1200&#038;ssl=1\" \/><img data-recalc-dims=\"1\" decoding=\"async\" style=\"border:0px;margin:0px;margin-bottom:0px;margin-top:0px;margin-left:0px;margin-right:0px;padding:0px;padding-bottom:0px;padding-top:0px;padding-left:0px;padding-right:0px;max-width:100%\" src=\"https:\/\/i0.wp.com\/ae01.alicdn.com\/kf\/Sc1b7dc9e3732436893850d5452b0dc053.jpg?w=1200&#038;ssl=1\" \/><img data-recalc-dims=\"1\" decoding=\"async\" style=\"border:0px;margin:0px;margin-bottom:0px;margin-top:0px;margin-left:0px;margin-right:0px;padding:0px;padding-bottom:0px;padding-top:0px;padding-left:0px;padding-right:0px;max-width:100%\" src=\"https:\/\/i0.wp.com\/ae01.alicdn.com\/kf\/Sfcd4add199b440b996b3ea21597679abc.jpg?w=1200&#038;ssl=1\" \/><img data-recalc-dims=\"1\" decoding=\"async\" style=\"border:0px;margin:0px;margin-bottom:0px;margin-top:0px;margin-left:0px;margin-right:0px;padding:0px;padding-bottom:0px;padding-top:0px;padding-left:0px;padding-right:0px;max-width:100%\" src=\"https:\/\/i0.wp.com\/ae01.alicdn.com\/kf\/S29df915b488e418481c9207399622d95h.jpg?w=1200&#038;ssl=1\" \/><img data-recalc-dims=\"1\" decoding=\"async\" style=\"border:0px;margin:0px;margin-bottom:0px;margin-top:0px;margin-left:0px;margin-right:0px;padding:0px;padding-bottom:0px;padding-top:0px;padding-left:0px;padding-right:0px;max-width:100%\" src=\"https:\/\/i0.wp.com\/ae01.alicdn.com\/kf\/S7aec8e6f7aa64cd0b5472155de3c5e1fV.jpg?w=1200&#038;ssl=1\" \/><img data-recalc-dims=\"1\" decoding=\"async\" style=\"border:0px;margin:0px;margin-bottom:0px;margin-top:0px;margin-left:0px;margin-right:0px;padding:0px;padding-bottom:0px;padding-top:0px;padding-left:0px;padding-right:0px;max-width:100%\" src=\"https:\/\/i0.wp.com\/ae01.alicdn.com\/kf\/S03425c3491ed4c5ab6fa59ac31f50c8fT.jpg?w=1200&#038;ssl=1\" \/><img data-recalc-dims=\"1\" decoding=\"async\" style=\"border:0px;margin:0px;margin-bottom:0px;margin-top:0px;margin-left:0px;margin-right:0px;padding:0px;padding-bottom:0px;padding-top:0px;padding-left:0px;padding-right:0px;max-width:100%\" src=\"https:\/\/i0.wp.com\/ae01.alicdn.com\/kf\/Sf3743909afbb45109fd5c87eabaa3358h.jpg?w=1200&#038;ssl=1\" \/><img data-recalc-dims=\"1\" decoding=\"async\" style=\"border:0px;margin:0px;margin-bottom:0px;margin-top:0px;margin-left:0px;margin-right:0px;padding:0px;padding-bottom:0px;padding-top:0px;padding-left:0px;padding-right:0px;max-width:100%\" src=\"https:\/\/i0.wp.com\/ae01.alicdn.com\/kf\/S7da9bd63aa8c427095eb108b40c7db1dK.jpg?w=1200&#038;ssl=1\" \/><img data-recalc-dims=\"1\" decoding=\"async\" style=\"border:0px;margin:0px;margin-bottom:0px;margin-top:0px;margin-left:0px;margin-right:0px;padding:0px;padding-bottom:0px;padding-top:0px;padding-left:0px;padding-right:0px;max-width:100%\" src=\"https:\/\/i0.wp.com\/ae01.alicdn.com\/kf\/S9393a4d35c5f4af1a5631f7f0c982347Q.jpg?w=1200&#038;ssl=1\" \/><img data-recalc-dims=\"1\" decoding=\"async\" style=\"border:0px;margin:0px;margin-bottom:0px;margin-top:0px;margin-left:0px;margin-right:0px;padding:0px;padding-bottom:0px;padding-top:0px;padding-left:0px;padding-right:0px;max-width:100%\" src=\"https:\/\/i0.wp.com\/ae01.alicdn.com\/kf\/Sf35342ea606c43bd954c8da6df09d233d.jpg?w=1200&#038;ssl=1\" \/><\/p>\n<p style=\", Roboto, Arial, Helvetica, sans-serif, SimSun;font-size:14px;font-weight:400;letter-spacing:normal;line-height:inherit;text-align:left;white-space:normal;margin:0px;margin-bottom:0px;margin-top:0px;margin-left:0px;margin-right:0px;padding:0px;padding-bottom:0px;padding-top:0px;padding-left:0px;padding-right:0px\" align=\"left\"><img data-recalc-dims=\"1\" decoding=\"async\" style=\"border:0px;margin:0px;margin-bottom:0px;margin-top:0px;margin-left:0px;margin-right:0px;padding:0px;padding-bottom:0px;padding-top:0px;padding-left:0px;padding-right:0px;max-width:100%\" src=\"https:\/\/i0.wp.com\/ae01.alicdn.com\/kf\/S6e25be70e54a4cf3bcffe1d14b00f22eg.jpg?w=1200&#038;ssl=1\" \/><br \/><img data-recalc-dims=\"1\" decoding=\"async\" style=\"border:0px;margin:0px;margin-bottom:0px;margin-top:0px;margin-left:0px;margin-right:0px;padding:0px;padding-bottom:0px;padding-top:0px;padding-left:0px;padding-right:0px;max-width:100%\" src=\"https:\/\/i0.wp.com\/ae01.alicdn.com\/kf\/Sa3324a0f1b854cb49c9829e4d3d6a191m.jpg?w=1200&#038;ssl=1\" \/><br \/><img data-recalc-dims=\"1\" decoding=\"async\" style=\"border:0px;margin:0px;margin-bottom:0px;margin-top:0px;margin-left:0px;margin-right:0px;padding:0px;padding-bottom:0px;padding-top:0px;padding-left:0px;padding-right:0px;max-width:100%\" src=\"https:\/\/i0.wp.com\/ae01.alicdn.com\/kf\/Sdbe5e78fc183482fabd4a4dfd79b7df2x.jpg?w=1200&#038;ssl=1\" \/><span>\u00a0<\/span><img data-recalc-dims=\"1\" decoding=\"async\" style=\"border:0px;margin:0px;margin-bottom:0px;margin-top:0px;margin-left:0px;margin-right:0px;padding:0px;padding-bottom:0px;padding-top:0px;padding-left:0px;padding-right:0px;max-width:100%\" src=\"https:\/\/i0.wp.com\/ae01.alicdn.com\/kf\/Sf05105636eef4c44acf09077a5285926F.jpg?w=1200&#038;ssl=1\" \/><img data-recalc-dims=\"1\" decoding=\"async\" style=\"border:0px;margin:0px;margin-bottom:0px;margin-top:0px;margin-left:0px;margin-right:0px;padding:0px;padding-bottom:0px;padding-top:0px;padding-left:0px;padding-right:0px;max-width:100%\" src=\"https:\/\/i0.wp.com\/ae01.alicdn.com\/kf\/S6423fbadba1242cb84a3dd3220861f5aW.jpg?w=1200&#038;ssl=1\" \/><img data-recalc-dims=\"1\" decoding=\"async\" style=\"border:0px;margin:0px;margin-bottom:0px;margin-top:0px;margin-left:0px;margin-right:0px;padding:0px;padding-bottom:0px;padding-top:0px;padding-left:0px;padding-right:0px;max-width:100%\" src=\"https:\/\/i0.wp.com\/ae01.alicdn.com\/kf\/Sff04b7874bc145138a69c47dee642244P.jpg?w=1200&#038;ssl=1\" \/><img data-recalc-dims=\"1\" decoding=\"async\" style=\"border:0px;margin:0px;margin-bottom:0px;margin-top:0px;margin-left:0px;margin-right:0px;padding:0px;padding-bottom:0px;padding-top:0px;padding-left:0px;padding-right:0px;max-width:100%\" src=\"https:\/\/i0.wp.com\/ae01.alicdn.com\/kf\/S533b986a338a4c68a142f99d76de48f6j.jpg?w=1200&#038;ssl=1\" \/><img data-recalc-dims=\"1\" decoding=\"async\" style=\"border:0px;margin:0px;margin-bottom:0px;margin-top:0px;margin-left:0px;margin-right:0px;padding:0px;padding-bottom:0px;padding-top:0px;padding-left:0px;padding-right:0px;max-width:100%\" src=\"https:\/\/i0.wp.com\/ae01.alicdn.com\/kf\/S68c9a60fab15464ab0682714386702049.jpg?w=1200&#038;ssl=1\" \/><img data-recalc-dims=\"1\" decoding=\"async\" style=\"border:0px;margin:0px;margin-bottom:0px;margin-top:0px;margin-left:0px;margin-right:0px;padding:0px;padding-bottom:0px;padding-top:0px;padding-left:0px;padding-right:0px;max-width:100%\" src=\"https:\/\/i0.wp.com\/ae01.alicdn.com\/kf\/S24178d60c46d42fb8e4815bd8fc4e0cbf.jpg?w=1200&#038;ssl=1\" \/><img data-recalc-dims=\"1\" decoding=\"async\" style=\"border:0px;margin:0px;margin-bottom:0px;margin-top:0px;margin-left:0px;margin-right:0px;padding:0px;padding-bottom:0px;padding-top:0px;padding-left:0px;padding-right:0px;max-width:100%\" src=\"https:\/\/i0.wp.com\/ae01.alicdn.com\/kf\/S187cec532f66418f948891a6fa09f1e8k.jpg?w=1200&#038;ssl=1\" \/><img data-recalc-dims=\"1\" decoding=\"async\" style=\"border:0px;margin:0px;margin-bottom:0px;margin-top:0px;margin-left:0px;margin-right:0px;padding:0px;padding-bottom:0px;padding-top:0px;padding-left:0px;padding-right:0px;max-width:100%\" src=\"https:\/\/i0.wp.com\/ae01.alicdn.com\/kf\/Sdde3f15ad711444cb16574afe308cf925.jpg?w=1200&#038;ssl=1\" \/><img data-recalc-dims=\"1\" decoding=\"async\" style=\"border:0px;margin:0px;margin-bottom:0px;margin-top:0px;margin-left:0px;margin-right:0px;padding:0px;padding-bottom:0px;padding-top:0px;padding-left:0px;padding-right:0px;max-width:100%\" src=\"https:\/\/i0.wp.com\/ae01.alicdn.com\/kf\/S486e4f0b7d7b4803af541d811961caffu.jpg?w=1200&#038;ssl=1\" \/><\/p>\n<h2 id=\"tl_6\" style=\", Roboto, Arial, Helvetica, sans-serif, SimSun;letter-spacing:normal;text-align:start;white-space:normal\" align=\"start\">Garantia:<\/h2>\n<p id=\"tl_7\" style=\", Roboto, Arial, Helvetica, sans-serif, SimSun;font-size:14px;font-weight:400;letter-spacing:normal;line-height:inherit;text-align:start;white-space:normal;margin:0px;margin-bottom:0px;margin-top:0px;margin-left:0px;margin-right:0px;padding:0px;padding-bottom:0px;padding-top:0px;padding-left:0px;padding-right:0px\" align=\"start\">1. 24 meses de garantia do fabricante. Compre com confian\u00e7a!<\/p>\n<p id=\"tl_8\" style=\", Roboto, Arial, Helvetica, sans-serif, SimSun;font-size:14px;font-weight:400;letter-spacing:normal;line-height:inherit;text-align:start;white-space:normal;margin:0px;margin-bottom:0px;margin-top:0px;margin-left:0px;margin-right:0px;padding:0px;padding-bottom:0px;padding-top:0px;padding-left:0px;padding-right:0px\" align=\"start\">2. Se voc\u00ea n\u00e3o estiver satisfeito quando receber seu item, devolva-o no prazo de 30 dias para uma substitui\u00e7\u00e3o ou devolu\u00e7\u00e3o do dinheiro. Por favor contacte-me antes que o devolva.<\/p>\n<p id=\"tl_9\" style=\", Roboto, Arial, Helvetica, sans-serif, SimSun;font-size:14px;font-weight:400;letter-spacing:normal;line-height:inherit;text-align:start;white-space:normal;margin:0px;margin-bottom:0px;margin-top:0px;margin-left:0px;margin-right:0px;padding:0px;padding-bottom:0px;padding-top:0px;padding-left:0px;padding-right:0px\" align=\"start\">3. Os itens defeituosos devem ser relatados e devolvidos dentro do per\u00edodo de garantia (e na embalagem original, se poss\u00edvel). Voc\u00ea deve nos dizer qual \u00e9 o defeito e nos dar o n\u00famero do seu pedido.<\/p>\n<p id=\"tl_10\" style=\", Roboto, Arial, Helvetica, sans-serif, SimSun;font-size:14px;font-weight:400;letter-spacing:normal;line-height:inherit;text-align:start;white-space:normal;margin:0px;margin-bottom:0px;margin-top:0px;margin-left:0px;margin-right:0px;padding:0px;padding-bottom:0px;padding-top:0px;padding-left:0px;padding-right:0px\" align=\"start\">4. O transporte do retorno deve ser pago pelo comprador.<\/p>\n<p style=\", Roboto, Arial, Helvetica, sans-serif, SimSun;font-size:14px;font-weight:400;letter-spacing:normal;line-height:inherit;text-align:start;white-space:normal;margin:0px;margin-bottom:0px;margin-top:0px;margin-left:0px;margin-right:0px;padding:0px;padding-bottom:0px;padding-top:0px;padding-left:0px;padding-right:0px\" align=\"start\"><img data-recalc-dims=\"1\" decoding=\"async\" style=\"border:0px;margin:0px;margin-bottom:0px;margin-top:0px;margin-left:0px;margin-right:0px;padding:0px;padding-bottom:0px;padding-top:0px;padding-left:0px;padding-right:0px;max-width:100%\" src=\"https:\/\/i0.wp.com\/ae01.alicdn.com\/kf\/Se5509048428141068e0f3f5e286015a9L.jpg?w=1200&#038;ssl=1\" \/><\/p>\n","protected":false},"excerpt":{"rendered":"<p>Caro comprador:-N\u00f3s garantimos que todos os produtos em nossa loja s\u00e3o de alta qualidade.-E proporcione o servi\u00e7o p\u00f3s-venda perfeito. Obrigado por visitar nossa loja, por favor, confirme se o seu espelho retrovisor do carro \u00e9 o mesmo que a imagem antes de comprar. Se \u00e9 diferente, contacte por favor nosso servi\u00e7o ao cliente. -Obrigado. Modelos&hellip;&nbsp;<\/p>\n","protected":false},"featured_media":169516,"template":"","meta":{"neve_meta_sidebar":"","neve_meta_container":"","neve_meta_enable_content_width":"","neve_meta_content_width":0,"neve_meta_title_alignment":"","neve_meta_author_avatar":"","neve_post_elements_order":"","neve_meta_disable_header":"","neve_meta_disable_footer":"","neve_meta_disable_title":""},"product_brand":[],"product_cat":[16,23,344],"product_tag":[],"class_list":{"0":"post-169522","1":"product","2":"type-product","3":"status-publish","4":"has-post-thumbnail","6":"product_cat-automobiles-parts-accessories","7":"product_cat-exterior-parts","8":"product_cat-mirror-covers","10":"first","11":"instock","12":"shipping-taxable","13":"purchasable","14":"product-type-variable","15":"has-default-attributes"},"jetpack_sharing_enabled":true,"_links":{"self":[{"href":"https:\/\/listman.shop\/autoparts\/wp-json\/wp\/v2\/product\/169522","targetHints":{"allow":["GET"]}}],"collection":[{"href":"https:\/\/listman.shop\/autoparts\/wp-json\/wp\/v2\/product"}],"about":[{"href":"https:\/\/listman.shop\/autoparts\/wp-json\/wp\/v2\/types\/product"}],"wp:featuredmedia":[{"embeddable":true,"href":"https:\/\/listman.shop\/autoparts\/wp-json\/wp\/v2\/media\/169516"}],"wp:attachment":[{"href":"https:\/\/listman.shop\/autoparts\/wp-json\/wp\/v2\/media?parent=169522"}],"wp:term":[{"taxonomy":"product_brand","embeddable":true,"href":"https:\/\/listman.shop\/autoparts\/wp-json\/wp\/v2\/product_brand?post=169522"},{"taxonomy":"product_cat","embeddable":true,"href":"https:\/\/listman.shop\/autoparts\/wp-json\/wp\/v2\/product_cat?post=169522"},{"taxonomy":"product_tag","embeddable":true,"href":"https:\/\/listman.shop\/autoparts\/wp-json\/wp\/v2\/product_tag?post=169522"}],"curies":[{"name":"wp","href":"https:\/\/api.w.org\/{rel}","templated":true}]}}