{"id":5,"date":"2024-12-08T23:06:10","date_gmt":"2024-12-08T23:06:10","guid":{"rendered":"https:\/\/listman.shop\/costume-br\/carrinho\/"},"modified":"2024-12-09T08:34:28","modified_gmt":"2024-12-08T23:34:28","slug":"carrinho","status":"publish","type":"page","link":"https:\/\/listman.shop\/costume-br\/carrinho\/","title":{"rendered":"Carrinho"},"content":{"rendered":"\n<div data-block-name=\"woocommerce\/cart\" class=\"wp-block-woocommerce-cart alignwide is-loading\">\n<div data-block-name=\"woocommerce\/filled-cart-block\" class=\"wp-block-woocommerce-filled-cart-block\">\n<div data-block-name=\"woocommerce\/cart-items-block\" class=\"wp-block-woocommerce-cart-items-block\">\n<div data-block-name=\"woocommerce\/cart-line-items-block\" class=\"wp-block-woocommerce-cart-line-items-block\"><\/div>\n\n\n\n<div data-block-name=\"woocommerce\/cart-cross-sells-block\" class=\"wp-block-woocommerce-cart-cross-sells-block\">\n<h2 class=\"wp-block-heading has-large-font-size\">You may be interested in\u2026<\/h2>\n\n\n\n<div data-block-name=\"woocommerce\/cart-cross-sells-products-block\" class=\"wp-block-woocommerce-cart-cross-sells-products-block\"><\/div>\n<\/div>\n<\/div>\n\n\n\n<div data-block-name=\"woocommerce\/cart-totals-block\" class=\"wp-block-woocommerce-cart-totals-block\">\n<div data-block-name=\"woocommerce\/cart-order-summary-block\" class=\"wp-block-woocommerce-cart-order-summary-block\">\n<div data-block-name=\"woocommerce\/cart-order-summary-heading-block\" class=\"wp-block-woocommerce-cart-order-summary-heading-block\"><\/div><div data-block-name=\"woocommerce\/cart-order-summary-coupon-form-block\" class=\"wp-block-woocommerce-cart-order-summary-coupon-form-block\"><\/div><div data-block-name=\"woocommerce\/cart-order-summary-totals-block\" class=\"wp-block-woocommerce-cart-order-summary-totals-block\">\n<div data-block-name=\"woocommerce\/cart-order-summary-subtotal-block\" class=\"wp-block-woocommerce-cart-order-summary-subtotal-block\"><\/div>\n<div data-block-name=\"woocommerce\/cart-order-summary-discount-block\" class=\"wp-block-woocommerce-cart-order-summary-discount-block\"><\/div>\n<div data-block-name=\"woocommerce\/cart-order-summary-fee-block\" class=\"wp-block-woocommerce-cart-order-summary-fee-block\"><\/div>\n<div data-block-name=\"woocommerce\/cart-order-summary-shipping-block\" class=\"wp-block-woocommerce-cart-order-summary-shipping-block\"><\/div>\n<div data-block-name=\"woocommerce\/cart-order-summary-taxes-block\" class=\"wp-block-woocommerce-cart-order-summary-taxes-block\"><\/div><\/div>\n<\/div>\n\n\n\n<div data-block-name=\"woocommerce\/cart-express-payment-block\" class=\"wp-block-woocommerce-cart-express-payment-block\"><\/div>\n\n\n\n<div data-block-name=\"woocommerce\/proceed-to-checkout-block\" class=\"wp-block-woocommerce-proceed-to-checkout-block\"><\/div>\n\n\n\n<div data-block-name=\"woocommerce\/cart-accepted-payment-methods-block\" class=\"wp-block-woocommerce-cart-accepted-payment-methods-block\"><\/div>\n<\/div>\n<\/div>\n\n\n\n<div data-block-name=\"woocommerce\/empty-cart-block\" class=\"wp-block-woocommerce-empty-cart-block\">\n<h2 class=\"wp-block-heading has-text-align-center with-empty-cart-icon wc-block-cart__empty-cart__title\">Seu carrinho est\u00e1 vazio no momento!<\/h2>\n\n\n\n<hr class=\"wp-block-separator has-alpha-channel-opacity is-style-dots\"\/>\n\n\n\n<h2 class=\"wp-block-heading has-text-align-center\">Novo na loja<\/h2>\n\n\n<div data-block-name=\"woocommerce\/product-new\" data-columns=\"4\" data-rows=\"1\" class=\"wc-block-grid wp-block-product-new wp-block-woocommerce-product-new wc-block-product-new has-4-columns\"><ul class=\"wc-block-grid__products\"><li class=\"wc-block-grid__product\">\n\t\t\t\t<a href=\"https:\/\/listman.shop\/costume-br\/product\/1005001345450611\/\" class=\"wc-block-grid__product-link\">\n\t\t\t\t\t\n\t\t\t\t\t<div class=\"wc-block-grid__product-image\"><img loading=\"lazy\" decoding=\"async\" width=\"300\" height=\"300\" src=\"https:\/\/i0.wp.com\/listman.shop\/costume-br\/wp-content\/uploads\/sites\/17\/2024\/12\/H5fc7d52c337e42a1a61a92a8a5c83862l.webp?resize=300%2C300&amp;ssl=1\" class=\"attachment-woocommerce_thumbnail size-woocommerce_thumbnail\" alt=\"M\u00e1scara De Goblin De L\u00e1tex, Orc Malvado, M\u00e1scaras De Gnome Greepy, Traje De Halloween, Capacete De Carnaval\" srcset=\"https:\/\/i0.wp.com\/listman.shop\/costume-br\/wp-content\/uploads\/sites\/17\/2024\/12\/H5fc7d52c337e42a1a61a92a8a5c83862l.webp?w=1000&amp;ssl=1 1000w, https:\/\/i0.wp.com\/listman.shop\/costume-br\/wp-content\/uploads\/sites\/17\/2024\/12\/H5fc7d52c337e42a1a61a92a8a5c83862l.webp?resize=300%2C300&amp;ssl=1 300w, https:\/\/i0.wp.com\/listman.shop\/costume-br\/wp-content\/uploads\/sites\/17\/2024\/12\/H5fc7d52c337e42a1a61a92a8a5c83862l.webp?resize=150%2C150&amp;ssl=1 150w, https:\/\/i0.wp.com\/listman.shop\/costume-br\/wp-content\/uploads\/sites\/17\/2024\/12\/H5fc7d52c337e42a1a61a92a8a5c83862l.webp?resize=768%2C768&amp;ssl=1 768w, https:\/\/i0.wp.com\/listman.shop\/costume-br\/wp-content\/uploads\/sites\/17\/2024\/12\/H5fc7d52c337e42a1a61a92a8a5c83862l.webp?resize=600%2C600&amp;ssl=1 600w, https:\/\/i0.wp.com\/listman.shop\/costume-br\/wp-content\/uploads\/sites\/17\/2024\/12\/H5fc7d52c337e42a1a61a92a8a5c83862l.webp?resize=100%2C100&amp;ssl=1 100w, https:\/\/i0.wp.com\/listman.shop\/costume-br\/wp-content\/uploads\/sites\/17\/2024\/12\/H5fc7d52c337e42a1a61a92a8a5c83862l.webp?resize=64%2C64&amp;ssl=1 64w\" sizes=\"auto, (max-width: 300px) 100vw, 300px\" \/><\/div>\n\t\t\t\t\t<div class=\"wc-block-grid__product-title\">M\u00e1scara De Goblin De L\u00e1tex, Orc Malvado, M\u00e1scaras De Gnome Greepy, Traje De Halloween, Capacete De Carnaval<\/div>\n\t\t\t\t<\/a>\n\t\t\t\t<div class=\"wc-block-grid__product-price price\"><span class=\"woocommerce-Price-amount amount\"><span class=\"woocommerce-Price-currencySymbol\">&#082;&#036;<\/span>83.30<\/span><\/div>\n\t\t\t\t\n\t\t\t\t<div class=\"wp-block-button wc-block-grid__product-add-to-cart\"><a href=\"https:\/\/listman.shop\/costume-br\/product\/1005001345450611\/\" aria-label=\"Selecione as op\u00e7\u00f5es para &ldquo;M\u00e1scara De Goblin De L\u00e1tex, Orc Malvado, M\u00e1scaras De Gnome Greepy, Traje De Halloween, Capacete De Carnaval&rdquo;\" data-quantity=\"1\" data-product_id=\"41375\" data-product_sku=\"1005001345450611\" data-price=\"83.3\" rel=\"nofollow\" class=\"wp-block-button__link  add_to_cart_button\">Ver op\u00e7\u00f5es<\/a><\/div>\n\t\t\t<\/li><li class=\"wc-block-grid__product\">\n\t\t\t\t<a href=\"https:\/\/listman.shop\/costume-br\/product\/1005001332787821\/\" class=\"wc-block-grid__product-link\">\n\t\t\t\t\t\n\t\t\t\t\t<div class=\"wc-block-grid__product-image\"><img loading=\"lazy\" decoding=\"async\" width=\"300\" height=\"300\" src=\"https:\/\/i0.wp.com\/listman.shop\/costume-br\/wp-content\/uploads\/sites\/17\/2024\/12\/Hb79b330c87ac482382b03fb3c06e8d41J.webp?resize=300%2C300&amp;ssl=1\" class=\"attachment-woocommerce_thumbnail size-woocommerce_thumbnail\" alt=\"Kokichi Oma Cosplay Traje, Danganronpa V3, Peruca Capa e Chap\u00e9u, Festa de Carnaval Halloween Trajes\" srcset=\"https:\/\/i0.wp.com\/listman.shop\/costume-br\/wp-content\/uploads\/sites\/17\/2024\/12\/Hb79b330c87ac482382b03fb3c06e8d41J.webp?w=800&amp;ssl=1 800w, https:\/\/i0.wp.com\/listman.shop\/costume-br\/wp-content\/uploads\/sites\/17\/2024\/12\/Hb79b330c87ac482382b03fb3c06e8d41J.webp?resize=300%2C300&amp;ssl=1 300w, https:\/\/i0.wp.com\/listman.shop\/costume-br\/wp-content\/uploads\/sites\/17\/2024\/12\/Hb79b330c87ac482382b03fb3c06e8d41J.webp?resize=150%2C150&amp;ssl=1 150w, https:\/\/i0.wp.com\/listman.shop\/costume-br\/wp-content\/uploads\/sites\/17\/2024\/12\/Hb79b330c87ac482382b03fb3c06e8d41J.webp?resize=768%2C768&amp;ssl=1 768w, https:\/\/i0.wp.com\/listman.shop\/costume-br\/wp-content\/uploads\/sites\/17\/2024\/12\/Hb79b330c87ac482382b03fb3c06e8d41J.webp?resize=600%2C600&amp;ssl=1 600w, https:\/\/i0.wp.com\/listman.shop\/costume-br\/wp-content\/uploads\/sites\/17\/2024\/12\/Hb79b330c87ac482382b03fb3c06e8d41J.webp?resize=100%2C100&amp;ssl=1 100w, https:\/\/i0.wp.com\/listman.shop\/costume-br\/wp-content\/uploads\/sites\/17\/2024\/12\/Hb79b330c87ac482382b03fb3c06e8d41J.webp?resize=64%2C64&amp;ssl=1 64w\" sizes=\"auto, (max-width: 300px) 100vw, 300px\" \/><\/div>\n\t\t\t\t\t<div class=\"wc-block-grid__product-title\">Kokichi Oma Cosplay Traje, Danganronpa V3, Peruca Capa e Chap\u00e9u, Festa de Carnaval Halloween Trajes<\/div>\n\t\t\t\t<\/a>\n\t\t\t\t<div class=\"wc-block-grid__product-price price\"><span class=\"woocommerce-Price-amount amount\" aria-hidden=\"true\"><span class=\"woocommerce-Price-currencySymbol\">&#082;&#036;<\/span>170.73<\/span> <span aria-hidden=\"true\">&ndash;<\/span> <span class=\"woocommerce-Price-amount amount\" aria-hidden=\"true\"><span class=\"woocommerce-Price-currencySymbol\">&#082;&#036;<\/span>918.92<\/span><span class=\"screen-reader-text\">Price range: &#082;&#036;170.73 through &#082;&#036;918.92<\/span><\/div>\n\t\t\t\t\n\t\t\t\t<div class=\"wp-block-button wc-block-grid__product-add-to-cart\"><a href=\"https:\/\/listman.shop\/costume-br\/product\/1005001332787821\/\" aria-label=\"Selecione as op\u00e7\u00f5es para &ldquo;Kokichi Oma Cosplay Traje, Danganronpa V3, Peruca Capa e Chap\u00e9u, Festa de Carnaval Halloween Trajes&rdquo;\" data-quantity=\"1\" data-product_id=\"40925\" data-product_sku=\"1005001332787821\" data-price=\"170.73\" rel=\"nofollow\" class=\"wp-block-button__link  add_to_cart_button\">Ver op\u00e7\u00f5es<\/a><\/div>\n\t\t\t<\/li><li class=\"wc-block-grid__product\">\n\t\t\t\t<a href=\"https:\/\/listman.shop\/costume-br\/product\/1005001353996781\/\" class=\"wc-block-grid__product-link\">\n\t\t\t\t\t\n\t\t\t\t\t<div class=\"wc-block-grid__product-image\"><img loading=\"lazy\" decoding=\"async\" width=\"300\" height=\"300\" src=\"https:\/\/i0.wp.com\/listman.shop\/costume-br\/wp-content\/uploads\/sites\/17\/2024\/12\/S1376b6ff9d614eaf84a8705f3728c0e70.webp?resize=300%2C300&amp;ssl=1\" class=\"attachment-woocommerce_thumbnail size-woocommerce_thumbnail\" alt=\"Rolecos lol flor espiritual ahri cosplay traje ahri peruca cosplay jogo lol ahri traje feminino quimono conjunto completo vestido chin\u00eas\" srcset=\"https:\/\/i0.wp.com\/listman.shop\/costume-br\/wp-content\/uploads\/sites\/17\/2024\/12\/S1376b6ff9d614eaf84a8705f3728c0e70.webp?w=800&amp;ssl=1 800w, https:\/\/i0.wp.com\/listman.shop\/costume-br\/wp-content\/uploads\/sites\/17\/2024\/12\/S1376b6ff9d614eaf84a8705f3728c0e70.webp?resize=300%2C300&amp;ssl=1 300w, https:\/\/i0.wp.com\/listman.shop\/costume-br\/wp-content\/uploads\/sites\/17\/2024\/12\/S1376b6ff9d614eaf84a8705f3728c0e70.webp?resize=150%2C150&amp;ssl=1 150w, https:\/\/i0.wp.com\/listman.shop\/costume-br\/wp-content\/uploads\/sites\/17\/2024\/12\/S1376b6ff9d614eaf84a8705f3728c0e70.webp?resize=768%2C768&amp;ssl=1 768w, https:\/\/i0.wp.com\/listman.shop\/costume-br\/wp-content\/uploads\/sites\/17\/2024\/12\/S1376b6ff9d614eaf84a8705f3728c0e70.webp?resize=600%2C600&amp;ssl=1 600w, https:\/\/i0.wp.com\/listman.shop\/costume-br\/wp-content\/uploads\/sites\/17\/2024\/12\/S1376b6ff9d614eaf84a8705f3728c0e70.webp?resize=100%2C100&amp;ssl=1 100w, https:\/\/i0.wp.com\/listman.shop\/costume-br\/wp-content\/uploads\/sites\/17\/2024\/12\/S1376b6ff9d614eaf84a8705f3728c0e70.webp?resize=64%2C64&amp;ssl=1 64w\" sizes=\"auto, (max-width: 300px) 100vw, 300px\" \/><\/div>\n\t\t\t\t\t<div class=\"wc-block-grid__product-title\">Rolecos lol flor espiritual ahri cosplay traje ahri peruca cosplay jogo lol ahri traje feminino quimono conjunto completo vestido chin\u00eas<\/div>\n\t\t\t\t<\/a>\n\t\t\t\t<div class=\"wc-block-grid__product-price price\"><span class=\"woocommerce-Price-amount amount\" aria-hidden=\"true\"><span class=\"woocommerce-Price-currencySymbol\">&#082;&#036;<\/span>557.21<\/span> <span aria-hidden=\"true\">&ndash;<\/span> <span class=\"woocommerce-Price-amount amount\" aria-hidden=\"true\"><span class=\"woocommerce-Price-currencySymbol\">&#082;&#036;<\/span>1,424.97<\/span><span class=\"screen-reader-text\">Price range: &#082;&#036;557.21 through &#082;&#036;1,424.97<\/span><\/div>\n\t\t\t\t\n\t\t\t\t<div class=\"wp-block-button wc-block-grid__product-add-to-cart\"><a href=\"https:\/\/listman.shop\/costume-br\/product\/1005001353996781\/\" aria-label=\"Selecione as op\u00e7\u00f5es para &ldquo;Rolecos lol flor espiritual ahri cosplay traje ahri peruca cosplay jogo lol ahri traje feminino quimono conjunto completo vestido chin\u00eas&rdquo;\" data-quantity=\"1\" data-product_id=\"40748\" data-product_sku=\"1005001353996781\" data-price=\"557.21\" rel=\"nofollow\" class=\"wp-block-button__link  add_to_cart_button\">Ver op\u00e7\u00f5es<\/a><\/div>\n\t\t\t<\/li><li class=\"wc-block-grid__product\">\n\t\t\t\t<a href=\"https:\/\/listman.shop\/costume-br\/product\/1005001305062643\/\" class=\"wc-block-grid__product-link\">\n\t\t\t\t\t\n\t\t\t\t\t<div class=\"wc-block-grid__product-image\"><img loading=\"lazy\" decoding=\"async\" width=\"300\" height=\"300\" src=\"https:\/\/i0.wp.com\/listman.shop\/costume-br\/wp-content\/uploads\/sites\/17\/2024\/12\/Ha949e8424c4847e1812d9399b1adf4b4O.webp?resize=300%2C300&amp;ssl=1\" class=\"attachment-woocommerce_thumbnail size-woocommerce_thumbnail\" alt=\"Rorschach m\u00e1scara halloween inkblot m\u00e1scaras watchmen traje cosplay m\u00e1scaras anime mascarillas super-her\u00f3i rosto m\u00e1scaras festa adere\u00e7os\" srcset=\"https:\/\/i0.wp.com\/listman.shop\/costume-br\/wp-content\/uploads\/sites\/17\/2024\/12\/Ha949e8424c4847e1812d9399b1adf4b4O.webp?w=1000&amp;ssl=1 1000w, https:\/\/i0.wp.com\/listman.shop\/costume-br\/wp-content\/uploads\/sites\/17\/2024\/12\/Ha949e8424c4847e1812d9399b1adf4b4O.webp?resize=300%2C300&amp;ssl=1 300w, https:\/\/i0.wp.com\/listman.shop\/costume-br\/wp-content\/uploads\/sites\/17\/2024\/12\/Ha949e8424c4847e1812d9399b1adf4b4O.webp?resize=150%2C150&amp;ssl=1 150w, https:\/\/i0.wp.com\/listman.shop\/costume-br\/wp-content\/uploads\/sites\/17\/2024\/12\/Ha949e8424c4847e1812d9399b1adf4b4O.webp?resize=768%2C768&amp;ssl=1 768w, https:\/\/i0.wp.com\/listman.shop\/costume-br\/wp-content\/uploads\/sites\/17\/2024\/12\/Ha949e8424c4847e1812d9399b1adf4b4O.webp?resize=600%2C600&amp;ssl=1 600w, https:\/\/i0.wp.com\/listman.shop\/costume-br\/wp-content\/uploads\/sites\/17\/2024\/12\/Ha949e8424c4847e1812d9399b1adf4b4O.webp?resize=100%2C100&amp;ssl=1 100w, https:\/\/i0.wp.com\/listman.shop\/costume-br\/wp-content\/uploads\/sites\/17\/2024\/12\/Ha949e8424c4847e1812d9399b1adf4b4O.webp?resize=64%2C64&amp;ssl=1 64w\" sizes=\"auto, (max-width: 300px) 100vw, 300px\" \/><\/div>\n\t\t\t\t\t<div class=\"wc-block-grid__product-title\">Rorschach m\u00e1scara halloween inkblot m\u00e1scaras watchmen traje cosplay m\u00e1scaras anime mascarillas super-her\u00f3i rosto m\u00e1scaras festa adere\u00e7os<\/div>\n\t\t\t\t<\/a>\n\t\t\t\t<div class=\"wc-block-grid__product-price price\"><span class=\"woocommerce-Price-amount amount\"><span class=\"woocommerce-Price-currencySymbol\">&#082;&#036;<\/span>48.88<\/span><\/div>\n\t\t\t\t\n\t\t\t\t<div class=\"wp-block-button wc-block-grid__product-add-to-cart\"><a href=\"https:\/\/listman.shop\/costume-br\/product\/1005001305062643\/\" aria-label=\"Selecione as op\u00e7\u00f5es para &ldquo;Rorschach m\u00e1scara halloween inkblot m\u00e1scaras watchmen traje cosplay m\u00e1scaras anime mascarillas super-her\u00f3i rosto m\u00e1scaras festa adere\u00e7os&rdquo;\" data-quantity=\"1\" data-product_id=\"40095\" data-product_sku=\"1005001305062643\" data-price=\"48.88\" rel=\"nofollow\" class=\"wp-block-button__link  add_to_cart_button\">Ver op\u00e7\u00f5es<\/a><\/div>\n\t\t\t<\/li><\/ul><\/div><\/div>\n<\/div>\n","protected":false},"excerpt":{"rendered":"","protected":false},"author":1,"featured_media":0,"parent":0,"menu_order":0,"comment_status":"closed","ping_status":"closed","template":"","meta":{"neve_meta_sidebar":"","neve_meta_container":"","neve_meta_enable_content_width":"","neve_meta_content_width":0,"neve_meta_title_alignment":"","neve_meta_author_avatar":"","neve_post_elements_order":"","neve_meta_disable_header":"","neve_meta_disable_footer":"","neve_meta_disable_title":"","footnotes":""},"class_list":["post-5","page","type-page","status-publish","hentry"],"jetpack_sharing_enabled":true,"_links":{"self":[{"href":"https:\/\/listman.shop\/costume-br\/wp-json\/wp\/v2\/pages\/5","targetHints":{"allow":["GET"]}}],"collection":[{"href":"https:\/\/listman.shop\/costume-br\/wp-json\/wp\/v2\/pages"}],"about":[{"href":"https:\/\/listman.shop\/costume-br\/wp-json\/wp\/v2\/types\/page"}],"author":[{"embeddable":true,"href":"https:\/\/listman.shop\/costume-br\/wp-json\/wp\/v2\/users\/1"}],"replies":[{"embeddable":true,"href":"https:\/\/listman.shop\/costume-br\/wp-json\/wp\/v2\/comments?post=5"}],"version-history":[{"count":1,"href":"https:\/\/listman.shop\/costume-br\/wp-json\/wp\/v2\/pages\/5\/revisions"}],"predecessor-version":[{"id":9,"href":"https:\/\/listman.shop\/costume-br\/wp-json\/wp\/v2\/pages\/5\/revisions\/9"}],"wp:attachment":[{"href":"https:\/\/listman.shop\/costume-br\/wp-json\/wp\/v2\/media?parent=5"}],"curies":[{"name":"wp","href":"https:\/\/api.w.org\/{rel}","templated":true}]}}