{"id":10575,"date":"2024-12-10T02:38:07","date_gmt":"2024-12-09T17:38:07","guid":{"rendered":"https:\/\/listman.shop\/costume-br\/product\/1005006248100068\/"},"modified":"2026-04-08T13:01:18","modified_gmt":"2026-04-08T04:01:18","slug":"1005006248100068","status":"publish","type":"product","link":"https:\/\/listman.shop\/costume-br\/product\/1005006248100068\/","title":{"rendered":"Homem de ferro homem-aranha m\u00e1scara 3d adulto super-her\u00f3i cospaly milhas morales gwen m\u00e1scara traje de halloween adere\u00e7os chapelaria presentes de natal terno"},"content":{"rendered":"<div class=\"detailmodule_html\">\n<div class=\"detail-desc-decorate-richtext\">\n<div class=\"detailmodule_dynamic\"><\/div>\n<div class=\"detailmodule_html\">\n<div class=\"detail-desc-decorate-richtext\">\n<div id=\"offer-template-0\">MATERIAL AMIG\u00c1VEL PARA A PELE &#8211; Nossa m\u00e1scara de aranha de super-her\u00f3is \u00e9 feita de poli\u00e9ster de alta qualidade e material el\u00e1stico (tecido el\u00e1stico), que \u00e9 t\u00e3o leve que voc\u00ea n\u00e3o consegue senti-la na cabe\u00e7a e pode respirar livremente com a m\u00e1scara para o Halloween.<br \/>ESCOLHA DE DUAS TAMANHOS \u2013 Existem dois tamanhos para adultos e crian\u00e7as.Por favor, escolha o tamanho correto antes da compra.N\u00e3o importa o tamanho da m\u00e1scara infantil ou m\u00e1scara de Halloween para adultos, o que \u00e9 perfeito para a maioria das crian\u00e7as, homens e mulheres como seu incr\u00edvel tecido el\u00e1stico.<br \/>M\u00c1SCARA DE DESIGN 3D &#8211; Em compara\u00e7\u00e3o com outras m\u00e1scaras de super-her\u00f3is, nossas m\u00e1scaras de super-her\u00f3is pretas e vermelhas s\u00e3o ergonomicamente projetadas.Pode cobrir bem sua cabe\u00e7a.Ao mesmo tempo, voc\u00ea pode respirar livremente, a parte da lente n\u00e3o bloquear\u00e1 sua vis\u00e3o.O recorte preciso reproduz altamente o papel do filme, usando nossa m\u00e1scara e voc\u00ea ficar\u00e1 imersivo no protagonista.<br \/>OCASI\u00d5ES \u2013 A m\u00e1scara de super-her\u00f3is M\u00e1scara de Halloween para homens \u00e9 adequada para a maioria das cenas.Perfeito para cosplay de Halloween, Natal, festa de anivers\u00e1rio, dramatiza\u00e7\u00e3o de palco, festa de super-her\u00f3is, festa tem\u00e1tica, fantasias, etc. Ao usar a m\u00e1scara de super-her\u00f3i, voc\u00ea deve receber muitos elogios e p\u00fablico.<br \/>MELHOR PRESENTE &#8211; A m\u00e1scara para Halloween \u00e9 o melhor presente para voc\u00ea dar \u00e0 sua fam\u00edlia, amigos, colegas e parentes. Voc\u00ea pode dar para quem voc\u00ea ama. Voc\u00ea tamb\u00e9m pode comprar m\u00e1scara de super-her\u00f3i de dois tamanhos ao mesmo tempo, usando seu filho juntos no Halloween, Natal, festa de anivers\u00e1rio, outros dias especiais e festivais.<\/div>\n<div style=\"max-width:100%\"><img data-recalc-dims=\"1\" decoding=\"async\" src=\"https:\/\/i0.wp.com\/ae01.alicdn.com\/kf\/S0c0a7c53195d458bb9a38d02b8eaec2bW.jpg?w=1200&#038;ssl=1\"><img data-recalc-dims=\"1\" decoding=\"async\" src=\"https:\/\/i0.wp.com\/ae01.alicdn.com\/kf\/S5fbd8b528a384d2cbc469dc7413bb777I.jpg?w=1200&#038;ssl=1\"><img data-recalc-dims=\"1\" decoding=\"async\" src=\"https:\/\/i0.wp.com\/ae01.alicdn.com\/kf\/S8c3217eb3d6b4cf58d243f457445666dU.jpg?w=1200&#038;ssl=1\"><img data-recalc-dims=\"1\" decoding=\"async\" src=\"https:\/\/i0.wp.com\/ae01.alicdn.com\/kf\/S75e5b79e9f2b4bf3a31ef3028ce704049.jpg?w=1200&#038;ssl=1\"><img data-recalc-dims=\"1\" decoding=\"async\" src=\"https:\/\/i0.wp.com\/ae01.alicdn.com\/kf\/S9451920bf43c42dc8a7ac32f3196a6971.jpg?w=1200&#038;ssl=1\"><img data-recalc-dims=\"1\" decoding=\"async\" src=\"https:\/\/i0.wp.com\/ae01.alicdn.com\/kf\/S7a1df43b60a94a06905222f86e2ea703r.jpg?w=1200&#038;ssl=1\"><img data-recalc-dims=\"1\" decoding=\"async\" src=\"https:\/\/i0.wp.com\/ae01.alicdn.com\/kf\/S9309fe4656dc42daa15c316108d296daX.jpg?w=1200&#038;ssl=1\"><\/div>\n<\/div>\n<\/div>\n<p><\/p>\n<\/div>\n<\/div>\n","protected":false},"excerpt":{"rendered":"<p>MATERIAL AMIG\u00c1VEL PARA A PELE &#8211; Nossa m\u00e1scara de aranha de super-her\u00f3is \u00e9 feita de poli\u00e9ster de alta qualidade e material el\u00e1stico (tecido el\u00e1stico), que \u00e9 t\u00e3o leve que voc\u00ea n\u00e3o consegue senti-la na cabe\u00e7a e pode respirar livremente com a m\u00e1scara para o Halloween.ESCOLHA DE DUAS TAMANHOS \u2013 Existem dois tamanhos para adultos e&hellip;&nbsp;<\/p>\n","protected":false},"featured_media":10569,"template":"","meta":{"neve_meta_sidebar":"","neve_meta_container":"","neve_meta_enable_content_width":"","neve_meta_content_width":0,"neve_meta_title_alignment":"","neve_meta_author_avatar":"","neve_post_elements_order":"","neve_meta_disable_header":"","neve_meta_disable_footer":"","neve_meta_disable_title":""},"product_brand":[],"product_cat":[30,28,16],"product_tag":[],"class_list":{"0":"post-10575","1":"product","2":"type-product","3":"status-publish","4":"has-post-thumbnail","6":"product_cat-acessorios-acessorios-para-cosplay","7":"product_cat-acessorios-para-cosplay","8":"product_cat-novidades-e-uso-especial","10":"first","11":"instock","12":"shipping-taxable","13":"purchasable","14":"product-type-variable","15":"has-default-attributes"},"jetpack_sharing_enabled":true,"_links":{"self":[{"href":"https:\/\/listman.shop\/costume-br\/wp-json\/wp\/v2\/product\/10575","targetHints":{"allow":["GET"]}}],"collection":[{"href":"https:\/\/listman.shop\/costume-br\/wp-json\/wp\/v2\/product"}],"about":[{"href":"https:\/\/listman.shop\/costume-br\/wp-json\/wp\/v2\/types\/product"}],"wp:featuredmedia":[{"embeddable":true,"href":"https:\/\/listman.shop\/costume-br\/wp-json\/wp\/v2\/media\/10569"}],"wp:attachment":[{"href":"https:\/\/listman.shop\/costume-br\/wp-json\/wp\/v2\/media?parent=10575"}],"wp:term":[{"taxonomy":"product_brand","embeddable":true,"href":"https:\/\/listman.shop\/costume-br\/wp-json\/wp\/v2\/product_brand?post=10575"},{"taxonomy":"product_cat","embeddable":true,"href":"https:\/\/listman.shop\/costume-br\/wp-json\/wp\/v2\/product_cat?post=10575"},{"taxonomy":"product_tag","embeddable":true,"href":"https:\/\/listman.shop\/costume-br\/wp-json\/wp\/v2\/product_tag?post=10575"}],"curies":[{"name":"wp","href":"https:\/\/api.w.org\/{rel}","templated":true}]}}