{"id":11454,"date":"2024-12-10T03:02:47","date_gmt":"2024-12-09T18:02:47","guid":{"rendered":"https:\/\/listman.shop\/costume-br\/product\/1005006278069967\/"},"modified":"2026-04-05T05:14:04","modified_gmt":"2026-04-04T20:14:04","slug":"1005006278069967","status":"publish","type":"product","link":"https:\/\/listman.shop\/costume-br\/product\/1005006278069967\/","title":{"rendered":"Personagem de anime kamade zezeko rosa feminino quimono cardigan ver\u00e3o kamado tanjirou verde preto xadrez masculino japon\u00eas haori casaco"},"content":{"rendered":"<div class=\"detailmodule_html\">\n<div class=\"detail-desc-decorate-richtext\">\n<p><span class=\"slate-node-text\"><span><span style=\"font-size:20px;font-family:tahoma, geneva, sans-serif\"><strong>Tecido<\/strong><\/span><\/span><\/span><span class=\"slate-node-text\"><span><span style=\"font-size:20px;font-family:tahoma, geneva, sans-serif\">: Poli\u00e9ster<\/span><\/span><\/span><\/p>\n<p><\/p>\n<p style=\", sans-serif;font-size:14px;font-weight:400;letter-spacing:normal;line-height:20px;text-align:start;white-space:pre-wrap;margin-bottom:0px;margin-top:0px\" align=\"start\"><span class=\"slate-node-text\"><span><span style=\"font-size:20px;font-family:tahoma, geneva, sans-serif\"><strong>Tamanho<\/strong><\/span><\/span><\/span><span class=\"slate-node-text\"><span><span style=\"font-size:20px;font-family:tahoma, geneva, sans-serif\">: 1 cm = 0,39 polegadas<\/span><\/span><\/span><\/p>\n<p><\/p>\n<p style=\", sans-serif;font-size:14px;font-weight:400;letter-spacing:normal;line-height:20px;text-align:start;white-space:pre-wrap;margin-bottom:0px;margin-top:0px\" align=\"start\"><span class=\"slate-node-text\"><span><span style=\"font-size:20px;font-family:tahoma, geneva, sans-serif\"><strong>Ocasi\u00f5es<\/strong><\/span><\/span><\/span><span class=\"slate-node-text\"><span><span style=\"font-size:20px;font-family:tahoma, geneva, sans-serif\">: Halloween, cosplay, carnaval, etc.<\/span><\/span><\/span><\/p>\n<p><\/p>\n<p style=\", sans-serif;font-size:14px;font-weight:400;letter-spacing:normal;line-height:20px;text-align:start;white-space:pre-wrap;margin-bottom:0px;margin-top:0px\" align=\"start\"><span class=\"slate-node-text\"><span><span style=\"font-size:20px;font-family:tahoma, geneva, sans-serif\"><strong>Presente<\/strong><\/span><\/span><\/span><span class=\"slate-node-text\"><span><span style=\"font-size:20px;font-family:tahoma, geneva, sans-serif\">: Se seus amigos adoram este anime, este seria um excelente presente<\/span><\/span><\/span><\/p>\n<p><\/p>\n<p style=\", sans-serif;font-size:14px;font-weight:400;letter-spacing:normal;line-height:20px;text-align:start;white-space:pre-wrap;margin-bottom:0px;margin-top:0px\" align=\"start\"><span class=\"slate-node-text\"><span><span style=\"font-size:20px;font-family:tahoma, geneva, sans-serif\"><strong>Pacote inclu\u00eddo<\/strong><\/span><\/span><\/span><span class=\"slate-node-text\"><span><span style=\"font-size:20px;font-family:tahoma, geneva, sans-serif\">:<\/span><\/span><\/span><\/p>\n<p style=\", sans-serif;font-size:14px;font-weight:400;letter-spacing:normal;line-height:20px;text-align:start;white-space:pre-wrap;margin-bottom:0px;margin-top:0px\" align=\"start\"><span class=\"slate-node-text\"><span><span style=\"font-size:20px;font-family:tahoma, geneva, sans-serif\">1 * tops soltos (outros acess\u00f3rios n\u00e3o est\u00e3o inclu\u00eddos)<\/span><\/span><\/span><\/p>\n<p style=\", sans-serif;font-size:14px;font-weight:400;letter-spacing:normal;line-height:20px;text-align:start;white-space:pre-wrap;margin-bottom:0px;margin-top:0px\" align=\"start\"><img data-recalc-dims=\"1\" decoding=\"async\" src=\"https:\/\/i0.wp.com\/ae01.alicdn.com\/kf\/S25d7520d0ed1412696354ad48a2fb759U.jpeg?w=1200&#038;ssl=1\"><img data-recalc-dims=\"1\" decoding=\"async\" style=\"background-color:transparent;border:0px;display:flex;max-height:100%;max-width:100%;width:944px;height:944px\"   src=\"https:\/\/i0.wp.com\/ae01.alicdn.com\/kf\/H9fc1f46fa4fd410384b162719c3e0159s.jpg?w=1200&#038;ssl=1\"><img data-recalc-dims=\"1\" decoding=\"async\" style=\"background-color:transparent;border:0px;display:flex;max-height:100%;max-width:100%;width:944px;height:944px\"   src=\"https:\/\/i0.wp.com\/ae01.alicdn.com\/kf\/H672e379c65b440e28188fdd946bf1367k.jpg?w=1200&#038;ssl=1\"><img data-recalc-dims=\"1\" decoding=\"async\" style=\"background-color:transparent;border:0px;display:flex;max-height:100%;max-width:100%;width:944px;height:944px\"   src=\"https:\/\/i0.wp.com\/ae01.alicdn.com\/kf\/H6443d38624014198bb9f7a12b1e62d05R.jpg?w=1200&#038;ssl=1\"><img data-recalc-dims=\"1\" decoding=\"async\" style=\"background-color:transparent;border:0px;display:flex;max-height:100%;max-width:100%;width:944px;height:944px\"   src=\"https:\/\/i0.wp.com\/ae01.alicdn.com\/kf\/H048dd9a734f94942847ac0f286127cce0.jpg?w=1200&#038;ssl=1\"><img data-recalc-dims=\"1\" decoding=\"async\" style=\"background-color:transparent;border:0px;display:flex;max-height:100%;max-width:100%;width:944px;height:944px\"   src=\"https:\/\/i0.wp.com\/ae01.alicdn.com\/kf\/Hcaf9bc1cb8fe42df81d634f5e189653dt.jpg?w=1200&#038;ssl=1\"><img data-recalc-dims=\"1\" decoding=\"async\" style=\"background-color:transparent;border:0px;display:flex;max-height:100%;max-width:100%;width:944px;height:944px\"   src=\"https:\/\/i0.wp.com\/ae01.alicdn.com\/kf\/Hd0827c27f98a4d59b243b8c1acbc434cO.jpg?w=1200&#038;ssl=1\"><img data-recalc-dims=\"1\" decoding=\"async\" style=\"background-color:transparent;border:0px;display:flex;max-height:100%;max-width:100%;width:944px;height:944px\"   src=\"https:\/\/i0.wp.com\/ae01.alicdn.com\/kf\/H6bdd571b0ee84280a59b1037cf9a09acZ.jpg?w=1200&#038;ssl=1\"><img data-recalc-dims=\"1\" decoding=\"async\" style=\"background-color:transparent;border:0px;display:flex;max-height:100%;max-width:100%;width:944px;height:944px\"   src=\"https:\/\/i0.wp.com\/ae01.alicdn.com\/kf\/H9333ce6dc1c742e588e7a3b7d25a6bedY.jpg?w=1200&#038;ssl=1\"><img data-recalc-dims=\"1\" decoding=\"async\" style=\"background-color:transparent;border:0px;display:flex;max-height:100%;max-width:100%;width:944px;height:944px\"   src=\"https:\/\/i0.wp.com\/ae01.alicdn.com\/kf\/He51d03f05cf0408988fdddc6b00303988.jpg?w=1200&#038;ssl=1\"><img data-recalc-dims=\"1\" decoding=\"async\" style=\"background-color:transparent;border:0px;display:flex;max-height:100%;max-width:100%;width:944px;height:944px\"   src=\"https:\/\/i0.wp.com\/ae01.alicdn.com\/kf\/He7ebd6b43f5442aba352ea0ea658ec548.jpg?w=1200&#038;ssl=1\"><img data-recalc-dims=\"1\" decoding=\"async\" style=\"background-color:transparent;border:0px;display:flex;max-height:100%;max-width:100%;width:944px;height:944px\"   src=\"https:\/\/i0.wp.com\/ae01.alicdn.com\/kf\/Sa64e862ed26641f7bebc01fe7db60f90P.jpg?w=1200&#038;ssl=1\"><\/p>\n<\/p>\n<\/div>\n<\/div>\n","protected":false},"excerpt":{"rendered":"<p>Tecido: Poli\u00e9ster Tamanho: 1 cm = 0,39 polegadas Ocasi\u00f5es: Halloween, cosplay, carnaval, etc. Presente: Se seus amigos adoram este anime, este seria um excelente presente Pacote inclu\u00eddo: 1 * tops soltos (outros acess\u00f3rios n\u00e3o est\u00e3o inclu\u00eddos)<\/p>\n","protected":false},"featured_media":11448,"template":"","meta":{"neve_meta_sidebar":"","neve_meta_container":"","neve_meta_enable_content_width":"","neve_meta_content_width":0,"neve_meta_title_alignment":"","neve_meta_author_avatar":"","neve_post_elements_order":"","neve_meta_disable_header":"","neve_meta_disable_footer":"","neve_meta_disable_title":""},"product_brand":[],"product_cat":[38,16,39],"product_tag":[],"class_list":{"0":"post-11454","1":"product","2":"type-product","3":"status-publish","4":"has-post-thumbnail","6":"product_cat-fantasias-de-cosplay","7":"product_cat-novidades-e-uso-especial","8":"product_cat-trajes-de-cosplay-desativar-fantasias-de-cosplay","10":"first","11":"instock","12":"shipping-taxable","13":"purchasable","14":"product-type-variable","15":"has-default-attributes"},"jetpack_sharing_enabled":true,"_links":{"self":[{"href":"https:\/\/listman.shop\/costume-br\/wp-json\/wp\/v2\/product\/11454","targetHints":{"allow":["GET"]}}],"collection":[{"href":"https:\/\/listman.shop\/costume-br\/wp-json\/wp\/v2\/product"}],"about":[{"href":"https:\/\/listman.shop\/costume-br\/wp-json\/wp\/v2\/types\/product"}],"wp:featuredmedia":[{"embeddable":true,"href":"https:\/\/listman.shop\/costume-br\/wp-json\/wp\/v2\/media\/11448"}],"wp:attachment":[{"href":"https:\/\/listman.shop\/costume-br\/wp-json\/wp\/v2\/media?parent=11454"}],"wp:term":[{"taxonomy":"product_brand","embeddable":true,"href":"https:\/\/listman.shop\/costume-br\/wp-json\/wp\/v2\/product_brand?post=11454"},{"taxonomy":"product_cat","embeddable":true,"href":"https:\/\/listman.shop\/costume-br\/wp-json\/wp\/v2\/product_cat?post=11454"},{"taxonomy":"product_tag","embeddable":true,"href":"https:\/\/listman.shop\/costume-br\/wp-json\/wp\/v2\/product_tag?post=11454"}],"curies":[{"name":"wp","href":"https:\/\/api.w.org\/{rel}","templated":true}]}}