{"id":11521,"date":"2024-12-10T03:04:36","date_gmt":"2024-12-09T18:04:36","guid":{"rendered":"https:\/\/listman.shop\/costume-br\/product\/1005006291223148\/"},"modified":"2026-04-05T05:19:11","modified_gmt":"2026-04-04T20:19:11","slug":"1005006291223148","status":"publish","type":"product","link":"https:\/\/listman.shop\/costume-br\/product\/1005006291223148\/","title":{"rendered":"Spiderman 2-8 anos crian\u00e7as bon\u00e9 bon\u00e9s de beisebol para menino menina hip hop chap\u00e9u snapback ver\u00e3o chap\u00e9us de sol viseira ao ar livre chap\u00e9us de praia"},"content":{"rendered":"<div class=\"detailmodule_html\">\n<div class=\"detail-desc-decorate-richtext\">\n<p>&nbsp;<\/p>\n<p><span style=\"font-size:22px;font-family:arial, helvetica, sans-serif\"><strong>Homem-Aranha 2-8 anos crian&ccedil;as bon&eacute; bon&eacute;s de beisebol das crian&ccedil;as para menino menina hip hop chap&eacute;u snapback ver&atilde;o chap&eacute;us de sol viseira ao ar livre chap&eacute;u de praia<\/strong><\/span><\/p>\n<p><span><\/span><\/p>\n<p><span style=\"font-size:20px\">Material: Algod&atilde;o<\/span><\/p>\n<p><span style=\"font-size:20px\">Esta&ccedil;&atilde;o: primavera, ver&atilde;o, outono<\/span><\/p>\n<p><span style=\"font-size:20px\">Tamanho: ajust&aacute;vel<\/span><\/p>\n<p><span style=\"font-size:20px\">Circunfer&ecirc;ncia: 48-53cm<\/span><\/p>\n<p><span style=\"font-size:20px\">Idade: 2-8T (48-53cm)<\/span><\/p>\n<p><span style=\"font-size:20px\">Tipo: bon&eacute; de beisebol<\/span><\/p>\n<p><span style=\"font-size:20px\">G&ecirc;nero: meninos e meninas<\/span><\/p>\n<p> <img data-recalc-dims=\"1\" decoding=\"async\" src=\"https:\/\/i0.wp.com\/ae03.alicdn.com\/kf\/S5d23efdf53ff4028a9f63e3509df99d3y.jpg?w=1200&#038;ssl=1\" \/><img data-recalc-dims=\"1\" decoding=\"async\" src=\"https:\/\/i0.wp.com\/ae03.alicdn.com\/kf\/Se22c50be3dd74a0da7800022d64b0c2co.jpg?w=1200&#038;ssl=1\" \/><img data-recalc-dims=\"1\" decoding=\"async\" src=\"https:\/\/i0.wp.com\/ae03.alicdn.com\/kf\/Sf7e1d57b0bad492b86b44044fb3e5f79k.jpg?w=1200&#038;ssl=1\" \/><img data-recalc-dims=\"1\" decoding=\"async\" src=\"https:\/\/i0.wp.com\/ae03.alicdn.com\/kf\/Sfaeb9be249b04c17bb1c6392b18bf204C.jpg?w=1200&#038;ssl=1\" \/><img data-recalc-dims=\"1\" decoding=\"async\" src=\"https:\/\/i0.wp.com\/ae03.alicdn.com\/kf\/S29803bb25dd548abba9e690292a9e55aa.jpg?w=1200&#038;ssl=1\" \/><img data-recalc-dims=\"1\" decoding=\"async\" src=\"https:\/\/i0.wp.com\/ae03.alicdn.com\/kf\/Se8d1fa8fe91041ac8111bf3fcfe774e7M.jpg?w=1200&#038;ssl=1\" \/><img data-recalc-dims=\"1\" decoding=\"async\" src=\"https:\/\/i0.wp.com\/ae03.alicdn.com\/kf\/S19b82408fed04d1a857aa7929c50f99bN.jpg?w=1200&#038;ssl=1\" \/><br \/> &nbsp;<\/p>\n<\/p><\/div>\n<\/div>\n","protected":false},"excerpt":{"rendered":"<p>&nbsp; Homem-Aranha 2-8 anos crian&ccedil;as bon&eacute; bon&eacute;s de beisebol das crian&ccedil;as para menino menina hip hop chap&eacute;u snapback ver&atilde;o chap&eacute;us de sol viseira ao ar livre chap&eacute;u de praia Material: Algod&atilde;o Esta&ccedil;&atilde;o: primavera, ver&atilde;o, outono Tamanho: ajust&aacute;vel Circunfer&ecirc;ncia: 48-53cm Idade: 2-8T (48-53cm) Tipo: bon&eacute; de beisebol G&ecirc;nero: meninos e meninas &nbsp;<\/p>\n","protected":false},"featured_media":11515,"template":"","meta":{"neve_meta_sidebar":"","neve_meta_container":"","neve_meta_enable_content_width":"","neve_meta_content_width":0,"neve_meta_title_alignment":"","neve_meta_author_avatar":"","neve_post_elements_order":"","neve_meta_disable_header":"","neve_meta_disable_footer":"","neve_meta_disable_title":""},"product_brand":[],"product_cat":[38,16,39],"product_tag":[],"class_list":{"0":"post-11521","1":"product","2":"type-product","3":"status-publish","4":"has-post-thumbnail","6":"product_cat-fantasias-de-cosplay","7":"product_cat-novidades-e-uso-especial","8":"product_cat-trajes-de-cosplay-desativar-fantasias-de-cosplay","10":"first","11":"instock","12":"shipping-taxable","13":"purchasable","14":"product-type-variable","15":"has-default-attributes"},"jetpack_sharing_enabled":true,"_links":{"self":[{"href":"https:\/\/listman.shop\/costume-br\/wp-json\/wp\/v2\/product\/11521","targetHints":{"allow":["GET"]}}],"collection":[{"href":"https:\/\/listman.shop\/costume-br\/wp-json\/wp\/v2\/product"}],"about":[{"href":"https:\/\/listman.shop\/costume-br\/wp-json\/wp\/v2\/types\/product"}],"wp:featuredmedia":[{"embeddable":true,"href":"https:\/\/listman.shop\/costume-br\/wp-json\/wp\/v2\/media\/11515"}],"wp:attachment":[{"href":"https:\/\/listman.shop\/costume-br\/wp-json\/wp\/v2\/media?parent=11521"}],"wp:term":[{"taxonomy":"product_brand","embeddable":true,"href":"https:\/\/listman.shop\/costume-br\/wp-json\/wp\/v2\/product_brand?post=11521"},{"taxonomy":"product_cat","embeddable":true,"href":"https:\/\/listman.shop\/costume-br\/wp-json\/wp\/v2\/product_cat?post=11521"},{"taxonomy":"product_tag","embeddable":true,"href":"https:\/\/listman.shop\/costume-br\/wp-json\/wp\/v2\/product_tag?post=11521"}],"curies":[{"name":"wp","href":"https:\/\/api.w.org\/{rel}","templated":true}]}}