{"id":11908,"date":"2024-12-10T03:15:33","date_gmt":"2024-12-09T18:15:33","guid":{"rendered":"https:\/\/listman.shop\/costume-br\/product\/1005006342139028\/"},"modified":"2026-04-08T10:09:46","modified_gmt":"2026-04-08T01:09:46","slug":"1005006342139028","status":"publish","type":"product","link":"https:\/\/listman.shop\/costume-br\/product\/1005006342139028\/","title":{"rendered":"Super Game Luigi Bors Cap com Barba para Adultos e Crian\u00e7as, Vermelho, Verde, Anime, Desenhos Animados, Engra\u00e7ado, Bonitos Chap\u00e9us, Prop Party Prop"},"content":{"rendered":"<div class=\"detailmodule_html\">\n<div class=\"detail-desc-decorate-richtext\">\n<p style=\"text-align:center\" align=\"center\"><span style=\"font-size:24px;font-family:georgia, serif\"><strong id=\"tl_1\">Super Jogo Luigi Bors Vermelho Verde Cap Com Barba Adulto Crian&ccedil;as Anime Cosplay Cartoon Engra&ccedil;ado Bonito Chap&eacute;us Prop Partido Prop<\/strong><\/span> <\/p>\n<p style=\", Roboto, Arial, Helvetica, sans-serif, SimSun;font-size:14px;font-weight:400;letter-spacing:normal;line-height:inherit;text-align:center;white-space:normal;margin:0px;margin-bottom:0px;margin-top:0px;margin-left:0px;margin-right:0px;padding:0px;padding-bottom:0px;padding-top:0px;padding-left:0px;padding-right:0px\" align=\"center\"><span class=\"slate-node-text\"><span><span><span><span style=\"font-size:36px;, Arial, Helvetica, sans-serif, Heiti\" id=\"tl_2\">Detalhes do produto<\/span><\/span><\/span><\/span><\/span><\/p>\n<p> <\/p>\n<div style=\", Arial, Helvetica, sans-serif, Heiti;font-size:14px;font-weight:400;letter-spacing:normal;text-align:start;white-space:normal;margin:0px;margin-bottom:0px;margin-top:0px;margin-left:0px;margin-right:0px;padding-bottom:0px;padding-top:0px;padding-right:0px\" align=\"start\">\n<div style=\"text-align:center;margin:0px;margin-bottom:0px;margin-top:0px;margin-left:0px;margin-right:0px;padding-bottom:0px;padding-top:0px;padding-right:0px\" align=\"center\">\n  <span class=\"slate-node-text\"><span><\/span><\/span>\n <\/div>\n<\/div>\n<div style=\", Arial, Helvetica, sans-serif, Heiti;font-size:14px;font-weight:400;letter-spacing:normal;text-align:center;white-space:normal;margin:0px;margin-bottom:0px;margin-top:0px;margin-left:0px;margin-right:0px;padding-bottom:0px;padding-top:0px;padding-right:0px\" align=\"center\">\n <span class=\"slate-node-text\"><span><span style=\"font-size:20px;font-family:georgia, serif\"><span style=\"font-family:georgia, serif\"><strong id=\"tl_3\">Materiais: Algod&atilde;o<\/strong><\/span><\/span><\/span><\/span>\n<\/div>\n<p> <\/p>\n<div style=\", Arial, Helvetica, sans-serif, Heiti;font-size:14px;font-weight:400;letter-spacing:normal;text-align:center;white-space:normal;margin:0px;margin-bottom:0px;margin-top:0px;margin-left:0px;margin-right:0px;padding-bottom:0px;padding-top:0px;padding-right:0px\" align=\"center\">\n <span class=\"slate-node-text\"><span><\/span><\/span>\n<\/div>\n<div style=\", Arial, Helvetica, sans-serif, Heiti;font-size:14px;font-weight:400;letter-spacing:normal;text-align:center;white-space:normal;margin:0px;margin-bottom:0px;margin-top:0px;margin-left:0px;margin-right:0px;padding-bottom:0px;padding-top:0px;padding-right:0px\" align=\"center\">\n <span class=\"slate-node-text\"><span><span style=\"font-size:20px;font-family:georgia, serif\"><span style=\"font-family:georgia, serif\"><strong id=\"tl_4\">Tamanho: um tamanho para adultos<\/strong><\/span><\/span><\/span><\/span>\n<\/div>\n<div style=\", Arial, Helvetica, sans-serif, Heiti;font-size:14px;font-weight:400;letter-spacing:normal;text-align:center;white-space:normal;margin:0px;margin-bottom:0px;margin-top:0px;margin-left:0px;margin-right:0px;padding-bottom:0px;padding-top:0px;padding-right:0px\" align=\"center\">\n <span class=\"slate-node-text\"><span><\/span><\/span>\n<\/div>\n<p> <\/p>\n<div style=\", Arial, Helvetica, sans-serif, Heiti;font-size:14px;font-weight:400;letter-spacing:normal;text-align:center;white-space:normal;margin:0px;margin-bottom:0px;margin-top:0px;margin-left:0px;margin-right:0px;padding-bottom:0px;padding-top:0px;padding-right:0px\" align=\"center\">\n <span class=\"slate-node-text\"><span><span style=\"font-size:20px;font-family:georgia, serif\"><span style=\"font-family:georgia, serif\"><strong id=\"tl_5\">Pacote: 1 * pcs + barba<\/strong><\/span><\/span><\/span><\/span>\n<\/div>\n<p> <\/p>\n<div style=\", Arial, Helvetica, sans-serif, Heiti;font-size:14px;font-weight:400;letter-spacing:normal;text-align:center;white-space:normal;margin:0px;margin-bottom:0px;margin-top:0px;margin-left:0px;margin-right:0px;padding-bottom:0px;padding-top:0px;padding-right:0px\" align=\"center\">\n <span class=\"slate-node-text\"><span><\/span><\/span>\n<\/div>\n<div style=\", Arial, Helvetica, sans-serif, Heiti;font-size:14px;font-weight:400;letter-spacing:normal;text-align:center;white-space:normal;margin:0px;margin-bottom:0px;margin-top:0px;margin-left:0px;margin-right:0px;padding-bottom:0px;padding-top:0px;padding-right:0px\" align=\"center\">\n <span class=\"slate-node-text\"><span><span style=\"font-size:20px;font-family:georgia, serif\"><span style=\"font-family:georgia, serif\"><strong id=\"tl_6\">100% Brand New Feito na china<\/strong><\/span><\/span><\/span><\/span>\n<\/div>\n<p> <\/p>\n<div style=\", Arial, Helvetica, sans-serif, Heiti;font-size:14px;font-weight:400;letter-spacing:normal;text-align:center;white-space:normal;margin:0px;margin-bottom:0px;margin-top:0px;margin-left:0px;margin-right:0px;padding-bottom:0px;padding-top:0px;padding-right:0px\" align=\"center\">\n <span class=\"slate-node-text\"><span><\/span><\/span><br \/>\n <img data-recalc-dims=\"1\" decoding=\"async\" src=\"https:\/\/i0.wp.com\/ae01.alicdn.com\/kf\/S3c5af61ebee84b1c9adac50771912b11B.jpg?w=1200&#038;ssl=1\" \/><br \/>\n <span class=\"slate-node-text\"><span><\/span><\/span><br \/>\n <img data-recalc-dims=\"1\" decoding=\"async\" src=\"https:\/\/i0.wp.com\/ae01.alicdn.com\/kf\/S1ecdf3c60e9847ef956d7dc05ea6f1c5P.jpg?w=1200&#038;ssl=1\" \/><br \/>\n <span class=\"slate-node-text\"><span><\/span><\/span><br \/>\n <img data-recalc-dims=\"1\" decoding=\"async\" src=\"https:\/\/i0.wp.com\/ae01.alicdn.com\/kf\/Sc05be5b4727b461b99c491fc75226869b.jpg?w=1200&#038;ssl=1\" \/><br \/>\n <span class=\"slate-node-text\"><span><\/span><\/span><br \/>\n <img data-recalc-dims=\"1\" decoding=\"async\" src=\"https:\/\/i0.wp.com\/ae01.alicdn.com\/kf\/Scdd66411f661484aa53cd580ffd15869K.jpg?w=1200&#038;ssl=1\" \/><br \/>\n <span class=\"slate-node-text\"><span><\/span><\/span><br \/>\n <img data-recalc-dims=\"1\" decoding=\"async\" src=\"https:\/\/i0.wp.com\/ae01.alicdn.com\/kf\/S1127c2d0c472434aba93bf940fdd0ceco.jpg?w=1200&#038;ssl=1\" \/><br \/>\n <span class=\"slate-node-text\"><span><\/span><\/span><br \/>\n <img data-recalc-dims=\"1\" decoding=\"async\" src=\"https:\/\/i0.wp.com\/ae01.alicdn.com\/kf\/S23e2bbfe4b094392bacdf4a2cb093b87y.png?w=1200&#038;ssl=1\" \/><br \/>\n <span class=\"slate-node-text\"><span><\/span><\/span><br \/>\n <img data-recalc-dims=\"1\" decoding=\"async\" src=\"https:\/\/i0.wp.com\/ae01.alicdn.com\/kf\/Sb4ea219f024542bcba270172a56ac942h.png?w=1200&#038;ssl=1\" \/><br \/>\n <span class=\"slate-node-text\"><span><\/span><\/span><br \/>\n <img data-recalc-dims=\"1\" decoding=\"async\" src=\"https:\/\/i0.wp.com\/ae01.alicdn.com\/kf\/S3f4180af554646d69426c23098269b5aB.jpg?w=1200&#038;ssl=1\" \/><br \/>\n <span class=\"slate-node-text\"><span><\/span><\/span><br \/>\n <img data-recalc-dims=\"1\" decoding=\"async\" src=\"https:\/\/i0.wp.com\/ae01.alicdn.com\/kf\/Sa6e714510c064a68915b46c613261089r.png?w=1200&#038;ssl=1\" \/><br \/>\n <span class=\"slate-node-text\"><span><\/span><\/span><br \/>\n <img data-recalc-dims=\"1\" decoding=\"async\" src=\"https:\/\/i0.wp.com\/ae01.alicdn.com\/kf\/S124be1910f85474986505cfdd4ba0867f.png?w=1200&#038;ssl=1\" \/><br \/>\n <span class=\"slate-node-text\"><span><\/span><\/span>\n<\/div>\n<div style=\", Arial, Helvetica, sans-serif, Heiti;font-size:14px;font-weight:400;letter-spacing:normal;text-align:start;white-space:normal;margin:0px;margin-bottom:0px;margin-top:0px;margin-left:0px;margin-right:0px;padding-bottom:0px;padding-top:0px;padding-right:0px\" align=\"start\">\n<p> \n<\/div>\n<p><\/div>\n<\/div>\n","protected":false},"excerpt":{"rendered":"<p>Super Jogo Luigi Bors Vermelho Verde Cap Com Barba Adulto Crian&ccedil;as Anime Cosplay Cartoon Engra&ccedil;ado Bonito Chap&eacute;us Prop Partido Prop Detalhes do produto Materiais: Algod&atilde;o Tamanho: um tamanho para adultos Pacote: 1 * pcs + barba 100% Brand New Feito na china<\/p>\n","protected":false},"featured_media":11902,"template":"","meta":{"neve_meta_sidebar":"","neve_meta_container":"","neve_meta_enable_content_width":"","neve_meta_content_width":0,"neve_meta_title_alignment":"","neve_meta_author_avatar":"","neve_post_elements_order":"","neve_meta_disable_header":"","neve_meta_disable_footer":"","neve_meta_disable_title":""},"product_brand":[],"product_cat":[30,28,16],"product_tag":[],"class_list":{"0":"post-11908","1":"product","2":"type-product","3":"status-publish","4":"has-post-thumbnail","6":"product_cat-acessorios-acessorios-para-cosplay","7":"product_cat-acessorios-para-cosplay","8":"product_cat-novidades-e-uso-especial","10":"first","11":"instock","12":"shipping-taxable","13":"purchasable","14":"product-type-variable","15":"has-default-attributes"},"jetpack_sharing_enabled":true,"_links":{"self":[{"href":"https:\/\/listman.shop\/costume-br\/wp-json\/wp\/v2\/product\/11908","targetHints":{"allow":["GET"]}}],"collection":[{"href":"https:\/\/listman.shop\/costume-br\/wp-json\/wp\/v2\/product"}],"about":[{"href":"https:\/\/listman.shop\/costume-br\/wp-json\/wp\/v2\/types\/product"}],"wp:featuredmedia":[{"embeddable":true,"href":"https:\/\/listman.shop\/costume-br\/wp-json\/wp\/v2\/media\/11902"}],"wp:attachment":[{"href":"https:\/\/listman.shop\/costume-br\/wp-json\/wp\/v2\/media?parent=11908"}],"wp:term":[{"taxonomy":"product_brand","embeddable":true,"href":"https:\/\/listman.shop\/costume-br\/wp-json\/wp\/v2\/product_brand?post=11908"},{"taxonomy":"product_cat","embeddable":true,"href":"https:\/\/listman.shop\/costume-br\/wp-json\/wp\/v2\/product_cat?post=11908"},{"taxonomy":"product_tag","embeddable":true,"href":"https:\/\/listman.shop\/costume-br\/wp-json\/wp\/v2\/product_tag?post=11908"}],"curies":[{"name":"wp","href":"https:\/\/api.w.org\/{rel}","templated":true}]}}