{"id":11930,"date":"2024-12-10T03:16:05","date_gmt":"2024-12-09T18:16:05","guid":{"rendered":"https:\/\/listman.shop\/costume-br\/product\/1005006342855779\/"},"modified":"2026-04-05T05:15:13","modified_gmt":"2026-04-04T20:15:13","slug":"1005006342855779","status":"publish","type":"product","link":"https:\/\/listman.shop\/costume-br\/product\/1005006342855779\/","title":{"rendered":"Crian\u00e7as bombeiro cosplay pequeno bombeiro traje para menino crian\u00e7a halloween carnaval festa vermelho fogo broca trajes chap\u00e9u kit"},"content":{"rendered":"<div class=\"detailmodule_html\">\n<div class=\"detail-desc-decorate-richtext\">\n<div>\n &nbsp;\n<\/div>\n<div style=\"margin:20px auto;margin-bottom:20px;margin-top:20px;margin-left:auto;margin-right:auto;height:auto\">\n<p style=\"font-size:0px;overflow:hidden;width:1px;height:0px\">[xlmodel]-[custom]-[8888]<\/p>\n<div style=\"padding:0px 15px 0px 10px;padding-bottom:0px;padding-top:0px;padding-left:10px;padding-right:15px;height:50px\">\n<h3 style=\"font-size:14px;font-weight:bold;line-height:50px;margin-bottom:0px;margin-left:15px;padding-bottom:0px;padding-top:0px;display:block;height:50px;float:left\">Itens com desconto<\/h3>\n<\/p><\/div>\n<div style=\"padding:10px;padding-bottom:10px;padding-top:10px;padding-left:10px;padding-right:10px;overflow:visible;height:auto\">\n<div>\n   &nbsp;\n  <\/div>\n<p>Devido ao problema de luz, a imagem do produto &eacute; apenas para refer&ecirc;ncia, as imagens e o produto podem ter cor diferente.<\/p>\n<div>\n   <br \/>&nbsp;\n  <\/div>\n<p><span style=\"font-size:20px\">Artigo: fantasia de FIREMAN<\/span><\/p>\n<div>\n   <br \/>&nbsp;\n  <\/div>\n<p>Material: poli&eacute;ster acetinado<\/p>\n<div>\n   &nbsp;\n  <\/div>\n<p>Conjunto completo inclui: chap&eacute;u de colete e brinquedos<\/p>\n<div>\n   &nbsp;\n  <\/div>\n<p>Peso: 200 g\/conjuntos<\/p>\n<div>\n   &nbsp;\n  <\/div>\n<p>Cor: como imagem<\/p>\n<p>Tamanho: adequado para altura 100-150 cm,<span style=\"font-size:18px\">Adequado para crian&ccedil;as de 3 a 12 anos<\/span><\/p>\n<div>\n   &nbsp;\n  <\/div>\n<p>Embalagem: Saco Opp<\/p>\n<div>\n   &nbsp;\n  <\/div>\n<p>Local ou origem: na China<\/p>\n<div>\n   &nbsp;\n  <\/div>\n<p>Dicas:<\/p>\n<div>\n   &nbsp;\n  <\/div>\n<p>1 TECIDO Poli&eacute;ster.Forro de algod&atilde;o Contato direto com o tecido da pele, n&atilde;o precisa se preocupar em prejudicar a pele do beb&ecirc;.<\/p>\n<div>\n   &nbsp;\n  <\/div>\n<p>100% de sa&uacute;de<\/p>\n<div>\n   &nbsp;\n  <\/div>\n<p>2, o menor pre&ccedil;o com alta qualidade, definitivamente vale o dinheiro pelo qual voc&ecirc; paga.e n&oacute;s<\/p>\n<div>\n   &nbsp;\n  <\/div>\n<p>tenha confian&ccedil;a que voc&ecirc; vai adorar a fantasia ao receb&ecirc;-la!<\/p>\n<\/p><\/div>\n<\/div>\n<div id=\"ee_boxPhoto1\" style=\"margin:20px auto;margin-bottom:20px;margin-top:20px;margin-left:auto;margin-right:auto;height:auto\">\n<p style=\"font-size:0px;overflow:hidden;width:1px;height:0px\">[xlmodel]-[foto]-[0000]<\/p>\n<div style=\"padding:0px 15px 0px 10px;padding-bottom:0px;padding-top:0px;padding-left:10px;padding-right:15px;height:50px\">\n<h3 style=\"font-size:18px;font-weight:bold;line-height:50px;margin-bottom:0px;margin-left:15px;padding-bottom:0px;padding-top:0px;display:block;height:50px;float:left\">Lista de fotos<\/h3>\n<\/p><\/div>\n<div align=\"center\" style=\"text-align:center;padding:10px;padding-bottom:10px;padding-top:10px;padding-left:10px;padding-right:10px;overflow:visible;height:auto\">\n<p class=\"detailp\" style=\"font-size:0px;padding:0px;padding-bottom:0px;padding-top:0px;padding-left:0px;padding-right:0px\">&nbsp;<\/p>\n<p class=\"detailp\" style=\"font-size:0px;padding:0px;padding-bottom:0px;padding-top:0px;padding-left:0px;padding-right:0px\">&nbsp;<\/p>\n<div>\n   <img data-recalc-dims=\"1\" decoding=\"async\" src=\"https:\/\/i0.wp.com\/ae01.alicdn.com\/kf\/S2ebecf2d296f459a95fd783e5886f0cfa.jpg?w=1200&#038;ssl=1\" \/><br \/>\n   <img data-recalc-dims=\"1\" decoding=\"async\" src=\"https:\/\/i0.wp.com\/ae01.alicdn.com\/kf\/S0656e91b54024d5d9c6b494e870c31468.jpg?w=1200&#038;ssl=1\" \/><br \/>\n   <img data-recalc-dims=\"1\" decoding=\"async\" src=\"https:\/\/i0.wp.com\/ae-pic-a1.aliexpress-media.com\/kf\/S5038b56a9e9d4c889b6b335f20426d84b.jpg?w=1200&#038;ssl=1\" \/><br \/>\n   <img data-recalc-dims=\"1\" decoding=\"async\" src=\"https:\/\/i0.wp.com\/ae-pic-a1.aliexpress-media.com\/kf\/S5761e4c1dbbb47b79783779e1ade611cA.jpg?w=1200&#038;ssl=1\" \/><br \/>\n   <img data-recalc-dims=\"1\" decoding=\"async\" src=\"https:\/\/i0.wp.com\/ae-pic-a1.aliexpress-media.com\/kf\/S7b0873eddc1c451aa7d470100ba50088i.jpg?w=1200&#038;ssl=1\" \/><br \/>\n   <img data-recalc-dims=\"1\" decoding=\"async\" src=\"https:\/\/i0.wp.com\/ae-pic-a1.aliexpress-media.com\/kf\/S2f3b0dd10fb84d6d8355d32185c559a7p.jpg?w=1200&#038;ssl=1\" \/>\n  <\/div>\n<\/p><\/div>\n<\/div>\n<p>&nbsp;<\/p>\n<\/p><\/div>\n<\/div>\n","protected":false},"excerpt":{"rendered":"<p>&nbsp; [xlmodel]-[custom]-[8888] Itens com desconto &nbsp; Devido ao problema de luz, a imagem do produto &eacute; apenas para refer&ecirc;ncia, as imagens e o produto podem ter cor diferente. &nbsp; Artigo: fantasia de FIREMAN &nbsp; Material: poli&eacute;ster acetinado &nbsp; Conjunto completo inclui: chap&eacute;u de colete e brinquedos &nbsp; Peso: 200 g\/conjuntos &nbsp; Cor: como imagem Tamanho:&hellip;&nbsp;<\/p>\n","protected":false},"featured_media":11924,"template":"","meta":{"neve_meta_sidebar":"","neve_meta_container":"","neve_meta_enable_content_width":"","neve_meta_content_width":0,"neve_meta_title_alignment":"","neve_meta_author_avatar":"","neve_post_elements_order":"","neve_meta_disable_header":"","neve_meta_disable_footer":"","neve_meta_disable_title":""},"product_brand":[],"product_cat":[38,16,39],"product_tag":[],"class_list":{"0":"post-11930","1":"product","2":"type-product","3":"status-publish","4":"has-post-thumbnail","6":"product_cat-fantasias-de-cosplay","7":"product_cat-novidades-e-uso-especial","8":"product_cat-trajes-de-cosplay-desativar-fantasias-de-cosplay","10":"first","11":"instock","12":"shipping-taxable","13":"purchasable","14":"product-type-variable","15":"has-default-attributes"},"jetpack_sharing_enabled":true,"_links":{"self":[{"href":"https:\/\/listman.shop\/costume-br\/wp-json\/wp\/v2\/product\/11930","targetHints":{"allow":["GET"]}}],"collection":[{"href":"https:\/\/listman.shop\/costume-br\/wp-json\/wp\/v2\/product"}],"about":[{"href":"https:\/\/listman.shop\/costume-br\/wp-json\/wp\/v2\/types\/product"}],"wp:featuredmedia":[{"embeddable":true,"href":"https:\/\/listman.shop\/costume-br\/wp-json\/wp\/v2\/media\/11924"}],"wp:attachment":[{"href":"https:\/\/listman.shop\/costume-br\/wp-json\/wp\/v2\/media?parent=11930"}],"wp:term":[{"taxonomy":"product_brand","embeddable":true,"href":"https:\/\/listman.shop\/costume-br\/wp-json\/wp\/v2\/product_brand?post=11930"},{"taxonomy":"product_cat","embeddable":true,"href":"https:\/\/listman.shop\/costume-br\/wp-json\/wp\/v2\/product_cat?post=11930"},{"taxonomy":"product_tag","embeddable":true,"href":"https:\/\/listman.shop\/costume-br\/wp-json\/wp\/v2\/product_tag?post=11930"}],"curies":[{"name":"wp","href":"https:\/\/api.w.org\/{rel}","templated":true}]}}