{"id":12764,"date":"2024-12-10T03:39:27","date_gmt":"2024-12-09T18:39:27","guid":{"rendered":"https:\/\/listman.shop\/costume-br\/product\/1005006411359143\/"},"modified":"2026-04-08T12:18:54","modified_gmt":"2026-04-08T03:18:54","slug":"1005006411359143","status":"publish","type":"product","link":"https:\/\/listman.shop\/costume-br\/product\/1005006411359143\/","title":{"rendered":"Anime Hunter x Hunter Killua Zoldyck Cosplay Bon\u00e9 de beisebol adulto unissex bordado chap\u00e9u ajust\u00e1vel"},"content":{"rendered":"<div class=\"detailmodule_html\">\n<div class=\"detail-desc-decorate-richtext\">\n<div class=\"detailmodule_dynamic\">\n<\/div>\n<div class=\"detailmodule_dynamic\"><\/div>\n<div class=\"detailmodule_html\">\n<div class=\"detail-desc-decorate-richtext\">\n<div class=\"detailmodule_dynamic\"><\/div>\n<div class=\"detailmodule_html\">\n<div class=\"detail-desc-decorate-richtext\">\n<div>\n     &nbsp;\n    <\/div>\n<div>\n     <span><span style=\"font-size:18px\"><strong>Bem-vindo &agrave; nossa loja, a melhor qualidade e servi&ccedil;o, se voc&ecirc; tiver alguma d&uacute;vida, entre em contato conosco<\/strong><\/span><\/span>\n    <\/div>\n<p><\/p>\n<div>\n     <span style=\"font-size:16px\"><span style=\"font-family:arial, helvetica, sans-serif\">Material: Poli&eacute;ster<\/span><\/span>\n    <\/div>\n<p><\/p>\n<div>\n     <span style=\"font-size:16px\"><span style=\"font-family:arial, helvetica, sans-serif\">Cor: Como foto<\/span><\/span>\n    <\/div>\n<p><\/p>\n<div>\n     <span style=\"font-size:16px\"><span style=\"font-family:arial, helvetica, sans-serif\">Tamanho: ajust&aacute;vel para adulto<\/span><\/span>\n    <\/div>\n<p><\/p>\n<div>\n     <span style=\"font-size:16px;font-family:arial, helvetica, sans-serif\">Pacote: 1 * tampas<\/span>\n    <\/div>\n<p><\/p>\n<div>\n     <span style=\"font-size:16px\"><span style=\"font-family:arial, helvetica, sans-serif\">100% novo feito na china<\/span><\/span>\n    <\/div>\n<p><\/p>\n<p><span style=\"font-size:16px\"><span><span style=\"font-family:arial, helvetica, sans-serif\">\u2665 Por causa da ilumina&ccedil;&atilde;o e da tela, haver&aacute; uma pequena diferen&ccedil;a de cor, por favor, entenda<\/span><\/span><\/span><\/p>\n<div>\n     \n    <\/div>\n<p><img data-recalc-dims=\"1\" decoding=\"async\" src=\"https:\/\/i0.wp.com\/ae01.alicdn.com\/kf\/Ha9f8525c206440b7adb4f8dc0772697cX.jpg?w=1200&#038;ssl=1\" \/><img data-recalc-dims=\"1\" decoding=\"async\" src=\"https:\/\/i0.wp.com\/ae01.alicdn.com\/kf\/H987683bf5b7e4d0eaaeb5e61d7890e5e5.jpg?w=1200&#038;ssl=1\" \/><img data-recalc-dims=\"1\" decoding=\"async\" src=\"https:\/\/i0.wp.com\/ae01.alicdn.com\/kf\/H08a4a6fd4cf349a7bc77025a8befa626K.jpg?w=1200&#038;ssl=1\" \/><img data-recalc-dims=\"1\" decoding=\"async\" src=\"https:\/\/i0.wp.com\/ae01.alicdn.com\/kf\/Hb75cfa7a380849d9a46c32b58b30458em.jpg?w=1200&#038;ssl=1\" \/><img data-recalc-dims=\"1\" decoding=\"async\" src=\"https:\/\/i0.wp.com\/ae01.alicdn.com\/kf\/H04bf01ec2ece449db9772fb1686f5543J.jpg?w=1200&#038;ssl=1\" \/><br \/><img data-recalc-dims=\"1\" decoding=\"async\" src=\"https:\/\/i0.wp.com\/ae01.alicdn.com\/kf\/HTB1wGOHdwoQMeJjy0Fnq6z8gFXaF.jpg?w=1200\" \/><img data-recalc-dims=\"1\" decoding=\"async\" src=\"https:\/\/i0.wp.com\/ae01.alicdn.com\/kf\/HTB1wCACfU3IL1JjSZFMq6yjrFXaM.jpg?w=1200\" \/><img data-recalc-dims=\"1\" decoding=\"async\" src=\"https:\/\/i0.wp.com\/ae01.alicdn.com\/kf\/HTB1tnBhXqmgSKJjSsplq6yICpXag.jpg?w=1200\" \/><\/p>\n<\/p><\/div>\n<\/p><\/div>\n<p><\/p>\n<\/p><\/div>\n<\/div>\n<p><\/p>\n<\/div>\n<\/div>\n","protected":false},"excerpt":{"rendered":"<p>&nbsp; Bem-vindo &agrave; nossa loja, a melhor qualidade e servi&ccedil;o, se voc&ecirc; tiver alguma d&uacute;vida, entre em contato conosco Material: Poli&eacute;ster Cor: Como foto Tamanho: ajust&aacute;vel para adulto Pacote: 1 * tampas 100% novo feito na china \u2665 Por causa da ilumina&ccedil;&atilde;o e da tela, haver&aacute; uma pequena diferen&ccedil;a de cor, por favor, entenda<\/p>\n","protected":false},"featured_media":12759,"template":"","meta":{"neve_meta_sidebar":"","neve_meta_container":"","neve_meta_enable_content_width":"","neve_meta_content_width":0,"neve_meta_title_alignment":"","neve_meta_author_avatar":"","neve_post_elements_order":"","neve_meta_disable_header":"","neve_meta_disable_footer":"","neve_meta_disable_title":""},"product_brand":[],"product_cat":[30,28,16],"product_tag":[],"class_list":{"0":"post-12764","1":"product","2":"type-product","3":"status-publish","4":"has-post-thumbnail","6":"product_cat-acessorios-acessorios-para-cosplay","7":"product_cat-acessorios-para-cosplay","8":"product_cat-novidades-e-uso-especial","10":"first","11":"instock","12":"shipping-taxable","13":"purchasable","14":"product-type-variable","15":"has-default-attributes"},"jetpack_sharing_enabled":true,"_links":{"self":[{"href":"https:\/\/listman.shop\/costume-br\/wp-json\/wp\/v2\/product\/12764","targetHints":{"allow":["GET"]}}],"collection":[{"href":"https:\/\/listman.shop\/costume-br\/wp-json\/wp\/v2\/product"}],"about":[{"href":"https:\/\/listman.shop\/costume-br\/wp-json\/wp\/v2\/types\/product"}],"wp:featuredmedia":[{"embeddable":true,"href":"https:\/\/listman.shop\/costume-br\/wp-json\/wp\/v2\/media\/12759"}],"wp:attachment":[{"href":"https:\/\/listman.shop\/costume-br\/wp-json\/wp\/v2\/media?parent=12764"}],"wp:term":[{"taxonomy":"product_brand","embeddable":true,"href":"https:\/\/listman.shop\/costume-br\/wp-json\/wp\/v2\/product_brand?post=12764"},{"taxonomy":"product_cat","embeddable":true,"href":"https:\/\/listman.shop\/costume-br\/wp-json\/wp\/v2\/product_cat?post=12764"},{"taxonomy":"product_tag","embeddable":true,"href":"https:\/\/listman.shop\/costume-br\/wp-json\/wp\/v2\/product_tag?post=12764"}],"curies":[{"name":"wp","href":"https:\/\/api.w.org\/{rel}","templated":true}]}}