{"id":13131,"date":"2024-12-10T03:49:31","date_gmt":"2024-12-09T18:49:31","guid":{"rendered":"https:\/\/listman.shop\/costume-br\/product\/1005006431611413\/"},"modified":"2026-04-08T11:01:47","modified_gmt":"2026-04-08T02:01:47","slug":"1005006431611413","status":"publish","type":"product","link":"https:\/\/listman.shop\/costume-br\/product\/1005006431611413\/","title":{"rendered":"Programa de tv greys anatomia meias dos desenhos animados impresso barco meias absor\u00e7\u00e3o de suor desodoriza\u00e7\u00e3o diariamente esportes meia quatro esta\u00e7\u00f5es lazer"},"content":{"rendered":"<div class=\"detailmodule_html\">\n<div class=\"detail-desc-decorate-richtext\">\n<h2><strong>TV show greys anatomia meias dos desenhos animados impresso barco meias absor\u00e7\u00e3o de suor desodoriza\u00e7\u00e3o esportes di\u00e1rios meia quatro esta\u00e7\u00f5es lazer<\/strong><img data-recalc-dims=\"1\" decoding=\"async\" src=\"https:\/\/i0.wp.com\/ae01.alicdn.com\/kf\/S296db7f657aa448ead126c6645abe02ee.jpg?w=1200&#038;ssl=1\"><img data-recalc-dims=\"1\" decoding=\"async\" src=\"https:\/\/i0.wp.com\/ae01.alicdn.com\/kf\/Sb407e50a971e476cb84b68ca549d2faek.jpg?w=1200&#038;ssl=1\"><img data-recalc-dims=\"1\" decoding=\"async\" src=\"https:\/\/i0.wp.com\/ae01.alicdn.com\/kf\/S7fb3f73d6e56468e82125079fd9d623ag.jpg?w=1200&#038;ssl=1\"><img data-recalc-dims=\"1\" decoding=\"async\" src=\"https:\/\/i0.wp.com\/ae01.alicdn.com\/kf\/Sb6bb5874aa5b40bd965d4a2cf53d1785F.jpg?w=1200&#038;ssl=1\"><img data-recalc-dims=\"1\" decoding=\"async\" src=\"https:\/\/i0.wp.com\/ae01.alicdn.com\/kf\/Sf84432783f074ec3813a8d583d09c612u.jpg?w=1200&#038;ssl=1\"><img data-recalc-dims=\"1\" decoding=\"async\" src=\"https:\/\/i0.wp.com\/ae01.alicdn.com\/kf\/S5155dc8108194fc1b346d1488f7e0fceV.jpg?w=1200&#038;ssl=1\"><br \/><\/h2>\n<\/div>\n<\/div>\n","protected":false},"excerpt":{"rendered":"<p>TV show greys anatomia meias dos desenhos animados impresso barco meias absor\u00e7\u00e3o de suor desodoriza\u00e7\u00e3o esportes di\u00e1rios meia quatro esta\u00e7\u00f5es lazer<\/p>\n","protected":false},"featured_media":13125,"template":"","meta":{"neve_meta_sidebar":"","neve_meta_container":"","neve_meta_enable_content_width":"","neve_meta_content_width":0,"neve_meta_title_alignment":"","neve_meta_author_avatar":"","neve_post_elements_order":"","neve_meta_disable_header":"","neve_meta_disable_footer":"","neve_meta_disable_title":""},"product_brand":[],"product_cat":[30,28,16],"product_tag":[],"class_list":{"0":"post-13131","1":"product","2":"type-product","3":"status-publish","4":"has-post-thumbnail","6":"product_cat-acessorios-acessorios-para-cosplay","7":"product_cat-acessorios-para-cosplay","8":"product_cat-novidades-e-uso-especial","10":"first","11":"instock","12":"shipping-taxable","13":"purchasable","14":"product-type-variable","15":"has-default-attributes"},"jetpack_sharing_enabled":true,"_links":{"self":[{"href":"https:\/\/listman.shop\/costume-br\/wp-json\/wp\/v2\/product\/13131","targetHints":{"allow":["GET"]}}],"collection":[{"href":"https:\/\/listman.shop\/costume-br\/wp-json\/wp\/v2\/product"}],"about":[{"href":"https:\/\/listman.shop\/costume-br\/wp-json\/wp\/v2\/types\/product"}],"wp:featuredmedia":[{"embeddable":true,"href":"https:\/\/listman.shop\/costume-br\/wp-json\/wp\/v2\/media\/13125"}],"wp:attachment":[{"href":"https:\/\/listman.shop\/costume-br\/wp-json\/wp\/v2\/media?parent=13131"}],"wp:term":[{"taxonomy":"product_brand","embeddable":true,"href":"https:\/\/listman.shop\/costume-br\/wp-json\/wp\/v2\/product_brand?post=13131"},{"taxonomy":"product_cat","embeddable":true,"href":"https:\/\/listman.shop\/costume-br\/wp-json\/wp\/v2\/product_cat?post=13131"},{"taxonomy":"product_tag","embeddable":true,"href":"https:\/\/listman.shop\/costume-br\/wp-json\/wp\/v2\/product_tag?post=13131"}],"curies":[{"name":"wp","href":"https:\/\/api.w.org\/{rel}","templated":true}]}}