{"id":13219,"date":"2024-12-10T03:51:56","date_gmt":"2024-12-09T18:51:56","guid":{"rendered":"https:\/\/listman.shop\/costume-br\/product\/1005006436665414\/"},"modified":"2026-04-05T02:50:34","modified_gmt":"2026-04-04T17:50:34","slug":"1005006436665414","status":"publish","type":"product","link":"https:\/\/listman.shop\/costume-br\/product\/1005006436665414\/","title":{"rendered":"Gojo satoru cosplay traje uniforme do ensino m\u00e9dio terno traje de halloween masculino adulto gojo satoru conjunto completo"},"content":{"rendered":"<div class=\"detailmodule_html\">\n<div class=\"detail-desc-decorate-richtext\">\n<p style=\"text-align:left;margin:0px;margin-bottom:0px;margin-top:0px;margin-left:0px;margin-right:0px\" align=\"left\"><span style=\"font-size:22px\"><strong>Nome: Gojo Satoru<\/strong><\/span><\/p>\n<p style=\"text-align:left;margin:0px;margin-bottom:0px;margin-top:0px;margin-left:0px;margin-right:0px\" align=\"left\"><span style=\"font-size:20px\">O COSTUME inclui apenas: camisa + cal\u00e7a (peruca n\u00e3o inclu\u00edda)<\/span><\/p>\n<p style=\"text-align:left;margin:0px;margin-bottom:0px;margin-top:0px;margin-left:0px;margin-right:0px\" align=\"left\"><span style=\"font-size:20px\">A peruca COSTUME inclui: camisa + cal\u00e7a + peruca + rede de peruca<\/span><br \/><span style=\"font-size:22px\"><strong>Material principal:<\/strong><\/span><span style=\"font-size:22px\"><span style=\"font-size:18px\"><br \/>Material principal do traje: poli\u00e9ster<br \/>Material principal da peruca: fibra resistente a altas temperaturas<\/span><\/span><span style=\"font-size:22px\"><br \/><\/span><span style=\"font-size:22px\"><strong>Tamanho: (<\/strong><\/span><span style=\"font-size:22px\"><strong><span>Por favor, me\u00e7a seu busto, cintura e quadris e escolha o tamanho correto<\/span><\/strong><\/span><span style=\"font-size:22px\"><strong>)<\/strong><\/span><span style=\"font-size:22px\"><span style=\"font-size:18px\"><br \/>tamanho da peruca: comprimento cerca de 30cm<br \/>Tamanho do traje:<br \/><\/span><\/span><img data-recalc-dims=\"1\" decoding=\"async\" src=\"https:\/\/i0.wp.com\/ae01.alicdn.com\/kf\/Sef141046c5084f4583d7c7debc1d7723r.jpg?w=1200&#038;ssl=1\"><span style=\"font-size:22px\"><span style=\"font-size:18px\"><br \/><\/span><\/span><span style=\"font-size:16px\"><span style=\"font-size:20px\"><span style=\"font-size:18px\"><span style=\"font-size:22px\"><strong>Nota:<\/strong><\/span><\/span><\/span><\/span><span style=\"font-size:18px\"><span style=\"font-size:22px\"><span style=\"font-size:16px\"><span style=\"font-size:20px\"><span><br \/><\/span><\/span><\/span><\/span><\/span><span style=\"font-size:20px\"><span style=\"font-size:22px\"><span style=\"font-size:18px\"><span style=\"font-size:16px\"><strong><span>O m\u00e9todo de medi\u00e7\u00e3o de todos os tamanhos \u00e9 medido \u00e0 m\u00e3o.Devido aos diferentes m\u00e9todos de medi\u00e7\u00e3o, o erro de 1-3cm ocorre \u00e9 normal.<\/span><\/strong><\/span><\/span><\/span><\/span><\/p>\n<h2><span style=\"font-size:22px\"><strong>Fotos de objetos reais:<br \/><\/strong><\/span><img data-recalc-dims=\"1\" decoding=\"async\" src=\"https:\/\/i0.wp.com\/ae01.alicdn.com\/kf\/Sd9508ebf88004f689aca069be7ca246dd.jpg?w=1200&#038;ssl=1\"><img data-recalc-dims=\"1\" decoding=\"async\" src=\"https:\/\/i0.wp.com\/ae01.alicdn.com\/kf\/S51df380de6a5450c8af30d59ad199471r.jpg?w=1200&#038;ssl=1\"><img data-recalc-dims=\"1\" decoding=\"async\" src=\"https:\/\/i0.wp.com\/ae01.alicdn.com\/kf\/S3c1925de01a94d6eb6676bb0f9be14a45.jpg?w=1200&#038;ssl=1\"><img data-recalc-dims=\"1\" decoding=\"async\" src=\"https:\/\/i0.wp.com\/ae01.alicdn.com\/kf\/S9709e58da12343c9855ba73983873e38Q.jpg?w=1200&#038;ssl=1\"><img data-recalc-dims=\"1\" decoding=\"async\" src=\"https:\/\/i0.wp.com\/ae01.alicdn.com\/kf\/S2562918177af4ad89777030991414e36j.jpg?w=1200&#038;ssl=1\"><img data-recalc-dims=\"1\" decoding=\"async\" src=\"https:\/\/i0.wp.com\/ae01.alicdn.com\/kf\/S6af618ec9a4f493faf550a8fd3ad37b92.jpg?w=1200&#038;ssl=1\"><br \/><span style=\"font-size:22px\"><strong>Mais mostrar:<\/strong><\/span><\/h2>\n<p><img data-recalc-dims=\"1\" decoding=\"async\" style=\"display:block;width:100%;height:auto\"   src=\"https:\/\/i0.wp.com\/ae01.alicdn.com\/kf\/S9facae4bd79749b785cb13a34e5d210cO.jpg?w=1200&#038;ssl=1\" usemap=\"#_sdmap_5\"> <img data-recalc-dims=\"1\" decoding=\"async\" style=\"display:block;width:100%;height:auto\"   src=\"https:\/\/i0.wp.com\/ae01.alicdn.com\/kf\/Sad3239a13e6341feac9d3021b3f1ac39N.jpg?w=1200&#038;ssl=1\" usemap=\"#_sdmap_6\"> <img data-recalc-dims=\"1\" decoding=\"async\" style=\"display:block;width:100%;height:auto\"   src=\"https:\/\/i0.wp.com\/ae01.alicdn.com\/kf\/S751ebd0dcc8a4b10ba205eac7b5f745ee.jpg?w=1200&#038;ssl=1\" usemap=\"#_sdmap_7\"> <img data-recalc-dims=\"1\" decoding=\"async\" style=\"display:block;width:100%;height:auto\"   src=\"https:\/\/i0.wp.com\/ae01.alicdn.com\/kf\/S960ff77363a041948af91bf733ea8463J.jpg?w=1200&#038;ssl=1\" usemap=\"#_sdmap_8\"><\/p>\n<p><img data-recalc-dims=\"1\" loading=\"lazy\" decoding=\"async\" style=\", Tahoma, Arial, \u5b8b\u4f53, sans-serif;font-size:12px;font-weight:400;letter-spacing:normal;text-align:start;white-space:normal;border:0px;margin:0px;margin-bottom:0px;margin-top:0px;margin-left:0px;margin-right:0px;padding:0px;padding-bottom:0px;padding-top:0px;padding-left:0px;padding-right:0px;max-width:790px\" class=\"desc-img-loaded\" width=\"790\" height=\"790\" src=\"https:\/\/i0.wp.com\/cbu01.alicdn.com\/img\/ibank\/O1CN01fAaLww1DYT2EgyYtq_%21%212205307740228-0-cib.jpg?resize=790%2C790&#038;ssl=1\"><br \/><img data-recalc-dims=\"1\" loading=\"lazy\" decoding=\"async\" style=\", Tahoma, Arial, \u5b8b\u4f53, sans-serif;font-size:12px;font-weight:400;letter-spacing:normal;text-align:start;white-space:normal;border:0px;margin:0px;margin-bottom:0px;margin-top:0px;margin-left:0px;margin-right:0px;padding:0px;padding-bottom:0px;padding-top:0px;padding-left:0px;padding-right:0px;max-width:790px\" class=\"desc-img-loaded\" width=\"790\" height=\"790\" src=\"https:\/\/i0.wp.com\/cbu01.alicdn.com\/img\/ibank\/O1CN01gj8aoj1DYT26xUx9G_%21%212205307740228-0-cib.jpg?resize=790%2C790&#038;ssl=1\"><\/p>\n<\/div>\n<\/div>\n","protected":false},"excerpt":{"rendered":"<p>Nome: Gojo Satoru O COSTUME inclui apenas: camisa + cal\u00e7a (peruca n\u00e3o inclu\u00edda) A peruca COSTUME inclui: camisa + cal\u00e7a + peruca + rede de perucaMaterial principal:Material principal do traje: poli\u00e9sterMaterial principal da peruca: fibra resistente a altas temperaturasTamanho: (Por favor, me\u00e7a seu busto, cintura e quadris e escolha o tamanho correto)tamanho da peruca: comprimento&hellip;&nbsp;<\/p>\n","protected":false},"featured_media":13213,"template":"","meta":{"neve_meta_sidebar":"","neve_meta_container":"","neve_meta_enable_content_width":"","neve_meta_content_width":0,"neve_meta_title_alignment":"","neve_meta_author_avatar":"","neve_post_elements_order":"","neve_meta_disable_header":"","neve_meta_disable_footer":"","neve_meta_disable_title":""},"product_brand":[],"product_cat":[38,16,39],"product_tag":[],"class_list":{"0":"post-13219","1":"product","2":"type-product","3":"status-publish","4":"has-post-thumbnail","6":"product_cat-fantasias-de-cosplay","7":"product_cat-novidades-e-uso-especial","8":"product_cat-trajes-de-cosplay-desativar-fantasias-de-cosplay","10":"first","11":"instock","12":"shipping-taxable","13":"purchasable","14":"product-type-variable","15":"has-default-attributes"},"jetpack_sharing_enabled":true,"_links":{"self":[{"href":"https:\/\/listman.shop\/costume-br\/wp-json\/wp\/v2\/product\/13219","targetHints":{"allow":["GET"]}}],"collection":[{"href":"https:\/\/listman.shop\/costume-br\/wp-json\/wp\/v2\/product"}],"about":[{"href":"https:\/\/listman.shop\/costume-br\/wp-json\/wp\/v2\/types\/product"}],"wp:featuredmedia":[{"embeddable":true,"href":"https:\/\/listman.shop\/costume-br\/wp-json\/wp\/v2\/media\/13213"}],"wp:attachment":[{"href":"https:\/\/listman.shop\/costume-br\/wp-json\/wp\/v2\/media?parent=13219"}],"wp:term":[{"taxonomy":"product_brand","embeddable":true,"href":"https:\/\/listman.shop\/costume-br\/wp-json\/wp\/v2\/product_brand?post=13219"},{"taxonomy":"product_cat","embeddable":true,"href":"https:\/\/listman.shop\/costume-br\/wp-json\/wp\/v2\/product_cat?post=13219"},{"taxonomy":"product_tag","embeddable":true,"href":"https:\/\/listman.shop\/costume-br\/wp-json\/wp\/v2\/product_tag?post=13219"}],"curies":[{"name":"wp","href":"https:\/\/api.w.org\/{rel}","templated":true}]}}