{"id":13430,"date":"2024-12-10T03:57:39","date_gmt":"2024-12-09T18:57:39","guid":{"rendered":"https:\/\/listman.shop\/costume-br\/product\/1005006443557392\/"},"modified":"2026-04-05T04:01:55","modified_gmt":"2026-04-04T19:01:55","slug":"1005006443557392","status":"publish","type":"product","link":"https:\/\/listman.shop\/costume-br\/product\/1005006443557392\/","title":{"rendered":"Edogawa ranpo cosplay traje uniforme de detetive terno edogawa rampo roupas com chap\u00e9u para o dia das bruxas comic con"},"content":{"rendered":"<div class=\"detailmodule_html\">\n<div class=\"detail-desc-decorate-richtext\">\n<p><span style=\"font-size:20px;font-family:arial, helvetica, sans-serif\">COSTUME<\/span><span style=\"font-size:20px;font-family:arial, helvetica, sans-serif\"><strong>inclui: chap\u00e9u + capa + camisa + cal\u00e7a + colete + gravata (peruca n\u00e3o inclu\u00edda)<\/strong><\/span><\/p>\n<p><span style=\"font-size:20px;font-family:arial, helvetica, sans-serif\">COSTUME E PERUCA<\/span><span style=\"font-size:20px;font-family:arial, helvetica, sans-serif\"><strong>Inclui: chap\u00e9u + capa + camisa + cal\u00e7a + colete + gravata + peruca + rede de peruca<\/strong><\/span><\/p>\n<p><img data-recalc-dims=\"1\" decoding=\"async\" src=\"https:\/\/i0.wp.com\/ae01.alicdn.com\/kf\/S1416cc8bb8c14eb7beeaa084755a6a6bA.jpg?w=1200&#038;ssl=1\"><\/p>\n<p><img data-recalc-dims=\"1\" decoding=\"async\" style=\"font-family:Tahoma, Arial, \u5b8b\u4f53, sans-serif;font-size:12px;font-weight:400;letter-spacing:normal;text-align:start;white-space:normal;border:0px;margin:0px;margin-bottom:0px;margin-top:0px;margin-left:0px;margin-right:0px;padding:0px;padding-bottom:0px;padding-top:0px;padding-left:0px;padding-right:0px;max-width:790px;width:790px;height:auto\" class=\"desc-img-loaded\"   src=\"https:\/\/i0.wp.com\/cbu01.alicdn.com\/img\/ibank\/O1CN0101Kh9Y2CykOLMpmmj_%21%212509678543-0-cib.jpg?w=1200&#038;ssl=1\" usemap=\"#_sdmap_5\"><span style=\"font-size:12px;font-family:Tahoma, Arial, \u5b8b\u4f53, sans-serif\"><span>&nbsp;<\/span><\/span><img data-recalc-dims=\"1\" decoding=\"async\" style=\"font-family:Tahoma, Arial, \u5b8b\u4f53, sans-serif;font-size:12px;font-weight:400;letter-spacing:normal;text-align:start;white-space:normal;border:0px;margin:0px;margin-bottom:0px;margin-top:0px;margin-left:0px;margin-right:0px;padding:0px;padding-bottom:0px;padding-top:0px;padding-left:0px;padding-right:0px;max-width:790px;width:790px;height:auto\" class=\"desc-img-loaded\"   src=\"https:\/\/i0.wp.com\/cbu01.alicdn.com\/img\/ibank\/O1CN01YGWI4Q2CykOLMnqBW_%21%212509678543-0-cib.jpg?w=1200&#038;ssl=1\" usemap=\"#_sdmap_6\"><span style=\"font-size:12px;font-family:Tahoma, Arial, \u5b8b\u4f53, sans-serif\"><span>&nbsp;<\/span><\/span><img data-recalc-dims=\"1\" decoding=\"async\" style=\"font-family:Tahoma, Arial, \u5b8b\u4f53, sans-serif;font-size:12px;font-weight:400;letter-spacing:normal;text-align:start;white-space:normal;border:0px;margin:0px;margin-bottom:0px;margin-top:0px;margin-left:0px;margin-right:0px;padding:0px;padding-bottom:0px;padding-top:0px;padding-left:0px;padding-right:0px;max-width:790px;width:790px;height:auto\" class=\"desc-img-loaded\"   src=\"https:\/\/i0.wp.com\/cbu01.alicdn.com\/img\/ibank\/O1CN01AgdGRU2CykOAVB5sb_%21%212509678543-0-cib.jpg?w=1200&#038;ssl=1\" usemap=\"#_sdmap_7\"><span style=\"font-size:12px;font-family:Tahoma, Arial, \u5b8b\u4f53, sans-serif\"><span>&nbsp;<\/span><\/span><img data-recalc-dims=\"1\" decoding=\"async\" style=\"font-family:Tahoma, Arial, \u5b8b\u4f53, sans-serif;font-size:12px;font-weight:400;letter-spacing:normal;text-align:start;white-space:normal;border:0px;margin:0px;margin-bottom:0px;margin-top:0px;margin-left:0px;margin-right:0px;padding:0px;padding-bottom:0px;padding-top:0px;padding-left:0px;padding-right:0px;max-width:790px;width:790px;height:auto\" class=\"desc-img-loaded\"   src=\"https:\/\/i0.wp.com\/cbu01.alicdn.com\/img\/ibank\/O1CN01GbAVUh2CykOAVC6Fp_%21%212509678543-0-cib.jpg?w=1200&#038;ssl=1\" usemap=\"#_sdmap_8\"><\/p>\n<p><img data-recalc-dims=\"1\" decoding=\"async\" src=\"https:\/\/i0.wp.com\/ae01.alicdn.com\/kf\/Sea9ced0c9a4a4e718bdbcd138f5213c4c.jpg?w=1200&#038;ssl=1\"><\/p>\n<\/div>\n<\/div>\n","protected":false},"excerpt":{"rendered":"<p>COSTUMEinclui: chap\u00e9u + capa + camisa + cal\u00e7a + colete + gravata (peruca n\u00e3o inclu\u00edda) COSTUME E PERUCAInclui: chap\u00e9u + capa + camisa + cal\u00e7a + colete + gravata + peruca + rede de peruca &nbsp;&nbsp;&nbsp;<\/p>\n","protected":false},"featured_media":13424,"template":"","meta":{"neve_meta_sidebar":"","neve_meta_container":"","neve_meta_enable_content_width":"","neve_meta_content_width":0,"neve_meta_title_alignment":"","neve_meta_author_avatar":"","neve_post_elements_order":"","neve_meta_disable_header":"","neve_meta_disable_footer":"","neve_meta_disable_title":""},"product_brand":[],"product_cat":[38,16,39],"product_tag":[],"class_list":{"0":"post-13430","1":"product","2":"type-product","3":"status-publish","4":"has-post-thumbnail","6":"product_cat-fantasias-de-cosplay","7":"product_cat-novidades-e-uso-especial","8":"product_cat-trajes-de-cosplay-desativar-fantasias-de-cosplay","10":"first","11":"instock","12":"shipping-taxable","13":"purchasable","14":"product-type-variable","15":"has-default-attributes"},"jetpack_sharing_enabled":true,"_links":{"self":[{"href":"https:\/\/listman.shop\/costume-br\/wp-json\/wp\/v2\/product\/13430","targetHints":{"allow":["GET"]}}],"collection":[{"href":"https:\/\/listman.shop\/costume-br\/wp-json\/wp\/v2\/product"}],"about":[{"href":"https:\/\/listman.shop\/costume-br\/wp-json\/wp\/v2\/types\/product"}],"wp:featuredmedia":[{"embeddable":true,"href":"https:\/\/listman.shop\/costume-br\/wp-json\/wp\/v2\/media\/13424"}],"wp:attachment":[{"href":"https:\/\/listman.shop\/costume-br\/wp-json\/wp\/v2\/media?parent=13430"}],"wp:term":[{"taxonomy":"product_brand","embeddable":true,"href":"https:\/\/listman.shop\/costume-br\/wp-json\/wp\/v2\/product_brand?post=13430"},{"taxonomy":"product_cat","embeddable":true,"href":"https:\/\/listman.shop\/costume-br\/wp-json\/wp\/v2\/product_cat?post=13430"},{"taxonomy":"product_tag","embeddable":true,"href":"https:\/\/listman.shop\/costume-br\/wp-json\/wp\/v2\/product_tag?post=13430"}],"curies":[{"name":"wp","href":"https:\/\/api.w.org\/{rel}","templated":true}]}}