{"id":13582,"date":"2024-12-10T04:01:43","date_gmt":"2024-12-09T19:01:43","guid":{"rendered":"https:\/\/listman.shop\/costume-br\/product\/1005006477207778\/"},"modified":"2026-04-05T04:38:13","modified_gmt":"2026-04-04T19:38:13","slug":"1005006477207778","status":"publish","type":"product","link":"https:\/\/listman.shop\/costume-br\/product\/1005006477207778\/","title":{"rendered":"4 p\u00e7s couro medieval ombro pauldron cavaleiro fivela ajust\u00e1vel punk ombro armaduras capa para cosplay festa traje masculino"},"content":{"rendered":"<div class=\"detailmodule_html\">\n<div class=\"detail-desc-decorate-richtext\">\n<p><img data-recalc-dims=\"1\" decoding=\"async\" src=\"https:\/\/i0.wp.com\/ae01.alicdn.com\/kf\/Sabcbed400cb341f2871263bea20b1d288.jpg?w=1200&#038;ssl=1\"><span style=\"font-size:24px;, times, serif\">Armadura medieval masculina cosplay aquecedores de bra\u00e7o rendas viking pirata cavaleiro guantelete pulseira bra\u00e7adeira acess\u00f3rios steampunk<\/span><\/p>\n<p><\/p>\n<p><span style=\"font-size:24px;, times, serif\">Caracter\u00edsticas:<\/span><\/p>\n<p><span style=\"font-size:24px;, times, serif\">Manoplas medievais, confeccionadas em couro estampado.Os ilh\u00f3s s\u00e3o bem fixados e feitos de liga met\u00e1lica de alta qualidade, resistentes \u00e0 corros\u00e3o com visual punk legal.<\/span><\/p>\n<p><span style=\"font-size:24px;, times, serif\">Cada pulseira de couro \u00e9 macia o suficiente para ser confort\u00e1vel e r\u00edgida o suficiente para manter a forma.As pulseiras de couro com cord\u00f5es ajust\u00e1veis.<\/span><\/p>\n<p><span style=\"font-size:24px;, times, serif\">Este estilo \u00e9 adequado para uso di\u00e1rio como pulseira, n\u00e3o s\u00f3 para homens, mas tamb\u00e9m para crian\u00e7as e mulheres.<\/span><\/p>\n<p><span style=\"font-size:24px;, times, serif\">Estas bra\u00e7adeiras de couro pu inspiradas no viking e nas culturas celta.O design com cadar\u00e7o lateral \u00e9 f\u00e1cil de controlar e ajuda a bra\u00e7adeira de couro a se ajustar aos bra\u00e7os da maioria das pessoas. \u00d3timo complemento para sua roupa medieval, as pulseiras de couro s\u00e3o adicionadas para adicionar um pouco mais de efic\u00e1cia ao seu cosplay.<\/span><\/p>\n<p><span style=\"font-size:24px;, times, serif\">Esta pulseira de guanto \u00e9 um acess\u00f3rio perfeito para festas viking, cosplay de adolescentes\/adultos, v\u00e9spera de todos os santos, Halloween, looks sofisticados, uma fantasia de cossack, fantasias de pres\u00e9pio e reconstitui\u00e7\u00f5es hist\u00f3ricas<\/span><\/p>\n<p><img data-recalc-dims=\"1\" decoding=\"async\" src=\"https:\/\/i0.wp.com\/ae01.alicdn.com\/kf\/S9e3eca7fafb54eefaa8b1adcbf4fa30bO.jpg?w=1200&#038;ssl=1\"><img data-recalc-dims=\"1\" decoding=\"async\" src=\"https:\/\/i0.wp.com\/ae01.alicdn.com\/kf\/S8908ee9fefed410880cf01835ab8a6a2I.jpg?w=1200&#038;ssl=1\"><img data-recalc-dims=\"1\" decoding=\"async\" src=\"https:\/\/i0.wp.com\/ae01.alicdn.com\/kf\/Sd16b795b37be4388a5dcad710feb58f2U.jpg?w=1200&#038;ssl=1\"><img data-recalc-dims=\"1\" decoding=\"async\" src=\"https:\/\/i0.wp.com\/ae01.alicdn.com\/kf\/S75934669c7004411809a9e18083576b6w.jpg?w=1200&#038;ssl=1\"><img data-recalc-dims=\"1\" decoding=\"async\" src=\"https:\/\/i0.wp.com\/ae01.alicdn.com\/kf\/S0e82a76056a34ee1ab8f277039aa98a7q.jpg?w=1200&#038;ssl=1\"><img data-recalc-dims=\"1\" decoding=\"async\" src=\"https:\/\/i0.wp.com\/ae01.alicdn.com\/kf\/Sd5005b23251048cb83a8f6935bf9199dG.jpg?w=1200&#038;ssl=1\"><img data-recalc-dims=\"1\" decoding=\"async\" src=\"https:\/\/i0.wp.com\/ae01.alicdn.com\/kf\/S302e18a27d97400db47e390acc17c7eci.jpg?w=1200&#038;ssl=1\"><img data-recalc-dims=\"1\" decoding=\"async\" src=\"https:\/\/i0.wp.com\/ae01.alicdn.com\/kf\/Sd0d039a033fc4e8aa47d48374ef49e91w.jpg?w=1200&#038;ssl=1\"><img data-recalc-dims=\"1\" decoding=\"async\" src=\"https:\/\/i0.wp.com\/ae01.alicdn.com\/kf\/Secfef0ee41ab4e8898b8caa0b2d2f117f.png?w=1200&#038;ssl=1\"><img data-recalc-dims=\"1\" decoding=\"async\" src=\"https:\/\/i0.wp.com\/ae01.alicdn.com\/kf\/Sfb653c8b06a74061b18be4a24ce2655ae.jpg?w=1200&#038;ssl=1\"><img data-recalc-dims=\"1\" decoding=\"async\" src=\"https:\/\/i0.wp.com\/ae01.alicdn.com\/kf\/Sacb3f862a48f4e89bf79450b9a4d9a74x.jpg?w=1200&#038;ssl=1\"><img data-recalc-dims=\"1\" decoding=\"async\" src=\"https:\/\/i0.wp.com\/ae01.alicdn.com\/kf\/Secfef0ee41ab4e8898b8caa0b2d2f117f.png?w=1200&#038;ssl=1\"><\/p>\n<\/div>\n<\/div>\n","protected":false},"excerpt":{"rendered":"<p>Armadura medieval masculina cosplay aquecedores de bra\u00e7o rendas viking pirata cavaleiro guantelete pulseira bra\u00e7adeira acess\u00f3rios steampunk Caracter\u00edsticas: Manoplas medievais, confeccionadas em couro estampado.Os ilh\u00f3s s\u00e3o bem fixados e feitos de liga met\u00e1lica de alta qualidade, resistentes \u00e0 corros\u00e3o com visual punk legal. Cada pulseira de couro \u00e9 macia o suficiente para ser confort\u00e1vel e r\u00edgida&hellip;&nbsp;<\/p>\n","protected":false},"featured_media":13576,"template":"","meta":{"neve_meta_sidebar":"","neve_meta_container":"","neve_meta_enable_content_width":"","neve_meta_content_width":0,"neve_meta_title_alignment":"","neve_meta_author_avatar":"","neve_post_elements_order":"","neve_meta_disable_header":"","neve_meta_disable_footer":"","neve_meta_disable_title":""},"product_brand":[],"product_cat":[38,16,39],"product_tag":[],"class_list":{"0":"post-13582","1":"product","2":"type-product","3":"status-publish","4":"has-post-thumbnail","6":"product_cat-fantasias-de-cosplay","7":"product_cat-novidades-e-uso-especial","8":"product_cat-trajes-de-cosplay-desativar-fantasias-de-cosplay","10":"first","11":"instock","12":"shipping-taxable","13":"purchasable","14":"product-type-variable","15":"has-default-attributes"},"jetpack_sharing_enabled":true,"_links":{"self":[{"href":"https:\/\/listman.shop\/costume-br\/wp-json\/wp\/v2\/product\/13582","targetHints":{"allow":["GET"]}}],"collection":[{"href":"https:\/\/listman.shop\/costume-br\/wp-json\/wp\/v2\/product"}],"about":[{"href":"https:\/\/listman.shop\/costume-br\/wp-json\/wp\/v2\/types\/product"}],"wp:featuredmedia":[{"embeddable":true,"href":"https:\/\/listman.shop\/costume-br\/wp-json\/wp\/v2\/media\/13576"}],"wp:attachment":[{"href":"https:\/\/listman.shop\/costume-br\/wp-json\/wp\/v2\/media?parent=13582"}],"wp:term":[{"taxonomy":"product_brand","embeddable":true,"href":"https:\/\/listman.shop\/costume-br\/wp-json\/wp\/v2\/product_brand?post=13582"},{"taxonomy":"product_cat","embeddable":true,"href":"https:\/\/listman.shop\/costume-br\/wp-json\/wp\/v2\/product_cat?post=13582"},{"taxonomy":"product_tag","embeddable":true,"href":"https:\/\/listman.shop\/costume-br\/wp-json\/wp\/v2\/product_tag?post=13582"}],"curies":[{"name":"wp","href":"https:\/\/api.w.org\/{rel}","templated":true}]}}