{"id":13814,"date":"2024-12-10T04:08:55","date_gmt":"2024-12-09T19:08:55","guid":{"rendered":"https:\/\/listman.shop\/costume-br\/product\/1005006486923926\/"},"modified":"2026-04-08T11:57:29","modified_gmt":"2026-04-08T02:57:29","slug":"1005006486923926","status":"publish","type":"product","link":"https:\/\/listman.shop\/costume-br\/product\/1005006486923926\/","title":{"rendered":"Lolita headpiece grande la\u00e7o la\u00e7o p\u00e9rola rosa kc bonito princesa headwear lolita grampo de cabelo acess\u00f3rios lolita"},"content":{"rendered":"<div class=\"detailmodule_html\">\n<div class=\"detail-desc-decorate-richtext\">\n<div class=\"detailmodule_html\">\n<div class=\"detail-desc-decorate-richtext\">\n<div style=\"overflow:hidden;width:750px;height:5747px\">\n<div style=\"overflow:hidden;width:750px;height:5747px\"><span style=\"font-size:48px\">O produto inclui um conjunto de grampos de cabelo: um grande prendedor de cabelo com p\u00e9rolas e um prendedor de cabelo com estrela pequena<\/span><img data-recalc-dims=\"1\" decoding=\"async\" style=\"display:block;width:100%\"  src=\"https:\/\/i0.wp.com\/ae01.alicdn.com\/kf\/S3f26078bfc8149c8a8eb07cfe028992eB.jpg?w=1200&#038;ssl=1\"> <img data-recalc-dims=\"1\" decoding=\"async\" style=\"display:block;width:100%\"  src=\"https:\/\/i0.wp.com\/ae01.alicdn.com\/kf\/S21c1253e0d91471d9dd7bc9b16f32c9aH.jpg?w=1200&#038;ssl=1\"> <img data-recalc-dims=\"1\" decoding=\"async\" style=\"display:block;width:100%\"  src=\"https:\/\/i0.wp.com\/ae01.alicdn.com\/kf\/S76885c9909ff4d72a763370f6b4d59d6r.jpg?w=1200&#038;ssl=1\"> <img data-recalc-dims=\"1\" decoding=\"async\" style=\"display:block;width:100%\"  src=\"https:\/\/i0.wp.com\/ae01.alicdn.com\/kf\/S86f986bb88904064aab20ecaa18a847cv.jpg?w=1200&#038;ssl=1\"> <img data-recalc-dims=\"1\" decoding=\"async\" style=\"display:block;width:100%\"  src=\"https:\/\/i0.wp.com\/ae01.alicdn.com\/kf\/Se1b711c936cc47bf8013b3cdcf40e312Y.jpg?w=1200&#038;ssl=1\"> <img data-recalc-dims=\"1\" decoding=\"async\" style=\"display:block;width:100%\"  src=\"https:\/\/i0.wp.com\/ae01.alicdn.com\/kf\/S1be2f709944a4916937467388100cc4cs.jpg?w=1200&#038;ssl=1\"> <img data-recalc-dims=\"1\" decoding=\"async\" style=\"display:block;width:100%\"  src=\"https:\/\/i0.wp.com\/ae01.alicdn.com\/kf\/Sf667d24acccd47afbd2b1b742f5ed5349.jpg?w=1200&#038;ssl=1\"> <img data-recalc-dims=\"1\" decoding=\"async\" style=\"display:block;width:100%\"  src=\"https:\/\/i0.wp.com\/ae01.alicdn.com\/kf\/Se78b9e3b675442b4a3f123a5e4a0474bz.jpg?w=1200&#038;ssl=1\"> <img data-recalc-dims=\"1\" decoding=\"async\" style=\"display:block;width:100%\"  src=\"https:\/\/i0.wp.com\/ae01.alicdn.com\/kf\/Sf7b4e01278fe42f287347111aec6d6d8V.jpg?w=1200&#038;ssl=1\"><\/div>\n<\/div>\n<\/div>\n<\/div>\n<p><\/p>\n<\/div>\n<\/div>\n","protected":false},"excerpt":{"rendered":"<p>O produto inclui um conjunto de grampos de cabelo: um grande prendedor de cabelo com p\u00e9rolas e um prendedor de cabelo com estrela pequena<\/p>\n","protected":false},"featured_media":13809,"template":"","meta":{"neve_meta_sidebar":"","neve_meta_container":"","neve_meta_enable_content_width":"","neve_meta_content_width":0,"neve_meta_title_alignment":"","neve_meta_author_avatar":"","neve_post_elements_order":"","neve_meta_disable_header":"","neve_meta_disable_footer":"","neve_meta_disable_title":""},"product_brand":[],"product_cat":[30,28,16],"product_tag":[],"class_list":{"0":"post-13814","1":"product","2":"type-product","3":"status-publish","4":"has-post-thumbnail","6":"product_cat-acessorios-acessorios-para-cosplay","7":"product_cat-acessorios-para-cosplay","8":"product_cat-novidades-e-uso-especial","10":"first","11":"instock","12":"shipping-taxable","13":"purchasable","14":"product-type-variable","15":"has-default-attributes"},"jetpack_sharing_enabled":true,"_links":{"self":[{"href":"https:\/\/listman.shop\/costume-br\/wp-json\/wp\/v2\/product\/13814","targetHints":{"allow":["GET"]}}],"collection":[{"href":"https:\/\/listman.shop\/costume-br\/wp-json\/wp\/v2\/product"}],"about":[{"href":"https:\/\/listman.shop\/costume-br\/wp-json\/wp\/v2\/types\/product"}],"wp:featuredmedia":[{"embeddable":true,"href":"https:\/\/listman.shop\/costume-br\/wp-json\/wp\/v2\/media\/13809"}],"wp:attachment":[{"href":"https:\/\/listman.shop\/costume-br\/wp-json\/wp\/v2\/media?parent=13814"}],"wp:term":[{"taxonomy":"product_brand","embeddable":true,"href":"https:\/\/listman.shop\/costume-br\/wp-json\/wp\/v2\/product_brand?post=13814"},{"taxonomy":"product_cat","embeddable":true,"href":"https:\/\/listman.shop\/costume-br\/wp-json\/wp\/v2\/product_cat?post=13814"},{"taxonomy":"product_tag","embeddable":true,"href":"https:\/\/listman.shop\/costume-br\/wp-json\/wp\/v2\/product_tag?post=13814"}],"curies":[{"name":"wp","href":"https:\/\/api.w.org\/{rel}","templated":true}]}}