{"id":14901,"date":"2024-12-10T04:39:27","date_gmt":"2024-12-09T19:39:27","guid":{"rendered":"https:\/\/listman.shop\/costume-br\/product\/1005006625749731\/"},"modified":"2026-04-08T10:20:10","modified_gmt":"2026-04-08T01:20:10","slug":"1005006625749731","status":"publish","type":"product","link":"https:\/\/listman.shop\/costume-br\/product\/1005006625749731\/","title":{"rendered":"Meias de renda feminina sexy moda senhoras sheer ficar at\u00e9 a coxa meias altas ver\u00e3o discotecas meia-cal\u00e7a meias cruzadas"},"content":{"rendered":"<div class=\"detailmodule_html\">\n<div class=\"detail-desc-decorate-richtext\">\n<p><\/p>\n<div class=\"detail-desc-decorate-richtext\">\n<p>\n<\/div>\n<p><\/p>\n<div class=\"detail-desc-decorate-richtext\">\n<div>\n<p>\n <\/div>\n<div class=\"detail-desc-decorate-richtext\">\n<div>\n<p>\n  <\/div>\n<div style=\"font-family:verdana;font-size:13px;line-height:18px;text-align:center\" align=\"center\">\n<div>\n<p>\n   <\/div>\n<div style=\"font-size:13px;text-align:left\" align=\"left\">\n<div>\n<p>\n    <\/div>\n<p><\/p>\n<div>\n<p>\n    <\/div>\n<\/p><\/div>\n<div>\n<p>\n   <\/div>\n<\/p><\/div>\n<div>\n<p>\n  <\/div>\n<div>\n<div>\n<p>\n   <\/div>\n<div>\n<div>\n<p>\n    <\/div>\n<div>\n<p>\n     <span style=\"font-size:24px\"><span>Material: Nylon, Poli&eacute;ster<\/span><\/span><\/p>\n<p>\n    <\/div>\n<div>\n<p>\n    <\/div>\n<div>\n<p>\n     <span style=\"font-size:24px\"><span>Tamanho: tamanho &uacute;nico, adequado para altura 155-175cm<\/span><\/span><\/p>\n<p>\n    <\/div>\n<div>\n<p>\n    <\/div>\n<div>\n<p>\n     <span style=\"font-size:24px\"><span>Caracter&iacute;stica: el&aacute;stico, macio e elegante<\/span><\/span><\/p>\n<p>\n    <\/div>\n<div>\n<p>\n    <\/div>\n<div>\n<p>\n     <span style=\"font-size:24px\"><span>Cor: preto, branco<\/span><\/span><\/p>\n<p>\n    <\/div>\n<div>\n<p>\n    <\/div>\n<div>\n<p>\n     <span style=\"font-size:24px\"><span>Pacote incluindo: 1 par de meias<\/span><\/span><\/p>\n<p>\n    <\/div>\n<div>\n<p>\n    <\/div>\n<div>\n<p>\n     <span style=\"font-size:24px\"><span>Nota:<\/span><\/span><\/p>\n<p>\n    <\/div>\n<div>\n<p>\n    <\/div>\n<div>\n<p>\n     <span style=\"font-size:24px\"><span>*Devido &agrave; diferen&ccedil;a entre monitores diferentes, a imagem pode n&atilde;o refletir a cor real. Espero sua compreens&atilde;o.<\/span><\/span><\/p>\n<p>\n    <\/div>\n<div>\n<p>\n    <\/div>\n<div>\n<div>\n<p>\n     <\/div>\n<p><\/p>\n<div>\n<p>\n     <\/div>\n<\/p><\/div>\n<div>\n<p>\n    <\/div>\n<\/p><\/div>\n<div>\n<p>\n   <\/div>\n<div>\n<p>\n    <img data-recalc-dims=\"1\" decoding=\"async\" src=\"https:\/\/i0.wp.com\/ae01.alicdn.com\/kf\/S95475b7c31704d3dacf1986ef1164954H.jpg?w=1200&#038;ssl=1\" \/><\/p>\n<p>\n    <img data-recalc-dims=\"1\" decoding=\"async\" src=\"https:\/\/i0.wp.com\/ae01.alicdn.com\/kf\/S70cdff9b7fcb4e4099c79bf482feeb7aq.jpg?w=1200&#038;ssl=1\" \/><\/p>\n<p>\n    <img data-recalc-dims=\"1\" decoding=\"async\" src=\"https:\/\/i0.wp.com\/ae01.alicdn.com\/kf\/Sc42ee1db41614b5386a576c68b0589b4Z.jpg?w=1200&#038;ssl=1\" \/><\/p>\n<p>\n    <img data-recalc-dims=\"1\" decoding=\"async\" src=\"https:\/\/i0.wp.com\/ae01.alicdn.com\/kf\/S629a93d1c9f94e7aa4cb0ce246d5f113G.jpg?w=1200&#038;ssl=1\" \/><\/p>\n<p>\n    <img data-recalc-dims=\"1\" decoding=\"async\" src=\"https:\/\/i0.wp.com\/ae01.alicdn.com\/kf\/Sda32603399864a9a855fa2b61fee4f90L.jpg?w=1200&#038;ssl=1\" \/><\/p>\n<p>\n   <\/div>\n<div>\n<p>\n   <\/div>\n<\/p><\/div>\n<div>\n<p>\n  <\/div>\n<div style=\"font-family:arial, helvetica, sans-serif;font-size:13px;line-height:16px;border-bottom:0px;border-left:0px;border-right:0px;border-top:0px;margin:0px;margin-bottom:0px;margin-top:0px;margin-left:0px;margin-right:0px;padding:0px;padding-bottom:0px;padding-top:0px;padding-left:0px;padding-right:0px\">\n<div>\n<p>\n   <\/div>\n<div>\n<p>\n   <\/div>\n<div>\n<p>\n   <\/div>\n<\/p><\/div>\n<div>\n<p>\n  <\/div>\n<div>\n<p>\n  <\/div>\n<p><\/p>\n<div>\n<p>\n  <\/div>\n<\/p><\/div>\n<div>\n<p>\n <\/div>\n<\/div>\n<p><\/p>\n<div class=\"detail-desc-decorate-richtext\">\n<div>\n<p>\n <\/div>\n<p><\/p>\n<div>\n<p>\n <\/div>\n<\/div>\n<\/div>\n<\/div>\n","protected":false},"excerpt":{"rendered":"<p>Material: Nylon, Poli&eacute;ster Tamanho: tamanho &uacute;nico, adequado para altura 155-175cm Caracter&iacute;stica: el&aacute;stico, macio e elegante Cor: preto, branco Pacote incluindo: 1 par de meias Nota: *Devido &agrave; diferen&ccedil;a entre monitores diferentes, a imagem pode n&atilde;o refletir a cor real. Espero sua compreens&atilde;o.<\/p>\n","protected":false},"featured_media":14895,"template":"","meta":{"neve_meta_sidebar":"","neve_meta_container":"","neve_meta_enable_content_width":"","neve_meta_content_width":0,"neve_meta_title_alignment":"","neve_meta_author_avatar":"","neve_post_elements_order":"","neve_meta_disable_header":"","neve_meta_disable_footer":"","neve_meta_disable_title":""},"product_brand":[],"product_cat":[30,28,16],"product_tag":[],"class_list":{"0":"post-14901","1":"product","2":"type-product","3":"status-publish","4":"has-post-thumbnail","6":"product_cat-acessorios-acessorios-para-cosplay","7":"product_cat-acessorios-para-cosplay","8":"product_cat-novidades-e-uso-especial","10":"first","11":"instock","12":"shipping-taxable","13":"purchasable","14":"product-type-variable","15":"has-default-attributes"},"jetpack_sharing_enabled":true,"_links":{"self":[{"href":"https:\/\/listman.shop\/costume-br\/wp-json\/wp\/v2\/product\/14901","targetHints":{"allow":["GET"]}}],"collection":[{"href":"https:\/\/listman.shop\/costume-br\/wp-json\/wp\/v2\/product"}],"about":[{"href":"https:\/\/listman.shop\/costume-br\/wp-json\/wp\/v2\/types\/product"}],"wp:featuredmedia":[{"embeddable":true,"href":"https:\/\/listman.shop\/costume-br\/wp-json\/wp\/v2\/media\/14895"}],"wp:attachment":[{"href":"https:\/\/listman.shop\/costume-br\/wp-json\/wp\/v2\/media?parent=14901"}],"wp:term":[{"taxonomy":"product_brand","embeddable":true,"href":"https:\/\/listman.shop\/costume-br\/wp-json\/wp\/v2\/product_brand?post=14901"},{"taxonomy":"product_cat","embeddable":true,"href":"https:\/\/listman.shop\/costume-br\/wp-json\/wp\/v2\/product_cat?post=14901"},{"taxonomy":"product_tag","embeddable":true,"href":"https:\/\/listman.shop\/costume-br\/wp-json\/wp\/v2\/product_tag?post=14901"}],"curies":[{"name":"wp","href":"https:\/\/api.w.org\/{rel}","templated":true}]}}