{"id":15155,"date":"2024-12-10T04:46:23","date_gmt":"2024-12-09T19:46:23","guid":{"rendered":"https:\/\/listman.shop\/costume-br\/product\/1005006644548899\/"},"modified":"2026-04-05T03:57:04","modified_gmt":"2026-04-04T18:57:04","slug":"1005006644548899","status":"publish","type":"product","link":"https:\/\/listman.shop\/costume-br\/product\/1005006644548899\/","title":{"rendered":"Cosplay pijama azul meninos meninas anime her\u00f3i traje com m\u00e1scara cosplay vestir terno traje de halloween festa de anivers\u00e1rio presente"},"content":{"rendered":"<div class=\"detailmodule_html\">\n<div class=\"detail-desc-decorate-richtext\">\n<p style=\"font-size:14px;font-weight:400;line-height:20px;text-align:center;margin-bottom:0px;margin-top:0px\" align=\"center\"><img data-recalc-dims=\"1\" decoding=\"async\" style=\"background-color:transparent;border:0px;display:flex;max-height:100%;max-width:100%;width:944px;height:480px\"   src=\"https:\/\/i0.wp.com\/ae01.alicdn.com\/kf\/S2a0e0283161c4ba782ced802c372e865q.jpg?w=1200&#038;ssl=1\" \/><\/p>\n<p style=\"font-size:14px;font-weight:400;line-height:20px;text-align:center;margin-bottom:0px;margin-top:0px\" align=\"center\"><img data-recalc-dims=\"1\" decoding=\"async\" src=\"https:\/\/i0.wp.com\/ae01.alicdn.com\/kf\/S2db8209055d24080976fbde85d7c3e92S.jpg?w=1200&#038;ssl=1\" \/><img data-recalc-dims=\"1\" decoding=\"async\" src=\"https:\/\/i0.wp.com\/ae01.alicdn.com\/kf\/S86173c167f2f4c179b436eace2794dc90.jpg?w=1200&#038;ssl=1\" \/><img data-recalc-dims=\"1\" decoding=\"async\" src=\"https:\/\/i0.wp.com\/ae01.alicdn.com\/kf\/S86539bad66604f7f802c65d2865f61d7a.jpg?w=1200&#038;ssl=1\" \/><img data-recalc-dims=\"1\" decoding=\"async\" src=\"https:\/\/i0.wp.com\/ae01.alicdn.com\/kf\/S2116421d5332466eb437f176de21803ec.jpg?w=1200&#038;ssl=1\" \/><img data-recalc-dims=\"1\" decoding=\"async\" src=\"https:\/\/i0.wp.com\/ae01.alicdn.com\/kf\/Sd272a6b1ca7b4846a892af1a12d5de6fN.jpg?w=1200&#038;ssl=1\" \/><img data-recalc-dims=\"1\" decoding=\"async\" src=\"https:\/\/i0.wp.com\/ae01.alicdn.com\/kf\/S5afb5c6dcbb644279d811575a17eaa88i.jpg?w=1200&#038;ssl=1\" \/><img data-recalc-dims=\"1\" decoding=\"async\" src=\"https:\/\/i0.wp.com\/ae01.alicdn.com\/kf\/S40809542349a42f8b194a02d8ecc37bdM.jpg?w=1200&#038;ssl=1\" \/><img data-recalc-dims=\"1\" decoding=\"async\" src=\"https:\/\/i0.wp.com\/ae01.alicdn.com\/kf\/Sdd0a9f19b14345758b0e2b700cf88a7bb.jpg?w=1200&#038;ssl=1\" \/><img data-recalc-dims=\"1\" decoding=\"async\" src=\"https:\/\/i0.wp.com\/ae01.alicdn.com\/kf\/S6500d958519149cfa7e574e946e2ada45.jpg?w=1200&#038;ssl=1\" \/><img data-recalc-dims=\"1\" decoding=\"async\" src=\"https:\/\/i0.wp.com\/ae01.alicdn.com\/kf\/S3db66c82d126465bb114e2ca2983c5a9y.jpg?w=1200&#038;ssl=1\" \/><img data-recalc-dims=\"1\" decoding=\"async\" src=\"https:\/\/i0.wp.com\/ae01.alicdn.com\/kf\/S271241130dd94fef8a71fb26c7920d00q.jpg?w=1200&#038;ssl=1\" \/><img data-recalc-dims=\"1\" decoding=\"async\" src=\"https:\/\/i0.wp.com\/ae01.alicdn.com\/kf\/S293b64c25f6641c2ab32428296ef2d68F.jpg?w=1200&#038;ssl=1\" \/><img data-recalc-dims=\"1\" decoding=\"async\" src=\"https:\/\/i0.wp.com\/ae01.alicdn.com\/kf\/S52a312bd6e1545aa8b9881d4f3cb5e60k.jpg?w=1200&#038;ssl=1\" \/><img data-recalc-dims=\"1\" decoding=\"async\" src=\"https:\/\/i0.wp.com\/ae01.alicdn.com\/kf\/S510a12d61ae14f9987f4d4e9755adf10r.jpg?w=1200&#038;ssl=1\" \/><img data-recalc-dims=\"1\" decoding=\"async\" src=\"https:\/\/i0.wp.com\/ae01.alicdn.com\/kf\/S44fc9bc6ab0d4417a66994a6841aefcfU.jpg?w=1200&#038;ssl=1\" \/><img data-recalc-dims=\"1\" decoding=\"async\" src=\"https:\/\/i0.wp.com\/ae01.alicdn.com\/kf\/Se5708ef35e7b4aa7836ad85efd5b069cg.jpg?w=1200&#038;ssl=1\" \/><img data-recalc-dims=\"1\" decoding=\"async\" src=\"https:\/\/i0.wp.com\/ae01.alicdn.com\/kf\/S79eb7f4455d743fbbbb272b466a4df61H.jpg?w=1200&#038;ssl=1\" \/><img data-recalc-dims=\"1\" decoding=\"async\" src=\"https:\/\/i0.wp.com\/ae01.alicdn.com\/kf\/S45c66d9364384a93b35a14666a9054ad8.jpg?w=1200&#038;ssl=1\" \/><img data-recalc-dims=\"1\" decoding=\"async\" src=\"https:\/\/i0.wp.com\/ae01.alicdn.com\/kf\/S00f11323c00c40329f622a418dd89818i.jpg?w=1200&#038;ssl=1\" \/><img data-recalc-dims=\"1\" decoding=\"async\" style=\"background-color:transparent;border:0px;display:flex;max-height:100%;max-width:100%;width:800px;height:800px\"   src=\"https:\/\/i0.wp.com\/ae01.alicdn.com\/kf\/Sa9ec69da1d9747cc83afe3afcdc26688M.jpg?w=1200&#038;ssl=1\" \/><span><span class=\"slate-node-text\" style=\"font-size:14px;, sans-serif\"><br \/><\/span><\/span><\/p>\n<\/div>\n<\/div>\n","protected":false},"excerpt":{"rendered":"","protected":false},"featured_media":15150,"template":"","meta":{"neve_meta_sidebar":"","neve_meta_container":"","neve_meta_enable_content_width":"","neve_meta_content_width":0,"neve_meta_title_alignment":"","neve_meta_author_avatar":"","neve_post_elements_order":"","neve_meta_disable_header":"","neve_meta_disable_footer":"","neve_meta_disable_title":""},"product_brand":[],"product_cat":[38,16,39],"product_tag":[],"class_list":{"0":"post-15155","1":"product","2":"type-product","3":"status-publish","4":"has-post-thumbnail","6":"product_cat-fantasias-de-cosplay","7":"product_cat-novidades-e-uso-especial","8":"product_cat-trajes-de-cosplay-desativar-fantasias-de-cosplay","10":"first","11":"instock","12":"shipping-taxable","13":"purchasable","14":"product-type-variable","15":"has-default-attributes"},"jetpack_sharing_enabled":true,"_links":{"self":[{"href":"https:\/\/listman.shop\/costume-br\/wp-json\/wp\/v2\/product\/15155","targetHints":{"allow":["GET"]}}],"collection":[{"href":"https:\/\/listman.shop\/costume-br\/wp-json\/wp\/v2\/product"}],"about":[{"href":"https:\/\/listman.shop\/costume-br\/wp-json\/wp\/v2\/types\/product"}],"wp:featuredmedia":[{"embeddable":true,"href":"https:\/\/listman.shop\/costume-br\/wp-json\/wp\/v2\/media\/15150"}],"wp:attachment":[{"href":"https:\/\/listman.shop\/costume-br\/wp-json\/wp\/v2\/media?parent=15155"}],"wp:term":[{"taxonomy":"product_brand","embeddable":true,"href":"https:\/\/listman.shop\/costume-br\/wp-json\/wp\/v2\/product_brand?post=15155"},{"taxonomy":"product_cat","embeddable":true,"href":"https:\/\/listman.shop\/costume-br\/wp-json\/wp\/v2\/product_cat?post=15155"},{"taxonomy":"product_tag","embeddable":true,"href":"https:\/\/listman.shop\/costume-br\/wp-json\/wp\/v2\/product_tag?post=15155"}],"curies":[{"name":"wp","href":"https:\/\/api.w.org\/{rel}","templated":true}]}}