{"id":16760,"date":"2024-12-10T05:30:50","date_gmt":"2024-12-09T20:30:50","guid":{"rendered":"https:\/\/listman.shop\/costume-br\/product\/1005006739337141\/"},"modified":"2026-04-08T11:48:59","modified_gmt":"2026-04-08T02:48:59","slug":"1005006739337141","status":"publish","type":"product","link":"https:\/\/listman.shop\/costume-br\/product\/1005006739337141\/","title":{"rendered":"Meninas doce rendas sobre o joelho meias senhoras lingerie sexy meias grande rosa bowknot ador\u00e1vel coxa alta joelho meias sexy"},"content":{"rendered":"<div class=\"detailmodule_html\">\n<div class=\"detail-desc-decorate-richtext\">\n<div class=\"detailmodule_html\">\n<div class=\"detail-desc-decorate-richtext\">\n<div>\n<div>\n<div>\n<div>\n<div><strong>Grande la\u00e7o rosa ador\u00e1vel coxa alta joelho meias sexy meninas doce rendas sobre o joelho meias senhoras lingerie sexy meias<\/strong><\/div>\n<p><span style=\", helvetica, sans-serif\"><span style=\"font-size:16px\">Caracter\u00edsticas:<\/span><\/span><\/p>\n<p><span style=\", helvetica, sans-serif\"><span style=\"font-size:16px\">Tipo: meias femininas at\u00e9 a coxa<\/span><\/span><\/p>\n<p><span style=\", helvetica, sans-serif\"><span style=\"font-size:16px\">Material:<\/span><\/span>Poli\u00e9ster<span style=\", helvetica, sans-serif\">,<\/span><span style=\", helvetica, sans-serif\"><span style=\"font-size:16px\">n\u00e1ilon<\/span><\/span><\/p>\n<p><span style=\"font-size:20px;, times, serif\">Tamanho das meias: tamanho \u00fanico<\/span><\/p>\n<p><span style=\", helvetica, sans-serif\"><span style=\"font-size:16px\">O pacote inclui: 1 par<\/span><\/span><span style=\"font-size:16px\">Meias<\/span><\/p>\n<p><img data-recalc-dims=\"1\" decoding=\"async\" src=\"https:\/\/i0.wp.com\/ae01.alicdn.com\/kf\/Sd825f160041540838a37cf1f44e5c3b32.jpg?w=1200&#038;ssl=1\"><img data-recalc-dims=\"1\" decoding=\"async\" src=\"https:\/\/i0.wp.com\/ae01.alicdn.com\/kf\/Sa6d94805cdef40e1b6396d2d7fcdc5e1M.jpg?w=1200&#038;ssl=1\"><img data-recalc-dims=\"1\" decoding=\"async\" src=\"https:\/\/i0.wp.com\/ae01.alicdn.com\/kf\/Sda25840e446b4d0095e521a855783ef7G.jpg?w=1200&#038;ssl=1\"><br \/><img data-recalc-dims=\"1\" decoding=\"async\" src=\"https:\/\/i0.wp.com\/ae01.alicdn.com\/kf\/Sc5a06fb9604e4e1dbb2f54bd1cf942f1X.jpg?w=1200&#038;ssl=1\"><img data-recalc-dims=\"1\" decoding=\"async\" src=\"https:\/\/i0.wp.com\/ae01.alicdn.com\/kf\/Sed758ea4e7a34b26927ff26fc46edca1Z.jpg?w=1200&#038;ssl=1\"><img data-recalc-dims=\"1\" decoding=\"async\" src=\"https:\/\/i0.wp.com\/ae01.alicdn.com\/kf\/S148299b704c54a5c84fb5198b2658a94m.jpg?w=1200&#038;ssl=1\"><img data-recalc-dims=\"1\" decoding=\"async\" src=\"https:\/\/i0.wp.com\/ae01.alicdn.com\/kf\/Sda25840e446b4d0095e521a855783ef7G.jpg?w=1200&#038;ssl=1\"><img data-recalc-dims=\"1\" decoding=\"async\" src=\"https:\/\/i0.wp.com\/ae01.alicdn.com\/kf\/Sd825f160041540838a37cf1f44e5c3b32.jpg?w=1200&#038;ssl=1\"><img data-recalc-dims=\"1\" decoding=\"async\" src=\"https:\/\/i0.wp.com\/ae01.alicdn.com\/kf\/Sa6d94805cdef40e1b6396d2d7fcdc5e1M.jpg?w=1200&#038;ssl=1\"><img data-recalc-dims=\"1\" decoding=\"async\" src=\"https:\/\/i0.wp.com\/ae01.alicdn.com\/kf\/Sc2fb91b2bcb74096ab1ba10d05c4df33i.jpg?w=1200&#038;ssl=1\"><\/p>\n<\/div>\n<\/div>\n<\/div>\n<\/div>\n<p><\/div>\n<\/div>\n<p><\/div>\n<\/div>\n","protected":false},"excerpt":{"rendered":"<p>Grande la\u00e7o rosa ador\u00e1vel coxa alta joelho meias sexy meninas doce rendas sobre o joelho meias senhoras lingerie sexy meias Caracter\u00edsticas: Tipo: meias femininas at\u00e9 a coxa Material:Poli\u00e9ster,n\u00e1ilon Tamanho das meias: tamanho \u00fanico O pacote inclui: 1 parMeias<\/p>\n","protected":false},"featured_media":16754,"template":"","meta":{"neve_meta_sidebar":"","neve_meta_container":"","neve_meta_enable_content_width":"","neve_meta_content_width":0,"neve_meta_title_alignment":"","neve_meta_author_avatar":"","neve_post_elements_order":"","neve_meta_disable_header":"","neve_meta_disable_footer":"","neve_meta_disable_title":""},"product_brand":[],"product_cat":[30,28,16],"product_tag":[],"class_list":{"0":"post-16760","1":"product","2":"type-product","3":"status-publish","4":"has-post-thumbnail","6":"product_cat-acessorios-acessorios-para-cosplay","7":"product_cat-acessorios-para-cosplay","8":"product_cat-novidades-e-uso-especial","10":"first","11":"instock","12":"shipping-taxable","13":"purchasable","14":"product-type-variable","15":"has-default-attributes"},"jetpack_sharing_enabled":true,"_links":{"self":[{"href":"https:\/\/listman.shop\/costume-br\/wp-json\/wp\/v2\/product\/16760","targetHints":{"allow":["GET"]}}],"collection":[{"href":"https:\/\/listman.shop\/costume-br\/wp-json\/wp\/v2\/product"}],"about":[{"href":"https:\/\/listman.shop\/costume-br\/wp-json\/wp\/v2\/types\/product"}],"wp:featuredmedia":[{"embeddable":true,"href":"https:\/\/listman.shop\/costume-br\/wp-json\/wp\/v2\/media\/16754"}],"wp:attachment":[{"href":"https:\/\/listman.shop\/costume-br\/wp-json\/wp\/v2\/media?parent=16760"}],"wp:term":[{"taxonomy":"product_brand","embeddable":true,"href":"https:\/\/listman.shop\/costume-br\/wp-json\/wp\/v2\/product_brand?post=16760"},{"taxonomy":"product_cat","embeddable":true,"href":"https:\/\/listman.shop\/costume-br\/wp-json\/wp\/v2\/product_cat?post=16760"},{"taxonomy":"product_tag","embeddable":true,"href":"https:\/\/listman.shop\/costume-br\/wp-json\/wp\/v2\/product_tag?post=16760"}],"curies":[{"name":"wp","href":"https:\/\/api.w.org\/{rel}","templated":true}]}}