{"id":17253,"date":"2024-12-10T05:44:44","date_gmt":"2024-12-09T20:44:44","guid":{"rendered":"https:\/\/listman.shop\/costume-br\/product\/1005006770081864\/"},"modified":"2026-04-05T02:31:36","modified_gmt":"2026-04-04T17:31:36","slug":"1005006770081864","status":"publish","type":"product","link":"https:\/\/listman.shop\/costume-br\/product\/1005006770081864\/","title":{"rendered":"Bodysuit de anime com capuz irm\u00e3os, bodysuit manga comprida, vermelho, velo, se\u00e7\u00e3o fina, festa, traje de feriado, outono, inverno"},"content":{"rendered":"<div class=\"detailmodule_text\">\n<p class=\"detail-desc-decorate-content\" style=\"font-family: 'OpenSans';color:'#000';white-space: pre-wrap;font-weight: 300;font-size: 14px;line-height: 20px;color: #000;margin-bottom: 12px\">Purchase Includes:<\/p>\n<\/div>\n<div class=\"detailmodule_text\">\n<p class=\"detail-desc-decorate-content\" style=\"font-family: 'OpenSans';color:'#000';white-space: pre-wrap;font-weight: 300;font-size: 14px;line-height: 20px;color: #000;margin-bottom: 12px\">Jumpsuit + Hat<\/p>\n<\/div>\n<div class=\"detailmodule_image\"><img data-recalc-dims=\"1\" decoding=\"async\" src=\"https:\/\/i0.wp.com\/ae01.alicdn.com\/kf\/S36bff4741d2a4869b372caa3c1e71341v.jpg?w=1200&#038;ssl=1\" class=\"detail-desc-decorate-image\"><img data-recalc-dims=\"1\" decoding=\"async\" src=\"https:\/\/i0.wp.com\/ae01.alicdn.com\/kf\/Sc4b4f5f2b98541c28731a6af14218c15t.jpg?w=1200&#038;ssl=1\" class=\"detail-desc-decorate-image\"><img data-recalc-dims=\"1\" decoding=\"async\" src=\"https:\/\/i0.wp.com\/ae01.alicdn.com\/kf\/S963ba6f5adae4f11901a9af7baf1fa52J.jpg?w=1200&#038;ssl=1\" class=\"detail-desc-decorate-image\"><img data-recalc-dims=\"1\" decoding=\"async\" src=\"https:\/\/i0.wp.com\/ae01.alicdn.com\/kf\/S946e6e287e3840c2b170421385131deeH.jpg?w=1200&#038;ssl=1\" class=\"detail-desc-decorate-image\"><img data-recalc-dims=\"1\" decoding=\"async\" src=\"https:\/\/i0.wp.com\/ae01.alicdn.com\/kf\/S758932a618be4274816a11f3d80f3775C.jpg?w=1200&#038;ssl=1\" class=\"detail-desc-decorate-image\"><img data-recalc-dims=\"1\" decoding=\"async\" src=\"https:\/\/i0.wp.com\/ae01.alicdn.com\/kf\/S36383c4c7e4f448fb7ea6fe43b62fbaf0.jpg?w=1200&#038;ssl=1\" class=\"detail-desc-decorate-image\"><img data-recalc-dims=\"1\" decoding=\"async\" src=\"https:\/\/i0.wp.com\/ae01.alicdn.com\/kf\/Se7aea82d979745ceb228951e60730283J.jpg?w=1200&#038;ssl=1\" class=\"detail-desc-decorate-image\"><\/div>\n","protected":false},"excerpt":{"rendered":"<p>Purchase Includes: Jumpsuit + Hat<\/p>\n","protected":false},"featured_media":17247,"template":"","meta":{"neve_meta_sidebar":"","neve_meta_container":"","neve_meta_enable_content_width":"","neve_meta_content_width":0,"neve_meta_title_alignment":"","neve_meta_author_avatar":"","neve_post_elements_order":"","neve_meta_disable_header":"","neve_meta_disable_footer":"","neve_meta_disable_title":""},"product_brand":[],"product_cat":[38,16,39],"product_tag":[],"class_list":{"0":"post-17253","1":"product","2":"type-product","3":"status-publish","4":"has-post-thumbnail","6":"product_cat-fantasias-de-cosplay","7":"product_cat-novidades-e-uso-especial","8":"product_cat-trajes-de-cosplay-desativar-fantasias-de-cosplay","10":"first","11":"instock","12":"shipping-taxable","13":"purchasable","14":"product-type-variable","15":"has-default-attributes"},"jetpack_sharing_enabled":true,"_links":{"self":[{"href":"https:\/\/listman.shop\/costume-br\/wp-json\/wp\/v2\/product\/17253","targetHints":{"allow":["GET"]}}],"collection":[{"href":"https:\/\/listman.shop\/costume-br\/wp-json\/wp\/v2\/product"}],"about":[{"href":"https:\/\/listman.shop\/costume-br\/wp-json\/wp\/v2\/types\/product"}],"wp:featuredmedia":[{"embeddable":true,"href":"https:\/\/listman.shop\/costume-br\/wp-json\/wp\/v2\/media\/17247"}],"wp:attachment":[{"href":"https:\/\/listman.shop\/costume-br\/wp-json\/wp\/v2\/media?parent=17253"}],"wp:term":[{"taxonomy":"product_brand","embeddable":true,"href":"https:\/\/listman.shop\/costume-br\/wp-json\/wp\/v2\/product_brand?post=17253"},{"taxonomy":"product_cat","embeddable":true,"href":"https:\/\/listman.shop\/costume-br\/wp-json\/wp\/v2\/product_cat?post=17253"},{"taxonomy":"product_tag","embeddable":true,"href":"https:\/\/listman.shop\/costume-br\/wp-json\/wp\/v2\/product_tag?post=17253"}],"curies":[{"name":"wp","href":"https:\/\/api.w.org\/{rel}","templated":true}]}}