{"id":17272,"date":"2024-12-10T05:45:13","date_gmt":"2024-12-09T20:45:13","guid":{"rendered":"https:\/\/listman.shop\/costume-br\/product\/1005006770454714\/"},"modified":"2026-04-05T03:58:38","modified_gmt":"2026-04-04T18:58:38","slug":"1005006770454714","status":"publish","type":"product","link":"https:\/\/listman.shop\/costume-br\/product\/1005006770454714\/","title":{"rendered":"Crian\u00e7as bat cosplay macac\u00e3o her\u00f3i traje terno com capa m\u00e1scara masculino super-her\u00f3i wayne cosplay de alta qualidade festa de carnaval de halloween"},"content":{"rendered":"<div class=\"detailmodule_html\">\n<div class=\"detail-desc-decorate-richtext\">\n<p style=\", sans-serif;font-size:14px;font-weight:400;letter-spacing:normal;line-height:20px;text-align:center;white-space:pre-wrap;margin-bottom:0px;margin-top:0px\" align=\"center\"><img data-recalc-dims=\"1\" decoding=\"async\" style=\"background-color:transparent;border:0px;display:flex;max-height:100%;max-width:100%;width:800px;height:560px\"   src=\"https:\/\/i0.wp.com\/ae01.alicdn.com\/kf\/S2217dfd961924db386763b3efdd720795.jpg?w=1200&#038;ssl=1\" \/><img data-recalc-dims=\"1\" decoding=\"async\" style=\"background-color:transparent;border:0px;display:flex;max-height:100%;max-width:100%;width:750px\"  src=\"https:\/\/i0.wp.com\/ae01.alicdn.com\/kf\/Sa9c7ae22fcb04096be1913318876fcd38.png?w=1200&#038;ssl=1\" \/><\/p>\n<p style=\", sans-serif;font-size:14px;font-weight:400;letter-spacing:normal;line-height:20px;text-align:center;white-space:pre-wrap;margin:0px;margin-bottom:0px;margin-top:0px;margin-left:0px;margin-right:0px;padding:0px;padding-bottom:0px;padding-top:0px;padding-left:0px;padding-right:0px\" align=\"center\"><img data-recalc-dims=\"1\" decoding=\"async\" style=\"background-color:transparent;border:0px;display:flex;max-height:100%;max-width:100%;width:750px;height:989px\"   src=\"https:\/\/i0.wp.com\/ae01.alicdn.com\/kf\/S04cf3e6c790a4b66a4ac1258ed63f94fh.jpg?w=1200&#038;ssl=1\" \/><img data-recalc-dims=\"1\" decoding=\"async\" style=\"background-color:transparent;border:0px;display:flex;max-height:100%;max-width:100%;width:750px;height:974px\"   src=\"https:\/\/i0.wp.com\/ae01.alicdn.com\/kf\/S124e9490ee304f7d942619a29f35f143u.jpg?w=1200&#038;ssl=1\" \/><img data-recalc-dims=\"1\" decoding=\"async\" style=\"background-color:transparent;border:0px;display:flex;max-height:100%;max-width:100%;width:750px;height:907px\"   src=\"https:\/\/i0.wp.com\/ae01.alicdn.com\/kf\/S9235f81d268a4d6da7b6de8c2cbf2c9f1.jpg?w=1200&#038;ssl=1\" \/><img data-recalc-dims=\"1\" decoding=\"async\" style=\"background-color:transparent;border:0px;display:flex;max-height:100%;max-width:100%;width:750px;height:891px\"   src=\"https:\/\/i0.wp.com\/ae01.alicdn.com\/kf\/S7b1113d239ad4c79a448e8d6b8505596j.jpg?w=1200&#038;ssl=1\" \/><img data-recalc-dims=\"1\" decoding=\"async\" style=\"background-color:transparent;border:0px;display:flex;max-height:100%;max-width:100%;width:800px;height:800px\"   src=\"https:\/\/i0.wp.com\/ae01.alicdn.com\/kf\/Sfed4bb8709b4486b959cb5c7d056e50d9.jpg?w=1200&#038;ssl=1\" \/><img data-recalc-dims=\"1\" decoding=\"async\" style=\"background-color:transparent;border:0px;display:flex;max-height:100%;max-width:100%;width:944px;height:1258px\"   src=\"https:\/\/i0.wp.com\/ae01.alicdn.com\/kf\/Sd52df7f7e6684fe38fa692f8fe462e5fm.jpg?w=1200&#038;ssl=1\" \/><\/p>\n<p style=\", sans-serif;font-size:14px;font-weight:400;letter-spacing:normal;line-height:20px;text-align:center;white-space:pre-wrap;margin:0px;margin-bottom:0px;margin-top:0px;margin-left:0px;margin-right:0px;padding:0px;padding-bottom:0px;padding-top:0px;padding-left:0px;padding-right:0px\" align=\"center\"><img data-recalc-dims=\"1\" decoding=\"async\" style=\"background-color:transparent;border:0px;display:flex;max-height:100%;max-width:100%;width:850px;height:850px\"   src=\"https:\/\/i0.wp.com\/ae01.alicdn.com\/kf\/S0382be3acf2441acaaed9834e230871bY.jpg?w=1200&#038;ssl=1\" \/><img data-recalc-dims=\"1\" decoding=\"async\" style=\"background-color:transparent;border:0px;display:flex;max-height:100%;max-width:100%;width:850px;height:850px\"   src=\"https:\/\/i0.wp.com\/ae01.alicdn.com\/kf\/Sb20b529ea1014765abf10cbde485aa74L.jpg?w=1200&#038;ssl=1\" \/><img data-recalc-dims=\"1\" decoding=\"async\" style=\"background-color:transparent;border:0px;display:flex;max-height:100%;max-width:100%;width:850px;height:850px\"   src=\"https:\/\/i0.wp.com\/ae01.alicdn.com\/kf\/S1b12c20f52ed4963a4a9813e8b11af44d.jpg?w=1200&#038;ssl=1\" \/><img data-recalc-dims=\"1\" decoding=\"async\" style=\"background-color:transparent;border:0px;display:flex;max-height:100%;max-width:100%;width:850px;height:850px\"   src=\"https:\/\/i0.wp.com\/ae01.alicdn.com\/kf\/S51ef195af72d47deb5a32821f97747edq.jpg?w=1200&#038;ssl=1\" \/><img data-recalc-dims=\"1\" decoding=\"async\" style=\"background-color:transparent;border:0px;display:flex;max-height:100%;max-width:100%;width:850px;height:850px\"   src=\"https:\/\/i0.wp.com\/ae01.alicdn.com\/kf\/S7c5105d6e6704e79b155043d5d2467b99.jpg?w=1200&#038;ssl=1\" \/><\/p>\n<p><\/p>\n<p style=\", sans-serif;font-size:14px;font-weight:400;letter-spacing:normal;line-height:20px;text-align:center;white-space:pre-wrap;margin-bottom:0px;margin-top:0px\" align=\"center\"><img data-recalc-dims=\"1\" decoding=\"async\" style=\"background-color:transparent;border:0px;display:flex;max-height:100%;max-width:100%;width:800px;height:800px\"   src=\"https:\/\/i0.wp.com\/ae01.alicdn.com\/kf\/Sa9ec69da1d9747cc83afe3afcdc26688M.jpg?w=1200&#038;ssl=1\" \/><\/p>\n<\/p>\n<p><\/p>\n<\/div>\n<\/div>\n","protected":false},"excerpt":{"rendered":"","protected":false},"featured_media":17266,"template":"","meta":{"neve_meta_sidebar":"","neve_meta_container":"","neve_meta_enable_content_width":"","neve_meta_content_width":0,"neve_meta_title_alignment":"","neve_meta_author_avatar":"","neve_post_elements_order":"","neve_meta_disable_header":"","neve_meta_disable_footer":"","neve_meta_disable_title":""},"product_brand":[],"product_cat":[38,16,39],"product_tag":[],"class_list":{"0":"post-17272","1":"product","2":"type-product","3":"status-publish","4":"has-post-thumbnail","6":"product_cat-fantasias-de-cosplay","7":"product_cat-novidades-e-uso-especial","8":"product_cat-trajes-de-cosplay-desativar-fantasias-de-cosplay","10":"first","11":"instock","12":"shipping-taxable","13":"purchasable","14":"product-type-variable","15":"has-default-attributes"},"jetpack_sharing_enabled":true,"_links":{"self":[{"href":"https:\/\/listman.shop\/costume-br\/wp-json\/wp\/v2\/product\/17272","targetHints":{"allow":["GET"]}}],"collection":[{"href":"https:\/\/listman.shop\/costume-br\/wp-json\/wp\/v2\/product"}],"about":[{"href":"https:\/\/listman.shop\/costume-br\/wp-json\/wp\/v2\/types\/product"}],"wp:featuredmedia":[{"embeddable":true,"href":"https:\/\/listman.shop\/costume-br\/wp-json\/wp\/v2\/media\/17266"}],"wp:attachment":[{"href":"https:\/\/listman.shop\/costume-br\/wp-json\/wp\/v2\/media?parent=17272"}],"wp:term":[{"taxonomy":"product_brand","embeddable":true,"href":"https:\/\/listman.shop\/costume-br\/wp-json\/wp\/v2\/product_brand?post=17272"},{"taxonomy":"product_cat","embeddable":true,"href":"https:\/\/listman.shop\/costume-br\/wp-json\/wp\/v2\/product_cat?post=17272"},{"taxonomy":"product_tag","embeddable":true,"href":"https:\/\/listman.shop\/costume-br\/wp-json\/wp\/v2\/product_tag?post=17272"}],"curies":[{"name":"wp","href":"https:\/\/api.w.org\/{rel}","templated":true}]}}