{"id":17525,"date":"2024-12-10T05:51:51","date_gmt":"2024-12-09T20:51:51","guid":{"rendered":"https:\/\/listman.shop\/costume-br\/product\/1005006783580564\/"},"modified":"2026-04-08T11:03:57","modified_gmt":"2026-04-08T02:03:57","slug":"1005006783580564","status":"publish","type":"product","link":"https:\/\/listman.shop\/costume-br\/product\/1005006783580564\/","title":{"rendered":"Novo chap\u00e9u de coelho com orelhas m\u00f3veis engra\u00e7ado bandana orelhas popando ao pressionar as patas bonito coelho de pel\u00facia faixa de cabelo decora\u00e7\u00e3o prop"},"content":{"rendered":"<div class=\"detailmodule_html\">\n<div class=\"detail-desc-decorate-richtext\">\n<div>\n<div>\n<div style=\"font-size:14px;margin:0px;margin-bottom:0px;margin-top:0px;margin-left:0px;margin-right:0px;padding:0px;padding-bottom:0px;padding-top:0px;padding-left:0px;padding-right:0px\">\n   <span style=\"font-size:16px\">Nome: chap&eacute;u de coelho brilhante<br \/>Material: pel&uacute;cia<br \/>Tamanho: 50cm de altura, com circunfer&ecirc;ncia do chap&eacute;u de aproximadamente 58cm<br \/>Cor: Como mostrado na imagem<\/span><br \/>\n   <br \/>\n   <span style=\"font-size:16px\">Estilo: Estilo luminoso (&eacute; necess&aacute;ria bateria autocontida). Estilo n&atilde;o luminoso<\/span>\n  <\/div>\n<div style=\"font-size:14px;margin:0px;margin-bottom:0px;margin-top:0px;margin-left:0px;margin-right:0px;padding:0px;padding-bottom:0px;padding-top:0px;padding-left:0px;padding-right:0px\"><\/div>\n<div style=\"font-size:14px;margin:0px;margin-bottom:0px;margin-top:0px;margin-left:0px;margin-right:0px;padding:0px;padding-bottom:0px;padding-top:0px;padding-left:0px;padding-right:0px\"><\/div>\n<div style=\", Roboto, Arial, Helvetica, sans-serif, SimSun;font-size:14px;font-weight:400;letter-spacing:normal;text-align:start;white-space:normal;margin:0px;margin-bottom:0px;margin-top:0px;margin-left:0px;margin-right:0px;padding:0px;padding-bottom:0px;padding-top:0px;padding-left:0px;padding-right:0px\" align=\"start\">\n   <span style=\"font-size:18px;font-family:arial, helvetica, sans-serif\"><strong>Chap&eacute;u de orelha de pel&uacute;cia para movimento<\/strong><\/span><br \/>\n   <span style=\"font-size:18px;font-family:arial, helvetica, sans-serif\">:<\/span><br \/>\n   <span style=\"font-size:18px;font-family:arial, helvetica, sans-serif\">Apar&ecirc;ncia fofa e design criativo de orelha de coelho m&oacute;vel\/saltando &#8211; Orelha de coelho que pode se mover e se mover quando a pata est&aacute; sendo pressionada.<\/span>\n  <\/div>\n<div style=\", Roboto, Arial, Helvetica, sans-serif, SimSun;font-size:14px;font-weight:400;letter-spacing:normal;text-align:start;white-space:normal;margin:0px;margin-bottom:0px;margin-top:0px;margin-left:0px;margin-right:0px;padding:0px;padding-bottom:0px;padding-top:0px;padding-left:0px;padding-right:0px\" align=\"start\">\n<div style=\"margin:0px;margin-bottom:0px;margin-top:0px;margin-left:0px;margin-right:0px;padding:0px;padding-bottom:0px;padding-top:0px;padding-left:0px;padding-right:0px\">\n<div style=\"margin:0px;margin-bottom:0px;margin-top:0px;margin-left:0px;margin-right:0px;padding:0px;padding-bottom:0px;padding-top:0px;padding-left:0px;padding-right:0px\">\n<div style=\"margin:0px;margin-bottom:0px;margin-top:0px;margin-left:0px;margin-right:0px;padding:0px;padding-bottom:0px;padding-top:0px;padding-left:0px;padding-right:0px\"><\/div>\n<\/p><\/div>\n<\/p><\/div>\n<\/p><\/div>\n<div id=\"offer-template-0\" style=\", Roboto, Arial, Helvetica, sans-serif, SimSun;font-size:14px;font-weight:400;letter-spacing:normal;text-align:start;white-space:normal;margin:0px;margin-bottom:0px;margin-top:0px;margin-left:0px;margin-right:0px;padding:0px;padding-bottom:0px;padding-top:0px;padding-left:0px;padding-right:0px\" align=\"start\">\n<div style=\"margin:0px;margin-bottom:0px;margin-top:0px;margin-left:0px;margin-right:0px;padding:0px;padding-bottom:0px;padding-top:0px;padding-left:0px;padding-right:0px\">\n    <span style=\"font-size:18px;font-family:arial, helvetica, sans-serif\"><strong>Presente ideal:<\/strong><\/span><br \/>\n    <span style=\"font-size:18px;font-family:arial, helvetica, sans-serif\">O chap&eacute;u de pel&uacute;cia com orelha de coelho &eacute; um presente perfeito para crian&ccedil;as e at&eacute; adultos.O chap&eacute;u com orelha de coelho &eacute; uma escolha de presente ideal para festivais, como Natal, Dia dos Namorados como presente para sua esposa, namorada, fam&iacute;lia e amigos.Permite que as pessoas se mostrem charmosas, engra&ccedil;adas e fofas ao us&aacute;-las em dramatiza&ccedil;&otilde;es, festas ou algumas atividades.&Oacute;timo vestido e presente para P&aacute;scoa, Natal, Halloween, A&ccedil;&atilde;o de Gra&ccedil;as.N&atilde;o &eacute; apenas um chap&eacute;u, mas tamb&eacute;m um brinquedo de pel&uacute;cia.<\/span>\n   <\/div>\n<div style=\"margin:0px;margin-bottom:0px;margin-top:0px;margin-left:0px;margin-right:0px;padding:0px;padding-bottom:0px;padding-top:0px;padding-left:0px;padding-right:0px\"><\/div>\n<div style=\"margin:0px;margin-bottom:0px;margin-top:0px;margin-left:0px;margin-right:0px;padding:0px;padding-bottom:0px;padding-top:0px;padding-left:0px;padding-right:0px\">\n    <span style=\"font-size:18px;font-family:arial, helvetica, sans-serif\"><strong>Chap&eacute;u de pel&uacute;cia macio:<\/strong><\/span><br \/>\n    <span style=\"font-size:18px;font-family:arial, helvetica, sans-serif\">Chap&eacute;u com orelha de coelho feito de material de pel&uacute;cia macio que &eacute; confort&aacute;vel para sua pele.Perfeito para guincho, primavera, outono para usar.<\/span>\n   <\/div>\n<div style=\"margin:0px;margin-bottom:0px;margin-top:0px;margin-left:0px;margin-right:0px;padding:0px;padding-bottom:0px;padding-top:0px;padding-left:0px;padding-right:0px\"><\/div>\n<\/p><\/div>\n<div id=\"offer-template-0\" style=\", Roboto, Arial, Helvetica, sans-serif, SimSun;font-size:14px;font-weight:400;letter-spacing:normal;text-align:start;white-space:normal;margin:0px;margin-bottom:0px;margin-top:0px;margin-left:0px;margin-right:0px;padding:0px;padding-bottom:0px;padding-top:0px;padding-left:0px;padding-right:0px\" align=\"start\">\n<div style=\"margin:0px;margin-bottom:0px;margin-top:0px;margin-left:0px;margin-right:0px;padding:0px;padding-bottom:0px;padding-top:0px;padding-left:0px;padding-right:0px\">\n    <span style=\"font-size:18px;font-family:arial, helvetica, sans-serif\"><strong>Tr&ecirc;s modos de brilho: piscando r&aacute;pido, piscando lentamente, est&aacute;vel<\/strong><\/span>\n   <\/div>\n<\/p><\/div>\n<div style=\"font-size:14px;margin:0px;margin-bottom:0px;margin-top:0px;margin-left:0px;margin-right:0px;padding:0px;padding-bottom:0px;padding-top:0px;padding-left:0px;padding-right:0px\"><\/div>\n<div style=\"font-size:14px;margin:0px;margin-bottom:0px;margin-top:0px;margin-left:0px;margin-right:0px;padding:0px;padding-bottom:0px;padding-top:0px;padding-left:0px;padding-right:0px\">\n<p style=\"line-height:inherit;margin:0px;margin-bottom:0px;margin-top:0px;margin-left:0px;margin-right:0px;padding:0px;padding-bottom:0px;padding-top:0px;padding-left:0px;padding-right:0px\"><span style=\"font-size:20px\"><span><strong>Por favor note:<\/strong><\/span><\/span><br \/><span style=\"font-size:16px\">1.Devido &agrave; diferen&ccedil;a de luz e tela, a cor do item pode ser ligeiramente diferente das imagens.<br \/>2.Por favor, permita diferen&ccedil;as de 1-2 cm devido &agrave; medi&ccedil;&atilde;o manual.<br \/>3. Obrigado pela sua compreens&atilde;o.<\/span><\/p>\n<p style=\"line-height:inherit;margin:0px;margin-bottom:0px;margin-top:0px;margin-left:0px;margin-right:0px;padding:0px;padding-bottom:0px;padding-top:0px;padding-left:0px;padding-right:0px\"><img data-recalc-dims=\"1\" decoding=\"async\" src=\"https:\/\/i0.wp.com\/ae01.alicdn.com\/kf\/S91d2773c476c405ea82ad64cd3aade3c6.jpg?w=1200&#038;ssl=1\" \/><img data-recalc-dims=\"1\" decoding=\"async\" src=\"https:\/\/i0.wp.com\/ae01.alicdn.com\/kf\/S5767570e5d8d479ea196a88c40a11bf0S.jpg?w=1200&#038;ssl=1\" \/><\/p>\n<p>   <img data-recalc-dims=\"1\" decoding=\"async\"   src=\"https:\/\/i0.wp.com\/ae01.alicdn.com\/kf\/Sf2a87e3413d44f94a59ded2ba088f1a4g.png?w=750&#038;ssl=1\" \/><br \/>\n   <br \/>\n   <img data-recalc-dims=\"1\" decoding=\"async\"   src=\"https:\/\/i0.wp.com\/ae01.alicdn.com\/kf\/Sa74c5d911d534501a6db719e3e64966aZ.png?w=750&#038;ssl=1\" \/><br \/>\n   <br \/>\n   <img data-recalc-dims=\"1\" decoding=\"async\"   src=\"https:\/\/i0.wp.com\/ae01.alicdn.com\/kf\/Sa51a017afeda4d7db41537170c222c45P.png?w=750&#038;ssl=1\" \/><br \/>\n   <br \/>\n   <img data-recalc-dims=\"1\" decoding=\"async\"   src=\"https:\/\/i0.wp.com\/ae01.alicdn.com\/kf\/S7f3bb2f508a74d2cb4cc2dcc46702c696.png?w=750&#038;ssl=1\" \/><br \/>\n   <br \/>\n   <img data-recalc-dims=\"1\" decoding=\"async\"   src=\"https:\/\/i0.wp.com\/ae01.alicdn.com\/kf\/S06ea290c1375485cb2b852fc59bd5bf7a.png?w=750&#038;ssl=1\" \/><br \/>\n   <br \/>\n   <img data-recalc-dims=\"1\" decoding=\"async\"   src=\"https:\/\/i0.wp.com\/ae01.alicdn.com\/kf\/Sc41f4654d860484383964539db333938b.png?w=750&#038;ssl=1\" \/><br \/>\n   <br \/>\n   <img data-recalc-dims=\"1\" decoding=\"async\"   src=\"https:\/\/i0.wp.com\/ae01.alicdn.com\/kf\/Sbf4029ac34064adc863d16ceda36850fT.png?w=750&#038;ssl=1\" \/>\n  <\/div>\n<\/p><\/div>\n<\/div>\n<p><img data-recalc-dims=\"1\" decoding=\"async\"   src=\"https:\/\/i0.wp.com\/ae01.alicdn.com\/kf\/Se8edbb1140ca41e5ae3c789042c8e431P.png?w=750&#038;ssl=1\" \/><\/p>\n<p><\/p>\n<\/div>\n<\/div>\n","protected":false},"excerpt":{"rendered":"<p>Nome: chap&eacute;u de coelho brilhanteMaterial: pel&uacute;ciaTamanho: 50cm de altura, com circunfer&ecirc;ncia do chap&eacute;u de aproximadamente 58cmCor: Como mostrado na imagem Estilo: Estilo luminoso (&eacute; necess&aacute;ria bateria autocontida). Estilo n&atilde;o luminoso Chap&eacute;u de orelha de pel&uacute;cia para movimento : Apar&ecirc;ncia fofa e design criativo de orelha de coelho m&oacute;vel\/saltando &#8211; Orelha de coelho que pode se&hellip;&nbsp;<\/p>\n","protected":false},"featured_media":17519,"template":"","meta":{"neve_meta_sidebar":"","neve_meta_container":"","neve_meta_enable_content_width":"","neve_meta_content_width":0,"neve_meta_title_alignment":"","neve_meta_author_avatar":"","neve_post_elements_order":"","neve_meta_disable_header":"","neve_meta_disable_footer":"","neve_meta_disable_title":""},"product_brand":[],"product_cat":[30,28,16],"product_tag":[],"class_list":{"0":"post-17525","1":"product","2":"type-product","3":"status-publish","4":"has-post-thumbnail","6":"product_cat-acessorios-acessorios-para-cosplay","7":"product_cat-acessorios-para-cosplay","8":"product_cat-novidades-e-uso-especial","10":"first","11":"instock","12":"shipping-taxable","13":"purchasable","14":"product-type-variable","15":"has-default-attributes"},"jetpack_sharing_enabled":true,"_links":{"self":[{"href":"https:\/\/listman.shop\/costume-br\/wp-json\/wp\/v2\/product\/17525","targetHints":{"allow":["GET"]}}],"collection":[{"href":"https:\/\/listman.shop\/costume-br\/wp-json\/wp\/v2\/product"}],"about":[{"href":"https:\/\/listman.shop\/costume-br\/wp-json\/wp\/v2\/types\/product"}],"wp:featuredmedia":[{"embeddable":true,"href":"https:\/\/listman.shop\/costume-br\/wp-json\/wp\/v2\/media\/17519"}],"wp:attachment":[{"href":"https:\/\/listman.shop\/costume-br\/wp-json\/wp\/v2\/media?parent=17525"}],"wp:term":[{"taxonomy":"product_brand","embeddable":true,"href":"https:\/\/listman.shop\/costume-br\/wp-json\/wp\/v2\/product_brand?post=17525"},{"taxonomy":"product_cat","embeddable":true,"href":"https:\/\/listman.shop\/costume-br\/wp-json\/wp\/v2\/product_cat?post=17525"},{"taxonomy":"product_tag","embeddable":true,"href":"https:\/\/listman.shop\/costume-br\/wp-json\/wp\/v2\/product_tag?post=17525"}],"curies":[{"name":"wp","href":"https:\/\/api.w.org\/{rel}","templated":true}]}}