{"id":18345,"date":"2024-12-10T06:15:52","date_gmt":"2024-12-09T21:15:52","guid":{"rendered":"https:\/\/listman.shop\/costume-br\/product\/1005006815515032\/"},"modified":"2026-04-05T02:17:44","modified_gmt":"2026-04-04T17:17:44","slug":"1005006815515032","status":"publish","type":"product","link":"https:\/\/listman.shop\/costume-br\/product\/1005006815515032\/","title":{"rendered":"Personagem de anime japon\u00eas impresso quimono cardigan masculino feminino ver\u00e3o borboleta kochou shinobu impresso traje tradicional japon\u00eas"},"content":{"rendered":"<div class=\"detailmodule_html\">\n<div class=\"detail-desc-decorate-richtext\">\n<div>\n <strong>Material:<\/strong>100% poli&eacute;ster, roupas unissex de cosplay de anime, macias e leves, respir&aacute;veis e suaves.\n<\/div>\n<p><strong>TAMANHO:<\/strong>Por favor, verifique cuidadosamente a tabela de tamanhos &agrave; esquerda antes de comprar.Se n&atilde;o tiver certeza, pode escolher um tamanho maior.<\/p>\n<p><strong>Pacote:<\/strong>Cardig&atilde; anime de uma pe&ccedil;a com impress&atilde;o 3D, lindo padr&atilde;o e costura fina.<\/p>\n<p><strong>PROJETO:<\/strong>3\/4 mangas compridas; sem bot&otilde;es, ajuste solto, cardig&atilde; quimono feminino; padr&atilde;o de anime estampado completo de cosplay, quimono parece elegante. Adequado para uso casual, esportivo, ao ar livre, di&aacute;rio e assim por diante.<\/p>\n<p><img data-recalc-dims=\"1\" decoding=\"async\" src=\"https:\/\/i0.wp.com\/ae01.alicdn.com\/kf\/S25d7520d0ed1412696354ad48a2fb759U.jpeg?w=1200&#038;ssl=1\" \/><img data-recalc-dims=\"1\" decoding=\"async\" src=\"https:\/\/i0.wp.com\/ae01.alicdn.com\/kf\/Sff5f9d5ae9ef4761a83183efb7fe3308b.jpeg?w=1200&#038;ssl=1\" \/><img data-recalc-dims=\"1\" decoding=\"async\" src=\"https:\/\/i0.wp.com\/ae01.alicdn.com\/kf\/Se4bd14868a4c4eb4a5f17f40d460874da.jpeg?w=1200&#038;ssl=1\" \/><img data-recalc-dims=\"1\" decoding=\"async\" src=\"https:\/\/i0.wp.com\/ae01.alicdn.com\/kf\/S828d21f8366f4e698d4e5c2188af9b28b.jpeg?w=1200&#038;ssl=1\" \/><img data-recalc-dims=\"1\" decoding=\"async\" src=\"https:\/\/i0.wp.com\/ae01.alicdn.com\/kf\/Se9d1a55e62954c8ca984a16fe931ce48C.jpeg?w=1200&#038;ssl=1\" \/><img data-recalc-dims=\"1\" decoding=\"async\" src=\"https:\/\/i0.wp.com\/ae01.alicdn.com\/kf\/S1f944ba832784ebebe79ee727c25d9a3u.jpeg?w=1200&#038;ssl=1\" \/><img data-recalc-dims=\"1\" decoding=\"async\" src=\"https:\/\/i0.wp.com\/ae01.alicdn.com\/kf\/Sf8e1f1b6a1b84e069fb759c73c7d792aa.jpeg?w=1200&#038;ssl=1\" \/><img data-recalc-dims=\"1\" decoding=\"async\" src=\"https:\/\/i0.wp.com\/ae01.alicdn.com\/kf\/S6a5a8e064bfe4ab48d8b7dd9d044c8dcn.png?w=1200&#038;ssl=1\" \/><\/p>\n<p><\/p>\n<\/div>\n<\/div>\n","protected":false},"excerpt":{"rendered":"<p>Material:100% poli&eacute;ster, roupas unissex de cosplay de anime, macias e leves, respir&aacute;veis e suaves. TAMANHO:Por favor, verifique cuidadosamente a tabela de tamanhos &agrave; esquerda antes de comprar.Se n&atilde;o tiver certeza, pode escolher um tamanho maior. Pacote:Cardig&atilde; anime de uma pe&ccedil;a com impress&atilde;o 3D, lindo padr&atilde;o e costura fina. PROJETO:3\/4 mangas compridas; sem bot&otilde;es, ajuste solto,&hellip;&nbsp;<\/p>\n","protected":false},"featured_media":18339,"template":"","meta":{"neve_meta_sidebar":"","neve_meta_container":"","neve_meta_enable_content_width":"","neve_meta_content_width":0,"neve_meta_title_alignment":"","neve_meta_author_avatar":"","neve_post_elements_order":"","neve_meta_disable_header":"","neve_meta_disable_footer":"","neve_meta_disable_title":""},"product_brand":[],"product_cat":[38,16,39],"product_tag":[],"class_list":{"0":"post-18345","1":"product","2":"type-product","3":"status-publish","4":"has-post-thumbnail","6":"product_cat-fantasias-de-cosplay","7":"product_cat-novidades-e-uso-especial","8":"product_cat-trajes-de-cosplay-desativar-fantasias-de-cosplay","10":"first","11":"instock","12":"shipping-taxable","13":"purchasable","14":"product-type-variable","15":"has-default-attributes"},"jetpack_sharing_enabled":true,"_links":{"self":[{"href":"https:\/\/listman.shop\/costume-br\/wp-json\/wp\/v2\/product\/18345","targetHints":{"allow":["GET"]}}],"collection":[{"href":"https:\/\/listman.shop\/costume-br\/wp-json\/wp\/v2\/product"}],"about":[{"href":"https:\/\/listman.shop\/costume-br\/wp-json\/wp\/v2\/types\/product"}],"wp:featuredmedia":[{"embeddable":true,"href":"https:\/\/listman.shop\/costume-br\/wp-json\/wp\/v2\/media\/18339"}],"wp:attachment":[{"href":"https:\/\/listman.shop\/costume-br\/wp-json\/wp\/v2\/media?parent=18345"}],"wp:term":[{"taxonomy":"product_brand","embeddable":true,"href":"https:\/\/listman.shop\/costume-br\/wp-json\/wp\/v2\/product_brand?post=18345"},{"taxonomy":"product_cat","embeddable":true,"href":"https:\/\/listman.shop\/costume-br\/wp-json\/wp\/v2\/product_cat?post=18345"},{"taxonomy":"product_tag","embeddable":true,"href":"https:\/\/listman.shop\/costume-br\/wp-json\/wp\/v2\/product_tag?post=18345"}],"curies":[{"name":"wp","href":"https:\/\/api.w.org\/{rel}","templated":true}]}}