{"id":18977,"date":"2024-12-10T06:33:01","date_gmt":"2024-12-09T21:33:01","guid":{"rendered":"https:\/\/listman.shop\/costume-br\/product\/1005006837692343\/"},"modified":"2026-04-08T11:21:34","modified_gmt":"2026-04-08T02:21:34","slug":"1005006837692343","status":"publish","type":"product","link":"https:\/\/listman.shop\/costume-br\/product\/1005006837692343\/","title":{"rendered":"M\u00e1scara de morcego arn\u00eas material de l\u00e1tex adulto halloween cosplay adere\u00e7os bruce wayne m\u00e1scara de cabe\u00e7a cheia masquerade camuflagem festa traje"},"content":{"rendered":"<div class=\"detailmodule_html\">\n<div class=\"detail-desc-decorate-richtext\">\n<div class=\"detailmodule_html\">\n<div class=\"detail-desc-decorate-richtext\">\n<p><b>Torne-se um dos maiores her\u00f3is do mundo quando voc\u00ea se torna Batman para o Halloween. A m\u00e1scara de Batman Adulto aqui para garantir que voc\u00ea complete o visual ao mesmo tempo que \u00e9 o mais confort\u00e1vel poss\u00edvel.Esta m\u00e1scara \u00e9 de alta qualidade, precisa de tela e certamente mostrar\u00e1 sua verdadeira identidade.<\/b><\/p>\n<p><b><br \/><\/b><\/p>\n<p>Material: L\u00e1tex<\/p>\n<p>Tamanho: tamanho adulto<\/p>\n<p>Cor: Preto<\/p>\n<p>Nome: Batman<\/p>\n<p>Peso: 330g<\/p>\n<p>Tamanho: Tamanho livre, crian\u00e7as e adultos<\/p>\n<p><\/p>\n<p>Adequado para Halloween, cosplay, festas, bares, entretenimento e lugares legais, adere\u00e7os de cinema e televis\u00e3o, festas, festas<\/p>\n<p>Preste aten\u00e7\u00e3o \u00e0 identifica\u00e7\u00e3o do material.Usamos l\u00e1tex natural importado ecologicamente correto, l\u00e1tex puro 100% ecologicamente correto.<\/p>\n<p><b><br \/><\/b><\/p>\n<p><b>Lista de pacotes:<\/b><\/p>\n<p>1 m\u00e1scara x batman<\/p>\n<p><img data-recalc-dims=\"1\" decoding=\"async\" src=\"https:\/\/i0.wp.com\/ae01.alicdn.com\/kf\/Sf1b391a00c31467f99cacfa3188f823f8.jpg?w=1200&#038;ssl=1\"><\/p>\n<p><img data-recalc-dims=\"1\" decoding=\"async\" src=\"https:\/\/i0.wp.com\/ae01.alicdn.com\/kf\/Sde68c526842d4a539464a79c0a0d4a09Z.jpg?w=1200&#038;ssl=1\"><\/p>\n<p><img data-recalc-dims=\"1\" decoding=\"async\" src=\"https:\/\/i0.wp.com\/ae01.alicdn.com\/kf\/S3066cea9093f4542a3c3a349ba2880331.jpg?w=1200&#038;ssl=1\"><\/p>\n<p><img data-recalc-dims=\"1\" decoding=\"async\" src=\"https:\/\/i0.wp.com\/ae01.alicdn.com\/kf\/Sc92b29a33cda4154a931ef70c7b36c1a1.jpg?w=1200&#038;ssl=1\"><\/p>\n<p><img data-recalc-dims=\"1\" decoding=\"async\" src=\"https:\/\/i0.wp.com\/ae01.alicdn.com\/kf\/S88f7c359b4864738a0b55bbf439e0ca6Y.jpg?w=1200&#038;ssl=1\"><\/p>\n<p><\/p>\n<p><\/p>\n<\/div>\n<\/div>\n<\/div>\n<\/div>\n","protected":false},"excerpt":{"rendered":"<p>Torne-se um dos maiores her\u00f3is do mundo quando voc\u00ea se torna Batman para o Halloween. A m\u00e1scara de Batman Adulto aqui para garantir que voc\u00ea complete o visual ao mesmo tempo que \u00e9 o mais confort\u00e1vel poss\u00edvel.Esta m\u00e1scara \u00e9 de alta qualidade, precisa de tela e certamente mostrar\u00e1 sua verdadeira identidade. Material: L\u00e1tex Tamanho: tamanho&hellip;&nbsp;<\/p>\n","protected":false},"featured_media":18972,"template":"","meta":{"neve_meta_sidebar":"","neve_meta_container":"","neve_meta_enable_content_width":"","neve_meta_content_width":0,"neve_meta_title_alignment":"","neve_meta_author_avatar":"","neve_post_elements_order":"","neve_meta_disable_header":"","neve_meta_disable_footer":"","neve_meta_disable_title":""},"product_brand":[],"product_cat":[30,28,16],"product_tag":[],"class_list":{"0":"post-18977","1":"product","2":"type-product","3":"status-publish","4":"has-post-thumbnail","6":"product_cat-acessorios-acessorios-para-cosplay","7":"product_cat-acessorios-para-cosplay","8":"product_cat-novidades-e-uso-especial","10":"first","11":"instock","12":"shipping-taxable","13":"purchasable","14":"product-type-variable","15":"has-default-attributes"},"jetpack_sharing_enabled":true,"_links":{"self":[{"href":"https:\/\/listman.shop\/costume-br\/wp-json\/wp\/v2\/product\/18977","targetHints":{"allow":["GET"]}}],"collection":[{"href":"https:\/\/listman.shop\/costume-br\/wp-json\/wp\/v2\/product"}],"about":[{"href":"https:\/\/listman.shop\/costume-br\/wp-json\/wp\/v2\/types\/product"}],"wp:featuredmedia":[{"embeddable":true,"href":"https:\/\/listman.shop\/costume-br\/wp-json\/wp\/v2\/media\/18972"}],"wp:attachment":[{"href":"https:\/\/listman.shop\/costume-br\/wp-json\/wp\/v2\/media?parent=18977"}],"wp:term":[{"taxonomy":"product_brand","embeddable":true,"href":"https:\/\/listman.shop\/costume-br\/wp-json\/wp\/v2\/product_brand?post=18977"},{"taxonomy":"product_cat","embeddable":true,"href":"https:\/\/listman.shop\/costume-br\/wp-json\/wp\/v2\/product_cat?post=18977"},{"taxonomy":"product_tag","embeddable":true,"href":"https:\/\/listman.shop\/costume-br\/wp-json\/wp\/v2\/product_tag?post=18977"}],"curies":[{"name":"wp","href":"https:\/\/api.w.org\/{rel}","templated":true}]}}