{"id":19382,"date":"2024-12-10T06:44:48","date_gmt":"2024-12-09T21:44:48","guid":{"rendered":"https:\/\/listman.shop\/costume-br\/product\/1005006857624398\/"},"modified":"2026-04-05T03:01:54","modified_gmt":"2026-04-04T18:01:54","slug":"1005006857624398","status":"publish","type":"product","link":"https:\/\/listman.shop\/costume-br\/product\/1005006857624398\/","title":{"rendered":"Meninos rei manto vermelho para meninas adultas pr\u00edncipe robe coroa capa de veludo crian\u00e7as anivers\u00e1rio festa de halloween cosplay acess\u00f3rios traje"},"content":{"rendered":"<div class=\"detailmodule_html\">\n<div class=\"detail-desc-decorate-richtext\">\n<p><span style=\"font-size:20px;font-family:arial, helvetica, sans-serif\">* Feito de tecido de poli&eacute;ster com capa branca manchada ao redor e encaderna&ccedil;&atilde;o vermelha<\/span><\/p>\n<p><span style=\"font-size:20px;font-family:arial, helvetica, sans-serif\">*Tamanho: comprimento da capa do rei aproximadamente 90cm\/130cm, comprimento da coroa 54cm * altura 12cm.<\/span><\/p>\n<p><span style=\"font-size:20px;font-family:arial, helvetica, sans-serif\">*O conjunto de roup&atilde;o de rei e fantasia de coroa inclui um roup&atilde;o de veludo vermelho e branco manchado e dourado combinando<\/span><\/p>\n<p><span style=\"font-size:20px;font-family:arial, helvetica, sans-serif\">* Capa de fantasia de rei, fantasia encantadora de pr&iacute;ncipe, fantasia de cosplay, capa de m&aacute;scara, divers&atilde;o para brincar de fantasias, apresenta&ccedil;&otilde;es de palco, festas &agrave; fantasia, Halloween e muito mais<\/span><\/p>\n<p><span style=\"font-size:20px;font-family:arial, helvetica, sans-serif\">*Muitos usos &#8211; Voc&ecirc; encontrar&aacute; essas capas perfeitas para fantasias, festa de anivers&aacute;rio, re\/doce de formatura, celebra&ccedil;&otilde;es de Mardis Gras, Prince Charming, fantasia de Rei Burger, Rainha de Cora&ccedil;&atilde;o, Feira Renascentista, Festa do Rei e da Rainha, despedidas de solteiro e despedida de solteira, etc.<\/span><\/p>\n<p><img data-recalc-dims=\"1\" decoding=\"async\" src=\"https:\/\/i0.wp.com\/ae01.alicdn.com\/kf\/Sb6b3ff08fee24eacb5f82eb741f31a719.jpg?w=1200&#038;ssl=1\" \/><img data-recalc-dims=\"1\" decoding=\"async\" src=\"https:\/\/i0.wp.com\/ae01.alicdn.com\/kf\/Sa4c073c6d7ed4348a6be0a5e3263353di.jpg?w=1200&#038;ssl=1\" \/><img data-recalc-dims=\"1\" decoding=\"async\" src=\"https:\/\/i0.wp.com\/ae01.alicdn.com\/kf\/Sfb7a8b52318a434a93ec7f27900a4fa4J.jpg?w=1200&#038;ssl=1\" \/><img data-recalc-dims=\"1\" decoding=\"async\" src=\"https:\/\/i0.wp.com\/ae01.alicdn.com\/kf\/S0bbf9300d62b48e9984b9dcf497a8ec2a.jpg?w=1200&#038;ssl=1\" \/><img data-recalc-dims=\"1\" decoding=\"async\" src=\"https:\/\/i0.wp.com\/ae01.alicdn.com\/kf\/Scb6a7a51cd024450b4e799a7bcf69014H.jpg?w=1200&#038;ssl=1\" \/><img data-recalc-dims=\"1\" decoding=\"async\" src=\"https:\/\/i0.wp.com\/ae01.alicdn.com\/kf\/Sd8b3cf104b234bb1a959b247c5a0462fE.jpg?w=1200&#038;ssl=1\" \/><img data-recalc-dims=\"1\" decoding=\"async\" src=\"https:\/\/i0.wp.com\/ae01.alicdn.com\/kf\/S644024e1257447a099b6c2357d45094fN.jpg?w=1200&#038;ssl=1\" \/><img data-recalc-dims=\"1\" decoding=\"async\" src=\"https:\/\/i0.wp.com\/ae01.alicdn.com\/kf\/S6becd64244f84878958a3d6fe2d0aa05m.jpg?w=1200&#038;ssl=1\" \/><img data-recalc-dims=\"1\" decoding=\"async\" src=\"https:\/\/i0.wp.com\/ae01.alicdn.com\/kf\/S7626a1d2c3f94e69b160ffc97508d467F.jpg?w=1200&#038;ssl=1\" \/><img data-recalc-dims=\"1\" decoding=\"async\" src=\"https:\/\/i0.wp.com\/ae01.alicdn.com\/kf\/Sbc6356c280b14b68a4003bb1326030fcJ.jpg?w=1200&#038;ssl=1\" \/><img data-recalc-dims=\"1\" decoding=\"async\" src=\"https:\/\/i0.wp.com\/ae01.alicdn.com\/kf\/Sf48e25a156b4401d83c349bd545aa6daj.jpg?w=1200&#038;ssl=1\" \/><img data-recalc-dims=\"1\" decoding=\"async\" src=\"https:\/\/i0.wp.com\/ae01.alicdn.com\/kf\/S1cae6f60611a42069b5471ffe4d71fb6I.jpg?w=1200&#038;ssl=1\" \/><\/p>\n<p><\/p>\n<\/div>\n<\/div>\n","protected":false},"excerpt":{"rendered":"<p>* Feito de tecido de poli&eacute;ster com capa branca manchada ao redor e encaderna&ccedil;&atilde;o vermelha *Tamanho: comprimento da capa do rei aproximadamente 90cm\/130cm, comprimento da coroa 54cm * altura 12cm. *O conjunto de roup&atilde;o de rei e fantasia de coroa inclui um roup&atilde;o de veludo vermelho e branco manchado e dourado combinando * Capa de&hellip;&nbsp;<\/p>\n","protected":false},"featured_media":19376,"template":"","meta":{"neve_meta_sidebar":"","neve_meta_container":"","neve_meta_enable_content_width":"","neve_meta_content_width":0,"neve_meta_title_alignment":"","neve_meta_author_avatar":"","neve_post_elements_order":"","neve_meta_disable_header":"","neve_meta_disable_footer":"","neve_meta_disable_title":""},"product_brand":[],"product_cat":[38,16,39],"product_tag":[],"class_list":{"0":"post-19382","1":"product","2":"type-product","3":"status-publish","4":"has-post-thumbnail","6":"product_cat-fantasias-de-cosplay","7":"product_cat-novidades-e-uso-especial","8":"product_cat-trajes-de-cosplay-desativar-fantasias-de-cosplay","10":"first","11":"instock","12":"shipping-taxable","13":"purchasable","14":"product-type-variable","15":"has-default-attributes"},"jetpack_sharing_enabled":true,"_links":{"self":[{"href":"https:\/\/listman.shop\/costume-br\/wp-json\/wp\/v2\/product\/19382","targetHints":{"allow":["GET"]}}],"collection":[{"href":"https:\/\/listman.shop\/costume-br\/wp-json\/wp\/v2\/product"}],"about":[{"href":"https:\/\/listman.shop\/costume-br\/wp-json\/wp\/v2\/types\/product"}],"wp:featuredmedia":[{"embeddable":true,"href":"https:\/\/listman.shop\/costume-br\/wp-json\/wp\/v2\/media\/19376"}],"wp:attachment":[{"href":"https:\/\/listman.shop\/costume-br\/wp-json\/wp\/v2\/media?parent=19382"}],"wp:term":[{"taxonomy":"product_brand","embeddable":true,"href":"https:\/\/listman.shop\/costume-br\/wp-json\/wp\/v2\/product_brand?post=19382"},{"taxonomy":"product_cat","embeddable":true,"href":"https:\/\/listman.shop\/costume-br\/wp-json\/wp\/v2\/product_cat?post=19382"},{"taxonomy":"product_tag","embeddable":true,"href":"https:\/\/listman.shop\/costume-br\/wp-json\/wp\/v2\/product_tag?post=19382"}],"curies":[{"name":"wp","href":"https:\/\/api.w.org\/{rel}","templated":true}]}}