{"id":19613,"date":"2024-12-10T06:51:17","date_gmt":"2024-12-09T21:51:17","guid":{"rendered":"https:\/\/listman.shop\/costume-br\/product\/1005006871669130\/"},"modified":"2026-04-05T04:58:12","modified_gmt":"2026-04-04T19:58:12","slug":"1005006871669130","status":"publish","type":"product","link":"https:\/\/listman.shop\/costume-br\/product\/1005006871669130\/","title":{"rendered":"Crian\u00e7as aranha super-her\u00f3i traje anime jogo dos desenhos animados role play m\u00e1scara traje festa de halloween jogar traje crian\u00e7as presente"},"content":{"rendered":"<div class=\"detailmodule_html\">\n<div class=\"detail-desc-decorate-richtext\">\n<p><span style=\"font-size:32px\"><strong>A compra inclui:<\/strong><\/span><\/p>\n<p><\/p>\n<p><span style=\"font-size:32px\"><strong>Macac&atilde;o + chap&eacute;u de m&aacute;scara<\/strong><\/span><\/p>\n<p><\/p>\n<p><span style=\"font-size:32px\"><strong><\/strong><\/span><img data-recalc-dims=\"1\" decoding=\"async\" src=\"https:\/\/i0.wp.com\/ae01.alicdn.com\/kf\/S592349cf504743918a9fd7d2298f0fa5a.jpg?w=1200&#038;ssl=1\" \/><span style=\"font-size:32px\"><strong><\/strong><\/span><img data-recalc-dims=\"1\" decoding=\"async\" src=\"https:\/\/i0.wp.com\/ae01.alicdn.com\/kf\/S0d5c45764a9d456195d44ed9bb51519bR.jpg?w=1200&#038;ssl=1\" \/><span style=\"font-size:32px\"><strong><\/strong><\/span><img data-recalc-dims=\"1\" decoding=\"async\" src=\"https:\/\/i0.wp.com\/ae01.alicdn.com\/kf\/Secb4fef4366646a08613190a965ca3527.jpg?w=1200&#038;ssl=1\" \/><span style=\"font-size:32px\"><strong><\/strong><\/span><img data-recalc-dims=\"1\" decoding=\"async\" src=\"https:\/\/i0.wp.com\/ae01.alicdn.com\/kf\/S5940126e30cb42f6892c181eb9f225b63.jpg?w=1200&#038;ssl=1\" \/><span style=\"font-size:32px\"><strong><\/strong><\/span><img data-recalc-dims=\"1\" decoding=\"async\" src=\"https:\/\/i0.wp.com\/ae01.alicdn.com\/kf\/S67fa532fb801479aac1c8a1b4a34961bg.jpg?w=1200&#038;ssl=1\" \/><span style=\"font-size:32px\"><strong><\/strong><\/span><img data-recalc-dims=\"1\" decoding=\"async\" src=\"https:\/\/i0.wp.com\/ae01.alicdn.com\/kf\/Sb150da4caae6479bbeec292179217276J.jpg?w=1200&#038;ssl=1\" \/><span style=\"font-size:32px\"><strong><\/strong><\/span><img data-recalc-dims=\"1\" decoding=\"async\" src=\"https:\/\/i0.wp.com\/ae01.alicdn.com\/kf\/S4453bd8a3f0e4d9293f35a2ed0601da5h.jpg?w=1200&#038;ssl=1\" \/><span style=\"font-size:32px\"><strong><\/strong><\/span><img data-recalc-dims=\"1\" decoding=\"async\" src=\"https:\/\/i0.wp.com\/ae01.alicdn.com\/kf\/S81c218062bc546b487f508eda241f3edX.jpg?w=1200&#038;ssl=1\" \/><span style=\"font-size:32px\"><strong><\/strong><\/span><\/p>\n<p><\/div>\n<\/div>\n","protected":false},"excerpt":{"rendered":"<p>A compra inclui: Macac&atilde;o + chap&eacute;u de m&aacute;scara<\/p>\n","protected":false},"featured_media":19607,"template":"","meta":{"neve_meta_sidebar":"","neve_meta_container":"","neve_meta_enable_content_width":"","neve_meta_content_width":0,"neve_meta_title_alignment":"","neve_meta_author_avatar":"","neve_post_elements_order":"","neve_meta_disable_header":"","neve_meta_disable_footer":"","neve_meta_disable_title":""},"product_brand":[],"product_cat":[38,16,39],"product_tag":[],"class_list":{"0":"post-19613","1":"product","2":"type-product","3":"status-publish","4":"has-post-thumbnail","6":"product_cat-fantasias-de-cosplay","7":"product_cat-novidades-e-uso-especial","8":"product_cat-trajes-de-cosplay-desativar-fantasias-de-cosplay","10":"first","11":"instock","12":"shipping-taxable","13":"purchasable","14":"product-type-variable","15":"has-default-attributes"},"jetpack_sharing_enabled":true,"_links":{"self":[{"href":"https:\/\/listman.shop\/costume-br\/wp-json\/wp\/v2\/product\/19613","targetHints":{"allow":["GET"]}}],"collection":[{"href":"https:\/\/listman.shop\/costume-br\/wp-json\/wp\/v2\/product"}],"about":[{"href":"https:\/\/listman.shop\/costume-br\/wp-json\/wp\/v2\/types\/product"}],"wp:featuredmedia":[{"embeddable":true,"href":"https:\/\/listman.shop\/costume-br\/wp-json\/wp\/v2\/media\/19607"}],"wp:attachment":[{"href":"https:\/\/listman.shop\/costume-br\/wp-json\/wp\/v2\/media?parent=19613"}],"wp:term":[{"taxonomy":"product_brand","embeddable":true,"href":"https:\/\/listman.shop\/costume-br\/wp-json\/wp\/v2\/product_brand?post=19613"},{"taxonomy":"product_cat","embeddable":true,"href":"https:\/\/listman.shop\/costume-br\/wp-json\/wp\/v2\/product_cat?post=19613"},{"taxonomy":"product_tag","embeddable":true,"href":"https:\/\/listman.shop\/costume-br\/wp-json\/wp\/v2\/product_tag?post=19613"}],"curies":[{"name":"wp","href":"https:\/\/api.w.org\/{rel}","templated":true}]}}