{"id":20100,"date":"2024-12-10T07:05:36","date_gmt":"2024-12-09T22:05:36","guid":{"rendered":"https:\/\/listman.shop\/costume-br\/product\/1005006884804005\/"},"modified":"2026-04-08T11:59:38","modified_gmt":"2026-04-08T02:59:38","slug":"1005006884804005","status":"publish","type":"product","link":"https:\/\/listman.shop\/costume-br\/product\/1005006884804005\/","title":{"rendered":"1920 Gatsby maquiagem bola festa Halloween conjunto bandana luvas haste de fuma\u00e7a brincos pulseira colar combina\u00e7\u00e3o"},"content":{"rendered":"<div class=\"detailmodule_html\">\n<div class=\"detail-desc-decorate-richtext\">\n<div class=\"detailmodule_html\">\n<div class=\"detail-desc-decorate-richtext\">\n<div id=\"offer-template-0\"><\/div>\n<div style=\"width:790px\"><img data-recalc-dims=\"1\" decoding=\"async\" src=\"https:\/\/i0.wp.com\/ae01.alicdn.com\/kf\/Sa3f623d8334f4568beca90e9a588d6090.jpg?w=1200&#038;ssl=1\" \/><img data-recalc-dims=\"1\" decoding=\"async\" src=\"https:\/\/i0.wp.com\/ae01.alicdn.com\/kf\/S0e8cf990553541889b87bbb54c14c756l.jpg?w=1200&#038;ssl=1\" \/><img data-recalc-dims=\"1\" decoding=\"async\" src=\"https:\/\/i0.wp.com\/ae01.alicdn.com\/kf\/S9ce60dd795884b318f961b8a17763626W.jpg?w=1200&#038;ssl=1\" \/><br \/><img data-recalc-dims=\"1\" decoding=\"async\" style=\"display:block;width:100%;height:auto\"   src=\"https:\/\/i0.wp.com\/ae01.alicdn.com\/kf\/S673715b1545a4d7e8b1a77ee1517d597k.jpg?w=1200&#038;ssl=1\" useMap=\"#_sdmap_8\" \/> <img data-recalc-dims=\"1\" decoding=\"async\" style=\"display:block;width:100%;height:auto\"   src=\"https:\/\/i0.wp.com\/ae01.alicdn.com\/kf\/S9912470b18804180ab0c8353c9e0156d8.jpg?w=1200&#038;ssl=1\" useMap=\"#_sdmap_9\" \/> <img data-recalc-dims=\"1\" decoding=\"async\" style=\"display:block;width:100%;height:auto\"   src=\"https:\/\/i0.wp.com\/ae01.alicdn.com\/kf\/Sb4d77e56183f44ac9fd8dbbe2a1decd5c.jpg?w=1200&#038;ssl=1\" useMap=\"#_sdmap_12\" \/> <img data-recalc-dims=\"1\" decoding=\"async\" style=\"display:block;width:100%;height:auto\"   src=\"https:\/\/i0.wp.com\/ae01.alicdn.com\/kf\/S26d9fb7dd998434998d6fb391bd1f3a60.jpg?w=1200&#038;ssl=1\" useMap=\"#_sdmap_13\" \/> <img data-recalc-dims=\"1\" decoding=\"async\" style=\"display:block;width:100%;height:auto\"   src=\"https:\/\/i0.wp.com\/ae01.alicdn.com\/kf\/S0f72bc16ecd8412897eb58e089208bc3t.jpg?w=1200&#038;ssl=1\" useMap=\"#_sdmap_14\" \/> <img data-recalc-dims=\"1\" decoding=\"async\" style=\"display:block;width:100%;height:auto\"   src=\"https:\/\/i0.wp.com\/ae01.alicdn.com\/kf\/S742c5de24c324b3e9d8887e81c8585cfS.jpg?w=1200&#038;ssl=1\" useMap=\"#_sdmap_15\" \/> <img data-recalc-dims=\"1\" decoding=\"async\" style=\"display:block;width:100%;height:auto\"   src=\"https:\/\/i0.wp.com\/ae01.alicdn.com\/kf\/S4ef9c788474747c4815e963e90b7436e1.jpg?w=1200&#038;ssl=1\" useMap=\"#_sdmap_26\" \/> <img data-recalc-dims=\"1\" decoding=\"async\" style=\"display:block;width:100%;height:auto\"   src=\"https:\/\/i0.wp.com\/ae01.alicdn.com\/kf\/S680efe8106544c009bf433a224ecfa93z.jpg?w=1200&#038;ssl=1\" useMap=\"#_sdmap_27\" \/><\/div>\n<\/div>\n<\/div>\n<p><\/div>\n<\/div>\n","protected":false},"excerpt":{"rendered":"","protected":false},"featured_media":20094,"template":"","meta":{"neve_meta_sidebar":"","neve_meta_container":"","neve_meta_enable_content_width":"","neve_meta_content_width":0,"neve_meta_title_alignment":"","neve_meta_author_avatar":"","neve_post_elements_order":"","neve_meta_disable_header":"","neve_meta_disable_footer":"","neve_meta_disable_title":""},"product_brand":[],"product_cat":[30,28,16],"product_tag":[],"class_list":{"0":"post-20100","1":"product","2":"type-product","3":"status-publish","4":"has-post-thumbnail","6":"product_cat-acessorios-acessorios-para-cosplay","7":"product_cat-acessorios-para-cosplay","8":"product_cat-novidades-e-uso-especial","10":"first","11":"instock","12":"shipping-taxable","13":"purchasable","14":"product-type-variable","15":"has-default-attributes"},"jetpack_sharing_enabled":true,"_links":{"self":[{"href":"https:\/\/listman.shop\/costume-br\/wp-json\/wp\/v2\/product\/20100","targetHints":{"allow":["GET"]}}],"collection":[{"href":"https:\/\/listman.shop\/costume-br\/wp-json\/wp\/v2\/product"}],"about":[{"href":"https:\/\/listman.shop\/costume-br\/wp-json\/wp\/v2\/types\/product"}],"wp:featuredmedia":[{"embeddable":true,"href":"https:\/\/listman.shop\/costume-br\/wp-json\/wp\/v2\/media\/20094"}],"wp:attachment":[{"href":"https:\/\/listman.shop\/costume-br\/wp-json\/wp\/v2\/media?parent=20100"}],"wp:term":[{"taxonomy":"product_brand","embeddable":true,"href":"https:\/\/listman.shop\/costume-br\/wp-json\/wp\/v2\/product_brand?post=20100"},{"taxonomy":"product_cat","embeddable":true,"href":"https:\/\/listman.shop\/costume-br\/wp-json\/wp\/v2\/product_cat?post=20100"},{"taxonomy":"product_tag","embeddable":true,"href":"https:\/\/listman.shop\/costume-br\/wp-json\/wp\/v2\/product_tag?post=20100"}],"curies":[{"name":"wp","href":"https:\/\/api.w.org\/{rel}","templated":true}]}}