{"id":20613,"date":"2024-12-10T07:23:42","date_gmt":"2024-12-09T22:23:42","guid":{"rendered":"https:\/\/listman.shop\/costume-br\/product\/1005006966667457\/"},"modified":"2026-04-08T13:24:07","modified_gmt":"2026-04-08T04:24:07","slug":"1005006966667457","status":"publish","type":"product","link":"https:\/\/listman.shop\/costume-br\/product\/1005006966667457\/","title":{"rendered":"Anime deadpool chap\u00e9u cosplay wade winston wilson aba plana chap\u00e9u ao ar livre duckbill chap\u00e9u unisex hip-hop chap\u00e9u guarda-sol"},"content":{"rendered":"<div class=\"detailmodule_html\">\n<div class=\"detail-desc-decorate-richtext\">\n<div class=\"detailmodule_text-image\">\n<p style=\"font-family:OpenSans;font-size:20px;font-weight:900;line-height:28px;white-space:pre-wrap;margin-bottom:12px\" class=\"detail-desc-decorate-title\">Anime deadpool chap\u00e9u cosplay wade waron Wilson aba plana chap\u00e9u ao ar livre pato chap\u00e9u unisex hip-hop chap\u00e9u guarda-sol<\/p>\n<\/div>\n<div class=\"detailmodule_text-image\">\n<p style=\"font-size:16px;font-weight:bold\">Material: Algod\u00e3o<\/p>\n<p>Cor: Foto<\/p>\n<p>Embalagem: 1 * pcs<\/p>\n<p>Tamanho: Ajust\u00e1vel<\/p>\n<\/div>\n<div class=\"detailmodule_text-image\"><img data-recalc-dims=\"1\" decoding=\"async\" class=\"detail-desc-decorate-image\" src=\"https:\/\/i0.wp.com\/ae01.alicdn.com\/kf\/S904137df01504e2fb3811e7652b556a4F.jpg?w=1200&#038;ssl=1\"><img data-recalc-dims=\"1\" decoding=\"async\" class=\"detail-desc-decorate-image\" src=\"https:\/\/i0.wp.com\/ae01.alicdn.com\/kf\/S58e59c6bae2c4ebe8f85b84d4520e3ce1.jpg?w=1200&#038;ssl=1\"><img data-recalc-dims=\"1\" decoding=\"async\" class=\"detail-desc-decorate-image\" src=\"https:\/\/i0.wp.com\/ae01.alicdn.com\/kf\/S52dcad4218f445439c81ec6d43247edc9.jpg?w=1200&#038;ssl=1\"><img data-recalc-dims=\"1\" decoding=\"async\" class=\"detail-desc-decorate-image\" src=\"https:\/\/i0.wp.com\/ae01.alicdn.com\/kf\/S084c6da7fe3949d1b5b31695566ff58bP.jpg?w=1200&#038;ssl=1\"><img data-recalc-dims=\"1\" decoding=\"async\" class=\"detail-desc-decorate-image\" src=\"https:\/\/i0.wp.com\/ae01.alicdn.com\/kf\/S703df8d3d3d04787a53d79f9ffd18ffe8.jpg?w=1200&#038;ssl=1\"><\/div>\n<p><\/div>\n<\/div>\n","protected":false},"excerpt":{"rendered":"<p>Anime deadpool chap\u00e9u cosplay wade waron Wilson aba plana chap\u00e9u ao ar livre pato chap\u00e9u unisex hip-hop chap\u00e9u guarda-sol Material: Algod\u00e3o Cor: Foto Embalagem: 1 * pcs Tamanho: Ajust\u00e1vel<\/p>\n","protected":false},"featured_media":20607,"template":"","meta":{"neve_meta_sidebar":"","neve_meta_container":"","neve_meta_enable_content_width":"","neve_meta_content_width":0,"neve_meta_title_alignment":"","neve_meta_author_avatar":"","neve_post_elements_order":"","neve_meta_disable_header":"","neve_meta_disable_footer":"","neve_meta_disable_title":""},"product_brand":[],"product_cat":[30,28,16],"product_tag":[],"class_list":{"0":"post-20613","1":"product","2":"type-product","3":"status-publish","4":"has-post-thumbnail","6":"product_cat-acessorios-acessorios-para-cosplay","7":"product_cat-acessorios-para-cosplay","8":"product_cat-novidades-e-uso-especial","10":"first","11":"instock","12":"shipping-taxable","13":"purchasable","14":"product-type-variable","15":"has-default-attributes"},"jetpack_sharing_enabled":true,"_links":{"self":[{"href":"https:\/\/listman.shop\/costume-br\/wp-json\/wp\/v2\/product\/20613","targetHints":{"allow":["GET"]}}],"collection":[{"href":"https:\/\/listman.shop\/costume-br\/wp-json\/wp\/v2\/product"}],"about":[{"href":"https:\/\/listman.shop\/costume-br\/wp-json\/wp\/v2\/types\/product"}],"wp:featuredmedia":[{"embeddable":true,"href":"https:\/\/listman.shop\/costume-br\/wp-json\/wp\/v2\/media\/20607"}],"wp:attachment":[{"href":"https:\/\/listman.shop\/costume-br\/wp-json\/wp\/v2\/media?parent=20613"}],"wp:term":[{"taxonomy":"product_brand","embeddable":true,"href":"https:\/\/listman.shop\/costume-br\/wp-json\/wp\/v2\/product_brand?post=20613"},{"taxonomy":"product_cat","embeddable":true,"href":"https:\/\/listman.shop\/costume-br\/wp-json\/wp\/v2\/product_cat?post=20613"},{"taxonomy":"product_tag","embeddable":true,"href":"https:\/\/listman.shop\/costume-br\/wp-json\/wp\/v2\/product_tag?post=20613"}],"curies":[{"name":"wp","href":"https:\/\/api.w.org\/{rel}","templated":true}]}}